{"id":36575,"date":"2020-05-01T19:20:08","date_gmt":"2020-05-01T17:20:08","guid":{"rendered":"https:\/\/www.topohvar.at\/topo\/?page_id=36575"},"modified":"2021-12-01T14:01:59","modified_gmt":"2021-12-01T13:01:59","slug":"op-ob-01-1","status":"publish","type":"page","link":"https:\/\/www.topohvar.at\/topo\/orte\/op\/op-ob-01-1\/","title":{"rendered":"PAKLENI ARHIPELAG &#8211; Objekt \u00bbACI Marina Palmi\u017eana\u00ab"},"content":{"rendered":"<p><a name=\"seite_oben\"><\/a><br \/>\n<strong><img loading=\"lazy\" decoding=\"async\" class=\"alignnone wp-image-36583 size-full\" src=\"https:\/\/www.topohvar.at\/wp-content\/uploads\/2020\/05\/op-ob-01-2.jpg\" alt=\"\" width=\"800\" height=\"393\" srcset=\"https:\/\/www.topohvar.at\/wp-content\/uploads\/2020\/05\/op-ob-01-2.jpg 800w, https:\/\/www.topohvar.at\/wp-content\/uploads\/2020\/05\/op-ob-01-2-300x147.jpg 300w, https:\/\/www.topohvar.at\/wp-content\/uploads\/2020\/05\/op-ob-01-2-768x377.jpg 768w\" sizes=\"auto, (max-width: 800px) 100vw, 800px\" \/><\/strong><\/p>\n<p><strong>Ime \/ Name<br \/>\n<\/strong>Objekt \u00bbACI Marina Palmi\u017eana\u00ab<\/p>\n<p><strong>Code: <\/strong>OP-OB-01\u00a0 \u00a0 \u00a0 \u00a0 \u00a0 \u00a0 \u00a0 \u00a0 \u00a0 \u00a0 \u00a0 \u00a0 \u00a0 \u00a0 \u00a0 <strong><a href=\"https:\/\/www.topohvar.at\/orte\/op\/op-ov-01-1\/\"><img loading=\"lazy\" decoding=\"async\" class=\"alignnone wp-image-12300 size-full\" src=\"https:\/\/www.topohvar.at\/wp-content\/uploads\/2018\/09\/push-vor-30.jpg\" alt=\"\" width=\"61\" height=\"30\" \/><\/a>\u00a0<a href=\"https:\/\/www.topohvar.at\/orte\/op\/\"><img loading=\"lazy\" decoding=\"async\" class=\"alignnone wp-image-535 size-full\" src=\"https:\/\/www.topohvar.at\/wp-content\/uploads\/2018\/07\/push-o-30.jpg\" alt=\"\" width=\"61\" height=\"30\" \/><\/a> <a href=\"https:\/\/www.topohvar.at\/orte\/op\/op-op-01-1\/\"><img loading=\"lazy\" decoding=\"async\" class=\"alignnone wp-image-12299 size-full\" src=\"https:\/\/www.topohvar.at\/wp-content\/uploads\/2018\/09\/push-next-30.jpg\" alt=\"\" width=\"61\" height=\"30\" \/><\/a>\u00a0<\/strong><\/p>\n<hr \/>\n<p><strong>Adresa \/ Adresse<br \/>\n<\/strong>Pakleni Arhipelog, otok Sv. Klement<\/p>\n<p><strong>Lokacija \/ Position<a href=\"https:\/\/goo.gl\/maps\/rvvJGAsEa5Utf2a66\"><img loading=\"lazy\" decoding=\"async\" class=\"alignright wp-image-36577\" src=\"https:\/\/www.topohvar.at\/wp-content\/uploads\/2020\/05\/2613.jpg\" alt=\"\" width=\"134\" height=\"100\" \/><\/a><br \/>\n<\/strong><span style=\"color: #3366ff;\"><a style=\"color: #3366ff;\" href=\"https:\/\/goo.gl\/maps\/rvvJGAsEa5Utf2a66\">Latitude: N 43,16239\u00b0\u00a0 \u00a0Longitude: E 16,39356\u00b0<\/a> <\/span><strong><br \/>\n<\/strong>Visina \/ H\u00f6he: 0 m<\/p>\n<p><strong>Katastarska \u010destica <\/strong><strong>\/ Grundst\u00fccke<br \/>\n<\/strong>&#8211;<div class='content-column one_half'><div style=\"padding-right:6px;\"><p><strong>Datum snimanja \/ Erfassungsdatum<br \/>\n<\/strong>01.01.2000 00:00:00<\/p>\n<hr \/>\n<p><strong>Informacije<\/strong><\/p>\n<p>ACI Marina Palmi\u017eana, koja je otvorena od po\u010detka travnja do kraja listopada, jedna je od najljep\u0161ih luka za motorne brodove na Jadranu. Smje\u0161ten je u istoimenoj uvali na sjeveroisto\u010dnoj strani Svetog Klementa, najve\u0107eg otoka u arhipelagu Pakleni otoci.<\/p><\/div><\/div><div class='content-column one_half last_column'><div style=\"padding-right:0px;padding-left:6px;\"><p><strong>Stupanj za\u0161tite<\/strong><strong> \/ Schutzstellung<br \/>\n<\/strong>&#8211;<\/p>\n<hr \/>\n<p><strong>Info<\/strong><\/p>\n<p>Die\u00a0ACI Marina Palmi\u017eana, die von Anfang April bis Ende Oktober ge\u00f6ffnet hat, geh\u00f6rt zu den sch\u00f6nsten Motorbooth\u00e4fen der Adria. Sie befindet sich in der gleichnamigen Bucht auf der nord\u00f6stlichen Seite von Sveti Klement, der gr\u00f6\u00dften Insel der Inselgruppe Pakleni otoci.<\/p><\/div><\/div><div class='clear_column'><\/div><div class='content-column one_half'><div style=\"padding-right:6px;\"><p>vezova<\/p>\n<p style=\"padding-left: 40px;\">180 vodenih vezova<\/p>\n<p>sadr\u017eaj<\/p>\n<p style=\"padding-left: 40px;\">Recepcija s mjenja\u010dnicom (sezonski)<br \/>\nRestoran i caffe bar<br \/>\nmasa\u017ea<br \/>\nTrgovina mje\u0161ovitom robom<br \/>\nDje\u010dje igrali\u0161te i kuglanje<br \/>\nSanitarni \u010dvorovi<br \/>\nWi-Fi internetska veza<br \/>\nBrodska pumpa je u Kri\u017enoj Luci &#8211; Hvar (2,5 nm)<\/p><\/div><\/div><div class='content-column one_half last_column'><div style=\"padding-right:0px;padding-left:6px;\"><h3>Liegepl\u00e4tze<\/h3>\n<p style=\"padding-left: 40px;\">180 Wasserliegepl\u00e4tze<\/p>\n<h3>Inhalte<\/h3>\n<p style=\"padding-left: 40px;\">Rezeption mit Wechselstube (saisonal)<br \/>\nRestaurant und Caf\u00e9-Bar<br \/>\nMassage<br \/>\nLebensmittelgesch\u00e4ft<br \/>\nKinderspielplatz und eine Bocciabahn<br \/>\nSanit\u00e4ranlagen<br \/>\nWi-Fi-Internetanschluss<br \/>\nDie Schiffstankstelle befindet sich in Kri\u017ena Luka \u2013 Hvar (2,5 sm)<\/p><\/div><\/div><div class='clear_column'><\/div><\/p>\n<p style=\"text-align: right;\"><span style=\"color: #3366ff;\"><a style=\"color: #3366ff;\" href=\"#seite_oben\">natrag na vrh \/ Seitenanfang<\/a><\/span><\/p>\n<hr \/>\n<p><strong>Linkovi \/ Links<\/strong><\/p>\n<p><span style=\"color: #3366ff;\"><a style=\"color: #3366ff;\" href=\"https:\/\/www.topohvar.at\/topo\/orte\/op\/op-os-06-1\/\">Objekt \u00bbSvjetionik Palmi\u017eana\u00ab \/ Leuchtfeuer Palmi\u017eana<\/a><\/span><\/p>\n","protected":false},"excerpt":{"rendered":"<p>Ime \/ Name Objekt \u00bbACI Marina Palmi\u017eana\u00ab Code: OP-OB-01\u00a0 \u00a0 \u00a0 \u00a0 \u00a0 \u00a0 \u00a0 \u00a0 \u00a0 \u00a0 \u00a0 \u00a0 \u00a0 \u00a0 \u00a0 \u00a0 \u00a0 Adresa \/ Adresse Pakleni Arhipelog, otok Sv. Klement Lokacija \/ Position Latitude: N 43,16239\u00b0\u00a0 \u00a0Longitude: &hellip; <a href=\"https:\/\/www.topohvar.at\/topo\/orte\/op\/op-ob-01-1\/\">Weiterlesen <span class=\"meta-nav\">&rarr;<\/span><\/a><\/p>\n","protected":false},"author":1,"featured_media":0,"parent":123,"menu_order":0,"comment_status":"closed","ping_status":"closed","template":"","meta":{"footnotes":""},"class_list":["post-36575","page","type-page","status-publish","hentry"],"_links":{"self":[{"href":"https:\/\/www.topohvar.at\/topo\/wp-json\/wp\/v2\/pages\/36575","targetHints":{"allow":["GET"]}}],"collection":[{"href":"https:\/\/www.topohvar.at\/topo\/wp-json\/wp\/v2\/pages"}],"about":[{"href":"https:\/\/www.topohvar.at\/topo\/wp-json\/wp\/v2\/types\/page"}],"author":[{"embeddable":true,"href":"https:\/\/www.topohvar.at\/topo\/wp-json\/wp\/v2\/users\/1"}],"replies":[{"embeddable":true,"href":"https:\/\/www.topohvar.at\/topo\/wp-json\/wp\/v2\/comments?post=36575"}],"version-history":[{"count":9,"href":"https:\/\/www.topohvar.at\/topo\/wp-json\/wp\/v2\/pages\/36575\/revisions"}],"predecessor-version":[{"id":54123,"href":"https:\/\/www.topohvar.at\/topo\/wp-json\/wp\/v2\/pages\/36575\/revisions\/54123"}],"up":[{"embeddable":true,"href":"https:\/\/www.topohvar.at\/topo\/wp-json\/wp\/v2\/pages\/123"}],"wp:attachment":[{"href":"https:\/\/www.topohvar.at\/topo\/wp-json\/wp\/v2\/media?parent=36575"}],"curies":[{"name":"wp","href":"https:\/\/api.w.org\/{rel}","templated":true}]}}