{"id":36882,"date":"2020-05-06T16:56:47","date_gmt":"2020-05-06T14:56:47","guid":{"rendered":"https:\/\/www.topohvar.at\/topo\/?page_id=36882"},"modified":"2025-02-07T17:48:45","modified_gmt":"2025-02-07T16:48:45","slug":"su-pu-04-1","status":"publish","type":"page","link":"https:\/\/www.topohvar.at\/topo\/orte\/su\/su-pu-04-1\/","title":{"rendered":"SU\u0106URAJ &#8211; Objekt \u00bbHelidrom\u00ab"},"content":{"rendered":"<p><a name=\"seite_oben\"><\/a><br \/>\n<strong><img loading=\"lazy\" decoding=\"async\" class=\"alignright wp-image-36886 size-full\" src=\"https:\/\/www.topohvar.at\/wp-content\/uploads\/2020\/05\/su-pu-04-1.jpg\" alt=\"\" width=\"1080\" height=\"530\" srcset=\"https:\/\/www.topohvar.at\/wp-content\/uploads\/2020\/05\/su-pu-04-1.jpg 1080w, https:\/\/www.topohvar.at\/wp-content\/uploads\/2020\/05\/su-pu-04-1-300x147.jpg 300w, https:\/\/www.topohvar.at\/wp-content\/uploads\/2020\/05\/su-pu-04-1-1024x503.jpg 1024w, https:\/\/www.topohvar.at\/wp-content\/uploads\/2020\/05\/su-pu-04-1-768x377.jpg 768w\" sizes=\"auto, (max-width: 1080px) 100vw, 1080px\" \/><\/strong><\/p>\n<p><strong>Ime \/ Name<br \/>\n<\/strong>Objekt \u00bbHelidrom\u00ab \/ Hubschrauberlandeplatz<\/p>\n<p><strong>Code: <\/strong>SU-PU-04\u00a0 \u00a0 \u00a0 \u00a0 \u00a0 \u00a0 \u00a0 \u00a0 \u00a0 \u00a0 \u00a0 \u00a0 \u00a0 \u00a0 \u00a0 \u00a0<strong><a href=\"https:\/\/www.topohvar.at\/orte\/su\/su-os-01-1\/\"><img loading=\"lazy\" decoding=\"async\" class=\"alignnone wp-image-12300 size-full\" src=\"https:\/\/www.topohvar.at\/wp-content\/uploads\/2018\/09\/push-vor-30.jpg\" alt=\"\" width=\"61\" height=\"30\" \/><\/a> <a href=\"https:\/\/www.topohvar.at\/orte\/su\/su-pu-06-1\/\"><img loading=\"lazy\" decoding=\"async\" class=\"alignnone wp-image-533 size-full\" src=\"https:\/\/www.topohvar.at\/wp-content\/uploads\/2018\/07\/push-l-30.jpg\" alt=\"\" width=\"61\" height=\"30\" \/><\/a> <a href=\"https:\/\/www.topohvar.at\/orte\/su\/\"><img loading=\"lazy\" decoding=\"async\" class=\"alignnone wp-image-535 size-full\" src=\"https:\/\/www.topohvar.at\/wp-content\/uploads\/2018\/07\/push-o-30.jpg\" alt=\"\" width=\"61\" height=\"30\" \/><\/a> <a href=\"https:\/\/www.topohvar.at\/orte\/su\/su-pu-05-1\/\"><img loading=\"lazy\" decoding=\"async\" class=\"alignnone wp-image-536 size-full\" src=\"https:\/\/www.topohvar.at\/wp-content\/uploads\/2018\/07\/push-r-30.jpg\" alt=\"\" width=\"61\" height=\"30\" \/><\/a>\u00a0<a href=\"https:\/\/www.topohvar.at\/orte\/su\/su-ov-01-1\/\"><img loading=\"lazy\" decoding=\"async\" class=\"alignnone wp-image-12299 size-full\" src=\"https:\/\/www.topohvar.at\/wp-content\/uploads\/2018\/09\/push-next-30.jpg\" alt=\"\" width=\"61\" height=\"30\" \/><\/a><\/strong><\/p>\n<hr \/>\n<p><strong>Adresa \/ Adresse<br \/>\n<\/strong>Su\u0107uraj, Punta, Put Lu\u010dice<\/p>\n<p><strong>Lokacija \/ Position<a href=\"https:\/\/goo.gl\/maps\/dfq9zxRi5x6huTT86\"><img loading=\"lazy\" decoding=\"async\" class=\"alignright wp-image-36883\" src=\"https:\/\/www.topohvar.at\/wp-content\/uploads\/2020\/05\/2628.jpg\" alt=\"\" width=\"134\" height=\"100\" \/><\/a><br \/>\n<\/strong><a href=\"https:\/\/goo.gl\/maps\/dfq9zxRi5x6huTT86\"><span style=\"color: #3366ff;\">Latitude: N 43,12514\u00b0\u00a0 \u00a0Longitude: E 17,19585\u00b0 <\/span><\/a><strong><br \/>\n<\/strong>Visina \/ H\u00f6he: 8 m<\/p>\n<p><strong>Katastarska \u010destica <\/strong><strong>\/ Grundst\u00fccke<br \/>\n<\/strong>336\/8 <div class='content-column one_half'><div style=\"padding-right:6px;\"><p><strong>Datum snimanja \/ Erfassungsdatum<br \/>\n<\/strong>27.05.2012 11:50:00<\/p>\n<hr \/>\n<p><strong>Informacije<\/strong><\/p>\n<p>Heliodrom se nalazi nedaleko od svjetionika na isto\u010dnom kraju otoka Hvara.<\/p><\/div><\/div><div class='content-column one_half last_column'><div style=\"padding-right:0px;padding-left:6px;\"><p><strong>Stupanj za\u0161tite<\/strong><strong> \/ Schutzstellung<br \/>\n<\/strong>&#8211;<\/p>\n<hr \/>\n<p><strong>Info<\/strong><\/p>\n<p>Der Heliport befindet sich unweit des Leuchtturms am Ostende der Insel Hvar.<\/p><\/div><\/div><div class='clear_column'><\/div><\/p>\n<p><img loading=\"lazy\" decoding=\"async\" class=\"aligncenter size-full wp-image-56693\" src=\"https:\/\/www.topohvar.at\/wp-content\/uploads\/2022\/01\/su-po-04-3.jpg\" alt=\"\" width=\"640\" height=\"314\" srcset=\"https:\/\/www.topohvar.at\/wp-content\/uploads\/2022\/01\/su-po-04-3.jpg 640w, https:\/\/www.topohvar.at\/wp-content\/uploads\/2022\/01\/su-po-04-3-300x147.jpg 300w\" sizes=\"auto, (max-width: 640px) 100vw, 640px\" \/><\/p>\n<hr \/>\n<div class='content-column one_half'><div style=\"padding-right:6px;\"><p>Polo\u017eaj heliodroma za hitnu zdravstvenu pomo\u0107 nakazi se ba Punti oko 50 metara zapadno od svjetionika. Na istoj poziciji prije II svjetskog rata nalazila se jama s pitkom vodom zvana \u017diva voda. Zahvaljuju\u0107i vodi tu je bio logor talijanske vojske od 1941 do 1943 godine. Informaciju o crpljenje vode dobio sam prije deset godina od Nikole Vujnovi\u0107a Mate koji je kao dijete dolazio po vodu s majkom u ljetnim mjesecima kada je, zbog su\u0161e, ponestalo vode u javnim gustrinama. Pozicija jame se vidi gdje je asfaltna povr\u0161ina udubljena. Jamu su prije odlaska zatrpali talijanski vojnici po nare\u0111enju zapovjednika, jer, po kazivanju Nikole V. &#8222;kru\u017eila&#8220; je pri\u010da, da je prije odlaska do\u0161lo do pobune i sukoba u kojima su neki vojnici smrtno stradali. Voda na punti, dakle, imala je va\u017eno mjesto kroz povijest za potrebe doma\u0107ih i putnika kroz povijesna vremena.<\/p><\/div><\/div><div class='content-column one_half last_column'><div style=\"padding-right:0px;padding-left:6px;\"><p>Der Standort des Hubschrauberlandeplatzes f\u00fcr medizinische Notfallhilfe befindet sich bei Punta, etwa 50 Meter westlich des Leuchtturms. An derselben Stelle gab es vor dem Zweiten Weltkrieg eine Grube mit Trinkwasser namens \u017diva voda. Dank des Wassers befand sich hier von 1941 bis 1943 ein Lager der italienischen Armee. Informationen zum Pumpen von Wasser erhielt ich vor zehn Jahren von Nikola Vujnovi\u0107 Mate, der als Kind in den Sommermonaten mit seiner Mutter zum Wasserholen kam, wenn aufgrund der D\u00fcrre das Wasser in den \u00f6ffentlichen Brunnen ausging. An den Dellen in der Asphaltoberfl\u00e4che ist die Position der Grube zu erkennen. Die Grube wurde auf Befehl des Kommandanten von italienischen Soldaten vor ihrer Abreise zugesch\u00fcttet, da laut Nikolaus V. die Geschichte \u201edie Runde machte\u201c, dass es vor ihrer Abreise zu einem Aufstand und Konflikt gekommen sei, bei dem einige Soldaten get\u00f6tet worden seien. Daher hat das Wasser am Kap im Laufe der Geschichte f\u00fcr die Bed\u00fcrfnisse der Einheimischen und Reisenden einen wichtigen Platz eingenommen.<\/p><\/div><\/div><div class='clear_column'><\/div><\/p>\n<p style=\"text-align: center;\"><em>Tekst\/Text: Nik\u0161a Vujnovi\u0107, Facebook<\/em><\/p>\n<p style=\"text-align: right;\"><span style=\"color: #3366ff;\"><a style=\"color: #3366ff;\" href=\"#seite_oben\">natrag na vrh \/ Seitenanfang<\/a><\/span><\/p>\n<hr \/>\n<p><strong>Linkovi \/ Links<\/strong><\/p>\n<p>&#8211;<\/p>\n","protected":false},"excerpt":{"rendered":"<p>Ime \/ Name Objekt \u00bbHelidrom\u00ab \/ Hubschrauberlandeplatz Code: SU-PU-04\u00a0 \u00a0 \u00a0 \u00a0 \u00a0 \u00a0 \u00a0 \u00a0 \u00a0 \u00a0 \u00a0 \u00a0 \u00a0 \u00a0 \u00a0 \u00a0 \u00a0 Adresa \/ Adresse Su\u0107uraj, Punta, Put Lu\u010dice Lokacija \/ Position Latitude: N 43,12514\u00b0\u00a0 \u00a0Longitude: E &hellip; <a href=\"https:\/\/www.topohvar.at\/topo\/orte\/su\/su-pu-04-1\/\">Weiterlesen <span class=\"meta-nav\">&rarr;<\/span><\/a><\/p>\n","protected":false},"author":1,"featured_media":0,"parent":103,"menu_order":0,"comment_status":"closed","ping_status":"closed","template":"","meta":{"footnotes":""},"class_list":["post-36882","page","type-page","status-publish","hentry"],"_links":{"self":[{"href":"https:\/\/www.topohvar.at\/topo\/wp-json\/wp\/v2\/pages\/36882","targetHints":{"allow":["GET"]}}],"collection":[{"href":"https:\/\/www.topohvar.at\/topo\/wp-json\/wp\/v2\/pages"}],"about":[{"href":"https:\/\/www.topohvar.at\/topo\/wp-json\/wp\/v2\/types\/page"}],"author":[{"embeddable":true,"href":"https:\/\/www.topohvar.at\/topo\/wp-json\/wp\/v2\/users\/1"}],"replies":[{"embeddable":true,"href":"https:\/\/www.topohvar.at\/topo\/wp-json\/wp\/v2\/comments?post=36882"}],"version-history":[{"count":10,"href":"https:\/\/www.topohvar.at\/topo\/wp-json\/wp\/v2\/pages\/36882\/revisions"}],"predecessor-version":[{"id":71075,"href":"https:\/\/www.topohvar.at\/topo\/wp-json\/wp\/v2\/pages\/36882\/revisions\/71075"}],"up":[{"embeddable":true,"href":"https:\/\/www.topohvar.at\/topo\/wp-json\/wp\/v2\/pages\/103"}],"wp:attachment":[{"href":"https:\/\/www.topohvar.at\/topo\/wp-json\/wp\/v2\/media?parent=36882"}],"curies":[{"name":"wp","href":"https:\/\/api.w.org\/{rel}","templated":true}]}}