{"id":37059,"date":"2020-05-11T12:45:21","date_gmt":"2020-05-11T10:45:21","guid":{"rendered":"https:\/\/www.topohvar.at\/topo\/?page_id=37059"},"modified":"2026-01-13T15:57:58","modified_gmt":"2026-01-13T14:57:58","slug":"za-tr-00-00","status":"publish","type":"page","link":"https:\/\/www.topohvar.at\/topo\/orte\/za\/za-tr-00-00\/","title":{"rendered":"ZASTRA\u017dI\u0160\u0106E \u2013 pregled trima \/ \u00dcbersicht Trims (do \/ bis 2025\/10)"},"content":{"rendered":"<div class='content-column one_third'><div style=\"padding-right:6px;\"><p>Ukupni broj trima: 127<br \/>\n<span style=\"color: #000000;\">od kojih su dualni trimi: <strong>1<br \/>\n<\/strong><\/span><span style=\"color: #ffcc99;\">Vi\u0161e nije dostupno ili je lokacija nepoznata: 7<\/span><br \/>\n<span style=\"color: #ff0000;\">Nije skicirano: 5<\/span><br \/><\/div><\/div><div class='content-column one_third'><div style=\"padding-right:6px;\"><p><span style=\"color: #000000;\">Anzahl Trims insgesamt: 127<\/span><br \/>\n<span style=\"color: #000000;\">Davon sind Doppeltrims: <strong>1<br \/>\n<\/strong><span style=\"color: #ffcc99;\">Nicht mehr vorhanden oder Lage unbekannt: 7<\/span><\/span><br \/>\n<span style=\"color: #ff0000;\">Nicht skizziert: 5<\/span><\/p><\/div><\/div><div class='content-column one_third last_column'><div style=\"padding-right:0px;padding-left:6px;\"><p><a href=\" https:\/\/www.topohvar.at\/topo\/orte\/za\/\"><img loading=\"lazy\" decoding=\"async\" class=\"alignnone wp-image-535 size-full\" src=\"https:\/\/www.topohvar.at\/wp-content\/uploads\/2018\/07\/push-o-30.jpg\" alt=\"\" width=\"61\" height=\"30\" \/><\/a><\/p><\/div><\/div><div class='clear_column'><\/div><\/p>\n<hr \/>\n<p><span style=\"color: #333300;\"><strong>ZA-TR-<\/strong><br \/>\n<span style=\"color: #000000;\"><a style=\"color: #000000;\" href=\"https:\/\/www.topohvar.at\/topo\/orte\/za\/za-tr-01-1\/\">01<\/a>\u00a0 <strong><a style=\"color: #000000;\" href=\"https:\/\/www.topohvar.at\/topo\/orte\/za\/za-tr-02-1\/\">02<\/a><\/strong>\u00a0 <a style=\"color: #000000;\" href=\"https:\/\/www.topohvar.at\/topo\/orte\/za\/za-tr-03-1\/\">03<\/a>\u00a0 <a style=\"color: #000000;\" href=\"https:\/\/www.topohvar.at\/topo\/orte\/za\/za-tr-04-1\/\">04<\/a>\u00a0 <a style=\"color: #000000;\" href=\"https:\/\/www.topohvar.at\/topo\/orte\/za\/za-tr-05-1\/\">05<\/a>\u00a0 <a style=\"color: #000000;\" href=\"https:\/\/www.topohvar.at\/topo\/orte\/za\/za-tr-06-1\/\">06<\/a>\u00a0 <a style=\"color: #000000;\" href=\"https:\/\/www.topohvar.at\/topo\/orte\/za\/za-tr-07-1\/\">07<\/a>\u00a0 <a style=\"color: #000000;\" href=\"https:\/\/www.topohvar.at\/topo\/orte\/za\/za-tr-08-1\/\">08<\/a>\u00a0 <a style=\"color: #000000;\" href=\"https:\/\/www.topohvar.at\/topo\/orte\/za\/za-tr-09-1\/\">09<\/a>\u00a0 \u00a0<a style=\"color: #000000;\" href=\"https:\/\/www.topohvar.at\/topo\/orte\/za\/za-tr-10-1\/\">10<\/a> \u00a0<a style=\"color: #000000;\" href=\"https:\/\/www.topohvar.at\/topo\/orte\/za\/za-tr-11-1\/\">11<\/a>\u00a0 <a style=\"color: #000000;\" href=\"https:\/\/www.topohvar.at\/topo\/orte\/za\/za-tr-12-1\/\">12<\/a>\u00a0 <a style=\"color: #000000;\" href=\"https:\/\/www.topohvar.at\/topo\/orte\/za\/za-tr-13-1\/\">13<\/a>\u00a0 <a style=\"color: #000000;\" href=\"https:\/\/www.topohvar.at\/topo\/orte\/za\/za-tr-14-1\/\">14<\/a>\u00a0 <a style=\"color: #000000;\" href=\"https:\/\/www.topohvar.at\/topo\/orte\/za\/za-tr-15-1\/\">15<\/a>\u00a0 <a style=\"color: #000000;\" href=\"https:\/\/www.topohvar.at\/topo\/orte\/za\/za-tr-16-1\/\">16<\/a>\u00a0 <a style=\"color: #000000;\" href=\"https:\/\/www.topohvar.at\/topo\/orte\/za\/za-tr-17-1\/\">17<\/a>\u00a0 <a style=\"color: #000000;\" href=\"https:\/\/www.topohvar.at\/topo\/orte\/za\/za-tr-18-1\/\">18<\/a>\u00a0 <a style=\"color: #000000;\" href=\"https:\/\/www.topohvar.at\/topo\/orte\/za\/za-tr-19-1\/\">19<\/a>\u00a0 \u00a0<a style=\"color: #000000;\" href=\"https:\/\/www.topohvar.at\/topo\/orte\/za\/za-tr-20-1\/\">20<\/a> \u00a0<a style=\"color: #000000;\" href=\"https:\/\/www.topohvar.at\/topo\/orte\/za\/za-tr-21-1\/\">21<\/a>\u00a0 <a style=\"color: #000000;\" href=\"https:\/\/www.topohvar.at\/topo\/orte\/za\/za-tr-22-1\/\">22<\/a>\u00a0<\/span> <span style=\"color: #ffffff;\">23<\/span>\u00a0<span style=\"color: #000000;\"> <a style=\"color: #000000;\" href=\"https:\/\/www.topohvar.at\/topo\/orte\/za\/za-tr-24-1\/\">24<\/a>\u00a0 <a style=\"color: #000000;\" href=\"https:\/\/www.topohvar.at\/topo\/orte\/za\/za-tr-25-1\/\">25<\/a>\u00a0 <a style=\"color: #000000;\" href=\"https:\/\/www.topohvar.at\/topo\/orte\/za\/za-tr-26-1\/\">26\u00a0<\/a> <a style=\"color: #000000;\" href=\"https:\/\/www.topohvar.at\/topo\/orte\/za\/za-tr-27-1\/\">27<\/a>\u00a0 <a style=\"color: #000000;\" href=\"https:\/\/www.topohvar.at\/topo\/orte\/za\/za-tr-28-1\/\">28<\/a>\u00a0 <a style=\"color: #000000;\" href=\"https:\/\/www.topohvar.at\/topo\/orte\/za\/za-tr-29-1\/\">29<\/a> \u00a0<a style=\"color: #000000;\" href=\"https:\/\/www.topohvar.at\/topo\/orte\/za\/za-tr-30-1\/\">30<\/a><br \/>\n<a style=\"color: #000000;\" href=\"https:\/\/www.topohvar.at\/topo\/orte\/za\/za-tr-31-1\/\">31<\/a>\u00a0 <a style=\"color: #000000;\" href=\"https:\/\/www.topohvar.at\/topo\/orte\/za\/za-tr-32-1\/\">32<\/a>\u00a0 <a style=\"color: #000000;\" href=\"https:\/\/www.topohvar.at\/topo\/orte\/za\/za-tr-33-1\/\">33<\/a>\u00a0 <a style=\"color: #000000;\" href=\"https:\/\/www.topohvar.at\/topo\/orte\/za\/za-tr-34-1\/\">34<\/a> \u00a0<a style=\"color: #000000;\" href=\"https:\/\/www.topohvar.at\/topo\/orte\/za\/za-tr-35-1\/\">35<\/a> \u00a0<a style=\"color: #000000;\" href=\"https:\/\/www.topohvar.at\/topo\/orte\/za\/za-tr-36-1\/\">36<\/a> \u00a0<a style=\"color: #000000;\" href=\"https:\/\/www.topohvar.at\/topo\/orte\/za\/za-tr-37-1\/\">37<\/a> \u00a0<a style=\"color: #000000;\" href=\"https:\/\/www.topohvar.at\/topo\/orte\/za\/za-tr-38-1\/\">38<\/a>\u00a0 <a style=\"color: #000000;\" href=\"https:\/\/www.topohvar.at\/topo\/orte\/za\/za-tr-39-1\/\">39<\/a>\u00a0 <a style=\"color: #000000;\" href=\"https:\/\/www.topohvar.at\/topo\/orte\/za\/za-tr-40-1\/\">40<\/a>\u00a0 <span style=\"color: #ffcc00;\"><a style=\"color: #ffcc00;\" href=\"https:\/\/www.topohvar.at\/topo\/orte\/za\/za-tr-41-1\/\">41<\/a><\/span>\u00a0<span style=\"color: #000000;\"> <a style=\"color: #000000;\" href=\"https:\/\/www.topohvar.at\/topo\/orte\/za\/za-tr-42-1\/\">42<\/a>\u00a0 <a style=\"color: #000000;\" href=\"https:\/\/www.topohvar.at\/topo\/orte\/za\/za-tr-43-1\/\">43<\/a>\u00a0 <a style=\"color: #000000;\" href=\"https:\/\/www.topohvar.at\/topo\/orte\/za\/za-tr-44-1\/\">44<\/a>\u00a0 <a style=\"color: #000000;\" href=\"https:\/\/www.topohvar.at\/topo\/orte\/za\/za-tr-45-1\/\">45<\/a>\u00a0 <a style=\"color: #000000;\" href=\"https:\/\/www.topohvar.at\/topo\/orte\/za\/za-tr-46-1\/\">46<\/a>\u00a0 <a style=\"color: #000000;\" href=\"https:\/\/www.topohvar.at\/topo\/orte\/za\/za-tr-47-1\/\">47<\/a>\u00a0 <a style=\"color: #000000;\" href=\"https:\/\/www.topohvar.at\/topo\/orte\/za\/za-tr-48-1\/\">48<\/a>\u00a0 <a style=\"color: #ffcc99;\" href=\"https:\/\/www.topohvar.at\/topo\/orte\/za\/za-tr-49-1\/\">49<\/a> \u00a0<a style=\"color: #000000;\" href=\"https:\/\/www.topohvar.at\/topo\/orte\/za\/za-tr-50-1\/\">50<\/a><\/span><\/span><span style=\"color: #000000;\"> \u00a0<\/span><span style=\"color: #ff0000;\"><span style=\"color: #000000;\"><a style=\"color: #000000;\" href=\"https:\/\/www.topohvar.at\/topo\/orte\/za\/za-tr-51-1\/\">51<\/a><\/span>\u00a0 <span style=\"color: #000000;\"><a style=\"color: #000000;\" href=\"https:\/\/www.topohvar.at\/topo\/orte\/za\/za-tr-52-1\/\">52<\/a><\/span>\u00a0 <a style=\"color: #ff0000;\" href=\"https:\/\/www.topohvar.at\/topo\/orte\/za\/za-tr-53-1\/\"><span style=\"color: #000000;\">53<\/span><\/a>\u00a0 <span style=\"color: #000000;\"><a style=\"color: #000000;\" href=\"https:\/\/www.topohvar.at\/topo\/orte\/za\/za-tr-54-1\/\">54<\/a><\/span>\u00a0 <span style=\"color: #000000;\"><a style=\"color: #000000;\" href=\"https:\/\/www.topohvar.at\/topo\/orte\/za\/za-tr-55-1\/\">55<\/a><\/span>\u00a0 <span style=\"color: #000000;\"><a style=\"color: #000000;\" href=\"https:\/\/www.topohvar.at\/topo\/orte\/za\/za-tr-56-1\/\">56<\/a><\/span>\u00a0 <span style=\"color: #000000;\"><a style=\"color: #000000;\" href=\"https:\/\/www.topohvar.at\/topo\/orte\/za\/za-tr-57-1\/\">57<\/a>\u00a0 <a style=\"color: #000000;\" href=\"https:\/\/www.topohvar.at\/topo\/orte\/za\/za-tr-58-1\/\">58<\/a>\u00a0<\/span> <span style=\"color: #000000;\"><a style=\"color: #000000;\" href=\"https:\/\/www.topohvar.at\/topo\/orte\/za\/za-tr-59-1\/\">59<\/a> \u00a0<\/span><span style=\"color: #ffcc00;\"><a style=\"color: #ffcc00;\" href=\"https:\/\/www.topohvar.at\/topo\/orte\/za\/za-tr-60-1\/\">60<\/a><\/span><br \/>\n<\/span><span style=\"color: #ff0000;\"><span style=\"color: #000000;\"><a style=\"color: #000000;\" href=\"https:\/\/www.topohvar.at\/topo\/orte\/za\/za-tr-61-1\/\">61<\/a><\/span>\u00a0 <span style=\"color: #000000;\"><a style=\"color: #000000;\" href=\"https:\/\/www.topohvar.at\/topo\/orte\/za\/za-tr-62-1\/\">62<\/a>\u00a0 <a style=\"color: #000000;\" href=\"https:\/\/www.topohvar.at\/topo\/orte\/za\/za-tr-63-1\/\">63<\/a>\u00a0 <a style=\"color: #000000;\" href=\"https:\/\/www.topohvar.at\/topo\/orte\/za\/za-tr-64-1\/\">64<\/a>\u00a0 <a style=\"color: #000000;\" href=\"https:\/\/www.topohvar.at\/topo\/orte\/za\/za-tr-65-1\/\">65<\/a>\u00a0 <a style=\"color: #000000;\" href=\"https:\/\/www.topohvar.at\/topo\/orte\/za\/za-tr-66-1\/\">66<\/a>\u00a0 <a style=\"color: #000000;\" href=\"https:\/\/www.topohvar.at\/topo\/orte\/za\/za-tr-67-1\/\">67<\/a>\u00a0<\/span> <span style=\"color: #ffcc99;\"><a style=\"color: #ffcc99;\" href=\"https:\/\/www.topohvar.at\/topo\/orte\/za\/za-tr-68-1\/\">68<\/a><\/span><span style=\"color: #000000;\"><span style=\"color: #ffcc99;\">\u00a0<\/span> <a style=\"color: #000000;\" href=\"https:\/\/www.topohvar.at\/topo\/orte\/za\/za-tr-69-1\/\">69<\/a>\u00a0 \u00a0 <a style=\"color: #000000;\" href=\"https:\/\/www.topohvar.at\/topo\/orte\/za\/za-tr-70-1\/\"><span style=\"color: #000000;\">7<\/span>0<\/a>\u00a0 <a style=\"color: #000000;\" href=\"https:\/\/www.topohvar.at\/topo\/orte\/za\/za-tr-71-1\/\">71<\/a>\u00a0 <a style=\"color: #000000;\" href=\"https:\/\/www.topohvar.at\/topo\/orte\/za\/za-tr-72-1\/\">72<\/a>\u00a0<\/span><span style=\"color: #ffcc99;\"> <a style=\"color: #ffcc99;\" href=\"https:\/\/www.topohvar.at\/topo\/orte\/za\/za-tr-73-1\/\">73<\/a>\u00a0<\/span> <span style=\"color: #000000;\"><a style=\"color: #000000;\" href=\"https:\/\/www.topohvar.at\/topo\/orte\/za\/za-tr-74-1\/\">74<\/a><\/span>\u00a0 <span style=\"color: #ffcc99;\"><a style=\"color: #ffcc99;\" href=\"https:\/\/www.topohvar.at\/topo\/orte\/za\/za-tr-75-1\/\">75<\/a><\/span>\u00a0 <span style=\"color: #000000;\"><a style=\"color: #000000;\" href=\"https:\/\/www.topohvar.at\/topo\/orte\/za\/za-tr-76-1\/\">76<\/a><\/span>\u00a0 <a style=\"color: #ff0000;\" href=\"https:\/\/www.topohvar.at\/topo\/orte\/za\/za-tr-77-1\/\">77<\/a>\u00a0 <span style=\"color: #000000;\"><a style=\"color: #000000;\" href=\"https:\/\/www.topohvar.at\/topo\/orte\/za\/za-tr-78-1\/\">78<\/a>\u00a0<\/span> <a style=\"color: #ff0000;\" href=\"https:\/\/www.topohvar.at\/topo\/orte\/za\/za-tr-79-1\/\">79<\/a> \u00a0<span style=\"color: #000000;\"> <a style=\"color: #000000;\" href=\"https:\/\/www.topohvar.at\/topo\/orte\/za\/za-tr-80-1\/\">80<\/a><\/span> \u00a0<span style=\"color: #000000;\"><a style=\"color: #000000;\" href=\"https:\/\/www.topohvar.at\/topo\/orte\/za\/za-tr-81-1\/\">81<\/a><\/span>\u00a0 <span style=\"color: #000000;\"><a style=\"color: #000000;\" href=\"https:\/\/www.topohvar.at\/topo\/orte\/za\/za-tr-82-1\/\">82<\/a><\/span>\u00a0<span style=\"color: #000000;\"> <a style=\"color: #000000;\" href=\"https:\/\/www.topohvar.at\/topo\/orte\/za\/za-tr-83-1\/\">83<\/a>\u00a0 <a style=\"color: #000000;\" href=\"https:\/\/www.topohvar.at\/topo\/orte\/za\/za-tr-84-1\/\">84<\/a>\u00a0<\/span> <a style=\"color: #ff0000;\" href=\"https:\/\/www.topohvar.at\/topo\/orte\/za\/za-tr-85-1\/\"><span style=\"color: #000000;\">85<\/span><\/a>\u00a0 <span style=\"color: #000000;\"><a style=\"color: #000000;\" href=\"https:\/\/www.topohvar.at\/topo\/orte\/za\/za-tr-86-1\/\">86<\/a>\u00a0 <a style=\"color: #000000;\" href=\"https:\/\/www.topohvar.at\/topo\/orte\/za\/za-tr-87-1\/\">87<\/a>\u00a0 <a style=\"color: #000000;\" href=\"https:\/\/www.topohvar.at\/topo\/orte\/za\/za-tr-88-1\/\">88<\/a>\u00a0 <a style=\"color: #000000;\" href=\"https:\/\/www.topohvar.at\/topo\/orte\/za\/za-tr-89-1\/\">89<\/a> \u00a0<\/span><\/span><\/span><span style=\"color: #333300;\"><span style=\"color: #ff0000;\"><span style=\"color: #000000;\"><a style=\"color: #000000;\" href=\"https:\/\/www.topohvar.at\/topo\/orte\/za\/za-tr-90-1\/\">90<\/a><br \/>\n<\/span><\/span><span style=\"color: #ff0000;\"><span style=\"color: #000000;\"><a style=\"color: #000000;\" href=\"https:\/\/www.topohvar.at\/topo\/orte\/za\/za-tr-91-2\/\">91<\/a>\u00a0 <a style=\"color: #000000;\" href=\"https:\/\/www.topohvar.at\/topo\/orte\/za\/za-tr-92-1\/\">92<\/a>\u00a0<\/span> <a style=\"color: #ff0000;\" href=\"https:\/\/www.topohvar.at\/topo\/orte\/za\/za-tr-93-1\/\">93<\/a>\u00a0 <span style=\"color: #000000;\"><a style=\"color: #000000;\" href=\"https:\/\/www.topohvar.at\/topo\/orte\/za\/za-tr-94-1\/\">94<\/a>\u00a0 <a style=\"color: #000000;\" href=\"https:\/\/www.topohvar.at\/topo\/orte\/za\/za-tr-95-1\/\">95<\/a>\u00a0<\/span> <span style=\"color: #ffcc00;\"><a style=\"color: #ffcc00;\" href=\"https:\/\/www.topohvar.at\/topo\/orte\/za\/za-tr-96-1\/\">96<\/a><\/span>\u00a0 <span style=\"color: #000000;\"><a style=\"color: #000000;\" href=\"https:\/\/www.topohvar.at\/topo\/orte\/za\/za-tr-97-1\/\">97<\/a><\/span>\u00a0<span style=\"color: #000000;\"> <a style=\"color: #000000;\" href=\"https:\/\/www.topohvar.at\/topo\/orte\/za\/za-tr-98-1\/\">98<\/a>\u00a0 <a style=\"color: #000000;\" href=\"https:\/\/www.topohvar.at\/topo\/orte\/za\/za-tr-99-1\/\">99<\/a>\u00a0<\/span>\u00a0 \u00a0<a style=\"color: #ff0000;\" href=\"https:\/\/www.topohvar.at\/topo\/orte\/za\/za-tr-a0-1\/\">A0<\/a> <span style=\"color: #000000;\">\u00a0<a style=\"color: #000000;\" href=\"https:\/\/www.topohvar.at\/topo\/orte\/za\/za-tr-a1-1\/\">A1<\/a>\u00a0 <a style=\"color: #000000;\" href=\"https:\/\/www.topohvar.at\/topo\/orte\/za\/za-tr-a2-1\/\">A2<\/a>\u00a0 <a style=\"color: #000000;\" href=\"https:\/\/www.topohvar.at\/topo\/orte\/za\/za-tr-a3-1\/\">A3<\/a>\u00a0 <a style=\"color: #000000;\" href=\"https:\/\/www.topohvar.at\/topo\/orte\/za\/za-tr-a4-1\/\">A4<\/a>\u00a0 <a style=\"color: #000000;\" href=\"https:\/\/www.topohvar.at\/topo\/orte\/za\/za-tr-a5-1\/\">A5<\/a>\u00a0 <a style=\"color: #000000;\" href=\"https:\/\/www.topohvar.at\/topo\/orte\/za\/za-tr-a6-1\/\">A6<\/a>\u00a0 <a style=\"color: #000000;\" href=\"https:\/\/www.topohvar.at\/topo\/orte\/za\/za-tr-a7-1\/\">A7<\/a>\u00a0 <a style=\"color: #000000;\" href=\"https:\/\/www.topohvar.at\/topo\/orte\/za\/za-tr-a8-1\/\">A8<\/a>\u00a0 <a style=\"color: #000000;\" href=\"https:\/\/www.topohvar.at\/topo\/orte\/za\/za-tr-a9-1\/\">A9<\/a> \u00a0<a style=\"color: #000000;\" href=\"https:\/\/www.topohvar.at\/topo\/orte\/za\/za-tr-b0-1\/\">B0<\/a>\u00a0 <a style=\"color: #000000;\" href=\"https:\/\/www.topohvar.at\/topo\/orte\/za\/za-tr-b1-1\/\">B1<\/a>\u00a0 <a style=\"color: #000000;\" href=\"https:\/\/www.topohvar.at\/topo\/orte\/za\/za-tr-b2-1\/\">B2<\/a> \u00a0<a style=\"color: #000000;\" href=\"https:\/\/www.topohvar.at\/topo\/orte\/za\/za-tr-b3-1\/\">B3<\/a>\u00a0 <span style=\"color: #ff0000;\"><a href=\"https:\/\/www.topohvar.at\/topo\/orte\/za\/za-tr-b4-1\/\"><span style=\"color: #000000;\">B4<\/span><\/a>\u00a0 <a href=\"https:\/\/www.topohvar.at\/topo\/orte\/za\/za-tr-b5-1\/\"><span style=\"color: #000000;\">B5<\/span><\/a>\u00a0 <a href=\"https:\/\/www.topohvar.at\/topo\/orte\/za\/za-tr-b6-1\/\"><span style=\"color: #000000;\">B6<\/span><\/a>\u00a0 B7\u00a0 <a href=\"https:\/\/www.topohvar.at\/topo\/orte\/za\/za-tr-b8-1\/\"><span style=\"color: #000000;\">B8<\/span><\/a>\u00a0 <a href=\"https:\/\/www.topohvar.at\/topo\/orte\/za\/za-tr-b9-1\/\"><span style=\"color: #000000;\">B9<\/span><\/a>\u00a0 <a href=\"https:\/\/www.topohvar.at\/topo\/orte\/za\/za-tr-c0-1\/\"><span style=\"color: #000000;\">C0<\/span><\/a><\/span><br \/>\n<span style=\"color: #ff0000;\"><a href=\"https:\/\/www.topohvar.at\/topo\/orte\/za\/za-tr-c1-1\/\"><span style=\"color: #000000;\">C1<\/span><\/a>\u00a0 <a href=\"https:\/\/www.topohvar.at\/topo\/orte\/za\/za-tr-c2-1\/\"><span style=\"color: #000000;\">C2<\/span><\/a>\u00a0 <span style=\"color: #000000;\"><a style=\"color: #000000;\" href=\"https:\/\/www.topohvar.at\/topo\/orte\/za\/za-tr-c3-1\/\">C3<\/a><\/span>\u00a0 <span style=\"color: #000000;\"><a style=\"color: #000000;\" href=\"https:\/\/www.topohvar.at\/topo\/orte\/za\/za-tr-c4-1\/\">C4<\/a> \u00a0<a style=\"color: #000000;\" href=\"https:\/\/www.topohvar.at\/topo\/orte\/za\/za-tr-c5-1\/\">C5<\/a>\u00a0 <a style=\"color: #000000;\" href=\"https:\/\/www.topohvar.at\/topo\/orte\/za\/za-tr-c6-1\/\">C6<\/a>\u00a0 <a style=\"color: #000000;\" href=\"https:\/\/www.topohvar.at\/topo\/orte\/za\/za-tr-c7-1\/\">C7<\/a><\/span><\/span><\/span><\/span><\/span><\/p>\n<p style=\"text-align: center;\"><span style=\"color: #3366ff;\"><a style=\"color: #3366ff;\" href=\"https:\/\/www.topohvar.at\/wp-content\/uploads\/2025\/12\/za-tr-00-2025-10.jpg\">Pove\u0107aj sliku &#8211; klikni! \/ Bild vergr\u00f6\u00dfern &#8211; klicken!<\/a><\/span><\/p>\n<p style=\"line-height: 0.0;\"><a href=\"https:\/\/www.topohvar.at\/wp-content\/uploads\/2025\/12\/za-tr-00-2025-10.jpg\"><img loading=\"lazy\" decoding=\"async\" class=\"aligncenter wp-image-73812 size-full\" src=\"https:\/\/www.topohvar.at\/wp-content\/uploads\/2025\/12\/za-tr-00-2025-10.jpg\" alt=\"\" width=\"2012\" height=\"1192\" srcset=\"https:\/\/www.topohvar.at\/wp-content\/uploads\/2025\/12\/za-tr-00-2025-10.jpg 2012w, https:\/\/www.topohvar.at\/wp-content\/uploads\/2025\/12\/za-tr-00-2025-10-300x178.jpg 300w, https:\/\/www.topohvar.at\/wp-content\/uploads\/2025\/12\/za-tr-00-2025-10-1024x607.jpg 1024w, https:\/\/www.topohvar.at\/wp-content\/uploads\/2025\/12\/za-tr-00-2025-10-768x455.jpg 768w, https:\/\/www.topohvar.at\/wp-content\/uploads\/2025\/12\/za-tr-00-2025-10-1536x910.jpg 1536w\" sizes=\"auto, (max-width: 2012px) 100vw, 2012px\" \/><\/a><\/p>\n","protected":false},"excerpt":{"rendered":"<p>ZA-TR- 01\u00a0 02\u00a0 03\u00a0 04\u00a0 05\u00a0 06\u00a0 07\u00a0 08\u00a0 09\u00a0 \u00a010 \u00a011\u00a0 12\u00a0 13\u00a0 14\u00a0 15\u00a0 16\u00a0 17\u00a0 18\u00a0 19\u00a0 \u00a020 \u00a021\u00a0 22\u00a0 23\u00a0 24\u00a0 25\u00a0 26\u00a0 27\u00a0 28\u00a0 29 \u00a030 31\u00a0 32\u00a0 33\u00a0 34 \u00a035 \u00a036 \u00a037 \u00a038\u00a0 39\u00a0 &hellip; <a href=\"https:\/\/www.topohvar.at\/topo\/orte\/za\/za-tr-00-00\/\">Weiterlesen <span class=\"meta-nav\">&rarr;<\/span><\/a><\/p>\n","protected":false},"author":1,"featured_media":0,"parent":115,"menu_order":0,"comment_status":"closed","ping_status":"closed","template":"","meta":{"footnotes":""},"class_list":["post-37059","page","type-page","status-publish","hentry"],"_links":{"self":[{"href":"https:\/\/www.topohvar.at\/topo\/wp-json\/wp\/v2\/pages\/37059","targetHints":{"allow":["GET"]}}],"collection":[{"href":"https:\/\/www.topohvar.at\/topo\/wp-json\/wp\/v2\/pages"}],"about":[{"href":"https:\/\/www.topohvar.at\/topo\/wp-json\/wp\/v2\/types\/page"}],"author":[{"embeddable":true,"href":"https:\/\/www.topohvar.at\/topo\/wp-json\/wp\/v2\/users\/1"}],"replies":[{"embeddable":true,"href":"https:\/\/www.topohvar.at\/topo\/wp-json\/wp\/v2\/comments?post=37059"}],"version-history":[{"count":77,"href":"https:\/\/www.topohvar.at\/topo\/wp-json\/wp\/v2\/pages\/37059\/revisions"}],"predecessor-version":[{"id":73846,"href":"https:\/\/www.topohvar.at\/topo\/wp-json\/wp\/v2\/pages\/37059\/revisions\/73846"}],"up":[{"embeddable":true,"href":"https:\/\/www.topohvar.at\/topo\/wp-json\/wp\/v2\/pages\/115"}],"wp:attachment":[{"href":"https:\/\/www.topohvar.at\/topo\/wp-json\/wp\/v2\/media?parent=37059"}],"curies":[{"name":"wp","href":"https:\/\/api.w.org\/{rel}","templated":true}]}}