{"id":37632,"date":"2020-05-22T18:57:44","date_gmt":"2020-05-22T16:57:44","guid":{"rendered":"https:\/\/www.topohvar.at\/topo\/?page_id=37632"},"modified":"2022-03-05T07:53:07","modified_gmt":"2022-03-05T06:53:07","slug":"sg-op-17-1","status":"publish","type":"page","link":"https:\/\/www.topohvar.at\/topo\/orte\/sg\/sg-op-17-1\/","title":{"rendered":"STARI GRAD &#8211; Objekt \u00bbBunar (17) Kamena kugla\u00ab"},"content":{"rendered":"<p><a name=\"seite_oben\"><\/a><br \/>\n<strong><img loading=\"lazy\" decoding=\"async\" class=\"alignnone size-full wp-image-38830\" src=\"https:\/\/www.topohvar.at\/wp-content\/uploads\/2020\/07\/sg-op-17-12.jpg\" alt=\"\" width=\"1080\" height=\"530\" srcset=\"https:\/\/www.topohvar.at\/wp-content\/uploads\/2020\/07\/sg-op-17-12.jpg 1080w, https:\/\/www.topohvar.at\/wp-content\/uploads\/2020\/07\/sg-op-17-12-300x147.jpg 300w, https:\/\/www.topohvar.at\/wp-content\/uploads\/2020\/07\/sg-op-17-12-1024x503.jpg 1024w, https:\/\/www.topohvar.at\/wp-content\/uploads\/2020\/07\/sg-op-17-12-768x377.jpg 768w\" sizes=\"auto, (max-width: 1080px) 100vw, 1080px\" \/>Ime \/ Name<br \/>\n<\/strong>Objekt \u00bbBunar (17) Kuglasti bunar\u00ab \/ kugelf\u00f6rmiger Brunnen (17)<\/p>\n<p><strong>Code: <\/strong>SG-OP-17\u00a0 \u00a0 \u00a0 \u00a0 \u00a0 \u00a0 \u00a0 \u00a0 \u00a0 \u00a0 \u00a0 \u00a0 \u00a0 \u00a0 \u00a0 \u00a0 \u00a0 <a href=\"https:\/\/www.topohvar.at\/orte\/sg\/sg-op-00-1\/\"><img loading=\"lazy\" decoding=\"async\" class=\"alignnone wp-image-12300 size-full\" src=\"https:\/\/www.topohvar.at\/wp-content\/uploads\/2018\/09\/push-vor-30.jpg\" alt=\"\" width=\"61\" height=\"30\" \/><\/a>\u00a0<strong><a href=\"https:\/\/www.topohvar.at\/orte\/sg\/sg-op-a5-1\/\"><img loading=\"lazy\" decoding=\"async\" class=\"alignnone wp-image-533 size-full\" src=\"https:\/\/www.topohvar.at\/wp-content\/uploads\/2018\/07\/push-l-30.jpg\" alt=\"\" width=\"61\" height=\"30\" \/><\/a> <a href=\"https:\/\/www.topohvar.at\/orte\/sg\/\"><img loading=\"lazy\" decoding=\"async\" class=\"alignnone wp-image-535 size-full\" src=\"https:\/\/www.topohvar.at\/wp-content\/uploads\/2018\/07\/push-o-30.jpg\" alt=\"\" width=\"61\" height=\"30\" \/><\/a> <a href=\"https:\/\/www.topohvar.at\/orte\/sg\/sg-op-a3-1\/\"><img loading=\"lazy\" decoding=\"async\" class=\"alignnone wp-image-536 size-full\" src=\"https:\/\/www.topohvar.at\/wp-content\/uploads\/2018\/07\/push-r-30.jpg\" alt=\"\" width=\"61\" height=\"30\" \/><\/a>\u00a0<\/strong><\/p>\n<hr \/>\n<p><strong>Adresa \/ Adresse<br \/>\n<\/strong>Stari Grad, \u0160etali\u0161te don \u0160ime Lubi\u0107a<\/p>\n<p><strong>Lokacija \/ Position<a href=\"https:\/\/goo.gl\/maps\/kPxkGYfmgHCWki96A\"><img loading=\"lazy\" decoding=\"async\" class=\"alignright wp-image-38833\" src=\"https:\/\/www.topohvar.at\/wp-content\/uploads\/2020\/07\/2670.jpg\" alt=\"\" width=\"134\" height=\"100\" \/><\/a><br \/>\n<\/strong><a href=\"https:\/\/goo.gl\/maps\/kPxkGYfmgHCWki96A\"><span style=\"color: #3366ff;\">Latitude: N 43,18406\u00b0\u00a0 \u00a0Longitude: E 16,59225\u00b0 <\/span><\/a><strong><br \/>\n<\/strong>Visina \/ H\u00f6he: 1 m<\/p>\n<p><strong>Katastarska \u010destica \/ Grundst\u00fccke<br \/>\n<\/strong>10530\/1<div class='content-column one_half'><div style=\"padding-right:6px;\"><p><strong>Datum snimanja \/ Erfassungsdatum<br \/>\n<\/strong>23.09.2019 12:00:00<\/p>\n<hr \/>\n<p><strong>Informacije<\/strong><\/p>\n<p>U 2012.\/2013. izgra\u0111eni su novi rivi i pristani\u0161te na podru\u010dju Nove Rive \/ \u0160etali\u0161te don \u0160ime Lubi\u0107a. kraj starogradske rive bit \u0107e ozna\u010den i s \u010detiri posebna urbana elementa: kamenom fontanom, ru\u017eom vjetrova, \u0161tandarcem i obrisom leuta du\u017eine sedam metara, kao spomenom na nekada\u0161nje brodogradili\u0161te.<\/p><\/div><\/div><div class='content-column one_half last_column'><div style=\"padding-right:0px;padding-left:6px;\"><p><strong>Stupanj za\u0161tite \/ Schutzstellung<br \/>\n<\/strong>&#8211;<\/p>\n<hr \/>\n<p><strong>Info<\/strong><\/p>\n<p>In den Jahren 2012\/2013 wurde eine neue Uferpromenade und Kai im Bereich Nova Riva \/ \u0160etali\u0161te don \u0160ime Lubi\u0107a errichtet. Das Ende der Uferpromenade wird mit vier besonderen st\u00e4dtischen Elementen markiert: einem Steinbrunnen, einer Windrose, einer Fahnenstange und dem Umriss eines sieben Meter langen Leuts als Erinnerung an die ehemalige Werft.<\/p><\/div><\/div><div class='clear_column'><\/div><\/p>\n<p style=\"text-align: right;\"><img loading=\"lazy\" decoding=\"async\" class=\"aligncenter wp-image-37635 size-full\" style=\"font-size: 16px;\" src=\"https:\/\/www.topohvar.at\/wp-content\/uploads\/2020\/05\/sg-ob-05-1.jpg\" alt=\"\" width=\"1080\" height=\"530\" srcset=\"https:\/\/www.topohvar.at\/wp-content\/uploads\/2020\/05\/sg-ob-05-1.jpg 1080w, https:\/\/www.topohvar.at\/wp-content\/uploads\/2020\/05\/sg-ob-05-1-300x147.jpg 300w, https:\/\/www.topohvar.at\/wp-content\/uploads\/2020\/05\/sg-ob-05-1-1024x503.jpg 1024w, https:\/\/www.topohvar.at\/wp-content\/uploads\/2020\/05\/sg-ob-05-1-768x377.jpg 768w\" sizes=\"auto, (max-width: 1080px) 100vw, 1080px\" \/><a href=\"#seite_oben\">natrag na vrh \/ Seitenanfang<\/a><\/p>\n<hr \/>\n<p><strong>Linkovi \/ Links<\/strong><\/p>\n<p><span style=\"color: #3366ff;\"><a style=\"color: #3366ff;\" href=\"https:\/\/www.topohvar.at\/topo\/orte\/sg\/sg-ob-02-2\/\">Objekt \u00bbStupac \u0160tandarac\u00ab \/ Fahnenstange<\/a><br \/>\n<a style=\"color: #3366ff;\" href=\"https:\/\/www.topohvar.at\/topo\/orte\/sg\/sg-ob-05-1\/\">Objekt \u00bbObris leuta\u00ab \/ Umriss eines Fischerbootes (Leut)<\/a><br \/>\n<a style=\"color: #3366ff;\" href=\"https:\/\/www.topohvar.at\/topo\/orte\/sg\/sg-ob-03-2\/\">Objekt \u00bbRu\u017ea vjetrova\u00ab \/ Windrose<\/a><br \/>\n<\/span><\/p>\n","protected":false},"excerpt":{"rendered":"<p>Ime \/ Name Objekt \u00bbBunar (17) Kuglasti bunar\u00ab \/ kugelf\u00f6rmiger Brunnen (17) Code: SG-OP-17\u00a0 \u00a0 \u00a0 \u00a0 \u00a0 \u00a0 \u00a0 \u00a0 \u00a0 \u00a0 \u00a0 \u00a0 \u00a0 \u00a0 \u00a0 \u00a0 \u00a0 \u00a0 \u00a0 Adresa \/ Adresse Stari Grad, \u0160etali\u0161te don \u0160ime &hellip; <a href=\"https:\/\/www.topohvar.at\/topo\/orte\/sg\/sg-op-17-1\/\">Weiterlesen <span class=\"meta-nav\">&rarr;<\/span><\/a><\/p>\n","protected":false},"author":1,"featured_media":0,"parent":99,"menu_order":0,"comment_status":"closed","ping_status":"closed","template":"","meta":{"footnotes":""},"class_list":["post-37632","page","type-page","status-publish","hentry"],"_links":{"self":[{"href":"https:\/\/www.topohvar.at\/topo\/wp-json\/wp\/v2\/pages\/37632","targetHints":{"allow":["GET"]}}],"collection":[{"href":"https:\/\/www.topohvar.at\/topo\/wp-json\/wp\/v2\/pages"}],"about":[{"href":"https:\/\/www.topohvar.at\/topo\/wp-json\/wp\/v2\/types\/page"}],"author":[{"embeddable":true,"href":"https:\/\/www.topohvar.at\/topo\/wp-json\/wp\/v2\/users\/1"}],"replies":[{"embeddable":true,"href":"https:\/\/www.topohvar.at\/topo\/wp-json\/wp\/v2\/comments?post=37632"}],"version-history":[{"count":14,"href":"https:\/\/www.topohvar.at\/topo\/wp-json\/wp\/v2\/pages\/37632\/revisions"}],"predecessor-version":[{"id":57791,"href":"https:\/\/www.topohvar.at\/topo\/wp-json\/wp\/v2\/pages\/37632\/revisions\/57791"}],"up":[{"embeddable":true,"href":"https:\/\/www.topohvar.at\/topo\/wp-json\/wp\/v2\/pages\/99"}],"wp:attachment":[{"href":"https:\/\/www.topohvar.at\/topo\/wp-json\/wp\/v2\/media?parent=37632"}],"curies":[{"name":"wp","href":"https:\/\/api.w.org\/{rel}","templated":true}]}}