{"id":3810,"date":"2018-08-08T06:29:09","date_gmt":"2018-08-08T04:29:09","guid":{"rendered":"https:\/\/www.topohvar.at\/?page_id=3810"},"modified":"2021-12-19T11:10:34","modified_gmt":"2021-12-19T10:10:34","slug":"sg-ob-03-2","status":"publish","type":"page","link":"https:\/\/www.topohvar.at\/topo\/orte\/sg\/sg-ob-03-2\/","title":{"rendered":"STARI GRAD &#8211; Objekt \u00bbRu\u017ea vjetrova\u00ab"},"content":{"rendered":"<p><a name=\"seite_oben\"><\/a><br \/>\n<img loading=\"lazy\" decoding=\"async\" class=\"alignnone wp-image-3790 size-large\" src=\"https:\/\/www.topohvar.at\/wp-content\/uploads\/2018\/08\/sg-ob-03-1-1024x503.jpg\" alt=\"\" width=\"640\" height=\"314\" srcset=\"https:\/\/www.topohvar.at\/wp-content\/uploads\/2018\/08\/sg-ob-03-1-1024x503.jpg 1024w, https:\/\/www.topohvar.at\/wp-content\/uploads\/2018\/08\/sg-ob-03-1-300x147.jpg 300w, https:\/\/www.topohvar.at\/wp-content\/uploads\/2018\/08\/sg-ob-03-1-768x377.jpg 768w\" sizes=\"auto, (max-width: 640px) 100vw, 640px\" \/><\/p>\n<p><strong>Ime \/ Name<br \/>\n<\/strong>Objekt \u00bbRu\u017ea vjetrova\u00ab \/ Windrose<\/p>\n<p><strong>Code: <\/strong>SG-OB-03\u00a0 \u00a0 \u00a0 \u00a0 \u00a0 \u00a0 \u00a0 \u00a0 \u00a0 \u00a0 \u00a0 \u00a0 \u00a0 \u00a0 \u00a0 \u00a0 \u00a0 \u00a0<a href=\"https:\/\/www.topohvar.at\/orte\/sg\/sg-pk-06-2\/\"><img loading=\"lazy\" decoding=\"async\" class=\"alignnone wp-image-12300 size-full\" src=\"https:\/\/www.topohvar.at\/wp-content\/uploads\/2018\/09\/push-vor-30.jpg\" alt=\"\" width=\"61\" height=\"30\" \/><\/a>\u00a0<strong><a href=\"https:\/\/www.topohvar.at\/orte\/sg\/sg-ob-02-2\/\"><img loading=\"lazy\" decoding=\"async\" class=\"alignnone wp-image-533 size-full\" src=\"https:\/\/www.topohvar.at\/wp-content\/uploads\/2018\/07\/push-l-30.jpg\" alt=\"\" width=\"61\" height=\"30\" \/><\/a> <a href=\"https:\/\/www.topohvar.at\/orte\/sg\/\"><img loading=\"lazy\" decoding=\"async\" class=\"alignnone wp-image-535 size-full\" src=\"https:\/\/www.topohvar.at\/wp-content\/uploads\/2018\/07\/push-o-30.jpg\" alt=\"\" width=\"61\" height=\"30\" \/><\/a> <a href=\"https:\/\/www.topohvar.at\/orte\/sg\/sg-or-04-1\/\"><img loading=\"lazy\" decoding=\"async\" class=\"alignnone wp-image-536 size-full\" src=\"https:\/\/www.topohvar.at\/wp-content\/uploads\/2018\/07\/push-r-30.jpg\" alt=\"\" width=\"61\" height=\"30\" \/><\/a> <a href=\"https:\/\/www.topohvar.at\/orte\/sg\/sg-os-01-2\/\"><img loading=\"lazy\" decoding=\"async\" class=\"alignnone wp-image-12299 size-full\" src=\"https:\/\/www.topohvar.at\/wp-content\/uploads\/2018\/09\/push-next-30.jpg\" alt=\"\" width=\"61\" height=\"30\" \/><\/a><\/strong><\/p>\n<hr \/>\n<p><strong>Adresa \/ Adresse<br \/>\n<\/strong>Stari Grad, \u0160etali\u0161te don \u0160ime Lubi\u0107a<\/p>\n<p><strong>Lokacija \/ Position<a href=\"https:\/\/goo.gl\/maps\/MhF8gHPnpibcepVR6\"><img loading=\"lazy\" decoding=\"async\" class=\"alignright wp-image-3858\" src=\"https:\/\/www.topohvar.at\/wp-content\/uploads\/2018\/08\/1244.jpg\" alt=\"\" width=\"134\" height=\"100\" \/><\/a><br \/>\n<\/strong><span style=\"color: #3366ff;\"><a style=\"color: #3366ff;\" href=\"https:\/\/goo.gl\/maps\/MhF8gHPnpibcepVR6\">Latitude: N 43,18395\u00b0\u00a0 \u00a0Longitude: E 16,59190\u00b0<\/a> <\/span><strong><br \/>\n<\/strong>Visina \/ H\u00f6he: 1 m<\/p>\n<p><strong>Katastarska \u010destica \/ Grundst\u00fccke<br \/>\n<\/strong>10530\/1<div class='content-column one_half'><div style=\"padding-right:6px;\"><p><strong>Datum snimanja \/ Erfassungsdatum<br \/>\n<\/strong>23.09.2016 12:08:00<\/p>\n<hr \/>\n<p><strong>Informacije<\/strong><\/p>\n<p style=\"text-align: left;\">U 2012.\/2013. izgra\u0111eni su novi rivi i pristani\u0161te na podru\u010dju Nove Rive \/ \u0160etali\u0161te don \u0160ime Lubi\u0107a. kraj starogradske rive bit \u0107e ozna\u010den i s \u010detiri posebna urbana elementa: kamenom fontanom, ru\u017eom vjetrova, \u0161tandarcem i obrisom leuta du\u017eine sedam metara, kao spomenom na nekada\u0161nje brodogradili\u0161te.<\/p><\/div><\/div><div class='content-column one_half last_column'><div style=\"padding-right:0px;padding-left:6px;\"><p><strong>Stupanj za\u0161tite \/ Schutzstellung<br \/>\n<\/strong>&#8211;<\/p>\n<hr \/>\n<p><strong>Info<\/strong><\/p>\n<p>In den Jahren 2012\/2013 wurde eine neue Uferpromenade und Kai im Bereich Nova Riva \/ \u0160etali\u0161te don \u0160ime Lubi\u0107a errichtet. Das Ende der Uferpromenade wird mit vier besonderen st\u00e4dtischen Elementen markiert: einem Steinbrunnen, einer Windrose, einer Fahnenstange und dem Umriss eines sieben Meter langen Leuts als Erinnerung an die ehemalige Werft.<\/p><\/div><\/div><div class='clear_column'><\/div><div class='content-column one_half'><div style=\"padding-right:6px;\"><p>Smjer vjetra i imena vjetra<\/p><\/div><\/div><div class='content-column one_half last_column'><div style=\"padding-right:0px;padding-left:6px;\"><p>Windrichtungen und -bezeichnungen<\/p><\/div><\/div><div class='clear_column'><\/div><\/p>\n<p style=\"text-align: center;\"><strong>S<\/strong> (jever) \/ (Nord) &#8211; TRAMUNTANA<br \/>\n(Sjeveroistok \/ Nordost) &#8211; BURA<br \/>\n<strong>I<\/strong> (stok) \/ (Ost) &#8211; LEVANAT<br \/>\n(Jugoistok \/ S\u00fcdost) &#8211; JUGO<br \/>\n<strong>J<\/strong> (ug) \/ (S\u00fcd) \u2013 O\u0160TRO<br \/>\n(Jugozapadno \/ S\u00fcdwest) &#8211; GARBIN,\u00a0LEBI\u0106<br \/>\n<strong>Z<\/strong> (apad) \/ (West) &#8211;\u00a0 PULENAT<br \/>\n(Sjeverozapadno \/ Nordwest) \u2013 MAESTRAL<\/p>\n<p>&nbsp;<\/p>\n<hr \/>\n<div class='content-column one_half'><div style=\"padding-right:6px;\"><p>Prije nego je izgra\u0111ena nova trajektna luka zapadno od grada, trajekti su se ovdje usidrili, na podru\u010dju \u0160etali\u0161ta don \u0160ime Lubi\u0107a \/ \u0160etali\u0161te slikara J. Plan\u010di\u0107a.<\/p><\/div><\/div><div class='content-column one_half last_column'><div style=\"padding-right:0px;padding-left:6px;\"><p>Vor Errichtung des neuen F\u00e4hrhafens westlich der Stadt legten die F\u00e4hren hier, im Bereich \u0160etali\u0161te don \u0160ime Lubi\u0107a \/ \u0160etali\u0161te slikara J. Plan\u010di\u0107a an.<\/p><\/div><\/div><div class='clear_column'><\/div><\/p>\n<div id=\"attachment_37457\" style=\"width: 650px\" class=\"wp-caption aligncenter\"><img loading=\"lazy\" decoding=\"async\" aria-describedby=\"caption-attachment-37457\" class=\"wp-image-37457 size-full\" src=\"https:\/\/www.topohvar.at\/wp-content\/uploads\/2020\/05\/sg-pu-09-9.jpg\" alt=\"\" width=\"640\" height=\"315\" srcset=\"https:\/\/www.topohvar.at\/wp-content\/uploads\/2020\/05\/sg-pu-09-9.jpg 640w, https:\/\/www.topohvar.at\/wp-content\/uploads\/2020\/05\/sg-pu-09-9-300x148.jpg 300w\" sizes=\"auto, (max-width: 640px) 100vw, 640px\" \/><p id=\"caption-attachment-37457\" class=\"wp-caption-text\">stara trajektna luka \/alter F\u00e4hrhafen<\/p><\/div>\n<p style=\"text-align: right;\"><a href=\"#seite_oben\">natrag na vrh \/ Seitenanfang<\/a><\/p>\n<hr \/>\n<p><strong>Linkovi \/ Links<\/strong><\/p>\n<p><span style=\"color: #3366ff;\"><a style=\"color: #3366ff;\" href=\"https:\/\/www.topohvar.at\/topo\/orte\/sg\/sg-op-17-1\/\">Objekt \u00bbKuglasti bunar\u00ab \/ kugelf\u00f6rmiger Brunnen<\/a><br \/>\n<a style=\"color: #3366ff;\" href=\"https:\/\/www.topohvar.at\/topo\/orte\/sg\/sg-ob-02-2\/\">Objekt \u00bbStupac \u0160tandarac\u00ab \/ Fahnenstange<\/a><br \/>\n<a style=\"color: #3366ff;\" href=\"https:\/\/www.topohvar.at\/topo\/orte\/sg\/sg-ob-05-1\/\">Objekt \u00bbObris leuta\u00ab \/ Umriss eines Fischerbootes (Leut)<\/a><br \/>\n<\/span><\/p>\n","protected":false},"excerpt":{"rendered":"<p>Ime \/ Name Objekt \u00bbRu\u017ea vjetrova\u00ab \/ Windrose Code: SG-OB-03\u00a0 \u00a0 \u00a0 \u00a0 \u00a0 \u00a0 \u00a0 \u00a0 \u00a0 \u00a0 \u00a0 \u00a0 \u00a0 \u00a0 \u00a0 \u00a0 \u00a0 \u00a0\u00a0 Adresa \/ Adresse Stari Grad, \u0160etali\u0161te don \u0160ime Lubi\u0107a Lokacija \/ Position Latitude: &hellip; <a href=\"https:\/\/www.topohvar.at\/topo\/orte\/sg\/sg-ob-03-2\/\">Weiterlesen <span class=\"meta-nav\">&rarr;<\/span><\/a><\/p>\n","protected":false},"author":1,"featured_media":0,"parent":99,"menu_order":0,"comment_status":"closed","ping_status":"closed","template":"","meta":{"footnotes":""},"class_list":["post-3810","page","type-page","status-publish","hentry"],"_links":{"self":[{"href":"https:\/\/www.topohvar.at\/topo\/wp-json\/wp\/v2\/pages\/3810","targetHints":{"allow":["GET"]}}],"collection":[{"href":"https:\/\/www.topohvar.at\/topo\/wp-json\/wp\/v2\/pages"}],"about":[{"href":"https:\/\/www.topohvar.at\/topo\/wp-json\/wp\/v2\/types\/page"}],"author":[{"embeddable":true,"href":"https:\/\/www.topohvar.at\/topo\/wp-json\/wp\/v2\/users\/1"}],"replies":[{"embeddable":true,"href":"https:\/\/www.topohvar.at\/topo\/wp-json\/wp\/v2\/comments?post=3810"}],"version-history":[{"count":22,"href":"https:\/\/www.topohvar.at\/topo\/wp-json\/wp\/v2\/pages\/3810\/revisions"}],"predecessor-version":[{"id":55342,"href":"https:\/\/www.topohvar.at\/topo\/wp-json\/wp\/v2\/pages\/3810\/revisions\/55342"}],"up":[{"embeddable":true,"href":"https:\/\/www.topohvar.at\/topo\/wp-json\/wp\/v2\/pages\/99"}],"wp:attachment":[{"href":"https:\/\/www.topohvar.at\/topo\/wp-json\/wp\/v2\/media?parent=3810"}],"curies":[{"name":"wp","href":"https:\/\/api.w.org\/{rel}","templated":true}]}}