{"id":3834,"date":"2018-08-08T06:45:01","date_gmt":"2018-08-08T04:45:01","guid":{"rendered":"https:\/\/www.topohvar.at\/?page_id=3834"},"modified":"2024-04-21T15:42:12","modified_gmt":"2024-04-21T13:42:12","slug":"sg-os-01-2","status":"publish","type":"page","link":"https:\/\/www.topohvar.at\/topo\/orte\/sg\/sg-os-01-2\/","title":{"rendered":"STARI GRAD &#8211; Objekt \u00bbSvjetionik na Putu Lanterne\u00ab"},"content":{"rendered":"<p><a name=\"seite_oben\"><\/a><br \/>\n<img loading=\"lazy\" decoding=\"async\" class=\"alignnone wp-image-3797 size-large\" src=\"https:\/\/www.topohvar.at\/wp-content\/uploads\/2018\/08\/sg-os-01-1-1024x503.jpg\" alt=\"\" width=\"640\" height=\"314\" srcset=\"https:\/\/www.topohvar.at\/wp-content\/uploads\/2018\/08\/sg-os-01-1-1024x503.jpg 1024w, https:\/\/www.topohvar.at\/wp-content\/uploads\/2018\/08\/sg-os-01-1-300x147.jpg 300w, https:\/\/www.topohvar.at\/wp-content\/uploads\/2018\/08\/sg-os-01-1-768x377.jpg 768w\" sizes=\"auto, (max-width: 640px) 100vw, 640px\" \/><\/p>\n<p><strong>Ime \/ Name<br \/>\n<\/strong>Objekt \u00bbSvjetionik Rt. Fortin\u00ab \/ Leuchtfeuer Kap Fortin<\/p>\n<p><strong>Code: <\/strong>SG-OS-01\u00a0 \u00a0 \u00a0 \u00a0 \u00a0 \u00a0 \u00a0 \u00a0 \u00a0 \u00a0 \u00a0 \u00a0 \u00a0 \u00a0 \u00a0 \u00a0 \u00a0 \u00a0<a href=\"https:\/\/www.topohvar.at\/orte\/sg\/sg-ob-09-1\/\"><img loading=\"lazy\" decoding=\"async\" class=\"alignnone wp-image-12300 size-full\" src=\"https:\/\/www.topohvar.at\/wp-content\/uploads\/2018\/09\/push-vor-30.jpg\" alt=\"\" width=\"61\" height=\"30\" \/><\/a>\u00a0<strong><a href=\"https:\/\/www.topohvar.at\/orte\/sg\/sg-os-04-2\/\"><img loading=\"lazy\" decoding=\"async\" class=\"alignnone wp-image-533 size-full\" src=\"https:\/\/www.topohvar.at\/wp-content\/uploads\/2018\/07\/push-l-30.jpg\" alt=\"\" width=\"61\" height=\"30\" \/><\/a> <a href=\"https:\/\/www.topohvar.at\/orte\/sg\/\"><img loading=\"lazy\" decoding=\"async\" class=\"alignnone wp-image-535 size-full\" src=\"https:\/\/www.topohvar.at\/wp-content\/uploads\/2018\/07\/push-o-30.jpg\" alt=\"\" width=\"61\" height=\"30\" \/><\/a> <a href=\"https:\/\/www.topohvar.at\/orte\/sg\/sg-os-02-2\/\"><img loading=\"lazy\" decoding=\"async\" class=\"alignnone wp-image-536 size-full\" src=\"https:\/\/www.topohvar.at\/wp-content\/uploads\/2018\/07\/push-r-30.jpg\" alt=\"\" width=\"61\" height=\"30\" \/><\/a>\u00a0<a href=\"https:\/\/www.topohvar.at\/orte\/sg\/sg-pu-09-1\/\"><img loading=\"lazy\" decoding=\"async\" class=\"alignnone wp-image-12299 size-full\" src=\"https:\/\/www.topohvar.at\/wp-content\/uploads\/2018\/09\/push-next-30.jpg\" alt=\"\" width=\"61\" height=\"30\" \/><\/a><\/strong><\/p>\n<hr \/>\n<p><strong>Adresa \/ Adresse<br \/>\n<\/strong>Stari Grad, Put Lanterne<\/p>\n<p><strong>Lokacija \/ Position<a href=\"https:\/\/goo.gl\/maps\/dKHGRR5aKdHHAFj29\"><img loading=\"lazy\" decoding=\"async\" class=\"alignright wp-image-3874\" src=\"https:\/\/www.topohvar.at\/wp-content\/uploads\/2018\/08\/1663.jpg\" alt=\"\" width=\"134\" height=\"100\" \/><\/a><br \/>\n<\/strong><span style=\"color: #3366ff;\"><a style=\"color: #3366ff;\" href=\"https:\/\/goo.gl\/maps\/dKHGRR5aKdHHAFj29\">Latitude: N 43,18383\u00b0\u00a0 \u00a0Longitude: E 16,58559\u00b0<\/a> <\/span><strong><br \/>\n<\/strong>Visina \/ H\u00f6he: 3 m<\/p>\n<p><strong>Katastarska \u010destica \/ Grundst\u00fccke<br \/>\n<\/strong>2887<div class='content-column one_half'><div style=\"padding-right:6px;\"><p><strong>Datum snimanja \/ Erfassungsdatum<br \/>\n<\/strong>06.05.2018 09:00:00<\/p>\n<hr \/>\n<p><strong>Informacije<\/strong><\/p>\n<p>Svjetionik se nalazi na putu &#8222;Lanterne&#8220; oko 700 m zapadno od Starog grada Starog Grada. Izgra\u0111ena je 2006. godine, a koristi se sa kolektorom i besplatnom solarnom energijom. Zamijenjen je stari svjetionik, jedan od najstarijih na Jadranu. Me\u0111unarodni code: E3414<\/p><\/div><\/div><div class='content-column one_half last_column'><div style=\"padding-right:0px;padding-left:6px;\"><p><strong>Stupanj za\u0161tite \/ Schutzstellung<br \/>\n<\/strong>&#8211;<\/p>\n<hr \/>\n<p><strong>Info<\/strong><\/p>\n<p>Das Leuchtfeuer befindet sich am Weg \u201eLanterne\u201c etwa 700 m westlich der Altstadt von Stari Grad. Es wurde im Jahr 2006 errichtet und wird mit einem Kollektor und freier Sonnenenergie betrieben. Damit wurde der bisher bestehende alte Leuchtturm, einer der \u00e4ltesten an der Adria, ersetzt. Internationaler Code: E3414<\/p><\/div><\/div><div class='clear_column'><\/div><\/p>\n<div id=\"attachment_37448\" style=\"width: 650px\" class=\"wp-caption aligncenter\"><img loading=\"lazy\" decoding=\"async\" aria-describedby=\"caption-attachment-37448\" class=\"wp-image-37448 size-full\" src=\"https:\/\/www.topohvar.at\/wp-content\/uploads\/2020\/05\/sg-os-01-3.jpg\" alt=\"\" width=\"640\" height=\"291\" srcset=\"https:\/\/www.topohvar.at\/wp-content\/uploads\/2020\/05\/sg-os-01-3.jpg 640w, https:\/\/www.topohvar.at\/wp-content\/uploads\/2020\/05\/sg-os-01-3-300x136.jpg 300w\" sizes=\"auto, (max-width: 640px) 100vw, 640px\" \/><p id=\"caption-attachment-37448\" class=\"wp-caption-text\">Nekada\u0161nji svjetionik \/ ehemaliger Leuchtturm<\/p><\/div>\n<div class='content-column one_half'><div style=\"padding-right:6px;\"><p>Struktura zelenog \u017eeljeza visoka je 5 m. Svjetlost se nalazi na 9 m nadmorske visine. Svake dvije sekunde emitira zeleni bljesak svjetla, \u0161to je vidljivo s udaljenosti od 4 NM. Svjetionik je identificiran Z Bl 2s 9m 4M.<\/p><\/div><\/div><div class='content-column one_half last_column'><div style=\"padding-right:0px;padding-left:6px;\"><p>Die gr\u00fcne Eisenstruktur ist 5 m hoch. Das Licht befindet sich 9 m \u00fcber dem Meeresspiegel. Alle zwei Sekunden sendet es einen gr\u00fcnen Lichtblitz aus, der aus einer Entfernung von 4 NM sichtbar ist. Die Kennung\u00a0 des Leuchtturms lautet Z Bl 2s 9m 4M.<\/p><\/div><\/div><div class='clear_column'><\/div><\/p>\n<p style=\"text-align: right;\"><a href=\"#seite_oben\">natrag na vrh \/ Seitenanfang<\/a><\/p>\n<hr \/>\n<p><strong>Linkovi \/ Links<\/strong><\/p>\n<p>&#8211;<\/p>\n","protected":false},"excerpt":{"rendered":"<p>Ime \/ Name Objekt \u00bbSvjetionik Rt. Fortin\u00ab \/ Leuchtfeuer Kap Fortin Code: SG-OS-01\u00a0 \u00a0 \u00a0 \u00a0 \u00a0 \u00a0 \u00a0 \u00a0 \u00a0 \u00a0 \u00a0 \u00a0 \u00a0 \u00a0 \u00a0 \u00a0 \u00a0 \u00a0\u00a0 \u00a0 Adresa \/ Adresse Stari Grad, Put Lanterne Lokacija \/ &hellip; <a href=\"https:\/\/www.topohvar.at\/topo\/orte\/sg\/sg-os-01-2\/\">Weiterlesen <span class=\"meta-nav\">&rarr;<\/span><\/a><\/p>\n","protected":false},"author":1,"featured_media":0,"parent":99,"menu_order":0,"comment_status":"closed","ping_status":"closed","template":"","meta":{"footnotes":""},"class_list":["post-3834","page","type-page","status-publish","hentry"],"_links":{"self":[{"href":"https:\/\/www.topohvar.at\/topo\/wp-json\/wp\/v2\/pages\/3834","targetHints":{"allow":["GET"]}}],"collection":[{"href":"https:\/\/www.topohvar.at\/topo\/wp-json\/wp\/v2\/pages"}],"about":[{"href":"https:\/\/www.topohvar.at\/topo\/wp-json\/wp\/v2\/types\/page"}],"author":[{"embeddable":true,"href":"https:\/\/www.topohvar.at\/topo\/wp-json\/wp\/v2\/users\/1"}],"replies":[{"embeddable":true,"href":"https:\/\/www.topohvar.at\/topo\/wp-json\/wp\/v2\/comments?post=3834"}],"version-history":[{"count":21,"href":"https:\/\/www.topohvar.at\/topo\/wp-json\/wp\/v2\/pages\/3834\/revisions"}],"predecessor-version":[{"id":66576,"href":"https:\/\/www.topohvar.at\/topo\/wp-json\/wp\/v2\/pages\/3834\/revisions\/66576"}],"up":[{"embeddable":true,"href":"https:\/\/www.topohvar.at\/topo\/wp-json\/wp\/v2\/pages\/99"}],"wp:attachment":[{"href":"https:\/\/www.topohvar.at\/topo\/wp-json\/wp\/v2\/media?parent=3834"}],"curies":[{"name":"wp","href":"https:\/\/api.w.org\/{rel}","templated":true}]}}