{"id":38609,"date":"2020-06-20T08:30:48","date_gmt":"2020-06-20T06:30:48","guid":{"rendered":"https:\/\/www.topohvar.at\/topo\/?page_id=38609"},"modified":"2021-11-30T17:48:49","modified_gmt":"2021-11-30T16:48:49","slug":"je-is-24-1","status":"publish","type":"page","link":"https:\/\/www.topohvar.at\/topo\/orte\/je\/je-is-24-1\/","title":{"rendered":"JELSA &#8211; Spomen plo\u010da \u00bbna sjevernoj strani \u017eupne crkve\u00ab"},"content":{"rendered":"<p><a name=\"seite_oben\"><\/a><br \/>\n<strong><img loading=\"lazy\" decoding=\"async\" class=\"alignnone wp-image-38610 size-full\" src=\"https:\/\/www.topohvar.at\/wp-content\/uploads\/2020\/06\/je-is-24-0.jpg\" alt=\"\" width=\"1080\" height=\"530\" srcset=\"https:\/\/www.topohvar.at\/wp-content\/uploads\/2020\/06\/je-is-24-0.jpg 1080w, https:\/\/www.topohvar.at\/wp-content\/uploads\/2020\/06\/je-is-24-0-300x147.jpg 300w, https:\/\/www.topohvar.at\/wp-content\/uploads\/2020\/06\/je-is-24-0-1024x503.jpg 1024w, https:\/\/www.topohvar.at\/wp-content\/uploads\/2020\/06\/je-is-24-0-768x377.jpg 768w\" sizes=\"auto, (max-width: 1080px) 100vw, 1080px\" \/><\/strong><\/p>\n<p><strong>Ime \/ Name<br \/>\n<\/strong>Spomen plo\u010da \u00bbna sjevernoj strani \u017eupne crkve\u00ab \/ Gedenktafel an der Nordseite der Pfarrkirche<\/p>\n<p><strong>Code: <\/strong>JE-IS-24\u00a0 \u00a0 \u00a0 \u00a0 \u00a0 \u00a0 \u00a0 \u00a0 \u00a0 \u00a0 \u00a0 \u00a0 \u00a0 \u00a0 \u00a0 \u00a0 \u00a0 \u00a0 <a href=\"https:\/\/www.topohvar.at\/orte\/je\/je-ip-01-1\/\"><img loading=\"lazy\" decoding=\"async\" class=\"alignnone wp-image-12300 size-full\" src=\"https:\/\/www.topohvar.at\/wp-content\/uploads\/2018\/09\/push-vor-30.jpg\" alt=\"\" width=\"61\" height=\"30\" \/><\/a>\u00a0<strong><a href=\"https:\/\/www.topohvar.at\/orte\/je\/je-is-22-1\/\"><img loading=\"lazy\" decoding=\"async\" class=\"alignnone wp-image-533 size-full\" src=\"https:\/\/www.topohvar.at\/wp-content\/uploads\/2018\/07\/push-l-30.jpg\" alt=\"\" width=\"61\" height=\"30\" \/><\/a> <a href=\"https:\/\/www.topohvar.at\/orte\/je\/\"><img loading=\"lazy\" decoding=\"async\" class=\"alignnone wp-image-535 size-full\" src=\"https:\/\/www.topohvar.at\/wp-content\/uploads\/2018\/07\/push-o-30.jpg\" alt=\"\" width=\"61\" height=\"30\" \/><\/a> <a href=\"https:\/\/www.topohvar.at\/orte\/je\/je-is-25-1\/\"><img loading=\"lazy\" decoding=\"async\" class=\"alignnone wp-image-536 size-full\" src=\"https:\/\/www.topohvar.at\/wp-content\/uploads\/2018\/07\/push-r-30.jpg\" alt=\"\" width=\"61\" height=\"30\" \/><\/a><\/strong><\/p>\n<hr \/>\n<p><strong>Adresa \/ Adresse<br \/>\n<\/strong>Jelsa, \u017eupna crkva<\/p>\n<p><strong>Lokacija \/ Position<a href=\"https:\/\/goo.gl\/maps\/HSF6ata6yPWDLi5y6\"><img loading=\"lazy\" decoding=\"async\" class=\"alignright wp-image-8925\" src=\"https:\/\/www.topohvar.at\/wp-content\/uploads\/2018\/08\/0391.jpg\" alt=\"\" width=\"133\" height=\"100\" \/><\/a><br \/>\n<\/strong><span style=\"color: #3366ff;\"><a style=\"color: #3366ff;\" href=\"https:\/\/goo.gl\/maps\/HSF6ata6yPWDLi5y6\">Latitude: N 43,16069\u00b0\u00a0 \u00a0Longitude: E 16,69256\u00b0<\/a> <\/span><strong><br \/>\n<\/strong>Visina \/ H\u00f6he: 6 m<\/p>\n<p><strong>Katastarska \u010destica <\/strong><strong>\/ Grundst\u00fccke<br \/>\n<\/strong>*202, (*199, *200, *201, *211)<div class='content-column one_half'><div style=\"padding-right:6px;\"><p><strong>Datum snimanja \/ Erfassungsdatum<br \/>\n<\/strong>19.05.2013 13:20:51<\/p>\n<hr \/>\n<p><strong>Informacije<\/strong><\/p>\n<p>Iznad bo\u010dnog ulaza na sjevernoj strani \u017eupne crkve postavljena je plo\u010da sa sljede\u0107im natpisom:<\/p><\/div><\/div><div class='content-column one_half last_column'><div style=\"padding-right:0px;padding-left:6px;\"><p><strong>Stupanj za\u0161tite<\/strong><strong> \/ Schutzstellung<br \/>\n<\/strong>&#8211;<\/p>\n<hr \/>\n<p><strong>Info<\/strong><\/p>\n<p>\u00dcber einem Nebeneingang an der Nordseite der Pfarrkirche befindet sich eine Gedenktafel mit folgender Inschrift:<\/p><\/div><\/div><div class='clear_column'><\/div><div class='content-column one_half'><div style=\"padding-right:6px;\"><p style=\"text-align: center;\">SREDINOM KOLOVOZA 1571. S OVE CRKVE TVR\u0110AVE<br \/>\nBI ODBIJEN NAPAD TURSKOG VAZALE AL\u017dIRSKOG<br \/>\nBEJA ULU\u010c ALIJA. ZU POBJEDU OVJEKOVJE\u010cIO<br \/>\nJE FRA ANDRIJA KA\u010cI\u0106 MIO\u0160I\u0106 OVIM STIHOVIMA<\/p>\n<p style=\"text-align: center;\">NA JELSU SU VARO\u0160 UDARILI<br \/>\nI ONDE SU MALO ZADOBILI<br \/>\nJER U JELSI BIJA\u0160E JUNAKA<br \/>\nSLOBODNIH PUNO OD TURAKA<\/p>\n<p style=\"text-align: center;\">U SPOMEN 400 OBLJETNICE OVOG DOGA\u0110AJA<br \/>\nKOJI BI SVE\u010cANO PROSLAVLJEN U SKLOPU<br \/>\nMARIJANSKOG KONGRESA 9.5. 1971 GOD.<br \/>\nOVU SPOMEN PLO\u010cU POSTAVI<\/p>\n<p style=\"text-align: center;\">\u017dUPSKA ZAJEDNICA \u2013 JELSA<\/p><\/div><\/div><div class='content-column one_half last_column'><div style=\"padding-right:0px;padding-left:6px;\"><p style=\"text-align: center;\">Mitte August 1571 wurde der Angriff des t\u00fcrkischen<br \/>\nVasallen, des Algerier Beja Uluc Ali, auf diese<br \/>\nFestungskirche zur\u00fcckgeschlagen. Der Sieg wurde von<br \/>\nPater Andrija Ka\u010di\u0107 Mio\u0161i\u0107 mit diesen Versen verewigt<\/p>\n<p style=\"text-align: center;\">Sie trafen die Stadt Jelsa<br \/>\nund gewannen dort ein wenig,<br \/>\nweil es in Jelsa viele Helden gab,<br \/>\ndie frei von T\u00fcrken waren<\/p>\n<p style=\"text-align: center;\">Zum Gedenken an den 400. Jahrestag<br \/>\ndieser Veranstaltung, die im Rahmen des<br \/>\nMarianischen Kongresses am 9.5 1971 gefeiert wurde,<br \/>\nwurde diese Gedenktafel errichtet.<\/p>\n<p style=\"text-align: center;\">Pfarrgemeinde &#8211; Jelsa<\/p><\/div><\/div><div class='clear_column'><\/div><\/p>\n<p style=\"text-align: right;\"><span style=\"color: #3366ff;\"><a style=\"color: #3366ff;\" href=\"#seite_oben\">natrag na vrh \/ Seitenanfang<\/a><\/span><\/p>\n<hr \/>\n<p><strong>Linkovi \/ Links<\/strong><\/p>\n<p><span style=\"color: #3366ff;\"><a style=\"color: #3366ff;\" href=\"https:\/\/www.topohvar.at\/orte\/je\/je-ci-01-1\/\">\u017dupna crkva trv\u0111ana \u00bbSv. Marije Uznesenja\u00ab \/ Pfarr-\/Wehrkirche Mari\u00e4 Himmelfahrt<\/a><\/span><\/p>\n","protected":false},"excerpt":{"rendered":"<p>Ime \/ Name Spomen plo\u010da \u00bbna sjevernoj strani \u017eupne crkve\u00ab \/ Gedenktafel an der Nordseite der Pfarrkirche Code: JE-IS-24\u00a0 \u00a0 \u00a0 \u00a0 \u00a0 \u00a0 \u00a0 \u00a0 \u00a0 \u00a0 \u00a0 \u00a0 \u00a0 \u00a0 \u00a0 \u00a0 \u00a0 \u00a0 \u00a0 Adresa \/ Adresse &hellip; <a href=\"https:\/\/www.topohvar.at\/topo\/orte\/je\/je-is-24-1\/\">Weiterlesen <span class=\"meta-nav\">&rarr;<\/span><\/a><\/p>\n","protected":false},"author":1,"featured_media":0,"parent":85,"menu_order":0,"comment_status":"closed","ping_status":"closed","template":"","meta":{"footnotes":""},"class_list":["post-38609","page","type-page","status-publish","hentry"],"_links":{"self":[{"href":"https:\/\/www.topohvar.at\/topo\/wp-json\/wp\/v2\/pages\/38609","targetHints":{"allow":["GET"]}}],"collection":[{"href":"https:\/\/www.topohvar.at\/topo\/wp-json\/wp\/v2\/pages"}],"about":[{"href":"https:\/\/www.topohvar.at\/topo\/wp-json\/wp\/v2\/types\/page"}],"author":[{"embeddable":true,"href":"https:\/\/www.topohvar.at\/topo\/wp-json\/wp\/v2\/users\/1"}],"replies":[{"embeddable":true,"href":"https:\/\/www.topohvar.at\/topo\/wp-json\/wp\/v2\/comments?post=38609"}],"version-history":[{"count":6,"href":"https:\/\/www.topohvar.at\/topo\/wp-json\/wp\/v2\/pages\/38609\/revisions"}],"predecessor-version":[{"id":53940,"href":"https:\/\/www.topohvar.at\/topo\/wp-json\/wp\/v2\/pages\/38609\/revisions\/53940"}],"up":[{"embeddable":true,"href":"https:\/\/www.topohvar.at\/topo\/wp-json\/wp\/v2\/pages\/85"}],"wp:attachment":[{"href":"https:\/\/www.topohvar.at\/topo\/wp-json\/wp\/v2\/media?parent=38609"}],"curies":[{"name":"wp","href":"https:\/\/api.w.org\/{rel}","templated":true}]}}