{"id":38837,"date":"2020-07-01T07:10:08","date_gmt":"2020-07-01T05:10:08","guid":{"rendered":"https:\/\/www.topohvar.at\/topo\/?page_id=38837"},"modified":"2022-12-20T18:02:49","modified_gmt":"2022-12-20T17:02:49","slug":"sg-ob-05-1","status":"publish","type":"page","link":"https:\/\/www.topohvar.at\/topo\/orte\/sg\/sg-ob-05-1\/","title":{"rendered":"STARI GRAD &#8211; Objekt \u00bbObris leuta\u00ab"},"content":{"rendered":"<p><a name=\"seite_oben\"><\/a><br \/>\n<img loading=\"lazy\" decoding=\"async\" class=\"alignnone wp-image-38838 size-full\" src=\"https:\/\/www.topohvar.at\/wp-content\/uploads\/2020\/07\/sg-ob-05-1.jpg\" alt=\"\" width=\"1080\" height=\"530\" srcset=\"https:\/\/www.topohvar.at\/wp-content\/uploads\/2020\/07\/sg-ob-05-1.jpg 1080w, https:\/\/www.topohvar.at\/wp-content\/uploads\/2020\/07\/sg-ob-05-1-300x147.jpg 300w, https:\/\/www.topohvar.at\/wp-content\/uploads\/2020\/07\/sg-ob-05-1-1024x503.jpg 1024w, https:\/\/www.topohvar.at\/wp-content\/uploads\/2020\/07\/sg-ob-05-1-768x377.jpg 768w\" sizes=\"auto, (max-width: 1080px) 100vw, 1080px\" \/><\/p>\n<p><strong>Ime \/ Name<br \/>\n<\/strong>Objekt \u00bbObris leuta\u00ab \/ Umriss eines Fischerbootes (Leut)<\/p>\n<p><strong>Code: <\/strong>SG-OB-05\u00a0 \u00a0 \u00a0 \u00a0 \u00a0 \u00a0 \u00a0 \u00a0 \u00a0 \u00a0 \u00a0 \u00a0 \u00a0 \u00a0 \u00a0 \u00a0 \u00a0 \u00a0<a href=\"https:\/\/www.topohvar.at\/orte\/sg\/sg-pk-06-2\/\"><img loading=\"lazy\" decoding=\"async\" class=\"alignnone wp-image-12300 size-full\" src=\"https:\/\/www.topohvar.at\/wp-content\/uploads\/2018\/09\/push-vor-30.jpg\" alt=\"\" width=\"61\" height=\"30\" \/><\/a>\u00a0<strong><a href=\"https:\/\/www.topohvar.at\/orte\/sg\/sg-oi-02-1\/\"><img loading=\"lazy\" decoding=\"async\" class=\"alignnone wp-image-533 size-full\" src=\"https:\/\/www.topohvar.at\/wp-content\/uploads\/2018\/07\/push-l-30.jpg\" alt=\"\" width=\"61\" height=\"30\" \/><\/a> <a href=\"https:\/\/www.topohvar.at\/orte\/sg\/\"><img loading=\"lazy\" decoding=\"async\" class=\"alignnone wp-image-535 size-full\" src=\"https:\/\/www.topohvar.at\/wp-content\/uploads\/2018\/07\/push-o-30.jpg\" alt=\"\" width=\"61\" height=\"30\" \/><\/a> <a href=\"https:\/\/www.topohvar.at\/orte\/sg\/sg-ob-02-2\/\"><img loading=\"lazy\" decoding=\"async\" class=\"alignnone wp-image-536 size-full\" src=\"https:\/\/www.topohvar.at\/wp-content\/uploads\/2018\/07\/push-r-30.jpg\" alt=\"\" width=\"61\" height=\"30\" \/><\/a> <a href=\"https:\/\/www.topohvar.at\/orte\/sg\/sg-os-01-2\/\"><img loading=\"lazy\" decoding=\"async\" class=\"alignnone wp-image-12299 size-full\" src=\"https:\/\/www.topohvar.at\/wp-content\/uploads\/2018\/09\/push-next-30.jpg\" alt=\"\" width=\"61\" height=\"30\" \/><\/a><\/strong><\/p>\n<hr \/>\n<p><strong>Adresa \/ Adresse<br \/>\n<\/strong>Stari Grad, \u0160etali\u0161te don \u0160ime Lubi\u0107a<\/p>\n<p><strong>Lokacija \/ Position<a href=\"https:\/\/goo.gl\/maps\/a1o7JHaNwwwrzNXZ8\"><img loading=\"lazy\" decoding=\"async\" class=\"alignright wp-image-38839\" src=\"https:\/\/www.topohvar.at\/wp-content\/uploads\/2020\/07\/2671.jpg\" alt=\"\" width=\"134\" height=\"100\" \/><\/a><br \/>\n<\/strong><span style=\"color: #3366ff;\"><a style=\"color: #3366ff;\" href=\"https:\/\/goo.gl\/maps\/a1o7JHaNwwwrzNXZ8\">Latitude: N 43,18386\u00b0\u00a0 \u00a0Longitude: E 16,59161\u00b0 <\/a><\/span><strong><br \/>\n<\/strong>Visina \/ H\u00f6he: 1 m<\/p>\n<p><strong>Katastarska \u010destica \/ Grundst\u00fccke<br \/>\n<\/strong>&#8211;<div class='content-column one_half'><div style=\"padding-right:6px;\"><p><strong>Datum snimanja \/ Erfassungsdatum<br \/>\n<\/strong>20.06.2020 14:04:00<\/p>\n<hr \/>\n<p><strong>Informacije<\/strong><\/p>\n<p style=\"text-align: left;\">U 2012.\/2013. izgra\u0111eni su novi rivi i pristani\u0161te na podru\u010dju Nove Rive \/ \u0160etali\u0161te don \u0160ime Lubi\u0107a. kraj starogradske rive bit \u0107e ozna\u010den i s \u010detiri posebna urbana elementa: kamenom fontanom, ru\u017eom vjetrova, \u0161tandarcem i obrisom leuta du\u017eine sedam metara, kao spomenom na nekada\u0161nje brodogradili\u0161te.<\/p><\/div><\/div><div class='content-column one_half last_column'><div style=\"padding-right:0px;padding-left:6px;\"><p><strong>Stupanj za\u0161tite \/ Schutzstellung<br \/>\n<\/strong>&#8211;<\/p>\n<hr \/>\n<p><strong>Info<\/strong><\/p>\n<p>In den Jahren 2012\/2013 wurde eine neue Uferpromenade und Kai im Bereich Nova Riva \/ \u0160etali\u0161te don \u0160ime Lubi\u0107a errichtet. Das Ende der Uferpromenade wird mit vier besonderen st\u00e4dtischen Elementen markiert: einem Steinbrunnen, einer Windrose, einer Fahnenstange und dem Umriss eines sieben Meter langen Leuts als Erinnerung an die ehemalige Werft.<\/p><\/div><\/div><div class='clear_column'><\/div><div class='content-column one_half'><div style=\"padding-right:6px;\"><p>Leut (levut), najve\u0107a tradicijska ribarska brodica ili omanji brod isto\u010dnoga Jadrana dug 8 \u2013 15 m i nosivosti 8\u201210 t. Namijenjen je profesionalnom ribolovu i prijevozu tereta. Sli\u010dan je gajeti, dulji i punije forme, te manje podvodne vitkosti, radi postizanja ve\u0107e istisnine i ve\u0107e nosivosti. Pogodan je za plovidbu otvorenim i uzburkanim morem.<\/p><\/div><\/div><div class='content-column one_half last_column'><div style=\"padding-right:0px;padding-left:6px;\"><p>Leut (levut), das gr\u00f6\u00dfte traditionelle Fischerboot oder kleineres Boot der \u00f6stlichen Adria, 8 &#8211; 15 m lang und mit einer Tragf\u00e4higkeit von 8\u201210 t. Es ist f\u00fcr den professionellen Fischfang und den Frachttransport bestimmt. Es \u00e4hnelt einer Gajeta, hat aber l\u00e4ngere und vollere Formen und weniger Schlankheit unter Wasser, um eine gr\u00f6\u00dfere Verdr\u00e4ngung und gr\u00f6\u00dfere Tragf\u00e4higkeit zu erreichen. Es eignet sich zum Segeln auf offener und rauer See.<\/p><\/div><\/div><div class='clear_column'><\/div><\/p>\n<p class=\"site-title\" style=\"text-align: center;\"><em>(Izvor \/ Quelle: Hrvatska tehni\u010dka enciklopedija)<\/em><\/p>\n<p><img loading=\"lazy\" decoding=\"async\" class=\"alignnone size-full wp-image-51834\" src=\"https:\/\/www.topohvar.at\/wp-content\/uploads\/2021\/09\/sg-ob-05-5.jpg\" alt=\"\" width=\"710\" height=\"642\" srcset=\"https:\/\/www.topohvar.at\/wp-content\/uploads\/2021\/09\/sg-ob-05-5.jpg 710w, https:\/\/www.topohvar.at\/wp-content\/uploads\/2021\/09\/sg-ob-05-5-300x271.jpg 300w\" sizes=\"auto, (max-width: 710px) 100vw, 710px\" \/><\/p>\n<p style=\"text-align: center;\"><em>(Slika \/ Bild: <span style=\"color: #3366ff;\"><a style=\"color: #3366ff;\" href=\"https:\/\/www.njuskalo.hr\/makete\/maketa-leuta-najstarija-veslarica-oglas-17624553\">Nju\u0161kalo<\/a><\/span>)<\/em><\/p>\n<p style=\"text-align: right;\"><a href=\"#seite_oben\">natrag na vrh \/ Seitenanfang<\/a><\/p>\n<hr \/>\n<p><strong>Linkovi \/ Links<\/strong><\/p>\n<p><span style=\"color: #3366ff;\"><a style=\"color: #3366ff;\" href=\"https:\/\/www.topohvar.at\/topo\/orte\/sg\/sg-op-17-1\/\">Objekt \u00bbKuglasti bunar\u00ab \/ kugelf\u00f6rmiger Brunnen<\/a><br \/>\n<a style=\"color: #3366ff;\" href=\"https:\/\/www.topohvar.at\/topo\/orte\/sg\/sg-ob-02-2\/\">Objekt \u00bbStupac \u0160tandarac\u00ab \/ Fahnenstange<\/a><br \/>\n<a style=\"color: #3366ff;\" href=\"https:\/\/www.topohvar.at\/topo\/orte\/sg\/sg-ob-03-2\/\">Objekt \u00bbRu\u017ea vjetrova\u00ab \/ Windrose<\/a><br \/>\n<a style=\"color: #3366ff;\" href=\"https:\/\/www.topohvar.at\/topo\/orte\/sg\/sg-ob-12-2\/\">Objekt \u2013 rekonstruirana gajeta \/ rekonstrierte Gajeta<\/a><br \/>\n<\/span><\/p>\n","protected":false},"excerpt":{"rendered":"<p>Ime \/ Name Objekt \u00bbObris leuta\u00ab \/ Umriss eines Fischerbootes (Leut) Code: SG-OB-05\u00a0 \u00a0 \u00a0 \u00a0 \u00a0 \u00a0 \u00a0 \u00a0 \u00a0 \u00a0 \u00a0 \u00a0 \u00a0 \u00a0 \u00a0 \u00a0 \u00a0 \u00a0\u00a0 Adresa \/ Adresse Stari Grad, \u0160etali\u0161te don \u0160ime Lubi\u0107a Lokacija &hellip; <a href=\"https:\/\/www.topohvar.at\/topo\/orte\/sg\/sg-ob-05-1\/\">Weiterlesen <span class=\"meta-nav\">&rarr;<\/span><\/a><\/p>\n","protected":false},"author":1,"featured_media":0,"parent":99,"menu_order":0,"comment_status":"closed","ping_status":"closed","template":"","meta":{"footnotes":""},"class_list":["post-38837","page","type-page","status-publish","hentry"],"_links":{"self":[{"href":"https:\/\/www.topohvar.at\/topo\/wp-json\/wp\/v2\/pages\/38837","targetHints":{"allow":["GET"]}}],"collection":[{"href":"https:\/\/www.topohvar.at\/topo\/wp-json\/wp\/v2\/pages"}],"about":[{"href":"https:\/\/www.topohvar.at\/topo\/wp-json\/wp\/v2\/types\/page"}],"author":[{"embeddable":true,"href":"https:\/\/www.topohvar.at\/topo\/wp-json\/wp\/v2\/users\/1"}],"replies":[{"embeddable":true,"href":"https:\/\/www.topohvar.at\/topo\/wp-json\/wp\/v2\/comments?post=38837"}],"version-history":[{"count":14,"href":"https:\/\/www.topohvar.at\/topo\/wp-json\/wp\/v2\/pages\/38837\/revisions"}],"predecessor-version":[{"id":62325,"href":"https:\/\/www.topohvar.at\/topo\/wp-json\/wp\/v2\/pages\/38837\/revisions\/62325"}],"up":[{"embeddable":true,"href":"https:\/\/www.topohvar.at\/topo\/wp-json\/wp\/v2\/pages\/99"}],"wp:attachment":[{"href":"https:\/\/www.topohvar.at\/topo\/wp-json\/wp\/v2\/media?parent=38837"}],"curies":[{"name":"wp","href":"https:\/\/api.w.org\/{rel}","templated":true}]}}