{"id":39078,"date":"2020-07-03T09:31:10","date_gmt":"2020-07-03T07:31:10","guid":{"rendered":"https:\/\/www.topohvar.at\/topo\/?page_id=39078"},"modified":"2021-05-12T06:34:36","modified_gmt":"2021-05-12T04:34:36","slug":"po-tr-08-1","status":"publish","type":"page","link":"https:\/\/www.topohvar.at\/topo\/orte\/po\/po-tr-08-1\/","title":{"rendered":"POLJICA &#8211; Trim \u00bbPO-TR-08\u00ab"},"content":{"rendered":"<p><a name=\"seite_oben\"><\/a><br \/>\n<strong><img loading=\"lazy\" decoding=\"async\" class=\"alignnone wp-image-39082 size-full\" src=\"https:\/\/www.topohvar.at\/wp-content\/uploads\/2020\/07\/po-tr-08-0.jpg\" alt=\"\" width=\"1080\" height=\"530\" srcset=\"https:\/\/www.topohvar.at\/wp-content\/uploads\/2020\/07\/po-tr-08-0.jpg 1080w, https:\/\/www.topohvar.at\/wp-content\/uploads\/2020\/07\/po-tr-08-0-300x147.jpg 300w, https:\/\/www.topohvar.at\/wp-content\/uploads\/2020\/07\/po-tr-08-0-1024x503.jpg 1024w, https:\/\/www.topohvar.at\/wp-content\/uploads\/2020\/07\/po-tr-08-0-768x377.jpg 768w\" sizes=\"auto, (max-width: 1080px) 100vw, 1080px\" \/><\/strong><\/p>\n<p><strong>Ime \/ Name<br \/>\n<\/strong>Trim \u00bbPO-TR-08\u00ab<\/p>\n<p><strong>Code: <\/strong>PO-TR-08\u00a0 \u00a0 \u00a0 \u00a0 \u00a0 \u00a0 \u00a0 \u00a0 \u00a0 \u00a0 \u00a0 \u00a0 \u00a0 \u00a0 \u00a0 \u00a0 \u00a0 \u00a0 \u00a0 \u00a0\u00a0<strong> <a href=\"https:\/\/www.topohvar.at\/orte\/po\/po-tr-00-1\/\"><img loading=\"lazy\" decoding=\"async\" class=\"alignnone wp-image-12300 size-full\" src=\"https:\/\/www.topohvar.at\/wp-content\/uploads\/2018\/09\/push-vor-30.jpg\" alt=\"\" width=\"61\" height=\"30\" \/><\/a> <a href=\"https:\/\/www.topohvar.at\/orte\/po\/po-tr-04-1\/\"><img loading=\"lazy\" decoding=\"async\" class=\"alignnone wp-image-533 size-full\" src=\"https:\/\/www.topohvar.at\/wp-content\/uploads\/2018\/07\/push-l-30.jpg\" alt=\"\" width=\"61\" height=\"30\" \/><\/a>\u00a0<a href=\"https:\/\/www.topohvar.at\/orte\/po\/\"><img loading=\"lazy\" decoding=\"async\" class=\"alignnone wp-image-535 size-full\" src=\"https:\/\/www.topohvar.at\/wp-content\/uploads\/2018\/07\/push-o-30.jpg\" alt=\"\" width=\"61\" height=\"30\" \/><\/a> <a href=\"https:\/\/www.topohvar.at\/orte\/po\/po-tr-06-1\/\"><img loading=\"lazy\" decoding=\"async\" class=\"alignnone wp-image-536 size-full\" src=\"https:\/\/www.topohvar.at\/wp-content\/uploads\/2018\/07\/push-r-30.jpg\" alt=\"\" width=\"61\" height=\"30\" \/><\/a> <\/strong><\/p>\n<hr \/>\n<p><strong>Adresa \/ Adresse<br \/>\n<\/strong>U selu \/ Im Ort Poljica<\/p>\n<p><strong>Lokacija \/ Position<a href=\"https:\/\/goo.gl\/maps\/QTT3bqk5GBFoRucw5\"><img loading=\"lazy\" decoding=\"async\" class=\"alignright wp-image-39079\" src=\"https:\/\/www.topohvar.at\/wp-content\/uploads\/2020\/07\/2690.jpg\" alt=\"\" width=\"134\" height=\"100\" \/><\/a><br \/>\n<\/strong><span style=\"color: #3366ff;\"><a style=\"color: #3366ff;\" href=\"https:\/\/goo.gl\/maps\/QTT3bqk5GBFoRucw5\">Latitude: N 43,14869\u00b0\u00a0 \u00a0Longitude: E 16,79479\u00b0<\/a> <\/span><strong><br \/>\n<\/strong>Visina \/ H\u00f6he: 153 m<\/p>\n<p><strong>Katastarska \u010destica \/ Grundst\u00fccke<br \/>\n<\/strong>439\/2 (DKP Zastra\u017ei\u0161\u0107e) <div class='content-column one_half'><div style=\"padding-right:6px;\"><p><strong>Datum snimanja \/ Erfassungsdatum<br \/>\n<\/strong>21.06.2020 13:08:13<\/p>\n<hr \/>\n<p><strong>Informacije<\/strong><\/p>\n<p>Mali trim nalazi se na istoku Poljica. Integriran je u kamene zidove i pomalo o\u0161te\u0107en &#8211; na krovu kupole nalazi se rupa. Trim se vi\u0161e ne koristi.<\/p><\/div><\/div><div class='content-column one_half last_column'><div style=\"padding-right:0px;padding-left:6px;\"><p><strong>Stupanj za\u0161tite \/ Schutzstellung<br \/>\n<\/strong>&#8211;<\/p>\n<hr \/>\n<p><strong>Info<\/strong><\/p>\n<p>Der kleine Trim befindet sich im Osten der Ortschaft Poljica. Er ist in Steinmauern integriert und etwas besch\u00e4digt \u2013 im Kuppeldach klafft ein Loch. Der Trim wird nicht mehr genutzt.<\/p><\/div><\/div><div class='clear_column'><\/div><div class='content-column one_half'><div style=\"padding-right:6px;\"><p><img loading=\"lazy\" decoding=\"async\" class=\"aligncenter wp-image-39083 size-medium\" src=\"https:\/\/www.topohvar.at\/wp-content\/uploads\/2020\/07\/po-tr-08-10-300x300.jpg\" alt=\"\" width=\"300\" height=\"300\" srcset=\"https:\/\/www.topohvar.at\/wp-content\/uploads\/2020\/07\/po-tr-08-10-300x300.jpg 300w, https:\/\/www.topohvar.at\/wp-content\/uploads\/2020\/07\/po-tr-08-10-150x150.jpg 150w, https:\/\/www.topohvar.at\/wp-content\/uploads\/2020\/07\/po-tr-08-10.jpg 450w\" sizes=\"auto, (max-width: 300px) 100vw, 300px\" \/><\/p><\/div><\/div><div class='content-column one_half last_column'><div style=\"padding-right:0px;padding-left:6px;\"><p><img loading=\"lazy\" decoding=\"async\" class=\"aligncenter wp-image-39084 size-medium\" src=\"https:\/\/www.topohvar.at\/wp-content\/uploads\/2020\/07\/po-tr-08-11-300x300.jpg\" alt=\"\" width=\"300\" height=\"300\" srcset=\"https:\/\/www.topohvar.at\/wp-content\/uploads\/2020\/07\/po-tr-08-11-300x300.jpg 300w, https:\/\/www.topohvar.at\/wp-content\/uploads\/2020\/07\/po-tr-08-11-150x150.jpg 150w, https:\/\/www.topohvar.at\/wp-content\/uploads\/2020\/07\/po-tr-08-11.jpg 450w\" sizes=\"auto, (max-width: 300px) 100vw, 300px\" \/><\/p><\/div><\/div><div class='clear_column'><\/div><div class='content-column one_half'><div style=\"padding-right:6px;\"><p>Dana 21.06.2020 trim je posje\u0107en i prona\u0111en je sljede\u0107i<\/p>\n<p>Lokacija: maslinik<br \/>\nPodzemlje: ravan<br \/>\nSklop: kameni zid<br \/>\nUpotreba: ne koristi<br \/>\nStanje izgradnje:<br \/>\nBroj prstenova trima: jedan prsten<br \/>\nDodatni kameni prsten: kameni prsten djelomi\u010dno<br \/>\nStepeni\u0161te: nema stepenica<br \/>\nOblik kamena: uglast<br \/>\nPodru\u010dje ispred ulaza: lako dostupni<br \/>\nVrata na stranicu: S (10\u00b0)<br \/>\nPromjer trima (cm): 250<br \/>\nVisina trima (cm): 140<br \/>\nVisina prstena (cm): 125<br \/>\nDebljina zida (cm): 55<br \/>\n\u0160irina vrata (cm): 55<br \/>\nVisina vrata (cm): 100<br \/>\n\u0160irina unutra (cm): 140<br \/>\nVisina unutra (cm): 130<br \/>\nVolumen iznutra (m3): 1,66<br \/>\nNema ni\u0161e<\/p><\/div><\/div><div class='content-column one_half last_column'><div style=\"padding-right:0px;padding-left:6px;\"><p>Am 21.06.2020 wurde der Trim besucht und untersucht<\/p>\n<p>Standort: Olivenhain<br \/>\nUntergrund: eben<br \/>\nVerbunden mit: Steinmauer<br \/>\nNutzung: ungenutzt<br \/>\nZustand: Teile abgest\u00fcrzt<br \/>\nRinge\/Stufen des Trim: einstufig<br \/>\nZus\u00e4tzlicher Steinring: Steinring teilweise<br \/>\nStiege: keine Stufen<br \/>\nSteinform: kantig<br \/>\nEingangsbereich: frei<br \/>\nEingangsseite: N (10\u00b0)<br \/>\nTrimdurchmesser (cm): 250<br \/>\nTrimh\u00f6he (cm): 140<br \/>\nStufen\/Ringh\u00f6he (cm): 125<br \/>\nWandst\u00e4rke: 55<br \/>\nT\u00fcrbreite (cm): 55<br \/>\nT\u00fcrh\u00f6he (cm): 100<br \/>\nInnenraumbreite (cm): 140<br \/>\nInnenraumh\u00f6he (cm): 130<br \/>\nRaumvolumen (m3): 1,66<br \/>\nKeine Nische<\/p><\/div><\/div><div class='clear_column'><\/div><\/p>\n<p><img loading=\"lazy\" decoding=\"async\" class=\"aligncenter size-full wp-image-39365\" src=\"https:\/\/www.topohvar.at\/wp-content\/uploads\/2020\/07\/po-tr-08-sca.jpg\" alt=\"\" width=\"1085\" height=\"1639\" srcset=\"https:\/\/www.topohvar.at\/wp-content\/uploads\/2020\/07\/po-tr-08-sca.jpg 1085w, https:\/\/www.topohvar.at\/wp-content\/uploads\/2020\/07\/po-tr-08-sca-199x300.jpg 199w, https:\/\/www.topohvar.at\/wp-content\/uploads\/2020\/07\/po-tr-08-sca-678x1024.jpg 678w, https:\/\/www.topohvar.at\/wp-content\/uploads\/2020\/07\/po-tr-08-sca-768x1160.jpg 768w, https:\/\/www.topohvar.at\/wp-content\/uploads\/2020\/07\/po-tr-08-sca-1017x1536.jpg 1017w\" sizes=\"auto, (max-width: 1085px) 100vw, 1085px\" \/><\/p>\n<p style=\"text-align: right;\"><a href=\"#seite_oben\">natrag na vrh \/ Seitenanfang<\/a><\/p>\n<hr \/>\n<p><strong>Linkovi \/ Links<\/strong><\/p>\n<p>&#8211;<\/p>\n","protected":false},"excerpt":{"rendered":"<p>Ime \/ Name Trim \u00bbPO-TR-08\u00ab Code: PO-TR-08\u00a0 \u00a0 \u00a0 \u00a0 \u00a0 \u00a0 \u00a0 \u00a0 \u00a0 \u00a0 \u00a0 \u00a0 \u00a0 \u00a0 \u00a0 \u00a0 \u00a0 \u00a0 \u00a0 \u00a0\u00a0 \u00a0 Adresa \/ Adresse U selu \/ Im Ort Poljica Lokacija \/ Position Latitude: &hellip; <a href=\"https:\/\/www.topohvar.at\/topo\/orte\/po\/po-tr-08-1\/\">Weiterlesen <span class=\"meta-nav\">&rarr;<\/span><\/a><\/p>\n","protected":false},"author":1,"featured_media":0,"parent":91,"menu_order":0,"comment_status":"closed","ping_status":"closed","template":"","meta":{"footnotes":""},"class_list":["post-39078","page","type-page","status-publish","hentry"],"_links":{"self":[{"href":"https:\/\/www.topohvar.at\/topo\/wp-json\/wp\/v2\/pages\/39078","targetHints":{"allow":["GET"]}}],"collection":[{"href":"https:\/\/www.topohvar.at\/topo\/wp-json\/wp\/v2\/pages"}],"about":[{"href":"https:\/\/www.topohvar.at\/topo\/wp-json\/wp\/v2\/types\/page"}],"author":[{"embeddable":true,"href":"https:\/\/www.topohvar.at\/topo\/wp-json\/wp\/v2\/users\/1"}],"replies":[{"embeddable":true,"href":"https:\/\/www.topohvar.at\/topo\/wp-json\/wp\/v2\/comments?post=39078"}],"version-history":[{"count":12,"href":"https:\/\/www.topohvar.at\/topo\/wp-json\/wp\/v2\/pages\/39078\/revisions"}],"predecessor-version":[{"id":49068,"href":"https:\/\/www.topohvar.at\/topo\/wp-json\/wp\/v2\/pages\/39078\/revisions\/49068"}],"up":[{"embeddable":true,"href":"https:\/\/www.topohvar.at\/topo\/wp-json\/wp\/v2\/pages\/91"}],"wp:attachment":[{"href":"https:\/\/www.topohvar.at\/topo\/wp-json\/wp\/v2\/media?parent=39078"}],"curies":[{"name":"wp","href":"https:\/\/api.w.org\/{rel}","templated":true}]}}