{"id":39088,"date":"2020-07-03T09:49:44","date_gmt":"2020-07-03T07:49:44","guid":{"rendered":"https:\/\/www.topohvar.at\/topo\/?page_id=39088"},"modified":"2021-05-12T06:21:47","modified_gmt":"2021-05-12T04:21:47","slug":"po-tr-09-1","status":"publish","type":"page","link":"https:\/\/www.topohvar.at\/topo\/orte\/po\/po-tr-09-1\/","title":{"rendered":"POLJICA &#8211; Trim \u00bbPO-TR-09\u00ab"},"content":{"rendered":"<p><a name=\"seite_oben\"><\/a><br \/>\n<strong><img loading=\"lazy\" decoding=\"async\" class=\"alignnone wp-image-39092 size-full\" src=\"https:\/\/www.topohvar.at\/wp-content\/uploads\/2020\/07\/po-tr-09-0.jpg\" alt=\"\" width=\"1080\" height=\"530\" srcset=\"https:\/\/www.topohvar.at\/wp-content\/uploads\/2020\/07\/po-tr-09-0.jpg 1080w, https:\/\/www.topohvar.at\/wp-content\/uploads\/2020\/07\/po-tr-09-0-300x147.jpg 300w, https:\/\/www.topohvar.at\/wp-content\/uploads\/2020\/07\/po-tr-09-0-1024x503.jpg 1024w, https:\/\/www.topohvar.at\/wp-content\/uploads\/2020\/07\/po-tr-09-0-768x377.jpg 768w\" sizes=\"auto, (max-width: 1080px) 100vw, 1080px\" \/><\/strong><\/p>\n<p><strong>Ime \/ Name<br \/>\n<\/strong>Trim \u00bbPO-TR-09\u00ab<\/p>\n<p><strong>Code: <\/strong>PO-TR-09\u00a0 \u00a0 \u00a0 \u00a0 \u00a0 \u00a0 \u00a0 \u00a0 \u00a0 \u00a0 \u00a0 \u00a0 \u00a0 \u00a0 \u00a0 \u00a0 \u00a0 \u00a0 \u00a0 \u00a0\u00a0<strong> <a href=\"https:\/\/www.topohvar.at\/orte\/po\/po-tr-00-1\/\"><img loading=\"lazy\" decoding=\"async\" class=\"alignnone wp-image-12300 size-full\" src=\"https:\/\/www.topohvar.at\/wp-content\/uploads\/2018\/09\/push-vor-30.jpg\" alt=\"\" width=\"61\" height=\"30\" \/><\/a> <a href=\"https:\/\/www.topohvar.at\/orte\/po\/po-tr-14-1\/\"><img loading=\"lazy\" decoding=\"async\" class=\"alignnone wp-image-533 size-full\" src=\"https:\/\/www.topohvar.at\/wp-content\/uploads\/2018\/07\/push-l-30.jpg\" alt=\"\" width=\"61\" height=\"30\" \/><\/a>\u00a0<a href=\"https:\/\/www.topohvar.at\/orte\/po\/\"><img loading=\"lazy\" decoding=\"async\" class=\"alignnone wp-image-535 size-full\" src=\"https:\/\/www.topohvar.at\/wp-content\/uploads\/2018\/07\/push-o-30.jpg\" alt=\"\" width=\"61\" height=\"30\" \/><\/a> <a href=\"https:\/\/www.topohvar.at\/orte\/po\/po-tr-03-1\/\"><img loading=\"lazy\" decoding=\"async\" class=\"alignnone wp-image-536 size-full\" src=\"https:\/\/www.topohvar.at\/wp-content\/uploads\/2018\/07\/push-r-30.jpg\" alt=\"\" width=\"61\" height=\"30\" \/><\/a> <\/strong><\/p>\n<hr \/>\n<p><strong>Adresa \/ Adresse<br \/>\n<\/strong>Poljica, na putu do uvale M. Stiniva \/ am Weg zur Bucht M. Stiniva<\/p>\n<p><strong>Lokacija \/ Position<a href=\"https:\/\/goo.gl\/maps\/9cfDDEgMqjFD9djv6\"><img loading=\"lazy\" decoding=\"async\" class=\"alignright wp-image-39089\" src=\"https:\/\/www.topohvar.at\/wp-content\/uploads\/2020\/07\/2693.jpg\" alt=\"\" width=\"134\" height=\"100\" \/><\/a><br \/>\n<\/strong><span style=\"color: #3366ff;\"><a style=\"color: #3366ff;\" href=\"https:\/\/goo.gl\/maps\/9cfDDEgMqjFD9djv6\">Latitude: N 43,15200\u00b0\u00a0 \u00a0Longitude: E 16,79034\u00b0 <\/a><\/span><strong><br \/>\n<\/strong>Visina \/ H\u00f6he: 155 m<\/p>\n<p><strong>Katastarska \u010destica \/ Grundst\u00fccke<br \/>\n<\/strong>401\/1 (DKP Zastra\u017ei\u0161\u0107e) <div class='content-column one_half'><div style=\"padding-right:6px;\"><p><strong>Datum snimanja \/ Erfassungsdatum<br \/>\n<\/strong>22.06.2020 08:28:24<\/p>\n<hr \/>\n<p><strong>Informacije<\/strong><\/p>\n<p>Trim je u zapu\u0161tenom vrtu na putu do zaljeva Mala Stiniva. Trim je vrlo dobro o\u010duvana i o\u010digledno se vi\u0161e ne koristi. Kupola mu je bila u\u010dvr\u0161\u0107ena slojem betona. Njegova zapadna strana nalazi se u velikoj hrpi kamenja. Osim trima, velika kamena plo\u010da slu\u017ei kao stol. Nekoliko metara isto\u010dno od trim nalazi se cisterna.<\/p><\/div><\/div><div class='content-column one_half last_column'><div style=\"padding-right:0px;padding-left:6px;\"><p><strong>Stupanj za\u0161tite \/ Schutzstellung<br \/>\n<\/strong>&#8211;<\/p>\n<hr \/>\n<p><strong>Info<\/strong><\/p>\n<p>Der Trim befindet sich in vernachl\u00e4ssigten Garten am Weg zur Bucht Mala Stiniva. Der Trim ist sehr gut erhalten und wird aber offenbar kaum mehr genutzt. Seine Kuppel wurde durch einen Betonschicht verfestigt. Seine Westseite steckt in einem gro\u00dfen Steinhaufen. Neben dem Trim dient eine gro\u00dfe Steinplatte als Tisch. Einige Meter \u00f6stlich des Trims befindet sich eine Zisterne.<\/p><\/div><\/div><div class='clear_column'><\/div><div class='content-column one_half'><div style=\"padding-right:6px;\"><div id=\"attachment_39093\" style=\"width: 310px\" class=\"wp-caption aligncenter\"><img loading=\"lazy\" decoding=\"async\" aria-describedby=\"caption-attachment-39093\" class=\"wp-image-39093 size-medium\" src=\"https:\/\/www.topohvar.at\/wp-content\/uploads\/2020\/07\/po-tr-09-10-300x300.jpg\" alt=\"\" width=\"300\" height=\"300\" srcset=\"https:\/\/www.topohvar.at\/wp-content\/uploads\/2020\/07\/po-tr-09-10-300x300.jpg 300w, https:\/\/www.topohvar.at\/wp-content\/uploads\/2020\/07\/po-tr-09-10-150x150.jpg 150w, https:\/\/www.topohvar.at\/wp-content\/uploads\/2020\/07\/po-tr-09-10.jpg 450w\" sizes=\"auto, (max-width: 300px) 100vw, 300px\" \/><p id=\"caption-attachment-39093\" class=\"wp-caption-text\">Ulaz \/ Eingang<\/p><\/div><\/div><\/div><div class='content-column one_half last_column'><div style=\"padding-right:0px;padding-left:6px;\"><div id=\"attachment_39094\" style=\"width: 310px\" class=\"wp-caption aligncenter\"><img loading=\"lazy\" decoding=\"async\" aria-describedby=\"caption-attachment-39094\" class=\"wp-image-39094 size-medium\" src=\"https:\/\/www.topohvar.at\/wp-content\/uploads\/2020\/07\/po-tr-09-11-300x300.jpg\" alt=\"\" width=\"300\" height=\"300\" srcset=\"https:\/\/www.topohvar.at\/wp-content\/uploads\/2020\/07\/po-tr-09-11-300x300.jpg 300w, https:\/\/www.topohvar.at\/wp-content\/uploads\/2020\/07\/po-tr-09-11-150x150.jpg 150w, https:\/\/www.topohvar.at\/wp-content\/uploads\/2020\/07\/po-tr-09-11.jpg 450w\" sizes=\"auto, (max-width: 300px) 100vw, 300px\" \/><p id=\"caption-attachment-39094\" class=\"wp-caption-text\">krov od betonske kupole \/ betonierte Kuppel<\/p><\/div><\/div><\/div><div class='clear_column'><\/div><div class='content-column one_half'><div style=\"padding-right:6px;\"><p>Dana 22.06.2020 trim je posje\u0107en i prona\u0111en je sljede\u0107i<\/p>\n<p>Lokacija: livada, vrba<br \/>\nPodzemlje: ravan<br \/>\nSklop: bri\u017ena kamena gomila , kameni zid<br \/>\nUpotreba: malo se koristi<br \/>\nStanje izgradnje: vrlo dobro uzdr\u017eati<br \/>\nBroj prstenova trima: dva prstena<br \/>\nDodatni kameni prsten: nema kamenog prstena<br \/>\nStepeni\u0161te: nema stepenica<br \/>\nOblik kamena: uglast<br \/>\nPodru\u010dje ispred ulaza: lako dostupni<br \/>\nVrata na stranicu: I (100\u00b0)<br \/>\nPromjer trima (cm): 420<br \/>\nVisina trima (cm): 300<br \/>\nVisina prstena (cm): prsten 1: 190 , prsten 2: 270<br \/>\nDebljina zida (cm): 75<br \/>\n\u0160irina vrata (cm): 70<br \/>\nVisina vrata (cm): 115<br \/>\n\u0160irina unutra (cm): 260 &#8211; 270<br \/>\nVisina unutra (cm): 260<br \/>\nVolumen iznutra (m3): 9,06<br \/>\nNema ni\u0161e<\/p><\/div><\/div><div class='content-column one_half last_column'><div style=\"padding-right:0px;padding-left:6px;\"><p>Am 22.06.2020 wurde der Trim besucht und untersucht<\/p>\n<p>Standort: Wiese, Weide<br \/>\nUntergrund: eben<br \/>\nVerbunden mit: Steinhaufen geordnet , Steinmauer<br \/>\nNutzung: kaum genutzt<br \/>\nZustand: sehr gut erhalten<br \/>\nRinge\/Stufen des Trim: zweistufig<br \/>\nZus\u00e4tzlicher Steinring: kein Steinring<br \/>\nStiege: keine Stufen<br \/>\nSteinform: kantig<br \/>\nEingangsbereich: frei<br \/>\nEingangsseite: O (100\u00b0)<br \/>\nTrimdurchmesser (cm): 420<br \/>\nTrimh\u00f6he (cm): 300<br \/>\nStufen\/Ringh\u00f6he (cm): Ring 1: 190 , Ring 2: 270<br \/>\nWandst\u00e4rke: 75<br \/>\nT\u00fcrbreite (cm): 70<br \/>\nT\u00fcrh\u00f6he (cm): 115<br \/>\nInnenraumbreite (cm): 260 &#8211; 270<br \/>\nInnenraumh\u00f6he (cm): 260<br \/>\nRaumvolumen (m3): 9,06<br \/>\nKeine Nische<\/p><\/div><\/div><div class='clear_column'><\/div><\/p>\n<p><img loading=\"lazy\" decoding=\"async\" class=\"aligncenter size-full wp-image-39366\" src=\"https:\/\/www.topohvar.at\/wp-content\/uploads\/2020\/07\/po-tr-09-sca.jpg\" alt=\"\" width=\"1078\" height=\"1637\" srcset=\"https:\/\/www.topohvar.at\/wp-content\/uploads\/2020\/07\/po-tr-09-sca.jpg 1078w, https:\/\/www.topohvar.at\/wp-content\/uploads\/2020\/07\/po-tr-09-sca-198x300.jpg 198w, https:\/\/www.topohvar.at\/wp-content\/uploads\/2020\/07\/po-tr-09-sca-674x1024.jpg 674w, https:\/\/www.topohvar.at\/wp-content\/uploads\/2020\/07\/po-tr-09-sca-768x1166.jpg 768w, https:\/\/www.topohvar.at\/wp-content\/uploads\/2020\/07\/po-tr-09-sca-1011x1536.jpg 1011w\" sizes=\"auto, (max-width: 1078px) 100vw, 1078px\" \/><\/p>\n<p style=\"text-align: right;\"><a href=\"#seite_oben\">natrag na vrh \/ Seitenanfang<\/a><\/p>\n<hr \/>\n<p><strong>Linkovi \/ Links<\/strong><\/p>\n<p><span style=\"color: #3366ff;\"><a style=\"color: #3366ff;\" href=\"https:\/\/www.topohvar.at\/topo\/orte\/po\/po-op-09-1\/\">Objekt \u00bbGustirna (6)\u00ab \/ Zisterne (6)<\/a><\/span><\/p>\n","protected":false},"excerpt":{"rendered":"<p>Ime \/ Name Trim \u00bbPO-TR-09\u00ab Code: PO-TR-09\u00a0 \u00a0 \u00a0 \u00a0 \u00a0 \u00a0 \u00a0 \u00a0 \u00a0 \u00a0 \u00a0 \u00a0 \u00a0 \u00a0 \u00a0 \u00a0 \u00a0 \u00a0 \u00a0 \u00a0\u00a0 \u00a0 Adresa \/ Adresse Poljica, na putu do uvale M. Stiniva \/ am Weg &hellip; <a href=\"https:\/\/www.topohvar.at\/topo\/orte\/po\/po-tr-09-1\/\">Weiterlesen <span class=\"meta-nav\">&rarr;<\/span><\/a><\/p>\n","protected":false},"author":1,"featured_media":0,"parent":91,"menu_order":0,"comment_status":"closed","ping_status":"closed","template":"","meta":{"footnotes":""},"class_list":["post-39088","page","type-page","status-publish","hentry"],"_links":{"self":[{"href":"https:\/\/www.topohvar.at\/topo\/wp-json\/wp\/v2\/pages\/39088","targetHints":{"allow":["GET"]}}],"collection":[{"href":"https:\/\/www.topohvar.at\/topo\/wp-json\/wp\/v2\/pages"}],"about":[{"href":"https:\/\/www.topohvar.at\/topo\/wp-json\/wp\/v2\/types\/page"}],"author":[{"embeddable":true,"href":"https:\/\/www.topohvar.at\/topo\/wp-json\/wp\/v2\/users\/1"}],"replies":[{"embeddable":true,"href":"https:\/\/www.topohvar.at\/topo\/wp-json\/wp\/v2\/comments?post=39088"}],"version-history":[{"count":12,"href":"https:\/\/www.topohvar.at\/topo\/wp-json\/wp\/v2\/pages\/39088\/revisions"}],"predecessor-version":[{"id":49054,"href":"https:\/\/www.topohvar.at\/topo\/wp-json\/wp\/v2\/pages\/39088\/revisions\/49054"}],"up":[{"embeddable":true,"href":"https:\/\/www.topohvar.at\/topo\/wp-json\/wp\/v2\/pages\/91"}],"wp:attachment":[{"href":"https:\/\/www.topohvar.at\/topo\/wp-json\/wp\/v2\/media?parent=39088"}],"curies":[{"name":"wp","href":"https:\/\/api.w.org\/{rel}","templated":true}]}}