{"id":39119,"date":"2020-07-03T18:13:46","date_gmt":"2020-07-03T16:13:46","guid":{"rendered":"https:\/\/www.topohvar.at\/topo\/?page_id=39119"},"modified":"2021-05-12T06:19:25","modified_gmt":"2021-05-12T04:19:25","slug":"po-tr-12-1","status":"publish","type":"page","link":"https:\/\/www.topohvar.at\/topo\/orte\/po\/po-tr-12-1\/","title":{"rendered":"POLJICA &#8211; Trim \u00bbPO-TR-12\u00ab"},"content":{"rendered":"<p><a name=\"seite_oben\"><\/a><br \/>\n<strong><img loading=\"lazy\" decoding=\"async\" class=\"alignnone wp-image-39123 size-full\" src=\"https:\/\/www.topohvar.at\/wp-content\/uploads\/2020\/07\/po-tr-12-0.jpg\" alt=\"\" width=\"1080\" height=\"530\" srcset=\"https:\/\/www.topohvar.at\/wp-content\/uploads\/2020\/07\/po-tr-12-0.jpg 1080w, https:\/\/www.topohvar.at\/wp-content\/uploads\/2020\/07\/po-tr-12-0-300x147.jpg 300w, https:\/\/www.topohvar.at\/wp-content\/uploads\/2020\/07\/po-tr-12-0-1024x503.jpg 1024w, https:\/\/www.topohvar.at\/wp-content\/uploads\/2020\/07\/po-tr-12-0-768x377.jpg 768w\" sizes=\"auto, (max-width: 1080px) 100vw, 1080px\" \/><\/strong><\/p>\n<p><strong>Ime \/ Name<br \/>\n<\/strong>Trim \u00bbPO-TR-12\u00ab<\/p>\n<p><strong>Code: <\/strong>PO-TR-12\u00a0 \u00a0 \u00a0 \u00a0 \u00a0 \u00a0 \u00a0 \u00a0 \u00a0 \u00a0 \u00a0 \u00a0 \u00a0 \u00a0 \u00a0 \u00a0 \u00a0 \u00a0 \u00a0 \u00a0\u00a0<strong> <a href=\"https:\/\/www.topohvar.at\/orte\/po\/po-tr-00-1\/\"><img loading=\"lazy\" decoding=\"async\" class=\"alignnone wp-image-12300 size-full\" src=\"https:\/\/www.topohvar.at\/wp-content\/uploads\/2018\/09\/push-vor-30.jpg\" alt=\"\" width=\"61\" height=\"30\" \/><\/a> <a href=\"https:\/\/www.topohvar.at\/orte\/po\/po-tr-11-1\/\"><img loading=\"lazy\" decoding=\"async\" class=\"alignnone wp-image-533 size-full\" src=\"https:\/\/www.topohvar.at\/wp-content\/uploads\/2018\/07\/push-l-30.jpg\" alt=\"\" width=\"61\" height=\"30\" \/><\/a>\u00a0<a href=\"https:\/\/www.topohvar.at\/orte\/po\/\"><img loading=\"lazy\" decoding=\"async\" class=\"alignnone wp-image-535 size-full\" src=\"https:\/\/www.topohvar.at\/wp-content\/uploads\/2018\/07\/push-o-30.jpg\" alt=\"\" width=\"61\" height=\"30\" \/><\/a> <a href=\"https:\/\/www.topohvar.at\/orte\/po\/po-tr-13-1\/\"><img loading=\"lazy\" decoding=\"async\" class=\"alignnone wp-image-536 size-full\" src=\"https:\/\/www.topohvar.at\/wp-content\/uploads\/2018\/07\/push-r-30.jpg\" alt=\"\" width=\"61\" height=\"30\" \/><\/a> <\/strong><\/p>\n<hr \/>\n<p><strong>Adresa \/ Adresse<br \/>\n<\/strong>Poljica, zapadno od mjesta \/ westlich des Ortes<\/p>\n<p><strong>Lokacija \/ Position<a href=\"https:\/\/goo.gl\/maps\/JPGuWuKRNdXmXidK9\"><img loading=\"lazy\" decoding=\"async\" class=\"alignright wp-image-39120\" src=\"https:\/\/www.topohvar.at\/wp-content\/uploads\/2020\/07\/2698.jpg\" alt=\"\" width=\"134\" height=\"100\" \/><\/a><br \/>\n<\/strong><span style=\"color: #3366ff;\"><a style=\"color: #3366ff;\" href=\"https:\/\/goo.gl\/maps\/JPGuWuKRNdXmXidK9\">Latitude: N 43,14966\u00b0\u00a0 \u00a0Longitude: E 16,78485\u00b0 <\/a><\/span><strong><br \/>\n<\/strong>Visina \/ H\u00f6he: 166 m<\/p>\n<p><strong>Katastarska \u010destica \/ Grundst\u00fccke<br \/>\n<\/strong>145 (DKP Zastra\u017ei\u0161\u0107e) <div class='content-column one_half'><div style=\"padding-right:6px;\"><p><strong>Datum snimanja \/ Erfassungsdatum<br \/>\n<\/strong>23.06.2020 11:23:58<\/p>\n<hr \/>\n<p><strong>Informacije<\/strong><\/p>\n<p>Mali, otvoreni trim nalazi se u masliniku zapadno od sela Poljica. Vjerojatno je slu\u017eio samo kao skloni\u0161te, malo je o\u0161te\u0107en, ali jo\u0161 uvijek je u uporabi. Sjeverno od trim nalazi se gotovo kru\u017ena jama ome\u0111ena kamenjem.<\/p><\/div><\/div><div class='content-column one_half last_column'><div style=\"padding-right:0px;padding-left:6px;\"><p><strong>Stupanj za\u0161tite \/ Schutzstellung<br \/>\n<\/strong>&#8211;<\/p>\n<hr \/>\n<p><strong>Info<\/strong><\/p>\n<p>Der kleine, offene Trim befindet sich in einem Olivengarten nord\u00f6stlich der Ortschaft Poljica. Er diente vermutlich nur als Unterstand ist leicht besch\u00e4digt, wird aber noch genutzt. Knapp n\u00f6rdlich des Trims findet sich eine nahezu kreisrunde, mit Steinen eingefasste Grube.<\/p><\/div><\/div><div class='clear_column'><\/div><div class='content-column one_half'><div style=\"padding-right:6px;\"><div id=\"attachment_39124\" style=\"width: 310px\" class=\"wp-caption aligncenter\"><img loading=\"lazy\" decoding=\"async\" aria-describedby=\"caption-attachment-39124\" class=\"wp-image-39124 size-medium\" src=\"https:\/\/www.topohvar.at\/wp-content\/uploads\/2020\/07\/po-tr-12-10-300x300.jpg\" alt=\"\" width=\"300\" height=\"300\" srcset=\"https:\/\/www.topohvar.at\/wp-content\/uploads\/2020\/07\/po-tr-12-10-300x300.jpg 300w, https:\/\/www.topohvar.at\/wp-content\/uploads\/2020\/07\/po-tr-12-10-150x150.jpg 150w, https:\/\/www.topohvar.at\/wp-content\/uploads\/2020\/07\/po-tr-12-10.jpg 450w\" sizes=\"auto, (max-width: 300px) 100vw, 300px\" \/><p id=\"caption-attachment-39124\" class=\"wp-caption-text\">Ulaz \/ Eingang<\/p><\/div><\/div><\/div><div class='content-column one_half last_column'><div style=\"padding-right:0px;padding-left:6px;\"><div id=\"attachment_39125\" style=\"width: 310px\" class=\"wp-caption aligncenter\"><img loading=\"lazy\" decoding=\"async\" aria-describedby=\"caption-attachment-39125\" class=\"wp-image-39125 size-medium\" src=\"https:\/\/www.topohvar.at\/wp-content\/uploads\/2020\/07\/po-tr-12-11-300x300.jpg\" alt=\"\" width=\"300\" height=\"300\" srcset=\"https:\/\/www.topohvar.at\/wp-content\/uploads\/2020\/07\/po-tr-12-11-300x300.jpg 300w, https:\/\/www.topohvar.at\/wp-content\/uploads\/2020\/07\/po-tr-12-11-150x150.jpg 150w, https:\/\/www.topohvar.at\/wp-content\/uploads\/2020\/07\/po-tr-12-11.jpg 450w\" sizes=\"auto, (max-width: 300px) 100vw, 300px\" \/><p id=\"caption-attachment-39125\" class=\"wp-caption-text\">Pogled s juga \/ Blick von S\u00fcden aus<\/p><\/div><\/div><\/div><div class='clear_column'><\/div><div class='content-column one_half'><div style=\"padding-right:6px;\"><p>Dana 23.06.2020 trim je posje\u0107en i prona\u0111en je sljede\u0107i<\/p>\n<p>Lokacija: maslinik<br \/>\nPodzemlje: sklon<br \/>\nSklop: kameni zid<br \/>\nUpotreba: koristi<br \/>\nStanje izgradnje:<br \/>\nBroj prstenova trima: jedan prsten<br \/>\nDodatni kameni prsten: nema kamenog prstena<br \/>\nStepeni\u0161te: nema stepenica<br \/>\nOblik kamena: uglast<br \/>\nPodru\u010dje ispred ulaza: lako dostupni<br \/>\nVrata na stranicu: JZ (240\u00b0)<br \/>\nPromjer trima (cm): 240<br \/>\nVisina trima (cm): 200<br \/>\nVisina prstena (cm): 150<br \/>\nDebljina zida (cm): 60<br \/>\n\u0160irina vrata (cm): 75<br \/>\nVisina vrata (cm): 140<br \/>\n\u0160irina unutra (cm): 130<br \/>\nVisina unutra (cm): 170<br \/>\nVolumen iznutra (m3): 1,76<br \/>\nNema ni\u0161e<\/p><\/div><\/div><div class='content-column one_half last_column'><div style=\"padding-right:0px;padding-left:6px;\"><p>Am 23.06.2020 wurde der Trim besucht und untersucht<\/p>\n<p>Standort: Olivenhain<br \/>\nUntergrund: geneigt<br \/>\nVerbunden mit: Steinmauer<br \/>\nNutzung: genutzt<br \/>\nZustand: Teile abgest\u00fcrzt<br \/>\nRinge\/Stufen des Trim: einstufig<br \/>\nZus\u00e4tzlicher Steinring: kein Steinring<br \/>\nStiege: keine Stufen<br \/>\nSteinform: kantig<br \/>\nEingangsbereich: frei<br \/>\nEingangsseite: SW (240\u00b0)<br \/>\nTrimdurchmesser (cm): 240<br \/>\nTrimh\u00f6he (cm): 200<br \/>\nStufen\/Ringh\u00f6he (cm): 150<br \/>\nWandst\u00e4rke: 60<br \/>\nT\u00fcrbreite (cm): 75<br \/>\nT\u00fcrh\u00f6he (cm): 140<br \/>\nInnenraumbreite (cm): 130<br \/>\nInnenraumh\u00f6he (cm): 170<br \/>\nRaumvolumen (m3): 1,76<br \/>\nKeine Nische<\/p><\/div><\/div><div class='clear_column'><\/div><\/p>\n<p><img loading=\"lazy\" decoding=\"async\" class=\"aligncenter size-full wp-image-39369\" src=\"https:\/\/www.topohvar.at\/wp-content\/uploads\/2020\/07\/po-tr-12-sca.jpg\" alt=\"\" width=\"1075\" height=\"1648\" srcset=\"https:\/\/www.topohvar.at\/wp-content\/uploads\/2020\/07\/po-tr-12-sca.jpg 1075w, https:\/\/www.topohvar.at\/wp-content\/uploads\/2020\/07\/po-tr-12-sca-196x300.jpg 196w, https:\/\/www.topohvar.at\/wp-content\/uploads\/2020\/07\/po-tr-12-sca-668x1024.jpg 668w, https:\/\/www.topohvar.at\/wp-content\/uploads\/2020\/07\/po-tr-12-sca-768x1177.jpg 768w, https:\/\/www.topohvar.at\/wp-content\/uploads\/2020\/07\/po-tr-12-sca-1002x1536.jpg 1002w\" sizes=\"auto, (max-width: 1075px) 100vw, 1075px\" \/><\/p>\n<p style=\"text-align: right;\"><a href=\"#seite_oben\">natrag na vrh \/ Seitenanfang<\/a><\/p>\n<hr \/>\n<p><strong>Linkovi \/ Links<\/strong><\/p>\n<p>&#8211;<\/p>\n","protected":false},"excerpt":{"rendered":"<p>Ime \/ Name Trim \u00bbPO-TR-12\u00ab Code: PO-TR-12\u00a0 \u00a0 \u00a0 \u00a0 \u00a0 \u00a0 \u00a0 \u00a0 \u00a0 \u00a0 \u00a0 \u00a0 \u00a0 \u00a0 \u00a0 \u00a0 \u00a0 \u00a0 \u00a0 \u00a0\u00a0 \u00a0 Adresa \/ Adresse Poljica, zapadno od mjesta \/ westlich des Ortes Lokacija \/ &hellip; <a href=\"https:\/\/www.topohvar.at\/topo\/orte\/po\/po-tr-12-1\/\">Weiterlesen <span class=\"meta-nav\">&rarr;<\/span><\/a><\/p>\n","protected":false},"author":1,"featured_media":0,"parent":91,"menu_order":0,"comment_status":"closed","ping_status":"closed","template":"","meta":{"footnotes":""},"class_list":["post-39119","page","type-page","status-publish","hentry"],"_links":{"self":[{"href":"https:\/\/www.topohvar.at\/topo\/wp-json\/wp\/v2\/pages\/39119","targetHints":{"allow":["GET"]}}],"collection":[{"href":"https:\/\/www.topohvar.at\/topo\/wp-json\/wp\/v2\/pages"}],"about":[{"href":"https:\/\/www.topohvar.at\/topo\/wp-json\/wp\/v2\/types\/page"}],"author":[{"embeddable":true,"href":"https:\/\/www.topohvar.at\/topo\/wp-json\/wp\/v2\/users\/1"}],"replies":[{"embeddable":true,"href":"https:\/\/www.topohvar.at\/topo\/wp-json\/wp\/v2\/comments?post=39119"}],"version-history":[{"count":10,"href":"https:\/\/www.topohvar.at\/topo\/wp-json\/wp\/v2\/pages\/39119\/revisions"}],"predecessor-version":[{"id":49051,"href":"https:\/\/www.topohvar.at\/topo\/wp-json\/wp\/v2\/pages\/39119\/revisions\/49051"}],"up":[{"embeddable":true,"href":"https:\/\/www.topohvar.at\/topo\/wp-json\/wp\/v2\/pages\/91"}],"wp:attachment":[{"href":"https:\/\/www.topohvar.at\/topo\/wp-json\/wp\/v2\/media?parent=39119"}],"curies":[{"name":"wp","href":"https:\/\/api.w.org\/{rel}","templated":true}]}}