{"id":39147,"date":"2020-07-03T18:54:55","date_gmt":"2020-07-03T16:54:55","guid":{"rendered":"https:\/\/www.topohvar.at\/topo\/?page_id=39147"},"modified":"2021-11-30T17:32:59","modified_gmt":"2021-11-30T16:32:59","slug":"po-tr-15-1","status":"publish","type":"page","link":"https:\/\/www.topohvar.at\/topo\/orte\/po\/po-tr-15-1\/","title":{"rendered":"POLJICA &#8211; Trim \u00bbPO-TR-15\u00ab"},"content":{"rendered":"<p><a name=\"seite_oben\"><\/a><br \/>\n<strong><img loading=\"lazy\" decoding=\"async\" class=\"alignnone wp-image-39150 size-full\" src=\"https:\/\/www.topohvar.at\/wp-content\/uploads\/2020\/07\/po-tr-15-0.jpg\" alt=\"\" width=\"1080\" height=\"530\" srcset=\"https:\/\/www.topohvar.at\/wp-content\/uploads\/2020\/07\/po-tr-15-0.jpg 1080w, https:\/\/www.topohvar.at\/wp-content\/uploads\/2020\/07\/po-tr-15-0-300x147.jpg 300w, https:\/\/www.topohvar.at\/wp-content\/uploads\/2020\/07\/po-tr-15-0-1024x503.jpg 1024w, https:\/\/www.topohvar.at\/wp-content\/uploads\/2020\/07\/po-tr-15-0-768x377.jpg 768w\" sizes=\"auto, (max-width: 1080px) 100vw, 1080px\" \/><\/strong><\/p>\n<p><strong>Ime \/ Name<br \/>\n<\/strong>Trim \u00bbPO-TR-15\u00ab<\/p>\n<p><strong>Code: <\/strong>PO-TR-15\u00a0 \u00a0 \u00a0 \u00a0 \u00a0 \u00a0 \u00a0 \u00a0 \u00a0 \u00a0 \u00a0 \u00a0 \u00a0 \u00a0 \u00a0 \u00a0 \u00a0 \u00a0 \u00a0 \u00a0\u00a0<strong> <a href=\"https:\/\/www.topohvar.at\/orte\/po\/po-tr-00-1\/\"><img loading=\"lazy\" decoding=\"async\" class=\"alignnone wp-image-12300 size-full\" src=\"https:\/\/www.topohvar.at\/wp-content\/uploads\/2018\/09\/push-vor-30.jpg\" alt=\"\" width=\"61\" height=\"30\" \/><\/a> <a href=\"https:\/\/www.topohvar.at\/orte\/po\/po-tr-10-1\/\"><img loading=\"lazy\" decoding=\"async\" class=\"alignnone wp-image-533 size-full\" src=\"https:\/\/www.topohvar.at\/wp-content\/uploads\/2018\/07\/push-l-30.jpg\" alt=\"\" width=\"61\" height=\"30\" \/><\/a>\u00a0<a href=\"https:\/\/www.topohvar.at\/orte\/po\/\"><img loading=\"lazy\" decoding=\"async\" class=\"alignnone wp-image-535 size-full\" src=\"https:\/\/www.topohvar.at\/wp-content\/uploads\/2018\/07\/push-o-30.jpg\" alt=\"\" width=\"61\" height=\"30\" \/><\/a> <a href=\"https:\/\/www.topohvar.at\/orte\/po\/po-tr-11-1\/\"><img loading=\"lazy\" decoding=\"async\" class=\"alignnone wp-image-536 size-full\" src=\"https:\/\/www.topohvar.at\/wp-content\/uploads\/2018\/07\/push-r-30.jpg\" alt=\"\" width=\"61\" height=\"30\" \/><\/a> <\/strong><\/p>\n<hr \/>\n<p><strong>Adresa \/ Adresse<br \/>\n<\/strong>Poljica, zapadno na po\u010detku sela \/ westlich am Ortsanfang<\/p>\n<p><strong>Lokacija \/ Position<a href=\"https:\/\/goo.gl\/maps\/eAZpiQF9dYgq5ak68\"><img loading=\"lazy\" decoding=\"async\" class=\"alignright wp-image-39148\" src=\"https:\/\/www.topohvar.at\/wp-content\/uploads\/2020\/07\/2701.jpg\" alt=\"\" width=\"134\" height=\"100\" \/><\/a><br \/>\n<\/strong><span style=\"color: #3366ff;\"><a style=\"color: #3366ff;\" href=\"https:\/\/goo.gl\/maps\/eAZpiQF9dYgq5ak68\">Latitude: N 43,14902\u00b0\u00a0 \u00a0Longitude: E 16,79021\u00b0 <\/a><\/span><strong><br \/>\n<\/strong>Visina \/ H\u00f6he: 167 m<\/p>\n<p><strong>Katastarska \u010destica \/ Grundst\u00fccke<br \/>\n<\/strong>124 (DKP Zastra\u017ei\u0161\u0107e) <div class='content-column one_half'><div style=\"padding-right:6px;\"><p><strong>Datum snimanja \/ Erfassungsdatum<br \/>\n<\/strong>23.06.2020 14:00:01<\/p>\n<hr \/>\n<p><strong>Informacije<\/strong><\/p>\n<p>Mali trim na po\u010detku Poljica brzo propada. Iako je 2014. bio jo\u0161 uvijek netaknut, dio krova je ve\u0107 nedostajao 2020. godine, a pristup mu je bio potpuno obrastao. Njegova kupola nije redovito sto\u017easta, ali nalikuje nagnutom krovu.<\/p><\/div><\/div><div class='content-column one_half last_column'><div style=\"padding-right:0px;padding-left:6px;\"><p><strong>Stupanj za\u0161tite \/ Schutzstellung<br \/>\n<\/strong>&#8211;<\/p>\n<hr \/>\n<p><strong>Info<\/strong><\/p>\n<p>Der kleine Trim am Ortsanfang von Poljica verf\u00e4llt zusehends. War er im Jahr 2014 noch ziemlich intakt, fehlt im Jahr 2020 bereits das Dach zum Teil und sein Zugang ist total verwachsen. Seine Kuppel ist nicht regelm\u00e4\u00dfig kegelf\u00f6rmig, sondern \u00e4hnelt einem Pultdach.<\/p><\/div><\/div><div class='clear_column'><\/div><\/p>\n<div id=\"attachment_39152\" style=\"width: 1090px\" class=\"wp-caption alignnone\"><img loading=\"lazy\" decoding=\"async\" aria-describedby=\"caption-attachment-39152\" class=\"wp-image-39152 size-full\" src=\"https:\/\/www.topohvar.at\/wp-content\/uploads\/2020\/07\/po-tr-15-22.jpg\" alt=\"\" width=\"1080\" height=\"519\" srcset=\"https:\/\/www.topohvar.at\/wp-content\/uploads\/2020\/07\/po-tr-15-22.jpg 1080w, https:\/\/www.topohvar.at\/wp-content\/uploads\/2020\/07\/po-tr-15-22-300x144.jpg 300w, https:\/\/www.topohvar.at\/wp-content\/uploads\/2020\/07\/po-tr-15-22-1024x492.jpg 1024w, https:\/\/www.topohvar.at\/wp-content\/uploads\/2020\/07\/po-tr-15-22-768x369.jpg 768w\" sizes=\"auto, (max-width: 1080px) 100vw, 1080px\" \/><p id=\"caption-attachment-39152\" class=\"wp-caption-text\">Stanje u 2014. godini \/ Zustand im Jahr 2014 (Google street view)<\/p><\/div>\n<div class='content-column one_half'><div style=\"padding-right:6px;\"><div id=\"attachment_39153\" style=\"width: 310px\" class=\"wp-caption aligncenter\"><img loading=\"lazy\" decoding=\"async\" aria-describedby=\"caption-attachment-39153\" class=\"wp-image-39153 size-medium\" src=\"https:\/\/www.topohvar.at\/wp-content\/uploads\/2020\/07\/po-tr-15-23-300x300.jpg\" alt=\"\" width=\"300\" height=\"300\" srcset=\"https:\/\/www.topohvar.at\/wp-content\/uploads\/2020\/07\/po-tr-15-23-300x300.jpg 300w, https:\/\/www.topohvar.at\/wp-content\/uploads\/2020\/07\/po-tr-15-23-150x150.jpg 150w, https:\/\/www.topohvar.at\/wp-content\/uploads\/2020\/07\/po-tr-15-23.jpg 450w\" sizes=\"auto, (max-width: 300px) 100vw, 300px\" \/><p id=\"caption-attachment-39153\" class=\"wp-caption-text\">Ulazna stranica 2020 g. \/Eingangsseite 2020<\/p><\/div><\/div><\/div><div class='content-column one_half last_column'><div style=\"padding-right:0px;padding-left:6px;\"><div id=\"attachment_39154\" style=\"width: 310px\" class=\"wp-caption aligncenter\"><img loading=\"lazy\" decoding=\"async\" aria-describedby=\"caption-attachment-39154\" class=\"wp-image-39154 size-medium\" src=\"https:\/\/www.topohvar.at\/wp-content\/uploads\/2020\/07\/po-tr-15-24-300x300.jpg\" alt=\"\" width=\"300\" height=\"300\" srcset=\"https:\/\/www.topohvar.at\/wp-content\/uploads\/2020\/07\/po-tr-15-24-300x300.jpg 300w, https:\/\/www.topohvar.at\/wp-content\/uploads\/2020\/07\/po-tr-15-24-150x150.jpg 150w, https:\/\/www.topohvar.at\/wp-content\/uploads\/2020\/07\/po-tr-15-24.jpg 450w\" sizes=\"auto, (max-width: 300px) 100vw, 300px\" \/><p id=\"caption-attachment-39154\" class=\"wp-caption-text\">Ju\u017ena strana \/ S\u00fcdseite<\/p><\/div><\/div><\/div><div class='clear_column'><\/div><div class='content-column one_half'><div style=\"padding-right:6px;\"><p>Dana 23.06.2020 trim je posje\u0107en i prona\u0111en je sljede\u0107i<\/p>\n<p>Lokacija: livada, vrba<br \/>\nPodzemlje: ravan<br \/>\nSklop: bri\u017ena kamena gomila<br \/>\nUpotreba: ne koristi<br \/>\nStanje izgradnje: kupola se djelomi\u010dno sru\u0161ila<br \/>\nBroj prstenova trima: jedan prsten<br \/>\nDodatni kameni prsten: nema kamenog prstena<br \/>\nStepeni\u0161te: nema stepenica<br \/>\nOblik kamena: uglast<br \/>\nPodru\u010dje ispred ulaza: \u0161ipak<br \/>\nVrata na stranicu: I (70\u00b0)<br \/>\nPromjer trima (cm): 240<br \/>\nVisina trima (cm): ?<br \/>\nVisina prstena (cm): 120<br \/>\nDebljina zida (cm): 60<br \/>\n\u0160irina vrata (cm): 80<br \/>\nVisina vrata (cm): 90<br \/>\n\u0160irina unutra (cm): 120<br \/>\nVisina unutra (cm): ?<br \/>\nVolumen iznutra (m3): ?<br \/>\nNema ni\u0161e<\/p><\/div><\/div><div class='content-column one_half last_column'><div style=\"padding-right:0px;padding-left:6px;\"><p>Am 23.06.2020 wurde der Trim besucht und untersucht<\/p>\n<p>Standort: Wiese, Weide<br \/>\nUntergrund: eben<br \/>\nVerbunden mit: Steinhaufen geordnet<br \/>\nNutzung: ungenutzt<br \/>\nZustand: Kuppel teilweise eingest\u00fcrzt<br \/>\nRinge\/Stufen des Trim: einstufig<br \/>\nZus\u00e4tzlicher Steinring: kein Steinring<br \/>\nStiege: keine Stufen<br \/>\nSteinform: kantig<br \/>\nEingangsbereich: Dornenhecke<br \/>\nEingangsseite: O (70\u00b0)<br \/>\nTrimdurchmesser (cm): 240<br \/>\nTrimh\u00f6he (cm): ?<br \/>\nStufen\/Ringh\u00f6he (cm): 120<br \/>\nWandst\u00e4rke: 60<br \/>\nT\u00fcrbreite (cm): 80<br \/>\nT\u00fcrh\u00f6he (cm): 90<br \/>\nInnenraumbreite (cm): 120<br \/>\nInnenraumh\u00f6he (cm): ?<br \/>\nRaumvolumen (m3): ?<br \/>\nKeine Nische<\/p><\/div><\/div><div class='clear_column'><\/div><\/p>\n<p><img loading=\"lazy\" decoding=\"async\" class=\"aligncenter size-full wp-image-39372\" src=\"https:\/\/www.topohvar.at\/wp-content\/uploads\/2020\/07\/po-tr-15-sca.jpg\" alt=\"\" width=\"1077\" height=\"1644\" srcset=\"https:\/\/www.topohvar.at\/wp-content\/uploads\/2020\/07\/po-tr-15-sca.jpg 1077w, https:\/\/www.topohvar.at\/wp-content\/uploads\/2020\/07\/po-tr-15-sca-197x300.jpg 197w, https:\/\/www.topohvar.at\/wp-content\/uploads\/2020\/07\/po-tr-15-sca-671x1024.jpg 671w, https:\/\/www.topohvar.at\/wp-content\/uploads\/2020\/07\/po-tr-15-sca-768x1172.jpg 768w, https:\/\/www.topohvar.at\/wp-content\/uploads\/2020\/07\/po-tr-15-sca-1006x1536.jpg 1006w\" sizes=\"auto, (max-width: 1077px) 100vw, 1077px\" \/><\/p>\n<p>&nbsp;<\/p>\n<hr \/>\n<div class='content-column one_half'><div style=\"padding-right:6px;\"><p>U lipnju 2021. trim vi\u0161e nije bio dostupan!<\/p><\/div><\/div><div class='content-column one_half last_column'><div style=\"padding-right:0px;padding-left:6px;\"><p>Im Juni 2021 war der Trim nicht mehr vorhanden!<\/p><\/div><\/div><div class='clear_column'><\/div><\/p>\n<p><img loading=\"lazy\" decoding=\"async\" class=\"aligncenter size-full wp-image-49817\" src=\"https:\/\/www.topohvar.at\/wp-content\/uploads\/2021\/06\/po-tr-15-99.jpg\" alt=\"\" width=\"1080\" height=\"530\" srcset=\"https:\/\/www.topohvar.at\/wp-content\/uploads\/2021\/06\/po-tr-15-99.jpg 1080w, https:\/\/www.topohvar.at\/wp-content\/uploads\/2021\/06\/po-tr-15-99-300x147.jpg 300w, https:\/\/www.topohvar.at\/wp-content\/uploads\/2021\/06\/po-tr-15-99-1024x503.jpg 1024w, https:\/\/www.topohvar.at\/wp-content\/uploads\/2021\/06\/po-tr-15-99-768x377.jpg 768w\" sizes=\"auto, (max-width: 1080px) 100vw, 1080px\" \/><\/p>\n<p style=\"text-align: right;\"><a href=\"#seite_oben\">natrag na vrh \/ Seitenanfang<\/a><\/p>\n<hr \/>\n<p><strong>Linkovi \/ Links<\/strong><\/p>\n<p>&#8211;<\/p>\n","protected":false},"excerpt":{"rendered":"<p>Ime \/ Name Trim \u00bbPO-TR-15\u00ab Code: PO-TR-15\u00a0 \u00a0 \u00a0 \u00a0 \u00a0 \u00a0 \u00a0 \u00a0 \u00a0 \u00a0 \u00a0 \u00a0 \u00a0 \u00a0 \u00a0 \u00a0 \u00a0 \u00a0 \u00a0 \u00a0\u00a0 \u00a0 Adresa \/ Adresse Poljica, zapadno na po\u010detku sela \/ westlich am Ortsanfang Lokacija &hellip; <a href=\"https:\/\/www.topohvar.at\/topo\/orte\/po\/po-tr-15-1\/\">Weiterlesen <span class=\"meta-nav\">&rarr;<\/span><\/a><\/p>\n","protected":false},"author":1,"featured_media":0,"parent":91,"menu_order":0,"comment_status":"closed","ping_status":"closed","template":"","meta":{"footnotes":""},"class_list":["post-39147","page","type-page","status-publish","hentry"],"_links":{"self":[{"href":"https:\/\/www.topohvar.at\/topo\/wp-json\/wp\/v2\/pages\/39147","targetHints":{"allow":["GET"]}}],"collection":[{"href":"https:\/\/www.topohvar.at\/topo\/wp-json\/wp\/v2\/pages"}],"about":[{"href":"https:\/\/www.topohvar.at\/topo\/wp-json\/wp\/v2\/types\/page"}],"author":[{"embeddable":true,"href":"https:\/\/www.topohvar.at\/topo\/wp-json\/wp\/v2\/users\/1"}],"replies":[{"embeddable":true,"href":"https:\/\/www.topohvar.at\/topo\/wp-json\/wp\/v2\/comments?post=39147"}],"version-history":[{"count":22,"href":"https:\/\/www.topohvar.at\/topo\/wp-json\/wp\/v2\/pages\/39147\/revisions"}],"predecessor-version":[{"id":53920,"href":"https:\/\/www.topohvar.at\/topo\/wp-json\/wp\/v2\/pages\/39147\/revisions\/53920"}],"up":[{"embeddable":true,"href":"https:\/\/www.topohvar.at\/topo\/wp-json\/wp\/v2\/pages\/91"}],"wp:attachment":[{"href":"https:\/\/www.topohvar.at\/topo\/wp-json\/wp\/v2\/media?parent=39147"}],"curies":[{"name":"wp","href":"https:\/\/api.w.org\/{rel}","templated":true}]}}