{"id":39831,"date":"2020-08-04T16:58:42","date_gmt":"2020-08-04T14:58:42","guid":{"rendered":"https:\/\/www.topohvar.at\/topo\/?page_id=39831"},"modified":"2025-10-25T09:24:25","modified_gmt":"2025-10-25T07:24:25","slug":"gj-tr-14-1","status":"publish","type":"page","link":"https:\/\/www.topohvar.at\/topo\/orte\/gj\/gj-tr-14-1\/","title":{"rendered":"GDINJ &#8211; Trim \u00bbGJ-TR-14\u00ab"},"content":{"rendered":"<p><a name=\"seite_oben\"><\/a><br \/>\n<img loading=\"lazy\" decoding=\"async\" class=\"aligncenter size-full wp-image-69342\" src=\"https:\/\/www.topohvar.at\/wp-content\/uploads\/2024\/08\/gj-tr-14-21.jpg\" alt=\"\" width=\"1080\" height=\"530\" srcset=\"https:\/\/www.topohvar.at\/wp-content\/uploads\/2024\/08\/gj-tr-14-21.jpg 1080w, https:\/\/www.topohvar.at\/wp-content\/uploads\/2024\/08\/gj-tr-14-21-300x147.jpg 300w, https:\/\/www.topohvar.at\/wp-content\/uploads\/2024\/08\/gj-tr-14-21-1024x503.jpg 1024w, https:\/\/www.topohvar.at\/wp-content\/uploads\/2024\/08\/gj-tr-14-21-768x377.jpg 768w\" sizes=\"auto, (max-width: 1080px) 100vw, 1080px\" \/><\/p>\n<p><strong>Ime \/ Name<br \/>\n<\/strong>Trim \u00bbGJ-TR-14\u00ab<\/p>\n<p><strong>Code: <\/strong>GJ-TR-14\u00a0 \u00a0 \u00a0 \u00a0 \u00a0 \u00a0 \u00a0 \u00a0 \u00a0 \u00a0 \u00a0 \u00a0 \u00a0 \u00a0 \u00a0 \u00a0<strong><a href=\"https:\/\/www.topohvar.at\/orte\/gj\/gj-tr-00-1\/\"><img loading=\"lazy\" decoding=\"async\" class=\"alignnone wp-image-12300 size-full\" src=\"https:\/\/www.topohvar.at\/wp-content\/uploads\/2018\/09\/push-vor-30.jpg\" alt=\"\" width=\"61\" height=\"30\" \/><\/a> <a href=\"https:\/\/www.topohvar.at\/orte\/gj\/gj-tr-f7-1\/\"><img loading=\"lazy\" decoding=\"async\" class=\"alignnone wp-image-533 size-full\" src=\"https:\/\/www.topohvar.at\/wp-content\/uploads\/2018\/07\/push-l-30.jpg\" alt=\"\" width=\"61\" height=\"30\" \/><\/a> <a href=\"https:\/\/www.topohvar.at\/orte\/gj\/\"><img loading=\"lazy\" decoding=\"async\" class=\"alignnone wp-image-535 size-full\" src=\"https:\/\/www.topohvar.at\/wp-content\/uploads\/2018\/07\/push-o-30.jpg\" alt=\"\" width=\"61\" height=\"30\" \/><\/a> <a href=\"https:\/\/www.topohvar.at\/orte\/gj\/gj-tr-02-1\/\"><img loading=\"lazy\" decoding=\"async\" class=\"alignnone wp-image-536 size-full\" src=\"https:\/\/www.topohvar.at\/wp-content\/uploads\/2018\/07\/push-r-30.jpg\" alt=\"\" width=\"61\" height=\"30\" \/><\/a><\/strong><\/p>\n<hr \/>\n<p><strong>Adresa \/ Adresse<br \/>\n<\/strong>Gdinj,\u00a0Dugi Dolac<\/p>\n<p><strong>Lokacija \/ Position<a href=\"https:\/\/goo.gl\/maps\/Xrj7pQdp1DXk7Gj59\"><img loading=\"lazy\" decoding=\"async\" class=\"alignright wp-image-39832\" src=\"https:\/\/www.topohvar.at\/wp-content\/uploads\/2020\/08\/2715.jpg\" alt=\"\" width=\"134\" height=\"100\" \/><\/a><br \/>\n<\/strong><span style=\"color: #3366ff;\"><a style=\"color: #3366ff;\" href=\"https:\/\/goo.gl\/maps\/Xrj7pQdp1DXk7Gj59\">Latitude: N 43,13078\u00b0\u00a0 \u00a0Longitude: E 16,92866\u00b0 <\/a><\/span><strong><br \/>\n<\/strong>Visina \/ H\u00f6he: 317 m<\/p>\n<p><strong>Katastarska \u010destica \/ Grundst\u00fccke<br \/>\n<\/strong>2468\/4<div class='content-column one_half'><div style=\"padding-right:6px;\"><p><strong>Datum snimanja \/ Erfassungsdatum<br \/>\n<\/strong>26.07.2020 09:04:35<\/p>\n<hr \/>\n<p><strong>Informacije<\/strong><\/p>\n<p>Prili\u010dno je neuobi\u010dajeno da se trimi nalaze unutar u selu. U Dugom Dolcu ih je \u0161est. Ovaj trim u jednom stepenicom najbolje se \u010duva, ali se rijetko koristi. Sa svoje strane okrenute prema sljede\u0107im zgradama (sjeverna strana) okru\u017een je niskim kamenim prstenom (sjedala?).<\/p><\/div><\/div><div class='content-column one_half last_column'><div style=\"padding-right:0px;padding-left:6px;\"><p><strong>Stupanj za\u0161tite \/ Schutzstellung<br \/>\n<\/strong>&#8211;<\/p>\n<hr \/>\n<p><strong>Info<\/strong><\/p>\n<p>Es ist eher ungew\u00f6hnlich, dass sich Trims innerhalb einer Ortschaft befinden. In Dugi Dolac befinden sich gleich sechs. Dieser einstufige Trim ist am besten erhalten, wird aber kaum mehr genutzt. Auf seiner, den n\u00e4chsten Geb\u00e4uden zugewandten Seite (Nordseite) ist er von einem niedrigen Steinring (Sitzgelegenheit?) umgeben.<\/p><\/div><\/div><div class='clear_column'><\/div><div class='content-column one_half'><div style=\"padding-right:6px;\"><div id=\"attachment_39835\" style=\"width: 310px\" class=\"wp-caption aligncenter\"><img loading=\"lazy\" decoding=\"async\" aria-describedby=\"caption-attachment-39835\" class=\"wp-image-39835 size-medium\" src=\"https:\/\/www.topohvar.at\/wp-content\/uploads\/2020\/08\/gj-tr-14-17-300x300.jpg\" alt=\"\" width=\"300\" height=\"300\" srcset=\"https:\/\/www.topohvar.at\/wp-content\/uploads\/2020\/08\/gj-tr-14-17-300x300.jpg 300w, https:\/\/www.topohvar.at\/wp-content\/uploads\/2020\/08\/gj-tr-14-17-150x150.jpg 150w, https:\/\/www.topohvar.at\/wp-content\/uploads\/2020\/08\/gj-tr-14-17.jpg 450w\" sizes=\"auto, (max-width: 300px) 100vw, 300px\" \/><p id=\"caption-attachment-39835\" class=\"wp-caption-text\">Ulaz \/ Eingang<\/p><\/div><\/div><\/div><div class='content-column one_half last_column'><div style=\"padding-right:0px;padding-left:6px;\"><div id=\"attachment_39836\" style=\"width: 310px\" class=\"wp-caption aligncenter\"><img loading=\"lazy\" decoding=\"async\" aria-describedby=\"caption-attachment-39836\" class=\"wp-image-39836 size-medium\" src=\"https:\/\/www.topohvar.at\/wp-content\/uploads\/2020\/08\/gj-tr-14-18-300x300.jpg\" alt=\"\" width=\"300\" height=\"300\" srcset=\"https:\/\/www.topohvar.at\/wp-content\/uploads\/2020\/08\/gj-tr-14-18-300x300.jpg 300w, https:\/\/www.topohvar.at\/wp-content\/uploads\/2020\/08\/gj-tr-14-18-150x150.jpg 150w, https:\/\/www.topohvar.at\/wp-content\/uploads\/2020\/08\/gj-tr-14-18.jpg 450w\" sizes=\"auto, (max-width: 300px) 100vw, 300px\" \/><p id=\"caption-attachment-39836\" class=\"wp-caption-text\">Sjeverna strana trima \/ Nordseite des Trim<\/p><\/div><\/div><\/div><div class='clear_column'><\/div><div class='content-column one_half'><div style=\"padding-right:6px;\"><p>Dana 26.07.2020 trim je posje\u0107en i ustanovljeno je sljede\u0107e:<\/p>\n<p>Lokacija: vrt<br \/>\nPodloga: ravna<br \/>\nPovezan s: kamenim zidom<br \/>\nUpotreba: ne koristi se<br \/>\nStanje: vrlo dobro uzdr\u017eati<br \/>\nBroj stepenica trima: 1<br \/>\nDodatni kameni prsten: kameni prsten djelomi\u010dno<br \/>\nStepeni\u0161te: nema<br \/>\nOblik kamena: plosnat<br \/>\nPodru\u010dje ispred ulaza: lako dostupno<br \/>\nOrijentacija ulaza: JI (120\u00b0)<br \/>\nPromjer trima (cm): 420<br \/>\nVisina trima (cm): 230<br \/>\nVisina stepenica (cm): stepenica 1: 190<br \/>\nDebljina zida (cm): 90<br \/>\n\u0160irina vrata (cm): 75<br \/>\nVisina vrata (cm): 115<br \/>\n\u0160irina unutra (cm): 230 &#8211; 240<br \/>\nVisina unutra (cm): 220<br \/>\nVolumen iznutra (m3): 6,55<br \/>\nNema ni\u0161e<\/p><\/div><\/div><div class='content-column one_half last_column'><div style=\"padding-right:0px;padding-left:6px;\"><p>Am 26.07.2020 wurde der Trim besucht und n\u00e4her untersucht:<\/p>\n<p>Standort: Garten<br \/>\nUntergrund: eben<br \/>\nVerbunden mit: Steinmauer<br \/>\nNutzung: ungenutzt<br \/>\nZustand: sehr gut erhalten<br \/>\nAnzahl der Trimstufen: 1<br \/>\nZus\u00e4tzlicher Steinring: Steinring teilweise<br \/>\nStiege: keine<br \/>\nSteinform: plattig<br \/>\nEingangsbereich: frei<br \/>\nEingangsseite: SO (120\u00b0)<br \/>\nTrimdurchmesser (cm): 420<br \/>\nTrimh\u00f6he (cm): 230<br \/>\nH\u00f6he der Trimstufen (cm): Stufe 1: 190<br \/>\nWandst\u00e4rke (cm): 90<br \/>\nT\u00fcrbreite (cm): 75<br \/>\nT\u00fcrh\u00f6he (cm): 115<br \/>\nInnenraumbreite (cm): 230 &#8211; 240<br \/>\nInnenraumh\u00f6he (cm): 220<br \/>\nRaumvolumen (m3): 6,55<br \/>\nKeine Nische<\/p><\/div><\/div><div class='clear_column'><\/div><\/p>\n<p><img loading=\"lazy\" decoding=\"async\" class=\"alignleft size-full wp-image-40075\" src=\"https:\/\/www.topohvar.at\/wp-content\/uploads\/2020\/08\/gj-tr-14-sca.jpg\" alt=\"\" width=\"640\" height=\"971\" srcset=\"https:\/\/www.topohvar.at\/wp-content\/uploads\/2020\/08\/gj-tr-14-sca.jpg 640w, https:\/\/www.topohvar.at\/wp-content\/uploads\/2020\/08\/gj-tr-14-sca-198x300.jpg 198w\" sizes=\"auto, (max-width: 640px) 100vw, 640px\" \/><\/p>\n<p>&nbsp;<\/p>\n<p style=\"text-align: right;\"><strong><img loading=\"lazy\" decoding=\"async\" class=\"alignnone wp-image-39837 size-full\" src=\"https:\/\/www.topohvar.at\/wp-content\/uploads\/2020\/08\/gj-tr-14-19.jpg\" alt=\"\" width=\"1080\" height=\"530\" srcset=\"https:\/\/www.topohvar.at\/wp-content\/uploads\/2020\/08\/gj-tr-14-19.jpg 1080w, https:\/\/www.topohvar.at\/wp-content\/uploads\/2020\/08\/gj-tr-14-19-300x147.jpg 300w, https:\/\/www.topohvar.at\/wp-content\/uploads\/2020\/08\/gj-tr-14-19-1024x503.jpg 1024w, https:\/\/www.topohvar.at\/wp-content\/uploads\/2020\/08\/gj-tr-14-19-768x377.jpg 768w\" sizes=\"auto, (max-width: 1080px) 100vw, 1080px\" \/><\/strong><a href=\"#seite_oben\">natrag na vrh \/ Seitenanfang<\/a><\/p>\n<hr \/>\n<p><strong>Linkovi \/ Links<\/strong><\/p>\n<p>&#8211;<\/p>\n","protected":false},"excerpt":{"rendered":"<p>Ime \/ Name Trim \u00bbGJ-TR-14\u00ab Code: GJ-TR-14\u00a0 \u00a0 \u00a0 \u00a0 \u00a0 \u00a0 \u00a0 \u00a0 \u00a0 \u00a0 \u00a0 \u00a0 \u00a0 \u00a0 \u00a0 \u00a0 Adresa \/ Adresse Gdinj,\u00a0Dugi Dolac Lokacija \/ Position Latitude: N 43,13078\u00b0\u00a0 \u00a0Longitude: E 16,92866\u00b0 Visina \/ H\u00f6he: 317 &hellip; <a href=\"https:\/\/www.topohvar.at\/topo\/orte\/gj\/gj-tr-14-1\/\">Weiterlesen <span class=\"meta-nav\">&rarr;<\/span><\/a><\/p>\n","protected":false},"author":1,"featured_media":0,"parent":72,"menu_order":0,"comment_status":"closed","ping_status":"closed","template":"","meta":{"footnotes":""},"class_list":["post-39831","page","type-page","status-publish","hentry"],"_links":{"self":[{"href":"https:\/\/www.topohvar.at\/topo\/wp-json\/wp\/v2\/pages\/39831","targetHints":{"allow":["GET"]}}],"collection":[{"href":"https:\/\/www.topohvar.at\/topo\/wp-json\/wp\/v2\/pages"}],"about":[{"href":"https:\/\/www.topohvar.at\/topo\/wp-json\/wp\/v2\/types\/page"}],"author":[{"embeddable":true,"href":"https:\/\/www.topohvar.at\/topo\/wp-json\/wp\/v2\/users\/1"}],"replies":[{"embeddable":true,"href":"https:\/\/www.topohvar.at\/topo\/wp-json\/wp\/v2\/comments?post=39831"}],"version-history":[{"count":15,"href":"https:\/\/www.topohvar.at\/topo\/wp-json\/wp\/v2\/pages\/39831\/revisions"}],"predecessor-version":[{"id":72880,"href":"https:\/\/www.topohvar.at\/topo\/wp-json\/wp\/v2\/pages\/39831\/revisions\/72880"}],"up":[{"embeddable":true,"href":"https:\/\/www.topohvar.at\/topo\/wp-json\/wp\/v2\/pages\/72"}],"wp:attachment":[{"href":"https:\/\/www.topohvar.at\/topo\/wp-json\/wp\/v2\/media?parent=39831"}],"curies":[{"name":"wp","href":"https:\/\/api.w.org\/{rel}","templated":true}]}}