{"id":40014,"date":"2020-08-05T09:27:43","date_gmt":"2020-08-05T07:27:43","guid":{"rendered":"https:\/\/www.topohvar.at\/topo\/?page_id=40014"},"modified":"2021-04-14T09:29:43","modified_gmt":"2021-04-14T07:29:43","slug":"gj-tr-17-1","status":"publish","type":"page","link":"https:\/\/www.topohvar.at\/topo\/orte\/gj\/gj-tr-17-1\/","title":{"rendered":"GDINJ &#8211; 2 trimi \u00bbGJ-TR-17\u00ab"},"content":{"rendered":"<p><a name=\"seite_oben\"><\/a><br \/>\n<strong><img loading=\"lazy\" decoding=\"async\" class=\"aligncenter wp-image-40017 size-full\" src=\"https:\/\/www.topohvar.at\/wp-content\/uploads\/2020\/08\/gj-tr-17-3.jpg\" alt=\"\" width=\"1080\" height=\"530\" srcset=\"https:\/\/www.topohvar.at\/wp-content\/uploads\/2020\/08\/gj-tr-17-3.jpg 1080w, https:\/\/www.topohvar.at\/wp-content\/uploads\/2020\/08\/gj-tr-17-3-300x147.jpg 300w, https:\/\/www.topohvar.at\/wp-content\/uploads\/2020\/08\/gj-tr-17-3-1024x503.jpg 1024w, https:\/\/www.topohvar.at\/wp-content\/uploads\/2020\/08\/gj-tr-17-3-768x377.jpg 768w\" sizes=\"auto, (max-width: 1080px) 100vw, 1080px\" \/><\/strong><\/p>\n<p><strong>Ime \/ Name<br \/>\n<\/strong>2 trimi \u00bbGJ-TR-17\u00ab<\/p>\n<p><strong>Code: <\/strong>GJ-TR-17\u00a0 \u00a0 \u00a0 \u00a0 \u00a0 \u00a0 \u00a0 \u00a0 \u00a0 \u00a0 \u00a0 \u00a0 \u00a0 \u00a0 \u00a0 <strong><a href=\"https:\/\/www.topohvar.at\/orte\/gj\/gj-tr-00-1\/\"><img loading=\"lazy\" decoding=\"async\" class=\"alignnone wp-image-12300 size-full\" src=\"https:\/\/www.topohvar.at\/wp-content\/uploads\/2018\/09\/push-vor-30.jpg\" alt=\"\" width=\"61\" height=\"30\" \/><\/a><\/strong> <strong><a href=\"https:\/\/www.topohvar.at\/orte\/gj\/gj-tr-16-1\/\"><img loading=\"lazy\" decoding=\"async\" class=\"alignnone wp-image-533 size-full\" src=\"https:\/\/www.topohvar.at\/wp-content\/uploads\/2018\/07\/push-l-30.jpg\" alt=\"\" width=\"61\" height=\"30\" \/><\/a> <a href=\"https:\/\/www.topohvar.at\/orte\/gj\/\"><img loading=\"lazy\" decoding=\"async\" class=\"alignnone wp-image-535 size-full\" src=\"https:\/\/www.topohvar.at\/wp-content\/uploads\/2018\/07\/push-o-30.jpg\" alt=\"\" width=\"61\" height=\"30\" \/><\/a> <a href=\"https:\/\/www.topohvar.at\/orte\/gj\/gj-tr-18-1\/\"><img loading=\"lazy\" decoding=\"async\" class=\"alignnone wp-image-536 size-full\" src=\"https:\/\/www.topohvar.at\/wp-content\/uploads\/2018\/07\/push-r-30.jpg\" alt=\"\" width=\"61\" height=\"30\" \/><\/a><\/strong><\/p>\n<hr \/>\n<p><strong>Adresa \/ Adresse<br \/>\n<\/strong>Gdinj, Vrvoli\u0107i<\/p>\n<p><strong>Lokacija \/ Position<a href=\"https:\/\/goo.gl\/maps\/EXJF7F69x33sUo2r8\"><img loading=\"lazy\" decoding=\"async\" class=\"alignright wp-image-40006\" src=\"https:\/\/www.topohvar.at\/wp-content\/uploads\/2020\/08\/2717.jpg\" alt=\"\" width=\"134\" height=\"100\" \/><\/a><br \/>\n<\/strong><span style=\"color: #3366ff;\"><a style=\"color: #3366ff;\" href=\"https:\/\/goo.gl\/maps\/EXJF7F69x33sUo2r8\">Latitude: N 43,13359\u00b0\u00a0 \u00a0Longitude: E 16,94367\u00b0 <\/a><\/span><strong><br \/>\n<\/strong>Visina \/ H\u00f6he: 341 m<\/p>\n<p><strong>Katastarska \u010destica \/ Grundst\u00fccke<br \/>\n<\/strong>534\/2<div class='content-column one_half'><div style=\"padding-right:6px;\"><p><strong>Datum snimanja \/ Erfassungsdatum<br \/>\n<\/strong>27.07.2020 08:30:00<\/p>\n<hr \/>\n<p><strong>Informacije<\/strong><\/p>\n<p>Trim je ju\u017eni od dva trima koje se nalaze u podru\u010dju okru\u017eenom visokim zidovima. Zidovi su izgra\u0111eni malterom i dijelom oja\u010dani betonskim elementima. Malter se dijelom koristio i za izgradnju trima. Trim je mali, s tri strane je okru\u017een zidovima i o\u010dito je ugra\u0111en ovdje poslije. Prednja mu je strana ravna. Ulaz vodi u nepravilan, nizak unutarnji prostor. Trim je dobro o\u010duvan, ali se vi\u0161e ne koristi.<\/p><\/div><\/div><div class='content-column one_half last_column'><div style=\"padding-right:0px;padding-left:6px;\"><p><strong>Stupanj za\u0161tite \/ Schutzstellung<br \/>\n<\/strong>&#8211;<\/p>\n<hr \/>\n<p><strong>Info<\/strong><\/p>\n<p>Der Trim ist der s\u00fcdliche von zwei Trims, die sich in einem durch hohe Mauern umgrenzten Bereich befinden. Die Mauern sind mit M\u00f6rtel errichtet und zum Teil durch Betonelemente verst\u00e4rkt. Auch bei der Errichtung der Trims wurde zum Teil M\u00f6rtel verwendet. Der Trim ist klein, ist auf drei Seiten von Mauern umgeben und wurde offensichtlich nachtr\u00e4glich hier eingebaut. Seine Vorderseite ist geradlinig. Durch den Eingang gelangt man in den unregelm\u00e4\u00dfigen niedrigen Innenraum. Der Trim ist gut erhalten, wird aber nicht mehr genutzt.<\/p><\/div><\/div><div class='clear_column'><\/div><div class='content-column one_half'><div style=\"padding-right:6px;\"><div id=\"attachment_40018\" style=\"width: 310px\" class=\"wp-caption aligncenter\"><img loading=\"lazy\" decoding=\"async\" aria-describedby=\"caption-attachment-40018\" class=\"wp-image-40018 size-medium\" src=\"https:\/\/www.topohvar.at\/wp-content\/uploads\/2020\/08\/gj-tr-17-8-300x300.jpg\" alt=\"\" width=\"300\" height=\"300\" srcset=\"https:\/\/www.topohvar.at\/wp-content\/uploads\/2020\/08\/gj-tr-17-8-300x300.jpg 300w, https:\/\/www.topohvar.at\/wp-content\/uploads\/2020\/08\/gj-tr-17-8-150x150.jpg 150w, https:\/\/www.topohvar.at\/wp-content\/uploads\/2020\/08\/gj-tr-17-8.jpg 450w\" sizes=\"auto, (max-width: 300px) 100vw, 300px\" \/><p id=\"caption-attachment-40018\" class=\"wp-caption-text\">Ulaz \/ Eingang<\/p><\/div><\/div><\/div><div class='content-column one_half last_column'><div style=\"padding-right:0px;padding-left:6px;\"><div id=\"attachment_40019\" style=\"width: 310px\" class=\"wp-caption aligncenter\"><img loading=\"lazy\" decoding=\"async\" aria-describedby=\"caption-attachment-40019\" class=\"wp-image-40019 size-medium\" src=\"https:\/\/www.topohvar.at\/wp-content\/uploads\/2020\/08\/gj-tr-17-9-300x300.jpg\" alt=\"\" width=\"300\" height=\"300\" srcset=\"https:\/\/www.topohvar.at\/wp-content\/uploads\/2020\/08\/gj-tr-17-9-300x300.jpg 300w, https:\/\/www.topohvar.at\/wp-content\/uploads\/2020\/08\/gj-tr-17-9-150x150.jpg 150w, https:\/\/www.topohvar.at\/wp-content\/uploads\/2020\/08\/gj-tr-17-9.jpg 450w\" sizes=\"auto, (max-width: 300px) 100vw, 300px\" \/><p id=\"caption-attachment-40019\" class=\"wp-caption-text\">Dvori\u0161te pred trimu \/ Hof vor dem Trim<\/p><\/div><\/div><\/div><div class='clear_column'><\/div><div class='content-column one_half'><div style=\"padding-right:6px;\"><p>Dana 26.07.2020 trim je posje\u0107en i ustanovljeno je sljede\u0107e:<\/p>\n<p>Lokacija: poljoprivredni sklop<br \/>\nPodloga: ravna<br \/>\nPovezan s: kamenim zidom<br \/>\nUpotreba: ne koristi se<br \/>\nStanje: dobro sa\u010duvan<br \/>\nBroj stepenica trima: 1<br \/>\nDodatni kameni prsten: nema kamenog prstena<br \/>\nStepeni\u0161te: nema<br \/>\nOblik kamena: plosnat<br \/>\nPodru\u010dje ispred ulaza: lako dostupno<br \/>\nOrijentacija ulaza: J (180\u00b0)<br \/>\nPromjer trima (cm): 240<br \/>\nVisina trima (cm): 160<br \/>\nVisina stepenica (cm): stepenica 1: 140<br \/>\nDebljina zida (cm): 50<br \/>\n\u0160irina vrata (cm): 50<br \/>\nVisina vrata (cm): 90<br \/>\n\u0160irina unutra (cm): 140<br \/>\nVisina unutra (cm): 140<br \/>\nVolumen iznutra (m3): 1,61<br \/>\nNema ni\u0161e<\/p><\/div><\/div><div class='content-column one_half last_column'><div style=\"padding-right:0px;padding-left:6px;\"><p>Am 26.07.2020 wurde der Trim besucht und n\u00e4her untersucht:<\/p>\n<p>Standort: landwirtsch. Gemenge<br \/>\nUntergrund: eben<br \/>\nVerbunden mit: Steinmauer<br \/>\nNutzung: ungenutzt<br \/>\nZustand: gut erhalten<br \/>\nAnzahl der Trimstufen: 1<br \/>\nZus\u00e4tzlicher Steinring: kein Steinring<br \/>\nStiege: keine<br \/>\nSteinform: plattig<br \/>\nEingangsbereich: frei<br \/>\nEingangsseite: S (180\u00b0)<br \/>\nTrimdurchmesser (cm): 240<br \/>\nTrimh\u00f6he (cm): 160<br \/>\nH\u00f6he der Trimstufen (cm): Stufe 1: 140<br \/>\nWandst\u00e4rke (cm): 50<br \/>\nT\u00fcrbreite (cm): 50<br \/>\nT\u00fcrh\u00f6he (cm): 90<br \/>\nInnenraumbreite (cm): 140<br \/>\nInnenraumh\u00f6he (cm): 140<br \/>\nRaumvolumen (m3): 1,61<br \/>\nKeine Nische<\/p><\/div><\/div><div class='clear_column'><\/div><\/p>\n<p><img loading=\"lazy\" decoding=\"async\" class=\"alignleft size-full wp-image-40065\" src=\"https:\/\/www.topohvar.at\/wp-content\/uploads\/2020\/08\/gj-tr-17-sca.jpg\" alt=\"\" width=\"640\" height=\"972\" srcset=\"https:\/\/www.topohvar.at\/wp-content\/uploads\/2020\/08\/gj-tr-17-sca.jpg 640w, https:\/\/www.topohvar.at\/wp-content\/uploads\/2020\/08\/gj-tr-17-sca-198x300.jpg 198w\" sizes=\"auto, (max-width: 640px) 100vw, 640px\" \/><\/p>\n<p style=\"text-align: right;\"><a href=\"#seite_oben\">natrag na vrh \/ Seitenanfang<\/a><\/p>\n<hr \/>\n<p><strong>Linkovi \/ Links<\/strong><\/p>\n<p><span style=\"color: #3366ff;\"><a style=\"color: #3366ff;\" href=\"https:\/\/www.topohvar.at\/topo\/orte\/gj\/gj-tr-16-1\/\">GJ-TR-16 &#8211; sjeverni trim \/ der n\u00f6rdliche Trim<\/a><\/span><\/p>\n","protected":false},"excerpt":{"rendered":"<p>Ime \/ Name 2 trimi \u00bbGJ-TR-17\u00ab Code: GJ-TR-17\u00a0 \u00a0 \u00a0 \u00a0 \u00a0 \u00a0 \u00a0 \u00a0 \u00a0 \u00a0 \u00a0 \u00a0 \u00a0 \u00a0 \u00a0 Adresa \/ Adresse Gdinj, Vrvoli\u0107i Lokacija \/ Position Latitude: N 43,13359\u00b0\u00a0 \u00a0Longitude: E 16,94367\u00b0 Visina \/ H\u00f6he: 341 &hellip; <a href=\"https:\/\/www.topohvar.at\/topo\/orte\/gj\/gj-tr-17-1\/\">Weiterlesen <span class=\"meta-nav\">&rarr;<\/span><\/a><\/p>\n","protected":false},"author":1,"featured_media":0,"parent":72,"menu_order":0,"comment_status":"closed","ping_status":"closed","template":"","meta":{"footnotes":""},"class_list":["post-40014","page","type-page","status-publish","hentry"],"_links":{"self":[{"href":"https:\/\/www.topohvar.at\/topo\/wp-json\/wp\/v2\/pages\/40014","targetHints":{"allow":["GET"]}}],"collection":[{"href":"https:\/\/www.topohvar.at\/topo\/wp-json\/wp\/v2\/pages"}],"about":[{"href":"https:\/\/www.topohvar.at\/topo\/wp-json\/wp\/v2\/types\/page"}],"author":[{"embeddable":true,"href":"https:\/\/www.topohvar.at\/topo\/wp-json\/wp\/v2\/users\/1"}],"replies":[{"embeddable":true,"href":"https:\/\/www.topohvar.at\/topo\/wp-json\/wp\/v2\/comments?post=40014"}],"version-history":[{"count":9,"href":"https:\/\/www.topohvar.at\/topo\/wp-json\/wp\/v2\/pages\/40014\/revisions"}],"predecessor-version":[{"id":47874,"href":"https:\/\/www.topohvar.at\/topo\/wp-json\/wp\/v2\/pages\/40014\/revisions\/47874"}],"up":[{"embeddable":true,"href":"https:\/\/www.topohvar.at\/topo\/wp-json\/wp\/v2\/pages\/72"}],"wp:attachment":[{"href":"https:\/\/www.topohvar.at\/topo\/wp-json\/wp\/v2\/media?parent=40014"}],"curies":[{"name":"wp","href":"https:\/\/api.w.org\/{rel}","templated":true}]}}