{"id":40245,"date":"2020-08-20T08:55:43","date_gmt":"2020-08-20T06:55:43","guid":{"rendered":"https:\/\/www.topohvar.at\/topo\/?page_id=40245"},"modified":"2020-08-20T09:22:36","modified_gmt":"2020-08-20T07:22:36","slug":"je-in-09-1","status":"publish","type":"page","link":"https:\/\/www.topohvar.at\/topo\/orte\/je\/je-in-09-1\/","title":{"rendered":"JELSA &#8211; Natpis \u00bbMolo Bonda\u00ab"},"content":{"rendered":"<p><strong><img loading=\"lazy\" decoding=\"async\" class=\"aligncenter wp-image-40251 size-full\" src=\"https:\/\/www.topohvar.at\/wp-content\/uploads\/2020\/08\/je-in-09-1.jpg\" alt=\"\" width=\"1080\" height=\"530\" srcset=\"https:\/\/www.topohvar.at\/wp-content\/uploads\/2020\/08\/je-in-09-1.jpg 1080w, https:\/\/www.topohvar.at\/wp-content\/uploads\/2020\/08\/je-in-09-1-300x147.jpg 300w, https:\/\/www.topohvar.at\/wp-content\/uploads\/2020\/08\/je-in-09-1-1024x503.jpg 1024w, https:\/\/www.topohvar.at\/wp-content\/uploads\/2020\/08\/je-in-09-1-768x377.jpg 768w\" sizes=\"auto, (max-width: 1080px) 100vw, 1080px\" \/><\/strong><\/p>\n<p><strong>Ime \/ Name<br \/>\n<\/strong>Natpis \/ Inschrift \u00bbMolo Bonda\u00ab<\/p>\n<p><strong>Code: <\/strong>JE-IN-09\u00a0 \u00a0 \u00a0 \u00a0 \u00a0 \u00a0 \u00a0 \u00a0 \u00a0 \u00a0 \u00a0 \u00a0 \u00a0 \u00a0 \u00a0 <strong><a href=\"https:\/\/www.topohvar.at\/orte\/je\/je-in-06-1\/\"><img loading=\"lazy\" decoding=\"async\" class=\"alignnone wp-image-533 size-full\" src=\"https:\/\/www.topohvar.at\/wp-content\/uploads\/2018\/07\/push-l-30.jpg\" alt=\"\" width=\"61\" height=\"30\" \/><\/a> <a href=\"https:\/\/www.topohvar.at\/orte\/je\/\"><img loading=\"lazy\" decoding=\"async\" class=\"alignnone wp-image-535 size-full\" src=\"https:\/\/www.topohvar.at\/wp-content\/uploads\/2018\/07\/push-o-30.jpg\" alt=\"\" width=\"61\" height=\"30\" \/><\/a> <a href=\"https:\/\/www.topohvar.at\/orte\/je\/je-in-01-1\/\"><img loading=\"lazy\" decoding=\"async\" class=\"alignnone wp-image-536 size-full\" src=\"https:\/\/www.topohvar.at\/wp-content\/uploads\/2018\/07\/push-r-30.jpg\" alt=\"\" width=\"61\" height=\"30\" \/><\/a><\/strong><\/p>\n<hr \/>\n<p><strong>Adresa \/ Adresse<br \/>\n<\/strong>Jelsa, Riva, na mostu \/ auf der Br\u00fccke<\/p>\n<p><span style=\"color: #3366ff;\"><strong>Lokalna polo\u017eaj \/ Position<a href=\"https:\/\/goo.gl\/maps\/W2e2nRcJqyBgSypF7\"><img loading=\"lazy\" decoding=\"async\" class=\"alignright wp-image-40246\" src=\"https:\/\/www.topohvar.at\/wp-content\/uploads\/2020\/08\/2745.jpg\" alt=\"\" width=\"134\" height=\"100\" \/><\/a><br \/>\n<\/strong><a style=\"color: #3366ff;\" href=\"https:\/\/goo.gl\/maps\/W2e2nRcJqyBgSypF7\">Latitude: N 43,16259\u00b0\u00a0 \u00a0Longitude: E 16,69279\u00b0 <\/a><\/span><strong><br \/>\n<\/strong>Visina \/ H\u00f6he: 1 m<\/p>\n<p><strong>Zemlji\u0161te \/ Grundst\u00fccke<br \/>\n<\/strong>5627\/4 <div class='content-column one_half'><div style=\"padding-right:6px;\"><p><strong>Datum snimanja \/ Erfassungsdatum<br \/>\n<\/strong>28.07.2020 09:03:30<\/p>\n<hr \/>\n<p><strong>Informacije<\/strong><\/p>\n<p>Na sjevernom po\u010detku mosta na Rivi kod parka nalazi se natpis &#8222;MOLO BONDA&#8220;. Napravljen je 2016. godine u sklopu obnove mosta i ozna\u010dava po\u010detak sjevernog okruga Jelsa &#8211; Mala Banda (na lokalnom dijalektu). Na mostu je prikazana i ru\u017ea vjetrova.<\/p><\/div><\/div><div class='content-column one_half last_column'><div style=\"padding-right:0px;padding-left:6px;\"><p><strong>Za\u0161titni polo\u017eaj \/ Schutzstellung<br \/>\n<\/strong>&#8211;<\/p>\n<hr \/>\n<p><strong>Info<\/strong><\/p>\n<p>Die Inschrift &#8222;MOLO BONDA&#8220; befindet sich auf der Br\u00fccke auf der Riva beim Park. Sie wurde im Jahr 2016 im Zuge der Erneuerung der Br\u00fccke angefertigt und bezeichnet (im \u00f6rtlichen Dialekt) den Beginn des n\u00f6rdlichen Ortsteiles von Jelsa &#8211; Mala Banda. Auf der Br\u00fccke ist auch eine Windrose dargestellt.<\/p><\/div><\/div><div class='clear_column'><\/div><\/p>\n<hr \/>\n<p><strong>Linkovi \/ Links<\/strong><\/p>\n<p><span style=\"color: #3366ff;\"><a style=\"color: #3366ff;\" href=\"https:\/\/www.topohvar.at\/topo\/orte\/je\/je-ob-02-1\/\">Objekt \u00bbRu\u017ea vjetrova\u00ab \/ Windrose<\/a><\/span><\/p>\n","protected":false},"excerpt":{"rendered":"<p>Ime \/ Name Natpis \/ Inschrift \u00bbMolo Bonda\u00ab Code: JE-IN-09\u00a0 \u00a0 \u00a0 \u00a0 \u00a0 \u00a0 \u00a0 \u00a0 \u00a0 \u00a0 \u00a0 \u00a0 \u00a0 \u00a0 \u00a0 Adresa \/ Adresse Jelsa, Riva, na mostu \/ auf der Br\u00fccke Lokalna polo\u017eaj \/ Position Latitude: &hellip; <a href=\"https:\/\/www.topohvar.at\/topo\/orte\/je\/je-in-09-1\/\">Weiterlesen <span class=\"meta-nav\">&rarr;<\/span><\/a><\/p>\n","protected":false},"author":1,"featured_media":0,"parent":85,"menu_order":0,"comment_status":"closed","ping_status":"closed","template":"","meta":{"footnotes":""},"class_list":["post-40245","page","type-page","status-publish","hentry"],"_links":{"self":[{"href":"https:\/\/www.topohvar.at\/topo\/wp-json\/wp\/v2\/pages\/40245","targetHints":{"allow":["GET"]}}],"collection":[{"href":"https:\/\/www.topohvar.at\/topo\/wp-json\/wp\/v2\/pages"}],"about":[{"href":"https:\/\/www.topohvar.at\/topo\/wp-json\/wp\/v2\/types\/page"}],"author":[{"embeddable":true,"href":"https:\/\/www.topohvar.at\/topo\/wp-json\/wp\/v2\/users\/1"}],"replies":[{"embeddable":true,"href":"https:\/\/www.topohvar.at\/topo\/wp-json\/wp\/v2\/comments?post=40245"}],"version-history":[{"count":6,"href":"https:\/\/www.topohvar.at\/topo\/wp-json\/wp\/v2\/pages\/40245\/revisions"}],"predecessor-version":[{"id":40254,"href":"https:\/\/www.topohvar.at\/topo\/wp-json\/wp\/v2\/pages\/40245\/revisions\/40254"}],"up":[{"embeddable":true,"href":"https:\/\/www.topohvar.at\/topo\/wp-json\/wp\/v2\/pages\/85"}],"wp:attachment":[{"href":"https:\/\/www.topohvar.at\/topo\/wp-json\/wp\/v2\/media?parent=40245"}],"curies":[{"name":"wp","href":"https:\/\/api.w.org\/{rel}","templated":true}]}}