{"id":4041,"date":"2018-08-09T08:37:49","date_gmt":"2018-08-09T06:37:49","guid":{"rendered":"https:\/\/www.topohvar.at\/?page_id=4041"},"modified":"2025-04-11T18:47:34","modified_gmt":"2025-04-11T16:47:34","slug":"sg-po-03-2","status":"publish","type":"page","link":"https:\/\/www.topohvar.at\/topo\/orte\/sg\/sg-po-03-2\/","title":{"rendered":"STARI GRAD &#8211; Povijesni lokalitet \u00bbgr\u010dka kula Maslinovik\u00ab"},"content":{"rendered":"<p><a name=\"seite_oben\"><\/a><br \/>\n<img loading=\"lazy\" decoding=\"async\" class=\"alignnone wp-image-4019 size-large\" src=\"https:\/\/www.topohvar.at\/wp-content\/uploads\/2018\/08\/SG-PO-03-1-1024x503.jpg\" alt=\"\" width=\"640\" height=\"314\" srcset=\"https:\/\/www.topohvar.at\/wp-content\/uploads\/2018\/08\/SG-PO-03-1-1024x503.jpg 1024w, https:\/\/www.topohvar.at\/wp-content\/uploads\/2018\/08\/SG-PO-03-1-300x147.jpg 300w, https:\/\/www.topohvar.at\/wp-content\/uploads\/2018\/08\/SG-PO-03-1-768x377.jpg 768w\" sizes=\"auto, (max-width: 640px) 100vw, 640px\" \/><\/p>\n<p><strong>Ime \/ Name<br \/>\n<\/strong>Povijesni lokalitet \u00bbgr\u010dka kula Maslinovik\u00ab \/ Historischer Ort griechischer Turm Maslinovik<\/p>\n<p><strong>Code: <\/strong>SG-PO-03\u00a0 \u00a0 \u00a0 \u00a0 \u00a0 \u00a0 \u00a0 \u00a0 \u00a0 \u00a0 \u00a0 \u00a0 \u00a0 \u00a0 \u00a0 \u00a0 \u00a0 \u00a0\u00a0<strong><a href=\"https:\/\/www.topohvar.at\/orte\/sg\/sg-po-17-2\/\"><img loading=\"lazy\" decoding=\"async\" class=\"alignnone wp-image-533 size-full\" src=\"https:\/\/www.topohvar.at\/wp-content\/uploads\/2018\/07\/push-l-30.jpg\" alt=\"\" width=\"61\" height=\"30\" \/><\/a> <a href=\"https:\/\/www.topohvar.at\/orte\/sg\/\"><img loading=\"lazy\" decoding=\"async\" class=\"alignnone wp-image-535 size-full\" src=\"https:\/\/www.topohvar.at\/wp-content\/uploads\/2018\/07\/push-o-30.jpg\" alt=\"\" width=\"61\" height=\"30\" \/><\/a> <a href=\"https:\/\/www.topohvar.at\/orte\/sg\/sg-po-01-2\/\"><img loading=\"lazy\" decoding=\"async\" class=\"alignnone wp-image-536 size-full\" src=\"https:\/\/www.topohvar.at\/wp-content\/uploads\/2018\/07\/push-r-30.jpg\" alt=\"\" width=\"61\" height=\"30\" \/><\/a><\/strong><\/p>\n<hr \/>\n<p><strong>Adresa \/ Adresse<br \/>\n<\/strong>Stari Grad, Polje, Maslinovik<\/p>\n<p><strong>Lokacija \/ Position<a href=\"https:\/\/goo.gl\/maps\/WMcsVt8d1GVtiAQX7\"><img loading=\"lazy\" decoding=\"async\" class=\"alignright wp-image-4077\" src=\"https:\/\/www.topohvar.at\/wp-content\/uploads\/2018\/08\/0610.jpg\" alt=\"\" width=\"133\" height=\"100\" \/><\/a><br \/>\n<\/strong><span style=\"color: #3366ff;\"><a style=\"color: #3366ff;\" href=\"https:\/\/goo.gl\/maps\/WMcsVt8d1GVtiAQX7\">Latitude: N 43,19467\u00b0\u00a0 \u00a0Longitude: E 16,63458\u00b0<\/a> <\/span><strong><br \/>\n<\/strong>Visina \/ H\u00f6he: 67 m<\/p>\n<p><strong>Katastarska \u010destica \/ Grundst\u00fccke<br \/>\n<\/strong>5667, 5668, 5682, 5722, 5723, 5728, 5756\/2, 5756\/10, 5756\/11, 5756\/12,<div class='content-column one_half'><div style=\"padding-right:6px;\"><p><strong>Datum snimanja \/ Erfassungsdatum<br \/>\n<\/strong>15.05.2012 10:00:00<\/p>\n<hr \/>\n<p><strong>Informacije<\/strong><\/p>\n<p>Na blagom uzvi\u0161enju sa sjeverne strane starogradskog Agera, na predjelu <em>Maslinovik<\/em>, smjestila se gr\u010dka kula iz 4. st. Pr. Kr. Ova kula je bila dio jedinstvenog obramenog sistema. Nalazila se izme\u0111u iwstovjetne kule <em>Tor<\/em> ponad Jelse i samog <em>Farosa<\/em>.<\/p><\/div><\/div><div class='content-column one_half last_column'><div style=\"padding-right:0px;padding-left:6px;\"><p><strong>Stupanj za\u0161tite \/ Schutzstellung<br \/>\n<\/strong>&#8211;<\/p>\n<hr \/>\n<p><strong>Info<\/strong><\/p>\n<p>Auf einer leichten Anh\u00f6he auf der Nordseite des Stari Grader Feldes, in der Gegend <em>Maslinovik<\/em>, steht ein griechischer Turm aus dem 4. Jh. v. Chr. Dieser Turm war Teil eines einheitlichen Verteidigungssystems. Er lag zwischen dem \u00e4hnlichen Turm <em>Tor<\/em> oberhalb von Jelsa und <em>Pharos<\/em>.<\/p><\/div><\/div><div class='clear_column'><\/div><div class='content-column one_half'><div style=\"padding-right:6px;\"><p>\u010cim bi na osmatra\u010dnici Tor uo\u010dili opasnost koja vreba s mora, dimnim bi signalima preko kule na Maslinoviku obavijestili gra\u0111ane Farosa, \u010dime se uspje\u0161no mogao obrqaniti ne samo grad ve\u0107 i polje. S ovog mjesta vam se pru\u017ea prekrasan pogled na polje i gr\u010dku podjelu zemlji\u0161ta. Odjednom vam se pru\u017ea prilika da se upoznate sa poljoprivredom mediteranskih predjela ali i sa bogatom ba\u0161tinom anti\u010dke kulture sa\u010duvanom u kamenom katastru polja. Odavde vas put jedino mo\u017ee odvesti u drevni Faros.<\/p><\/div><\/div><div class='content-column one_half last_column'><div style=\"padding-right:0px;padding-left:6px;\"><p>Sobald die Beobachter auf\u00a0 Tor eine Gefahr die im Meer lauerte bemerkten, gaben sie Rauchzeichen die \u00fcber dem Turm Maslinovik die Einwohner von Pharos alarmierten. Dadurch war man in der Lage, nicht nur die Stadt, sondern auch das Feld erfolgreich zu verteidigen. Von hier aus genie\u00dft man einen herrlichen Blick auf das Feld und die griechische Landteilung. Auf einmal hat man die Chance, sich nicht nur mit der Landwirtschaft der Mittelmeerregionen, sondern auch mit dem reichen Erbe der antiken Kultur des \u201esteinernen Katasters\u201c der Felder vertraut zu machen. Von hier kann man sich f\u00fcr das alte Pharos Zeit nehmen.<\/p><\/div><\/div><div class='clear_column'><\/div><div class='content-column one_half'><div style=\"padding-right:6px;\"><p>Kula na Maslinoviku nalazi se na niskom bre\u017euljku (67 m nadmorske visine), na sjevernom dijelu gr\u010dke parcelacije zemlji\u0161ta, nekih 3 km udaljenom od Farosa. Sli\u010dna je veli\u010dinom i oblikom Toru, ali je sa\u010duvana samo u visini od dva do tri reda kamenih blokova. Iskapanja na tom mjestu pokazala su da je kula, vjerojatno visine 10 m, imala krov od crijepa. Na podu prizemlja, u sredi\u0161tu prostorije je \u010detverouglasti kamen, na kojemu je bila uglavljena greda, koja je podupirala konstrukciju drvenog poda. Zabilje\u017eeni su i tragovi pe\u0107i. Vi\u0161e krhotina fine keramike potje\u010de iz 4. stolje\u0107a prije Krista.<\/p><\/div><\/div><div class='content-column one_half last_column'><div style=\"padding-right:0px;padding-left:6px;\"><p>Der Turm Maslinovik ist auf einem kleinen H\u00fcgel (67 m. \u00fc. A.) im n\u00f6rdlichen Teil der griechischen Landteilung, ca. 3 km von Stari Grad entfernt, gelegen. Es ist in Gr\u00f6\u00dfe und Form eines Torus \u00e4hnlich, aber in der H\u00f6he nur aus zwei bis drei Reihen Steinbl\u00f6cken erhalten. Die Ausgrabungen an dieser Stelle zeigten, dass der Turm, wahrscheinlich 10 m hoch war und ein Ziegeldach hatte. Auf dem Boden des Erdgeschosses, in der Mitte des Raumes ist ein viereckiger Stein in dem ein Balken eingelassen war, der die Konstruktion des Holzbodens st\u00fctzte. Die Spuren eines Ofens wurden ebenfalls vermerkt. Mehrere Scherben aus feiner Keramik stammen aus dem 4. Jahrhundert v. Chr.<\/p><\/div><\/div><div class='clear_column'><\/div><div class='content-column one_half'><div style=\"padding-right:6px;\"><p>Me\u0111u na\u0111enim \u017eivotinjskim kostima (koza, ovaca, krava i svinja), prevladavaju sitni dijelovi kostiju nogu (<em>phalanx<\/em> = \u010dlanak prsta), upotrebljavanih za igranje dru\u0161tvenih igara od strane <em>horophilakes a (s<\/em>tra\u017eara polja), za razbibrigu dok su bili u slu\u017ebi.<\/p><\/div><\/div><div class='content-column one_half last_column'><div style=\"padding-right:0px;padding-left:6px;\"><p>Unter den gefundenen Tierknochen (Ziegen, Schafe, K\u00fche und Schweine), \u00fcberwiegen kleine Teile von Beinknochen (Phalanx = Fingerglied) die als Spielsteine zur Unterhaltung der Wachposten (<em>horophilakes)<\/em>, w\u00e4hrend des Dienstes dienten.<\/p><\/div><\/div><div class='clear_column'><\/div><\/p>\n<p style=\"text-align: right;\"><a href=\"#seite_oben\">natrag na vrh \/ Seitenanfang<\/a><\/p>\n<hr \/>\n<p><strong>Linkovi \/ Links<\/strong><\/p>\n<div class=\"html-div xdj266r x11i5rnm xat24cr x1mh8g0r xexx8yu x4uap5 x18d9i69 xkhd6sd\">\n<div id=\"\u00abru1o\u00bb\" class=\"html-div xdj266r x11i5rnm xat24cr x1mh8g0r xexx8yu x4uap5 x18d9i69 xkhd6sd x1n2onr6\">\n<div class=\"html-div xdj266r x11i5rnm xat24cr x1mh8g0r xexx8yu x4uap5 x18d9i69 xkhd6sd x6ikm8r x10wlt62\">\n<div class=\"x1n2onr6\">\n<div class=\"xmjcpbm x1n2onr6 x1lku1pv\">\n<div class=\"x9f619 x1ja2u2z x78zum5 x2lah0s x1n2onr6 x1qughib x6s0dn4 xozqiw3 x1q0g3np xykv574 xbmpl8g xsag5q8 x1pi30zi x1swvt13 xz9dl7a\">\n<div class=\"x9f619 x1n2onr6 x1ja2u2z x193iq5w xeuugli x1r8uery x1iyjqo2 xs83m0k xsyo7zv x16hj40l\">\n<div class=\"x6ikm8r x10wlt62 x9f619 x1lkfr7t x4vbgl9 x1rdy4ex xjkvuk6 x1iorvi4 xd183bf\">\n<div class=\"x78zum5 xdt5ytf xz62fqu x16ldp7u\">\n<p class=\"xu06os2 x1ok221b\"><span class=\"x193iq5w xeuugli x13faqbe x1vvkbs x1xmvt09 x1lliihq x1s928wv xhkezso x1gmr53x x1cpjm7i x1fgarty x1943h6x xudqn12 x3x7a5m x1lkfr7t x1lbecb7 x1s688f xzsf02u x1yc453h\" dir=\"auto\"><span class=\"x1lliihq x6ikm8r x10wlt62 x1n2onr6 x1j85h84\"><span data-ad-rendering-role=\"title\"><span class=\"html-span xdj266r x11i5rnm xat24cr x1mh8g0r xexx8yu x4uap5 x18d9i69 xkhd6sd x1hl2dhg x16tdsg8 x1vvkbs\" dir=\"auto\">Gr\u010dka kula na Maslinoviku &#8211; <span style=\"color: #3366ff;\"><a style=\"color: #3366ff;\" href=\"https:\/\/l.facebook.com\/l.php?u=https%3A%2F%2Fskfb.ly%2F6VJqC%3Ffbclid%3DIwZXh0bgNhZW0CMTEAAR4SLvD38LfA5xAyFmILFsXkfC_VXyRRThvR5ZQ0PlEyjbkNl9r3iHzkHpv2_A_aem_eO6BUVBaUEcwNYNxJd8Iag&amp;h=AT3DvW3fTzKn0jWioLSb43WIV9SJyaGJn5L6n-52987rQZtawYbcZgMBx2DKMonODXY_3DW7Lyt8ReJlfGbg8ZvEYm-4WvG5Xox0ExDF6pDmG1avnrTR5VorDhBdAp-ayZe_tlU_OrTWenBf&amp;__tn__=H-R&amp;c[0]=AT005Yk9X69SvQIPrha_Yx2i882nwfs8HIpzcqkHxgQ-L33BwEXyPWVEPQ54oR23Yr7PUOLndNw9HqzoYZeO0LpX_1yVyS4dEb-2JM0TmdyGokAuSa6krjwSqKkxm0Am-D6Olde37G4FgyveOJ7JIQln2Vd54eJ026R9LhG2vMxqNREaGGHZyg2YBw1KUBFNi92O8xMr8orCx0zlZBu5wiBFCXVma0KyRio\">3D model by Kantharos d.o.o.<\/a><\/span><br \/>\n<\/span><\/span><\/span><\/span><a style=\"color: #3366ff;\" href=\"https:\/\/www.topohvar.at\/topo\/orte\/je\/je-po-02-1\/\">Povijesni lokalitet \/ historischer Ort \u00bbTor\u00ab<\/a><\/p>\n<\/div>\n<\/div>\n<\/div>\n<\/div>\n<\/div>\n<\/div>\n<\/div>\n<\/div>\n<\/div>\n","protected":false},"excerpt":{"rendered":"<p>Ime \/ Name Povijesni lokalitet \u00bbgr\u010dka kula Maslinovik\u00ab \/ Historischer Ort griechischer Turm Maslinovik Code: SG-PO-03\u00a0 \u00a0 \u00a0 \u00a0 \u00a0 \u00a0 \u00a0 \u00a0 \u00a0 \u00a0 \u00a0 \u00a0 \u00a0 \u00a0 \u00a0 \u00a0 \u00a0 \u00a0\u00a0 Adresa \/ Adresse Stari Grad, Polje, Maslinovik &hellip; <a href=\"https:\/\/www.topohvar.at\/topo\/orte\/sg\/sg-po-03-2\/\">Weiterlesen <span class=\"meta-nav\">&rarr;<\/span><\/a><\/p>\n","protected":false},"author":1,"featured_media":0,"parent":99,"menu_order":0,"comment_status":"closed","ping_status":"closed","template":"","meta":{"footnotes":""},"class_list":["post-4041","page","type-page","status-publish","hentry"],"_links":{"self":[{"href":"https:\/\/www.topohvar.at\/topo\/wp-json\/wp\/v2\/pages\/4041","targetHints":{"allow":["GET"]}}],"collection":[{"href":"https:\/\/www.topohvar.at\/topo\/wp-json\/wp\/v2\/pages"}],"about":[{"href":"https:\/\/www.topohvar.at\/topo\/wp-json\/wp\/v2\/types\/page"}],"author":[{"embeddable":true,"href":"https:\/\/www.topohvar.at\/topo\/wp-json\/wp\/v2\/users\/1"}],"replies":[{"embeddable":true,"href":"https:\/\/www.topohvar.at\/topo\/wp-json\/wp\/v2\/comments?post=4041"}],"version-history":[{"count":18,"href":"https:\/\/www.topohvar.at\/topo\/wp-json\/wp\/v2\/pages\/4041\/revisions"}],"predecessor-version":[{"id":71440,"href":"https:\/\/www.topohvar.at\/topo\/wp-json\/wp\/v2\/pages\/4041\/revisions\/71440"}],"up":[{"embeddable":true,"href":"https:\/\/www.topohvar.at\/topo\/wp-json\/wp\/v2\/pages\/99"}],"wp:attachment":[{"href":"https:\/\/www.topohvar.at\/topo\/wp-json\/wp\/v2\/media?parent=4041"}],"curies":[{"name":"wp","href":"https:\/\/api.w.org\/{rel}","templated":true}]}}