{"id":40426,"date":"2020-08-24T16:48:27","date_gmt":"2020-08-24T14:48:27","guid":{"rendered":"https:\/\/www.topohvar.at\/topo\/?page_id=40426"},"modified":"2022-02-17T16:28:47","modified_gmt":"2022-02-17T15:28:47","slug":"gj-po-00-1","status":"publish","type":"page","link":"https:\/\/www.topohvar.at\/topo\/orte\/gj\/gj-po-00-1\/","title":{"rendered":"GDINJ &#8211; Popis arheolo\u0161ka nalazi\u0161ta"},"content":{"rendered":"<p><a name=\"seite_oben\"><\/a><br \/>\n<strong><img loading=\"lazy\" decoding=\"async\" class=\"alignnone wp-image-387 size-full\" src=\"https:\/\/www.topohvar.at\/wp-content\/uploads\/2018\/07\/00-00-00-1.jpg\" alt=\"\" width=\"114\" height=\"56\" \/><\/strong><\/p>\n<p><strong>Ime \/ Name<br \/>\n<\/strong>Popis arheolo\u0161ka nalazi\u0161ta \/ Liste arch\u00e4ologischer St\u00e4tten<\/p>\n<p><strong>Code: <\/strong>GJ-PO-00\u00a0 \u00a0 \u00a0 \u00a0 \u00a0 \u00a0 \u00a0 \u00a0 \u00a0 \u00a0 \u00a0 \u00a0 \u00a0 \u00a0 \u00a0 \u00a0 \u00a0 \u00a0 \u00a0<strong> <a href=\"https:\/\/www.topohvar.at\/orte\/gj\/\"><img loading=\"lazy\" decoding=\"async\" class=\"alignnone wp-image-535 size-full\" src=\"https:\/\/www.topohvar.at\/wp-content\/uploads\/2018\/07\/push-o-30.jpg\" alt=\"\" width=\"61\" height=\"30\" \/><\/a> <a href=\"https:\/\/www.topohvar.at\/topo\/orte\/gj\/gj-pg-00-1\/\"><img loading=\"lazy\" decoding=\"async\" class=\"alignnone wp-image-536 size-full\" src=\"https:\/\/www.topohvar.at\/wp-content\/uploads\/2018\/07\/push-r-30.jpg\" alt=\"\" width=\"61\" height=\"30\" \/><\/a>\u00a0<\/strong><\/p>\n<hr \/>\n<div class='content-column one_half'><div style=\"padding-right:6px;\"><p><strong>Evidentirana kulturna dobra &#8211; arheolo\u0161ka nalazi\u0161ta<br \/>\n<\/strong>Izvor: Op\u0107ina Jelsa, naselje Gdinj, prostorni plan ure\u00f0enja obrazlo\u017eenje, listopad 2008<\/p>\n<p>Stupac 1: broj<br \/>\nStupac 2: ime<br \/>\nStupac 3: Vrsta<br \/>\n.\u00a0 \u00a0 pretpovijesna gradina<br \/>\n.\u00a0 \u00a0 pretpovijesna gomila<br \/>\n.\u00a0 \u00a0 koncentracija nalaza-rimsko doba<br \/>\n.\u00a0 \u00a0 spilja-pretpovijesna nalazi<br \/>\n.\u00a0 \u00a0 skeletno groblje<br \/>\nStupac 4: Status za\u0161tite<br \/>\n.\u00a0 \u00a0 prev. za\u0161tite<\/p><\/div><\/div><div class='content-column one_half last_column'><div style=\"padding-right:0px;padding-left:6px;\"><p><strong>Aufgezeichnete Kulturg\u00fcter &#8211; arch\u00e4ologische St\u00e4tten<br \/>\n<\/strong>Quelle: Erkl\u00e4rung zur Raumplanung der Gemeinde Jelsa, Ortschaft Gdinj, Oktober 2008<\/p>\n<p>Spalte 1: Nummer<br \/>\nSpalte 2: Name<br \/>\nSpalte 3: Spezies<br \/>\n.\u00a0 \u00a0 pr\u00e4historische H\u00fcgelfestung<br \/>\n.\u00a0 \u00a0 pr\u00e4historischer H\u00fcgel<br \/>\n.\u00a0 \u00a0 Fundstelle &#8211; R\u00f6merzeit<br \/>\n.\u00a0 \u00a0 pr\u00e4historische H\u00f6hlenfunde<br \/>\n.\u00a0 \u00a0 Grabstelle-Skelett<br \/>\nSpalte 4: Schutzstatus<br \/>\n.\u00a0 \u00a0 vorbeugender Schutz<\/p><\/div><\/div><div class='clear_column'><\/div><\/p>\n<table width=\"455\">\n<tbody>\n<tr>\n<td width=\"36\">\n<h5>7493<\/h5>\n<\/td>\n<td width=\"133\">\n<h5>GR\u010cKA GOMILA<\/h5>\n<\/td>\n<td width=\"208\">\n<h5>pretpovijesna gradina<\/h5>\n<\/td>\n<td width=\"78\">\n<h5>prev. za\u0161tita<\/h5>\n<\/td>\n<\/tr>\n<tr>\n<td>\n<h5>7494<\/h5>\n<\/td>\n<td>\n<h5>KLA\u010cINA<\/h5>\n<\/td>\n<td>\n<h5>pretpovijesna gomila<\/h5>\n<\/td>\n<td>\n<h5>prev. za\u0161tita<\/h5>\n<\/td>\n<\/tr>\n<tr>\n<td>\n<h5>7495<\/h5>\n<\/td>\n<td>\n<h5>VELA GOMILA<\/h5>\n<\/td>\n<td>\n<h5>pretpovijesna gomila<\/h5>\n<\/td>\n<td>\n<h5>prev. za\u0161tita<\/h5>\n<\/td>\n<\/tr>\n<tr>\n<td>\n<h5>7496<\/h5>\n<\/td>\n<td>\n<h5>SV. ROKO<\/h5>\n<\/td>\n<td>\n<h5>pretpovijesna gomila<\/h5>\n<\/td>\n<td>\n<h5>prev. za\u0161tita<\/h5>\n<\/td>\n<\/tr>\n<tr>\n<td>\n<h5>7497<\/h5>\n<\/td>\n<td>\n<h5>XXXX<\/h5>\n<\/td>\n<td>\n<h5>pretpovijesna gomila<\/h5>\n<\/td>\n<td>\n<h5>prev. za\u0161tita<\/h5>\n<\/td>\n<\/tr>\n<tr>\n<td>\n<h5>7498<\/h5>\n<\/td>\n<td>\n<h5>XXXX<\/h5>\n<\/td>\n<td>\n<h5>pretpovijesna gomila<\/h5>\n<\/td>\n<td>\n<h5>prev. za\u0161tita<\/h5>\n<\/td>\n<\/tr>\n<tr>\n<td>\n<h5>7499<\/h5>\n<\/td>\n<td>\n<h5>TRAP<\/h5>\n<\/td>\n<td>\n<h5>pretpovijesna gomila<\/h5>\n<\/td>\n<td>\n<h5>prev. za\u0161tita<\/h5>\n<\/td>\n<\/tr>\n<tr>\n<td>\n<h5>7500<\/h5>\n<\/td>\n<td>\n<h5>MU\u0160INA DU\u017dA (BU\u017dA)<\/h5>\n<\/td>\n<td>\n<h5>pretpovijesna gomila<\/h5>\n<\/td>\n<td>\n<h5>prev. za\u0161tita<\/h5>\n<\/td>\n<\/tr>\n<tr>\n<td>\n<h5>7501<\/h5>\n<\/td>\n<td>\n<h5>MU\u0160INA DU\u017dA (BU\u017dA)<\/h5>\n<\/td>\n<td>\n<h5>pretpovijesna gomila<\/h5>\n<\/td>\n<td>\n<h5>prev. za\u0161tita<\/h5>\n<\/td>\n<\/tr>\n<tr>\n<td>\n<h5>7502<\/h5>\n<\/td>\n<td>\n<h5>MU\u0160INA DU\u017dA (BU\u017dA)<\/h5>\n<\/td>\n<td>\n<h5>pretpovijesna gomila<\/h5>\n<\/td>\n<td>\n<h5>prev. za\u0161tita<\/h5>\n<\/td>\n<\/tr>\n<tr>\n<td>\n<h5>7503<\/h5>\n<\/td>\n<td>\n<h5>CRNE BO\u010cICE<\/h5>\n<\/td>\n<td>\n<h5>pretpovijesna gomila<\/h5>\n<\/td>\n<td>\n<h5>prev. za\u0161tita<\/h5>\n<\/td>\n<\/tr>\n<tr>\n<td>\n<h5>7504<\/h5>\n<\/td>\n<td>\n<h5>TURNI\u0106<\/h5>\n<\/td>\n<td>\n<h5>pretpovijesna gradina<\/h5>\n<\/td>\n<td>\n<h5>prev. za\u0161tita<\/h5>\n<\/td>\n<\/tr>\n<tr>\n<td>\n<h5>7505<\/h5>\n<\/td>\n<td>\n<h5>PAKLINA<\/h5>\n<\/td>\n<td>\n<h5>pretpovijesna gomila<\/h5>\n<\/td>\n<td>\n<h5>prev. za\u0161tita<\/h5>\n<\/td>\n<\/tr>\n<tr>\n<td>\n<h5>7506<\/h5>\n<\/td>\n<td>\n<h5>VRTLINE<\/h5>\n<\/td>\n<td>\n<h5>pretpovijesna gomila<\/h5>\n<\/td>\n<td>\n<h5>prev. za\u0161tita<\/h5>\n<\/td>\n<\/tr>\n<tr>\n<td>\n<h5>7507<\/h5>\n<\/td>\n<td>\n<h5>POD KLA\u010cINE (SPLA\u010cINE)<\/h5>\n<\/td>\n<td>\n<h5>pretpovijesna gomila<\/h5>\n<\/td>\n<td>\n<h5>prev. za\u0161tita<\/h5>\n<\/td>\n<\/tr>\n<tr>\n<td>\n<h5>7508<\/h5>\n<\/td>\n<td>\n<h5>POD KLA\u010cINE (SPLA\u010cINE)<\/h5>\n<\/td>\n<td>\n<h5>pretpovijesna gomila<\/h5>\n<\/td>\n<td>\n<h5>prev. za\u0161tita<\/h5>\n<\/td>\n<\/tr>\n<tr>\n<td>\n<h5>7509<\/h5>\n<\/td>\n<td>\n<h5>LE\u010cEVA GOMILA<\/h5>\n<\/td>\n<td>\n<h5>pretpovijesna gomila<\/h5>\n<\/td>\n<td>\n<h5>prev. za\u0161tita<\/h5>\n<\/td>\n<\/tr>\n<tr>\n<td>\n<h5>7510<\/h5>\n<\/td>\n<td>\n<h5>XXXX<\/h5>\n<\/td>\n<td>\n<h5>pretpovijesna gomila<\/h5>\n<\/td>\n<td>\n<h5>prev. za\u0161tita<\/h5>\n<\/td>\n<\/tr>\n<tr>\n<td>\n<h5>7511<\/h5>\n<\/td>\n<td>\n<h5>XXXX<\/h5>\n<\/td>\n<td>\n<h5>pretpovijesna gomila<\/h5>\n<\/td>\n<td>\n<h5>prev. za\u0161tita<\/h5>\n<\/td>\n<\/tr>\n<tr>\n<td>\n<h5>7512<\/h5>\n<\/td>\n<td>\n<h5>MARINOVO<\/h5>\n<\/td>\n<td>\n<h5>pretpovijesna gomila<\/h5>\n<\/td>\n<td>\n<h5>prev. za\u0161tita<\/h5>\n<\/td>\n<\/tr>\n<tr>\n<td>\n<h5>7513<\/h5>\n<\/td>\n<td>\n<h5>MARINOVO<\/h5>\n<\/td>\n<td>\n<h5>pretpovijesna gomila<\/h5>\n<\/td>\n<td>\n<h5>prev. za\u0161tita<\/h5>\n<\/td>\n<\/tr>\n<tr>\n<td>\n<h5>7514<\/h5>\n<\/td>\n<td>\n<h5>MARINOVO<\/h5>\n<\/td>\n<td>\n<h5>pretpovijesna gomila<\/h5>\n<\/td>\n<td>\n<h5>prev. za\u0161tita<\/h5>\n<\/td>\n<\/tr>\n<tr>\n<td>\n<h5>7515<\/h5>\n<\/td>\n<td>\n<h5>RA\u010cEVINJA<\/h5>\n<\/td>\n<td>\n<h5>pretpovijesna gomila<\/h5>\n<\/td>\n<td>\n<h5>prev. za\u0161tita<\/h5>\n<\/td>\n<\/tr>\n<tr>\n<td>\n<h5>7516<\/h5>\n<\/td>\n<td>\n<h5>RA\u010cEVINJA<\/h5>\n<\/td>\n<td>\n<h5>pretpovijesna gomila<\/h5>\n<\/td>\n<td>\n<h5>prev. za\u0161tita<\/h5>\n<\/td>\n<\/tr>\n<tr>\n<td>\n<h5>7517<\/h5>\n<\/td>\n<td>\n<h5>TERUNAC<\/h5>\n<\/td>\n<td>\n<h5>pretpovijesna gomila<\/h5>\n<\/td>\n<td>\n<h5>prev. za\u0161tita<\/h5>\n<\/td>\n<\/tr>\n<tr>\n<td>\n<h5>7518<\/h5>\n<\/td>\n<td>\n<h5>KOZJA<\/h5>\n<\/td>\n<td>\n<h5>koncentracija nalaza-rimsko doba<\/h5>\n<\/td>\n<td>\n<h5>prev. za\u0161tita<\/h5>\n<\/td>\n<\/tr>\n<tr>\n<td>\n<h5>7519<\/h5>\n<\/td>\n<td>\n<h5>KOZJA<\/h5>\n<\/td>\n<td>\n<h5>spilja-pretpov. nalazi<\/h5>\n<\/td>\n<td>\n<h5>prev. za\u0161tita<\/h5>\n<\/td>\n<\/tr>\n<tr>\n<td>\n<h5>7520<\/h5>\n<\/td>\n<td>\n<h5>IZA ZABURNJE LOKVE<\/h5>\n<\/td>\n<td>\n<h5>pretpovijesna gomila<\/h5>\n<\/td>\n<td>\n<h5>prev. za\u0161tita<\/h5>\n<\/td>\n<\/tr>\n<tr>\n<td>\n<h5>7521<\/h5>\n<\/td>\n<td>\n<h5>IZA ZABURNJE LOKVE<\/h5>\n<\/td>\n<td>\n<h5>pretpovijesna gomila<\/h5>\n<\/td>\n<td>\n<h5>prev. za\u0161tita<\/h5>\n<\/td>\n<\/tr>\n<tr>\n<td>\n<h5>7522<\/h5>\n<\/td>\n<td>\n<h5>LIKOVI\u0106<\/h5>\n<\/td>\n<td>\n<h5>pretpovijesna gradina<\/h5>\n<\/td>\n<td>\n<h5>prev. za\u0161tita<\/h5>\n<\/td>\n<\/tr>\n<tr>\n<td>\n<h5>7523<\/h5>\n<\/td>\n<td>\n<h5>LIKOVI\u0106<\/h5>\n<\/td>\n<td>\n<h5>pretpovijesna gomila<\/h5>\n<\/td>\n<td>\n<h5>prev. za\u0161tita<\/h5>\n<\/td>\n<\/tr>\n<tr>\n<td>\n<h5>7524<\/h5>\n<\/td>\n<td>\n<h5>TERUNAC<\/h5>\n<\/td>\n<td>\n<h5>pretpovijesna gomila<\/h5>\n<\/td>\n<td>\n<h5>prev. za\u0161tita<\/h5>\n<\/td>\n<\/tr>\n<tr>\n<td>\n<h5>7525<\/h5>\n<\/td>\n<td>\n<h5>LIKOVA GLAVA<\/h5>\n<\/td>\n<td>\n<h5>pretpovijesna gradina<\/h5>\n<\/td>\n<td>\n<h5>prev. za\u0161tita<\/h5>\n<\/td>\n<\/tr>\n<tr>\n<td>\n<h5>7526<\/h5>\n<\/td>\n<td>\n<h5>XXXX<\/h5>\n<\/td>\n<td>\n<h5>pretpovijesna gomila<\/h5>\n<\/td>\n<td>\n<h5>prev. za\u0161tita<\/h5>\n<\/td>\n<\/tr>\n<tr>\n<td>\n<h5>7527<\/h5>\n<\/td>\n<td>\n<h5>CVITNA GOMILA<\/h5>\n<\/td>\n<td>\n<h5>pretpovijesna gomila<\/h5>\n<\/td>\n<td>\n<h5>prev. za\u0161tita<\/h5>\n<\/td>\n<\/tr>\n<tr>\n<td>\n<h5>7528<\/h5>\n<\/td>\n<td>\n<h5>GNJOJ<\/h5>\n<\/td>\n<td>\n<h5>skeletno groblje<\/h5>\n<\/td>\n<td>\n<h5>prev. za\u0161tita<\/h5>\n<\/td>\n<\/tr>\n<tr>\n<td>\n<h5>7529<\/h5>\n<\/td>\n<td>\n<h5>GRAHOVA GOMILA<\/h5>\n<\/td>\n<td>\n<h5>pretpovijesna gomila<\/h5>\n<\/td>\n<td>\n<h5>prev. za\u0161tita<\/h5>\n<\/td>\n<\/tr>\n<\/tbody>\n<\/table>\n<hr \/>\n<p><strong>Linkovi \/ Links<\/strong><\/p>\n<p><span style=\"color: #3366ff;\">&#8211;<\/span><\/p>\n","protected":false},"excerpt":{"rendered":"<p>Ime \/ Name Popis arheolo\u0161ka nalazi\u0161ta \/ Liste arch\u00e4ologischer St\u00e4tten Code: GJ-PO-00\u00a0 \u00a0 \u00a0 \u00a0 \u00a0 \u00a0 \u00a0 \u00a0 \u00a0 \u00a0 \u00a0 \u00a0 \u00a0 \u00a0 \u00a0 \u00a0 \u00a0 \u00a0 \u00a0 \u00a0 7493 GR\u010cKA GOMILA pretpovijesna gradina prev. za\u0161tita 7494 KLA\u010cINA &hellip; <a href=\"https:\/\/www.topohvar.at\/topo\/orte\/gj\/gj-po-00-1\/\">Weiterlesen <span class=\"meta-nav\">&rarr;<\/span><\/a><\/p>\n","protected":false},"author":1,"featured_media":0,"parent":72,"menu_order":0,"comment_status":"closed","ping_status":"closed","template":"","meta":{"footnotes":""},"class_list":["post-40426","page","type-page","status-publish","hentry"],"_links":{"self":[{"href":"https:\/\/www.topohvar.at\/topo\/wp-json\/wp\/v2\/pages\/40426","targetHints":{"allow":["GET"]}}],"collection":[{"href":"https:\/\/www.topohvar.at\/topo\/wp-json\/wp\/v2\/pages"}],"about":[{"href":"https:\/\/www.topohvar.at\/topo\/wp-json\/wp\/v2\/types\/page"}],"author":[{"embeddable":true,"href":"https:\/\/www.topohvar.at\/topo\/wp-json\/wp\/v2\/users\/1"}],"replies":[{"embeddable":true,"href":"https:\/\/www.topohvar.at\/topo\/wp-json\/wp\/v2\/comments?post=40426"}],"version-history":[{"count":29,"href":"https:\/\/www.topohvar.at\/topo\/wp-json\/wp\/v2\/pages\/40426\/revisions"}],"predecessor-version":[{"id":57445,"href":"https:\/\/www.topohvar.at\/topo\/wp-json\/wp\/v2\/pages\/40426\/revisions\/57445"}],"up":[{"embeddable":true,"href":"https:\/\/www.topohvar.at\/topo\/wp-json\/wp\/v2\/pages\/72"}],"wp:attachment":[{"href":"https:\/\/www.topohvar.at\/topo\/wp-json\/wp\/v2\/media?parent=40426"}],"curies":[{"name":"wp","href":"https:\/\/api.w.org\/{rel}","templated":true}]}}