{"id":40439,"date":"2020-08-24T18:02:16","date_gmt":"2020-08-24T16:02:16","guid":{"rendered":"https:\/\/www.topohvar.at\/topo\/?page_id=40439"},"modified":"2022-02-19T18:24:55","modified_gmt":"2022-02-19T17:24:55","slug":"va-po-01-1","status":"publish","type":"page","link":"https:\/\/www.topohvar.at\/topo\/orte\/va\/va-po-01-1\/","title":{"rendered":"VRBOSKA &#8211; Popis arheolo\u0161kih nalazi\u0161ta"},"content":{"rendered":"<p><a name=\"seite_oben\"><\/a><img loading=\"lazy\" decoding=\"async\" class=\"alignleft wp-image-387 size-full\" src=\"https:\/\/www.topohvar.at\/wp-content\/uploads\/2018\/07\/00-00-00-1.jpg\" alt=\"\" width=\"114\" height=\"56\" \/><\/p>\n<p>&nbsp;<\/p>\n<p>&nbsp;<\/p>\n<p><strong>Ime \/ Name<br \/>\n<\/strong>Popis arheolo\u0161kih nalazi\u0161ta \/ Liste arch\u00e4ologischer St\u00e4tten<\/p>\n<p><strong>Code: <\/strong>VA-PO-01\u00a0 \u00a0 \u00a0 \u00a0 \u00a0 \u00a0 \u00a0 \u00a0 \u00a0 \u00a0 \u00a0 \u00a0 \u00a0 \u00a0 \u00a0 \u00a0 \u00a0 \u00a0 <strong><a href=\"https:\/\/www.topohvar.at\/topo\/orte\/va\/va-pv-01-1\/\"><img loading=\"lazy\" decoding=\"async\" class=\"alignnone wp-image-533 size-full\" src=\"https:\/\/www.topohvar.at\/wp-content\/uploads\/2018\/07\/push-l-30.jpg\" alt=\"\" width=\"61\" height=\"30\" \/><\/a> <a href=\"https:\/\/www.topohvar.at\/orte\/va\/\"><img loading=\"lazy\" decoding=\"async\" class=\"alignnone wp-image-535 size-full\" src=\"https:\/\/www.topohvar.at\/wp-content\/uploads\/2018\/07\/push-o-30.jpg\" alt=\"\" width=\"61\" height=\"30\" \/><\/a> <a href=\"https:\/\/www.topohvar.at\/topo\/orte\/va\/va-po-02-1\/\"><img loading=\"lazy\" decoding=\"async\" class=\"alignnone wp-image-536 size-full\" src=\"https:\/\/www.topohvar.at\/wp-content\/uploads\/2018\/07\/push-r-30.jpg\" alt=\"\" width=\"61\" height=\"30\" \/><\/a><\/strong><\/p>\n<hr \/>\n<div class='content-column one_half'><div style=\"padding-right:6px;\"><p><strong>Evidentirana kulturna dobra &#8211; arheolo\u0161ka nalazi\u0161ta<br \/>\n<\/strong>Izvor: Op\u0107ina Jelsa, naselje Vrboska, prostorni plan ure\u00f0enja obrazlo\u017eenje, listopad 2008<\/p>\n<p>Stupac 1: broj<br \/>\nStupac 2: ime<br \/>\nStupac 3: Vrsta<br \/>\n.\u00a0 \u00a0 koncentracija nalaza-rimsko doba<br \/>\n.\u00a0 \u00a0 pretpovijesni nalazi<br \/>\n.\u00a0 \u00a0 rimska cisterna<br \/>\n.\u00a0 \u00a0 naselje s ostacima arhitekture &#8211; rimsko doba<br \/>\n.\u00a0 \u00a0 skeletno groblje<br \/>\n.\u00a0 \u00a0 pretpovijesni suhozid<br \/>\nStupac 4: Status za\u0161tite<br \/>\n.\u00a0 \u00a0 prev. za\u0161tite<\/p><\/div><\/div><div class='content-column one_half last_column'><div style=\"padding-right:0px;padding-left:6px;\"><p><strong>Aufgezeichnete Kulturg\u00fcter &#8211; arch\u00e4ologische St\u00e4tten<br \/>\n<\/strong>Quelle: Erkl\u00e4rung zur Raumplanung der Gemeinde Jelsa, Ortschaft Vrboska, Oktober 2008<\/p>\n<p>Spalte 1: Nummer<br \/>\nSpalte 2: Name<br \/>\nSpalte 3: Spezies<br \/>\n.\u00a0 \u00a0 Fundstelle &#8211; R\u00f6merzeit<br \/>\n.\u00a0 \u00a0 pr\u00e4historische Funde<br \/>\n.\u00a0 \u00a0 r\u00f6mische Zisterne<br \/>\n.\u00a0 \u00a0 Siedlung mit architekt. \u00dcberresten &#8211; R\u00f6merzeit<br \/>\n.\u00a0 \u00a0 Grabstelle &#8211; Skelett<br \/>\n.\u00a0 \u00a0 pr\u00e4historische Trockensteinmauer<br \/>\nSpalte 4: Schutzstatus<br \/>\n.\u00a0 \u00a0 vorbeugender Schutz<\/p><\/div><\/div><div class='clear_column'><\/div><\/p>\n<table width=\"519\">\n<tbody>\n<tr>\n<td width=\"36\">\n<h5>7530<\/h5>\n<\/td>\n<td width=\"133\">\n<h5>HUM<\/h5>\n<\/td>\n<td width=\"272\">\n<h5>pretpovijesna gomila<\/h5>\n<\/td>\n<td width=\"78\">\n<h5>prev. za\u0161tita<\/h5>\n<\/td>\n<\/tr>\n<tr>\n<td>\n<h5>7531<\/h5>\n<\/td>\n<td>\n<h5>DOCI<\/h5>\n<\/td>\n<td>\n<h5>koncentracija nalaza-rimsko doba<\/h5>\n<\/td>\n<td>\n<h5>prev. za\u0161tita<\/h5>\n<\/td>\n<\/tr>\n<tr>\n<td>\n<h5>7532<\/h5>\n<\/td>\n<td>\n<h5>DOL\u010cI\u0106<\/h5>\n<\/td>\n<td>\n<h5>pretpovijesni nalazi<\/h5>\n<\/td>\n<td>\n<h5>prev. za\u0161tita<\/h5>\n<\/td>\n<\/tr>\n<tr>\n<td>\n<h5>7533<\/h5>\n<\/td>\n<td>\n<h5>DOL\u010cI\u0106<\/h5>\n<\/td>\n<td>\n<h5>pretpovijesni nalazi<\/h5>\n<\/td>\n<td>\n<h5>prev. za\u0161tita<\/h5>\n<\/td>\n<\/tr>\n<tr>\n<td>\n<h5>7534<\/h5>\n<\/td>\n<td>\n<h5>XXXX<\/h5>\n<\/td>\n<td>\n<h5>koncentracija nalaza-rimsko doba<\/h5>\n<\/td>\n<td>\n<h5>prev. za\u0161tita<\/h5>\n<\/td>\n<\/tr>\n<tr>\n<td>\n<h5>7535<\/h5>\n<\/td>\n<td>\n<h5>XXXX<\/h5>\n<\/td>\n<td>\n<h5>koncentracija nalaza-rimsko doba<\/h5>\n<\/td>\n<td>\n<h5>prev. za\u0161tita<\/h5>\n<\/td>\n<\/tr>\n<tr>\n<td>\n<h5>7536<\/h5>\n<\/td>\n<td>\n<h5>CARKOVNJAK<\/h5>\n<\/td>\n<td>\n<h5>koncentracija nalaza-rimsko doba<\/h5>\n<\/td>\n<td>\n<h5>prev. za\u0161tita<\/h5>\n<\/td>\n<\/tr>\n<tr>\n<td>\n<h5>7537<\/h5>\n<\/td>\n<td>\n<h5>MALA BLACA<\/h5>\n<\/td>\n<td>\n<h5>koncentracija nalaza-rimsko doba<\/h5>\n<\/td>\n<td>\n<h5>prev. za\u0161tita<\/h5>\n<\/td>\n<\/tr>\n<tr>\n<td>\n<h5>7538<\/h5>\n<\/td>\n<td>\n<h5>BLATA<\/h5>\n<\/td>\n<td>\n<h5>koncentracija nalaza-rimsko doba<\/h5>\n<\/td>\n<td>\n<h5>prev. za\u0161tita<\/h5>\n<\/td>\n<\/tr>\n<tr>\n<td>\n<h5>7539<\/h5>\n<\/td>\n<td>\n<h5>BLATA<\/h5>\n<\/td>\n<td>\n<h5>koncentracija nalaza-rimsko doba<\/h5>\n<\/td>\n<td>\n<h5>prev. za\u0161tita<\/h5>\n<\/td>\n<\/tr>\n<tr>\n<td>\n<h5>7540<\/h5>\n<\/td>\n<td>\n<h5>LOKVA<\/h5>\n<\/td>\n<td>\n<h5>rimska cisterna<\/h5>\n<\/td>\n<td>\n<h5>prev. za\u0161tita<\/h5>\n<\/td>\n<\/tr>\n<tr>\n<td>\n<h5>7541<\/h5>\n<\/td>\n<td>\n<h5>XXXX<\/h5>\n<\/td>\n<td>\n<h5>koncentracija nalaza-rimsko doba<\/h5>\n<\/td>\n<td>\n<h5>prev. za\u0161tita<\/h5>\n<\/td>\n<\/tr>\n<tr>\n<td>\n<h5>7542<\/h5>\n<\/td>\n<td>\n<h5>MIRJE<\/h5>\n<\/td>\n<td>\n<h5>naselje s ostacima arhitekture &#8211; rimsko doba<\/h5>\n<\/td>\n<td>\n<h5>prev. za\u0161tita<\/h5>\n<\/td>\n<\/tr>\n<tr>\n<td>\n<h5>7543<\/h5>\n<\/td>\n<td>\n<h5>MALA BLACA<\/h5>\n<\/td>\n<td>\n<h5>skeletno groblje<\/h5>\n<\/td>\n<td>\n<h5>prev. za\u0161tita<\/h5>\n<\/td>\n<\/tr>\n<tr>\n<td>\n<h5>7544<\/h5>\n<\/td>\n<td>\n<h5>DRAGI\u010cIN LAZ<\/h5>\n<\/td>\n<td>\n<h5>skeletno groblje<\/h5>\n<\/td>\n<td>\n<h5>prev. za\u0161tita<\/h5>\n<\/td>\n<\/tr>\n<tr>\n<td>\n<h5>7648<\/h5>\n<\/td>\n<td>\n<h5>KA\u0160TILAC<\/h5>\n<\/td>\n<td>\n<h5>pretpovijesna gomila<\/h5>\n<\/td>\n<td>\n<h5>prev. za\u0161tita<\/h5>\n<\/td>\n<\/tr>\n<tr>\n<td>\n<h5>7649<\/h5>\n<\/td>\n<td>\n<h5>DU\u010cIN DVOR-BABA<\/h5>\n<\/td>\n<td>\n<h5>naselje s ostacima arhitekture rimsko doba<\/h5>\n<\/td>\n<td>\n<h5>prev. za\u0161tita<\/h5>\n<\/td>\n<\/tr>\n<tr>\n<td>\n<h5>7650<\/h5>\n<\/td>\n<td>\n<h5>SVETI ROKO<\/h5>\n<\/td>\n<td>\n<h5>pretpovijesni suhozid<\/h5>\n<\/td>\n<td>\n<h5>prev. za\u0161tita<\/h5>\n<\/td>\n<\/tr>\n<tr>\n<td>\n<h5>7651<\/h5>\n<\/td>\n<td>\n<h5>DOLAC<\/h5>\n<\/td>\n<td>\n<h5>koncentracija nalaza-rimsko doba<\/h5>\n<\/td>\n<td>\n<h5>prev. za\u0161tita<\/h5>\n<\/td>\n<\/tr>\n<tr>\n<td>\n<h5>7652<\/h5>\n<\/td>\n<td>\n<h5>JE\u017dE<\/h5>\n<\/td>\n<td>\n<h5>naselje s ostacima arhitekturerimsko doba<\/h5>\n<\/td>\n<td>\n<h5>prev. za\u0161tita<\/h5>\n<\/td>\n<\/tr>\n<tr>\n<td>\n<h5>7653<\/h5>\n<\/td>\n<td>\n<h5>PADVA<\/h5>\n<\/td>\n<td>\n<h5>koncentracija nalaza-rimsko doba<\/h5>\n<\/td>\n<td>\n<h5>prev. za\u0161tita<\/h5>\n<\/td>\n<\/tr>\n<\/tbody>\n<\/table>\n<p style=\"text-align: right;\"><span style=\"color: #3366ff;\"><a style=\"color: #3366ff;\" href=\"#seite_oben\">\u00a0natrag na vrh \/ Seitenanfang<\/a><\/span><\/p>\n<hr \/>\n<p><strong>Linkovi \/ Links<\/strong><\/p>\n<p><span style=\"color: #3366ff;\">&#8211;<\/span><\/p>\n","protected":false},"excerpt":{"rendered":"<p>&nbsp; &nbsp; Ime \/ Name Popis arheolo\u0161kih nalazi\u0161ta \/ Liste arch\u00e4ologischer St\u00e4tten Code: VA-PO-01\u00a0 \u00a0 \u00a0 \u00a0 \u00a0 \u00a0 \u00a0 \u00a0 \u00a0 \u00a0 \u00a0 \u00a0 \u00a0 \u00a0 \u00a0 \u00a0 \u00a0 \u00a0 7530 HUM pretpovijesna gomila prev. za\u0161tita 7531 DOCI koncentracija &hellip; <a href=\"https:\/\/www.topohvar.at\/topo\/orte\/va\/va-po-01-1\/\">Weiterlesen <span class=\"meta-nav\">&rarr;<\/span><\/a><\/p>\n","protected":false},"author":1,"featured_media":0,"parent":109,"menu_order":0,"comment_status":"closed","ping_status":"closed","template":"","meta":{"footnotes":""},"class_list":["post-40439","page","type-page","status-publish","hentry"],"_links":{"self":[{"href":"https:\/\/www.topohvar.at\/topo\/wp-json\/wp\/v2\/pages\/40439","targetHints":{"allow":["GET"]}}],"collection":[{"href":"https:\/\/www.topohvar.at\/topo\/wp-json\/wp\/v2\/pages"}],"about":[{"href":"https:\/\/www.topohvar.at\/topo\/wp-json\/wp\/v2\/types\/page"}],"author":[{"embeddable":true,"href":"https:\/\/www.topohvar.at\/topo\/wp-json\/wp\/v2\/users\/1"}],"replies":[{"embeddable":true,"href":"https:\/\/www.topohvar.at\/topo\/wp-json\/wp\/v2\/comments?post=40439"}],"version-history":[{"count":10,"href":"https:\/\/www.topohvar.at\/topo\/wp-json\/wp\/v2\/pages\/40439\/revisions"}],"predecessor-version":[{"id":57539,"href":"https:\/\/www.topohvar.at\/topo\/wp-json\/wp\/v2\/pages\/40439\/revisions\/57539"}],"up":[{"embeddable":true,"href":"https:\/\/www.topohvar.at\/topo\/wp-json\/wp\/v2\/pages\/109"}],"wp:attachment":[{"href":"https:\/\/www.topohvar.at\/topo\/wp-json\/wp\/v2\/media?parent=40439"}],"curies":[{"name":"wp","href":"https:\/\/api.w.org\/{rel}","templated":true}]}}