{"id":40473,"date":"2020-08-25T08:38:07","date_gmt":"2020-08-25T06:38:07","guid":{"rendered":"https:\/\/www.topohvar.at\/topo\/?page_id=40473"},"modified":"2024-12-16T16:11:52","modified_gmt":"2024-12-16T15:11:52","slug":"je-po-00-1","status":"publish","type":"page","link":"https:\/\/www.topohvar.at\/topo\/orte\/je\/je-po-00-1\/","title":{"rendered":"JELSA &#8211; Popis arheolo\u0161kih nalazi\u0161ta"},"content":{"rendered":"<p><img loading=\"lazy\" decoding=\"async\" class=\"alignleft wp-image-387 size-full\" src=\"https:\/\/www.topohvar.at\/wp-content\/uploads\/2018\/07\/00-00-00-1.jpg\" alt=\"\" width=\"114\" height=\"56\" \/><\/p>\n<p>&nbsp;<\/p>\n<p>&nbsp;<\/p>\n<p><strong>Ime \/ Name<br \/>\n<\/strong>Popis arheolo\u0161kih nalazi\u0161ta \/ Liste arch\u00e4ologischer St\u00e4tten<\/p>\n<p><strong>Code: <\/strong>JE-PO-00\u00a0 \u00a0 \u00a0 \u00a0 \u00a0 \u00a0 \u00a0 \u00a0 \u00a0 \u00a0 \u00a0 \u00a0 \u00a0 \u00a0 \u00a0 \u00a0 \u00a0 \u00a0 <strong><a href=\"https:\/\/www.topohvar.at\/topo\/orte\/je\/je-po-06-1\/\"><img loading=\"lazy\" decoding=\"async\" class=\"alignnone wp-image-533 size-full\" src=\"https:\/\/www.topohvar.at\/wp-content\/uploads\/2018\/07\/push-l-30.jpg\" alt=\"\" width=\"61\" height=\"30\" \/><\/a> <a href=\"https:\/\/www.topohvar.at\/orte\/je\/\"><img loading=\"lazy\" decoding=\"async\" class=\"alignnone wp-image-535 size-full\" src=\"https:\/\/www.topohvar.at\/wp-content\/uploads\/2018\/07\/push-o-30.jpg\" alt=\"\" width=\"61\" height=\"30\" \/><\/a> <a href=\"https:\/\/www.topohvar.at\/topo\/orte\/je\/je-pg-00-1\/\"><img loading=\"lazy\" decoding=\"async\" class=\"alignnone wp-image-536 size-full\" src=\"https:\/\/www.topohvar.at\/wp-content\/uploads\/2018\/07\/push-r-30.jpg\" alt=\"\" width=\"61\" height=\"30\" \/><\/a><\/strong><\/p>\n<hr \/>\n<div class='content-column one_half'><div style=\"padding-right:6px;\"><p><strong>Evidentirana kulturna dobra &#8211; arheolo\u0161ka nalazi\u0161ta<br \/>\n<\/strong>Izvor: Op\u0107ina Jelsa, naselje Jelsa, prostorni plan ure\u00f0enja obrazlo\u017eenje, listopad 2008<\/p>\n<p>Stupac 1: broj<br \/>\nStupac 2: ime<br \/>\nStupac 3: Vrsta<br \/>\n.\u00a0 \u00a0 spilja-pretpovijesna nalazi<br \/>\n.\u00a0 \u00a0 pretpovijesna gradina<br \/>\n.\u00a0 \u00a0 utvrda-gr\u010dko doba<br \/>\n.\u00a0 \u00a0 koncentracija nalaza &#8211; rimsko doba<br \/>\n.\u00a0 \u00a0 naselje s ostacima arhitekture &#8211; rimsko doba<br \/>\n.\u00a0 \u00a0 srednjevjekovni nalazi<br \/>\n.\u00a0 \u00a0 pretpovijesna gomila<br \/>\n.\u00a0 \u00a0 skeletno groblje<br \/>\n.\u00a0 \u00a0 villa rustica<br \/>\nStupac 4: Status za\u0161tite<br \/>\n.\u00a0 \u00a0 prev. za\u0161tite<\/p><\/div><\/div><div class='content-column one_half last_column'><div style=\"padding-right:0px;padding-left:6px;\"><p><strong>Aufgezeichnete Kulturg\u00fcter &#8211; arch\u00e4ologische St\u00e4tten<br \/>\n<\/strong>Quelle: Erkl\u00e4rung zur Raumplanung der Gemeinde Jelsa, Ortschaft Jelsa, Oktober 2008<\/p>\n<p>Spalte 1: Nummer<br \/>\nSpalte 2: Name<br \/>\nSpalte 3: Spezies<br \/>\n.\u00a0 \u00a0 pr\u00e4historische H\u00f6hlenfunde<br \/>\n.\u00a0 \u00a0 pr\u00e4historische H\u00fcgelfestung<br \/>\n.\u00a0 \u00a0 Festung &#8211; griechische \u00c4ra<br \/>\n.\u00a0 \u00a0 Fundstelle &#8211; R\u00f6merzeit<br \/>\n.\u00a0 \u00a0 Siedlung mit architekt. \u00dcberresten &#8211; R\u00f6merzeit<br \/>\n.\u00a0 \u00a0 mittelalterliche Funde<br \/>\n.\u00a0 \u00a0 pr\u00e4historischer H\u00fcgel<br \/>\n.\u00a0 \u00a0 Grabstelle &#8211; Skelett<br \/>\n.\u00a0 \u00a0 Villa rustica<br \/>\nSpalte 4: Schutzstatus<br \/>\n.\u00a0 \u00a0 vorbeugender Schutz<\/p><\/div><\/div><div class='clear_column'><\/div><\/p>\n<table width=\"589\">\n<tbody>\n<tr>\n<td width=\"50\">\n<h5>7609<\/h5>\n<\/td>\n<td width=\"179\">\n<h5>ORMANICA<\/h5>\n<\/td>\n<td width=\"277\">\n<h5>spilja-pretpov. nalazi<\/h5>\n<\/td>\n<td width=\"83\">\n<h5>prev. za\u0161tita<\/h5>\n<\/td>\n<\/tr>\n<tr>\n<td>\n<h5>7610<\/h5>\n<\/td>\n<td>\n<h5>XXXX<\/h5>\n<\/td>\n<td>\n<h5>pretpovijesna gradina<\/h5>\n<\/td>\n<td>\n<h5>prev. za\u0161tita<\/h5>\n<\/td>\n<\/tr>\n<tr>\n<td>\n<h5>7611<\/h5>\n<\/td>\n<td>\n<h5>TOR<\/h5>\n<\/td>\n<td>\n<h5>utvrda-gr\u010dko doba<\/h5>\n<\/td>\n<td>\n<h5>prev. za\u0161tita<\/h5>\n<\/td>\n<\/tr>\n<tr>\n<td>\n<h5>7612<\/h5>\n<\/td>\n<td>\n<h5>TOR<\/h5>\n<\/td>\n<td>\n<h5>pretpovijesna gradina<\/h5>\n<\/td>\n<td>\n<h5>prev. za\u0161tita<\/h5>\n<\/td>\n<\/tr>\n<tr>\n<td>\n<h5>7613<\/h5>\n<\/td>\n<td>\n<h5>SELCA<\/h5>\n<\/td>\n<td>\n<h5>koncentracija nalaza-rimsko doba<\/h5>\n<\/td>\n<td>\n<h5>prev. za\u0161tita<\/h5>\n<\/td>\n<\/tr>\n<tr>\n<td>\n<h5>7614<\/h5>\n<\/td>\n<td>\n<h5>SVETI LUKA<\/h5>\n<\/td>\n<td>\n<h5>naselje s ostacima arhitekture &#8211; rimsko doba<\/h5>\n<\/td>\n<td>\n<h5>prev. za\u0161tita<\/h5>\n<\/td>\n<\/tr>\n<tr>\n<td>\n<h5>7615<\/h5>\n<\/td>\n<td>\n<h5>SVETI LUKA<\/h5>\n<\/td>\n<td>\n<h5>koncentracija nalaza-rimsko doba<\/h5>\n<\/td>\n<td>\n<h5>prev. za\u0161tita<\/h5>\n<\/td>\n<\/tr>\n<tr>\n<td>\n<h5>7616<\/h5>\n<\/td>\n<td>\n<h5>SVETI LUKA<\/h5>\n<\/td>\n<td>\n<h5>srednjevjekovni nalazi<\/h5>\n<\/td>\n<td>\n<h5>prev. za\u0161tita<\/h5>\n<\/td>\n<\/tr>\n<tr>\n<td>\n<h5>7617<\/h5>\n<\/td>\n<td>\n<h5>SVETE MUKE SV. KUKE<\/h5>\n<\/td>\n<td>\n<h5>pretpovijesna gomila<\/h5>\n<\/td>\n<td>\n<h5>prev. za\u0161tita<\/h5>\n<\/td>\n<\/tr>\n<tr>\n<td>\n<h5>7618<\/h5>\n<\/td>\n<td>\n<h5>GREBI\u0160\u0106E<\/h5>\n<\/td>\n<td>\n<h5>pretpovijesna gomila<\/h5>\n<\/td>\n<td>\n<h5>prev. za\u0161tita<\/h5>\n<\/td>\n<\/tr>\n<tr>\n<td>\n<h5>7621<\/h5>\n<\/td>\n<td>\n<h5>STRONE<\/h5>\n<\/td>\n<td>\n<h5>skeletno groblje<\/h5>\n<\/td>\n<td>\n<h5>prev. za\u0161tita<\/h5>\n<\/td>\n<\/tr>\n<tr>\n<td>\n<h5>7622<\/h5>\n<\/td>\n<td>\n<h5>KUTAC<\/h5>\n<\/td>\n<td>\n<h5>naselje s ostacima arhitekture &#8211; rimsko doba<\/h5>\n<\/td>\n<td>\n<h5>prev. za\u0161tita<\/h5>\n<\/td>\n<\/tr>\n<tr>\n<td>\n<h5>7623<\/h5>\n<\/td>\n<td>\n<h5>KUTAC<\/h5>\n<\/td>\n<td>\n<h5>koncentracija nalaza-rimsko doba<\/h5>\n<\/td>\n<td>\n<h5>prev. za\u0161tita<\/h5>\n<\/td>\n<\/tr>\n<tr>\n<td>\n<h5>7624<\/h5>\n<\/td>\n<td>\n<h5>SKLOP MACHIEDO-OBRADI\u0106<\/h5>\n<\/td>\n<td>\n<h5>villa rustica<\/h5>\n<\/td>\n<td>\n<h5>prev. za\u0161tita<\/h5>\n<\/td>\n<\/tr>\n<tr>\n<td>\n<h5>7625<\/h5>\n<\/td>\n<td>\n<h5>BANSKI DOLAC (DVORI)<\/h5>\n<\/td>\n<td>\n<h5>skeletno groblje<\/h5>\n<\/td>\n<td>\n<h5>prev. za\u0161tita<\/h5>\n<\/td>\n<\/tr>\n<\/tbody>\n<\/table>\n<hr \/>\n<p><strong>Linkovi \/ Links<\/strong><\/p>\n<p><span style=\"color: #3366ff;\">&#8211;<\/span><\/p>\n","protected":false},"excerpt":{"rendered":"<p>&nbsp; &nbsp; Ime \/ Name Popis arheolo\u0161kih nalazi\u0161ta \/ Liste arch\u00e4ologischer St\u00e4tten Code: JE-PO-00\u00a0 \u00a0 \u00a0 \u00a0 \u00a0 \u00a0 \u00a0 \u00a0 \u00a0 \u00a0 \u00a0 \u00a0 \u00a0 \u00a0 \u00a0 \u00a0 \u00a0 \u00a0 7609 ORMANICA spilja-pretpov. nalazi prev. za\u0161tita 7610 XXXX pretpovijesna &hellip; <a href=\"https:\/\/www.topohvar.at\/topo\/orte\/je\/je-po-00-1\/\">Weiterlesen <span class=\"meta-nav\">&rarr;<\/span><\/a><\/p>\n","protected":false},"author":1,"featured_media":0,"parent":85,"menu_order":0,"comment_status":"closed","ping_status":"closed","template":"","meta":{"footnotes":""},"class_list":["post-40473","page","type-page","status-publish","hentry"],"_links":{"self":[{"href":"https:\/\/www.topohvar.at\/topo\/wp-json\/wp\/v2\/pages\/40473","targetHints":{"allow":["GET"]}}],"collection":[{"href":"https:\/\/www.topohvar.at\/topo\/wp-json\/wp\/v2\/pages"}],"about":[{"href":"https:\/\/www.topohvar.at\/topo\/wp-json\/wp\/v2\/types\/page"}],"author":[{"embeddable":true,"href":"https:\/\/www.topohvar.at\/topo\/wp-json\/wp\/v2\/users\/1"}],"replies":[{"embeddable":true,"href":"https:\/\/www.topohvar.at\/topo\/wp-json\/wp\/v2\/comments?post=40473"}],"version-history":[{"count":12,"href":"https:\/\/www.topohvar.at\/topo\/wp-json\/wp\/v2\/pages\/40473\/revisions"}],"predecessor-version":[{"id":70830,"href":"https:\/\/www.topohvar.at\/topo\/wp-json\/wp\/v2\/pages\/40473\/revisions\/70830"}],"up":[{"embeddable":true,"href":"https:\/\/www.topohvar.at\/topo\/wp-json\/wp\/v2\/pages\/85"}],"wp:attachment":[{"href":"https:\/\/www.topohvar.at\/topo\/wp-json\/wp\/v2\/media?parent=40473"}],"curies":[{"name":"wp","href":"https:\/\/api.w.org\/{rel}","templated":true}]}}