{"id":40480,"date":"2020-08-25T08:57:33","date_gmt":"2020-08-25T06:57:33","guid":{"rendered":"https:\/\/www.topohvar.at\/topo\/?page_id=40480"},"modified":"2022-02-19T07:56:26","modified_gmt":"2022-02-19T06:56:26","slug":"vk-po-00-1","status":"publish","type":"page","link":"https:\/\/www.topohvar.at\/topo\/orte\/vk\/vk-po-00-1\/","title":{"rendered":"VRISNIK &#8211; Popis arheolo\u0161kih nalazi\u0161ta"},"content":{"rendered":"<p><img loading=\"lazy\" decoding=\"async\" class=\"alignleft wp-image-387 size-full\" src=\"https:\/\/www.topohvar.at\/wp-content\/uploads\/2018\/07\/00-00-00-1.jpg\" alt=\"\" width=\"114\" height=\"56\" \/><\/p>\n<p>&nbsp;<\/p>\n<p>&nbsp;<\/p>\n<p><strong>Ime \/ Name<br \/>\n<\/strong>Popis arheolo\u0161kih nalazi\u0161ta \/ Liste arch\u00e4ologischer St\u00e4tten<\/p>\n<p><strong>Code: <\/strong>VK-PO-00\u00a0 \u00a0 \u00a0 \u00a0 \u00a0 \u00a0 \u00a0 \u00a0 \u00a0 \u00a0 \u00a0 \u00a0 \u00a0 \u00a0 \u00a0 \u00a0 \u00a0 \u00a0 <strong> <a href=\"https:\/\/www.topohvar.at\/orte\/vk\/\"><img loading=\"lazy\" decoding=\"async\" class=\"alignnone wp-image-535 size-full\" src=\"https:\/\/www.topohvar.at\/wp-content\/uploads\/2018\/07\/push-o-30.jpg\" alt=\"\" width=\"61\" height=\"30\" \/><\/a> <a href=\"https:\/\/www.topohvar.at\/topo\/orte\/vk\/vk-pg-00-1\/\"><img loading=\"lazy\" decoding=\"async\" class=\"alignnone wp-image-536 size-full\" src=\"https:\/\/www.topohvar.at\/wp-content\/uploads\/2018\/07\/push-r-30.jpg\" alt=\"\" width=\"61\" height=\"30\" \/><\/a> <\/strong><\/p>\n<hr \/>\n<div class='content-column one_half'><div style=\"padding-right:6px;\"><p><strong>Evidentirana kulturna dobra &#8211; arheolo\u0161ka nalazi\u0161ta<br \/>\n<\/strong>Izvor: Op\u0107ina Jelsa, naselje Vrisnik, prostorni plan ure\u00f0enja obrazlo\u017eenje, listopad 2008<\/p>\n<p>Stupac 1: broj<br \/>\nStupac 2: ime<br \/>\nStupac 3: Vrsta<br \/>\n.\u00a0 \u00a0 pretpovijesna gomila<br \/>\n.\u00a0 \u00a0 koncentracija nalaza &#8211; rimsko doba<br \/>\nStupac 4: Status za\u0161tite<br \/>\n.\u00a0 \u00a0 prev. za\u0161tite<\/p><\/div><\/div><div class='content-column one_half last_column'><div style=\"padding-right:0px;padding-left:6px;\"><p><strong>Aufgezeichnete Kulturg\u00fcter &#8211; arch\u00e4ologische St\u00e4tten<br \/>\n<\/strong>Quelle: Erkl\u00e4rung zur Raumplanung der Gemeinde Jelsa, Ortschaft Vrisnik, Oktober 2008<\/p>\n<p>Spalte 1: Nummer<br \/>\nSpalte 2: Name<br \/>\nSpalte 3: Spezies<br \/>\n.\u00a0 \u00a0 pr\u00e4historischer H\u00fcgel<br \/>\n.\u00a0 \u00a0 Fundstelle &#8211; R\u00f6merzeit<br \/>\nSpalte 4: Schutzstatus<br \/>\n.\u00a0 \u00a0 vorbeugender Schutz<\/p><\/div><\/div><div class='clear_column'><\/div><\/p>\n<table width=\"520\">\n<tbody>\n<tr>\n<td width=\"83\">\n<h5>7619<\/h5>\n<\/td>\n<td width=\"134\">\n<h5>PLANIK<\/h5>\n<\/td>\n<td width=\"220\">\n<h5>pretpovijesna gomila<\/h5>\n<\/td>\n<td width=\"83\">\n<h5>prev. za\u0161tita<\/h5>\n<\/td>\n<\/tr>\n<tr>\n<td>\n<h5>7627<\/h5>\n<\/td>\n<td>\n<h5>TATINJA GLAVICA<\/h5>\n<\/td>\n<td>\n<h5>pretpovijesna gomila<\/h5>\n<\/td>\n<td>\n<h5>prev. za\u0161tita<\/h5>\n<\/td>\n<\/tr>\n<tr>\n<td>\n<h5>7628<\/h5>\n<\/td>\n<td>\n<h5>MIRJE<\/h5>\n<\/td>\n<td>\n<h5>koncentracija nalaza-rimsko doba<\/h5>\n<\/td>\n<td>\n<h5>prev. za\u0161tita<\/h5>\n<\/td>\n<\/tr>\n<tr>\n<td>\n<h5>7633<\/h5>\n<\/td>\n<td>\n<h5>HUMI\u0106<\/h5>\n<\/td>\n<td>\n<h5>pretpovijesna gomila<\/h5>\n<\/td>\n<td>\n<h5>prev. za\u0161tita<\/h5>\n<\/td>\n<\/tr>\n<tr>\n<td>\n<h5>7634<\/h5>\n<\/td>\n<td>\n<h5>RAKE<\/h5>\n<\/td>\n<td>\n<h5>pretpovijesna gomila<\/h5>\n<\/td>\n<td>\n<h5>prev. za\u0161tita<\/h5>\n<\/td>\n<\/tr>\n<tr>\n<td>\n<h5>7635<\/h5>\n<\/td>\n<td>\n<h5>RAKE<\/h5>\n<\/td>\n<td>\n<h5>pretpovijesna gomila<\/h5>\n<\/td>\n<td>\n<h5>prev. za\u0161tita<\/h5>\n<\/td>\n<\/tr>\n<tr>\n<td>\n<h5>7636<\/h5>\n<\/td>\n<td>\n<h5>RAKE<\/h5>\n<\/td>\n<td>\n<h5>pretpovijesna gomila<\/h5>\n<\/td>\n<td>\n<h5>prev. za\u0161tita<\/h5>\n<\/td>\n<\/tr>\n<tr>\n<td>\n<h5>7637<\/h5>\n<\/td>\n<td>\n<h5>RAKE<\/h5>\n<\/td>\n<td>\n<h5>pretpovijesna gomila<\/h5>\n<\/td>\n<td>\n<h5>prev. za\u0161tita<\/h5>\n<\/td>\n<\/tr>\n<tr>\n<td>\n<h5>7638<\/h5>\n<\/td>\n<td>\n<h5>RAKE<\/h5>\n<\/td>\n<td>\n<h5>pretpovijesna gomila<\/h5>\n<\/td>\n<td>\n<h5>prev. za\u0161tita<\/h5>\n<\/td>\n<\/tr>\n<tr>\n<td>\n<h5>7639<\/h5>\n<\/td>\n<td>\n<h5>NA POLANDU<\/h5>\n<\/td>\n<td>\n<h5>pretpovijesna gomila<\/h5>\n<\/td>\n<td>\n<h5>prev. za\u0161tita<\/h5>\n<\/td>\n<\/tr>\n<tr>\n<td>\n<h5>7640<\/h5>\n<\/td>\n<td>\n<h5>RAKE<\/h5>\n<\/td>\n<td>\n<h5>pretpovijesna gomila<\/h5>\n<\/td>\n<td>\n<h5>prev. za\u0161tita<\/h5>\n<\/td>\n<\/tr>\n<tr>\n<td>\n<h5>7641<\/h5>\n<\/td>\n<td>\n<h5>RAKE<\/h5>\n<\/td>\n<td>\n<h5>pretpovijesna gomila<\/h5>\n<\/td>\n<td>\n<h5>prev. za\u0161tita<\/h5>\n<\/td>\n<\/tr>\n<tr>\n<td>\n<h5>7642<\/h5>\n<\/td>\n<td>\n<h5>PLANIK<\/h5>\n<\/td>\n<td>\n<h5>pretpovijesna gomila<\/h5>\n<\/td>\n<td>\n<h5>prev. za\u0161tita<\/h5>\n<\/td>\n<\/tr>\n<tr>\n<td>\n<h5>7643<\/h5>\n<\/td>\n<td>\n<h5>PLANIK<\/h5>\n<\/td>\n<td>\n<h5>pretpovijesna gomila<\/h5>\n<\/td>\n<td>\n<h5>prev. za\u0161tita<\/h5>\n<\/td>\n<\/tr>\n<tr>\n<td>\n<h5>7644<\/h5>\n<\/td>\n<td>\n<h5>RAKE<\/h5>\n<\/td>\n<td>\n<h5>pretpovijesna gomila<\/h5>\n<\/td>\n<td>\n<h5>prev. za\u0161tita<\/h5>\n<\/td>\n<\/tr>\n<tr>\n<td>\n<h5>7645<\/h5>\n<\/td>\n<td>\n<h5>RAKE<\/h5>\n<\/td>\n<td>\n<h5>pretpovijesna gomila<\/h5>\n<\/td>\n<td>\n<h5>prev. za\u0161tita<\/h5>\n<\/td>\n<\/tr>\n<tr>\n<td>\n<h5>7646<\/h5>\n<\/td>\n<td>\n<h5>VELA GOMILA<\/h5>\n<\/td>\n<td>\n<h5>pretpovijesna gomila<\/h5>\n<\/td>\n<td>\n<h5>prev. za\u0161tita<\/h5>\n<\/td>\n<\/tr>\n<tr>\n<td>\n<h5>7647<\/h5>\n<\/td>\n<td>\n<h5>PLANIK<\/h5>\n<\/td>\n<td>\n<h5>pretpovijesna gomila<\/h5>\n<\/td>\n<td>\n<h5>prev. za\u0161tita<\/h5>\n<\/td>\n<\/tr>\n<\/tbody>\n<\/table>\n<hr \/>\n<p><strong>Linkovi \/ Links<\/strong><\/p>\n<p><span style=\"color: #3366ff;\">&#8211;<\/span><\/p>\n","protected":false},"excerpt":{"rendered":"<p>&nbsp; &nbsp; Ime \/ Name Popis arheolo\u0161kih nalazi\u0161ta \/ Liste arch\u00e4ologischer St\u00e4tten Code: VK-PO-00\u00a0 \u00a0 \u00a0 \u00a0 \u00a0 \u00a0 \u00a0 \u00a0 \u00a0 \u00a0 \u00a0 \u00a0 \u00a0 \u00a0 \u00a0 \u00a0 \u00a0 \u00a0 7619 PLANIK pretpovijesna gomila prev. za\u0161tita 7627 TATINJA GLAVICA &hellip; <a href=\"https:\/\/www.topohvar.at\/topo\/orte\/vk\/vk-po-00-1\/\">Weiterlesen <span class=\"meta-nav\">&rarr;<\/span><\/a><\/p>\n","protected":false},"author":1,"featured_media":0,"parent":113,"menu_order":0,"comment_status":"closed","ping_status":"closed","template":"","meta":{"footnotes":""},"class_list":["post-40480","page","type-page","status-publish","hentry"],"_links":{"self":[{"href":"https:\/\/www.topohvar.at\/topo\/wp-json\/wp\/v2\/pages\/40480","targetHints":{"allow":["GET"]}}],"collection":[{"href":"https:\/\/www.topohvar.at\/topo\/wp-json\/wp\/v2\/pages"}],"about":[{"href":"https:\/\/www.topohvar.at\/topo\/wp-json\/wp\/v2\/types\/page"}],"author":[{"embeddable":true,"href":"https:\/\/www.topohvar.at\/topo\/wp-json\/wp\/v2\/users\/1"}],"replies":[{"embeddable":true,"href":"https:\/\/www.topohvar.at\/topo\/wp-json\/wp\/v2\/comments?post=40480"}],"version-history":[{"count":6,"href":"https:\/\/www.topohvar.at\/topo\/wp-json\/wp\/v2\/pages\/40480\/revisions"}],"predecessor-version":[{"id":57523,"href":"https:\/\/www.topohvar.at\/topo\/wp-json\/wp\/v2\/pages\/40480\/revisions\/57523"}],"up":[{"embeddable":true,"href":"https:\/\/www.topohvar.at\/topo\/wp-json\/wp\/v2\/pages\/113"}],"wp:attachment":[{"href":"https:\/\/www.topohvar.at\/topo\/wp-json\/wp\/v2\/media?parent=40480"}],"curies":[{"name":"wp","href":"https:\/\/api.w.org\/{rel}","templated":true}]}}