{"id":40485,"date":"2020-08-25T09:04:13","date_gmt":"2020-08-25T07:04:13","guid":{"rendered":"https:\/\/www.topohvar.at\/topo\/?page_id=40485"},"modified":"2020-08-26T12:57:36","modified_gmt":"2020-08-26T10:57:36","slug":"pi-po-00-1","status":"publish","type":"page","link":"https:\/\/www.topohvar.at\/topo\/orte\/pi\/pi-po-00-1\/","title":{"rendered":"PITVE &#8211; Popis arheolo\u0161kih nalazi\u0161ta"},"content":{"rendered":"<p><img loading=\"lazy\" decoding=\"async\" class=\"alignleft wp-image-387 size-full\" src=\"https:\/\/www.topohvar.at\/wp-content\/uploads\/2018\/07\/00-00-00-1.jpg\" alt=\"\" width=\"114\" height=\"56\" \/><\/p>\n<p>&nbsp;<\/p>\n<p>&nbsp;<\/p>\n<p><strong>Ime \/ Name<br \/>\n<\/strong>Popis arheolo\u0161kih nalazi\u0161ta \/ Liste arch\u00e4ologischer St\u00e4tten<\/p>\n<p><strong>Code: <\/strong>PI-PO-00\u00a0 \u00a0 \u00a0 \u00a0 \u00a0 \u00a0 \u00a0 \u00a0 \u00a0 \u00a0 \u00a0 \u00a0 \u00a0 \u00a0 \u00a0 \u00a0 \u00a0 \u00a0 <strong> <a href=\"https:\/\/www.topohvar.at\/orte\/pi\/\"><img loading=\"lazy\" decoding=\"async\" class=\"alignnone wp-image-535 size-full\" src=\"https:\/\/www.topohvar.at\/wp-content\/uploads\/2018\/07\/push-o-30.jpg\" alt=\"\" width=\"61\" height=\"30\" \/><\/a> <a href=\"https:\/\/www.topohvar.at\/topo\/orte\/pi\/pi-po-01-1\/\"><img loading=\"lazy\" decoding=\"async\" class=\"alignnone wp-image-536 size-full\" src=\"https:\/\/www.topohvar.at\/wp-content\/uploads\/2018\/07\/push-r-30.jpg\" alt=\"\" width=\"61\" height=\"30\" \/><\/a><\/strong><\/p>\n<hr \/>\n<div class='content-column one_half'><div style=\"padding-right:6px;\"><p><strong>Evidentirana kulturna dobra &#8211; arheolo\u0161ka nalazi\u0161ta<br \/>\n<\/strong>Izvor: Op\u0107ina Jelsa, naselje Pitve, prostorni plan ure\u00f0enja obrazlo\u017eenje, listopad 2008<\/p>\n<p>Stupac 1: broj<br \/>\nStupac 2: ime<br \/>\nStupac 3: Vrsta<br \/>\n.\u00a0 \u00a0 villa rustica<br \/>\n.\u00a0 \u00a0 naselje s ostacima arhitekture &#8211; rimsko doba<br \/>\nStupac 4: Status za\u0161tite<br \/>\n.\u00a0 \u00a0 prev. za\u0161tite<\/p><\/div><\/div><div class='content-column one_half last_column'><div style=\"padding-right:0px;padding-left:6px;\"><p><strong>Aufgezeichnete Kulturg\u00fcter &#8211; arch\u00e4ologische St\u00e4tten<br \/>\n<\/strong>Quelle: Erkl\u00e4rung zur Raumplanung der Gemeinde Jelsa, Ortschaft Pitve, Oktober 2008<\/p>\n<p>Spalte 1: Nummer<br \/>\nSpalte 2: Name<br \/>\nSpalte 3: Spezies<br \/>\n.\u00a0 \u00a0 Villa rustica<br \/>\n.\u00a0 \u00a0 Siedlung mit architekt. \u00dcberresten &#8211; R\u00f6merzeit<br \/>\nSpalte 4: Schutzstatus<br \/>\n.\u00a0 \u00a0 vorbeugender Schutz<\/p><\/div><\/div><div class='clear_column'><\/div><\/p>\n<table width=\"523\">\n<tbody>\n<tr>\n<td width=\"83\">\n<h5>7620<\/h5>\n<\/td>\n<td width=\"83\">\n<h5>JABU\u010cINE<\/h5>\n<\/td>\n<td width=\"274\">\n<h5>villa rustica<\/h5>\n<\/td>\n<td width=\"83\">\n<h5>prev. za\u0161tita<\/h5>\n<\/td>\n<\/tr>\n<tr>\n<td>\n<h5>7626<\/h5>\n<\/td>\n<td>\n<h5>ZADAK<\/h5>\n<\/td>\n<td>\n<h5>naselje s ostacima arhitekture &#8211; rimsko doba<\/h5>\n<\/td>\n<td>\n<h5>prev. za\u0161tita<\/h5>\n<\/td>\n<\/tr>\n<\/tbody>\n<\/table>\n<hr \/>\n<p><strong>Linkovi \/ Links<\/strong><\/p>\n<p><span style=\"color: #3366ff;\">&#8211;<\/span><\/p>\n","protected":false},"excerpt":{"rendered":"<p>&nbsp; &nbsp; Ime \/ Name Popis arheolo\u0161kih nalazi\u0161ta \/ Liste arch\u00e4ologischer St\u00e4tten Code: PI-PO-00\u00a0 \u00a0 \u00a0 \u00a0 \u00a0 \u00a0 \u00a0 \u00a0 \u00a0 \u00a0 \u00a0 \u00a0 \u00a0 \u00a0 \u00a0 \u00a0 \u00a0 \u00a0 7620 JABU\u010cINE villa rustica prev. za\u0161tita 7626 ZADAK naselje &hellip; <a href=\"https:\/\/www.topohvar.at\/topo\/orte\/pi\/pi-po-00-1\/\">Weiterlesen <span class=\"meta-nav\">&rarr;<\/span><\/a><\/p>\n","protected":false},"author":1,"featured_media":0,"parent":89,"menu_order":0,"comment_status":"closed","ping_status":"closed","template":"","meta":{"footnotes":""},"class_list":["post-40485","page","type-page","status-publish","hentry"],"_links":{"self":[{"href":"https:\/\/www.topohvar.at\/topo\/wp-json\/wp\/v2\/pages\/40485","targetHints":{"allow":["GET"]}}],"collection":[{"href":"https:\/\/www.topohvar.at\/topo\/wp-json\/wp\/v2\/pages"}],"about":[{"href":"https:\/\/www.topohvar.at\/topo\/wp-json\/wp\/v2\/types\/page"}],"author":[{"embeddable":true,"href":"https:\/\/www.topohvar.at\/topo\/wp-json\/wp\/v2\/users\/1"}],"replies":[{"embeddable":true,"href":"https:\/\/www.topohvar.at\/topo\/wp-json\/wp\/v2\/comments?post=40485"}],"version-history":[{"count":5,"href":"https:\/\/www.topohvar.at\/topo\/wp-json\/wp\/v2\/pages\/40485\/revisions"}],"predecessor-version":[{"id":40598,"href":"https:\/\/www.topohvar.at\/topo\/wp-json\/wp\/v2\/pages\/40485\/revisions\/40598"}],"up":[{"embeddable":true,"href":"https:\/\/www.topohvar.at\/topo\/wp-json\/wp\/v2\/pages\/89"}],"wp:attachment":[{"href":"https:\/\/www.topohvar.at\/topo\/wp-json\/wp\/v2\/media?parent=40485"}],"curies":[{"name":"wp","href":"https:\/\/api.w.org\/{rel}","templated":true}]}}