{"id":4051,"date":"2018-08-09T08:42:14","date_gmt":"2018-08-09T06:42:14","guid":{"rendered":"https:\/\/www.topohvar.at\/?page_id=4051"},"modified":"2025-04-16T09:04:26","modified_gmt":"2025-04-16T07:04:26","slug":"sg-po-08-2","status":"publish","type":"page","link":"https:\/\/www.topohvar.at\/topo\/orte\/sg\/sg-po-08-2\/","title":{"rendered":"STARI GRAD &#8211; Povijesni lokalitet \u00bbOstaci villae rusticae Smir\u010di\u0107\u00ab"},"content":{"rendered":"<p><a name=\"seite_oben\"><\/a><\/p>\n<p style=\"text-align: center;\"><img loading=\"lazy\" decoding=\"async\" class=\"aligncenter wp-image-31591 size-full\" src=\"https:\/\/www.topohvar.at\/wp-content\/uploads\/2020\/02\/sg-po-08-1.jpg\" alt=\"\" width=\"640\" height=\"315\" srcset=\"https:\/\/www.topohvar.at\/wp-content\/uploads\/2020\/02\/sg-po-08-1.jpg 640w, https:\/\/www.topohvar.at\/wp-content\/uploads\/2020\/02\/sg-po-08-1-300x148.jpg 300w\" sizes=\"auto, (max-width: 640px) 100vw, 640px\" \/><em>(foto iz arhiva KST)<\/em><\/p>\n<p><strong>Ime \/ Name<br \/>\n<\/strong>Povijesni lokalitet \u00bbOstaci villae rusticae Smir\u010di\u0107\u00ab\/ Historischer Ort Reste der Villa Rustica Smir\u010di\u0107<\/p>\n<p><strong>Code: <\/strong>SG-PO-08\u00a0 \u00a0 \u00a0 \u00a0 \u00a0 \u00a0 \u00a0 \u00a0 \u00a0 \u00a0 \u00a0 \u00a0 \u00a0 \u00a0 \u00a0 \u00a0 \u00a0 \u00a0\u00a0<strong><a href=\"https:\/\/www.topohvar.at\/orte\/sg\/sg-po-07-2\/\"><img loading=\"lazy\" decoding=\"async\" class=\"alignnone wp-image-533 size-full\" src=\"https:\/\/www.topohvar.at\/wp-content\/uploads\/2018\/07\/push-l-30.jpg\" alt=\"\" width=\"61\" height=\"30\" \/><\/a> <a href=\"https:\/\/www.topohvar.at\/orte\/sg\/\"><img loading=\"lazy\" decoding=\"async\" class=\"alignnone wp-image-535 size-full\" src=\"https:\/\/www.topohvar.at\/wp-content\/uploads\/2018\/07\/push-o-30.jpg\" alt=\"\" width=\"61\" height=\"30\" \/><\/a> <a href=\"https:\/\/www.topohvar.at\/orte\/sg\/sg-po-25-1\/\"><img loading=\"lazy\" decoding=\"async\" class=\"alignnone wp-image-536 size-full\" src=\"https:\/\/www.topohvar.at\/wp-content\/uploads\/2018\/07\/push-r-30.jpg\" alt=\"\" width=\"61\" height=\"30\" \/><\/a><\/strong><\/p>\n<hr \/>\n<p><strong>Adresa \/ Adresse<br \/>\n<\/strong>Stari Grad, Polje,\u00a0Smir\u010di\u0107<\/p>\n<p><strong>Lokacija \/ Position<a href=\"https:\/\/goo.gl\/maps\/ATfc91FosZDY8UeU8\"><img loading=\"lazy\" decoding=\"async\" class=\"alignright wp-image-4093\" src=\"https:\/\/www.topohvar.at\/wp-content\/uploads\/2018\/08\/1273.jpg\" alt=\"\" width=\"134\" height=\"100\" \/><\/a><br \/>\n<\/strong><span style=\"color: #3366ff;\"><a style=\"color: #3366ff;\" href=\"https:\/\/goo.gl\/maps\/ATfc91FosZDY8UeU8\">Latitude: N 43,18566\u00b0\u00a0 \u00a0Longitude: E 16,60672\u00b0<\/a> <\/span><strong><br \/>\n<\/strong>Visina \/ H\u00f6he: 12 m<\/p>\n<p><strong>Katastarska \u010destica \/ Grundst\u00fccke<br \/>\n<\/strong>4472\/4, 4474\/2, 4476\/2, 4477\/1, 4477\/2, 4477\/3, 4478\/4, 4478\/5, 4478\/6, 4478\/7<div class='content-column one_half'><div style=\"padding-right:6px;\"><p><strong>Datum snimanja \/ Erfassungsdatum<br \/>\n<\/strong>23.05.2017 17:00:00<\/p>\n<hr \/>\n<p><strong>Informacije<\/strong><\/p>\n<p>U Starogradskom polju na lokalitet Smri\u010di\u0107, 1 km isto\u010dno od Starog Grada, prilikom iskopa temelja trafostanice, otkriveni su ostaci anti\u010dke vile rustike. Tijekom izgradnje trafostanice 1960-ih i 1970-ih godina uni\u0161teni su impresivni ostaci rimske vile s mozaicima. Tehnika zidanja ukazuje na dvije faze gradnje, klasi\u010dnu iz ranog rimskog perioda sa pravilno tesanim kamenom i tankim fugama, te kasniju koju obilje\u017eava rusti\u010dnija gradnja i \u0161iri zidovi.<\/p><\/div><\/div><div class='content-column one_half last_column'><div style=\"padding-right:0px;padding-left:6px;\"><p><strong>Stupanj za\u0161tite \/ Schutzstellung<br \/>\n<\/strong>Z-5548, RST 830<\/p>\n<hr \/>\n<p><strong>Info<\/strong><\/p>\n<p>Die \u00dcberreste einer antiken rustikalen Villa wurden im Starigrader Feld auf dem Gel\u00e4nde von Smri\u010di\u0107, 1 km \u00f6stlich von Stari Grad, bei der Ausgrabung der Fundamente des Umspannwerks entdeckt. Beim Bau des Umspannwerkes in den 60er und 70er Jahren wurden beeindruckende \u00dcberreste der r\u00f6mischen Villa mit Mosaiken zerst\u00f6rt.\u00a0Die Mauerwerkstechnik weist auf zwei Bauphasen hin, eine klassische aus der fr\u00fchen R\u00f6merzeit mit richtig behauenen Steinen und d\u00fcnnen Fugen und eine sp\u00e4tere, die durch rustikalere Bauweise und breitere Mauern gekennzeichnet ist.<\/p><\/div><\/div><div class='clear_column'><\/div><\/p>\n<p style=\"text-align: center;\">(Izvor: \/ Quelle: <span style=\"color: #3366ff;\"><a style=\"color: #3366ff;\" href=\"https:\/\/www.starogradsko-polje.com\/zastitna-istrazivanja-u-starogradskom-polju-1984-1985\/\">https:\/\/www.starogradsko-polje.com\/zastitna-istrazivanja-u-starogradskom-polju-1984-1985\/<\/a><\/span>)<\/p>\n<p><img loading=\"lazy\" decoding=\"async\" class=\"aligncenter size-full wp-image-32384\" src=\"https:\/\/www.topohvar.at\/wp-content\/uploads\/2020\/03\/sg-po-08-7.jpg\" alt=\"\" width=\"640\" height=\"314\" srcset=\"https:\/\/www.topohvar.at\/wp-content\/uploads\/2020\/03\/sg-po-08-7.jpg 640w, https:\/\/www.topohvar.at\/wp-content\/uploads\/2020\/03\/sg-po-08-7-300x147.jpg 300w\" sizes=\"auto, (max-width: 640px) 100vw, 640px\" \/><\/p>\n<div class='content-column one_half'><div style=\"padding-right:6px;\"><p>Sjevernije od tih zidova prilikom zemljanih radova mje\u0161tani su pronalazili kockica mozaika. Prilikom gradnje ceste za Vrbosku prona\u0111eni su ostaci zidova, ulomci keramike, dijelovi anti\u010dkih stupova i blokovi iz bedema Farosa. Ve\u0107ina lokaliteta je devastirana, ipak potrebno je provesti arheolo\u0161ka istra\u017eivanja kako bi se pokazao pravi zna\u010daj kompleksa.<\/p><\/div><\/div><div class='content-column one_half last_column'><div style=\"padding-right:0px;padding-left:6px;\"><p>N\u00f6rdlich dieser Mauern fanden Einheimische w\u00e4hrend der Ausgrabung Mosaikw\u00fcrfel. W\u00e4hrend des Baus der Stra\u00dfe nach Vrboska wurden Reste von Mauern, Keramikfragmente, Teilen antiker S\u00e4ulen und Bl\u00f6cke der Stadtmauern von Faros gefunden. Die meisten St\u00e4tten sind verw\u00fcstet. Arch\u00e4ologische Untersuchungen w\u00e4ren jedoch erforderlich, um die wahre Bedeutung des Komplexes aufzuzeigen.<\/p><\/div><\/div><div class='clear_column'><\/div><div class='content-column one_half'><div style=\"padding-right:6px;\"><p>Registar kulturnih dobara Republike Hrvatske br. 01\/2012. Datum tiskanog izdanja: 27.2.2012. Broj registra Z-5548<\/p><\/div><\/div><div class='content-column one_half last_column'><div style=\"padding-right:0px;padding-left:6px;\"><p>Register der Kulturg\u00fcter der Republik Kroatien Nr. 01\/2012, Ver\u00f6ffentlichungsdatum: 27.2.2012. Registriernummer Z-5548<\/p><\/div><\/div><div class='clear_column'><\/div><\/p>\n<p style=\"text-align: right;\"><a href=\"#seite_oben\">natrag na vrh \/ Seitenanfang<\/a><\/p>\n<hr \/>\n<p><strong>Linkovi \/ Links<\/strong><\/p>\n<p>&#8211;<\/p>\n","protected":false},"excerpt":{"rendered":"<p>(foto iz arhiva KST) Ime \/ Name Povijesni lokalitet \u00bbOstaci villae rusticae Smir\u010di\u0107\u00ab\/ Historischer Ort Reste der Villa Rustica Smir\u010di\u0107 Code: SG-PO-08\u00a0 \u00a0 \u00a0 \u00a0 \u00a0 \u00a0 \u00a0 \u00a0 \u00a0 \u00a0 \u00a0 \u00a0 \u00a0 \u00a0 \u00a0 \u00a0 \u00a0 \u00a0\u00a0 Adresa &hellip; <a href=\"https:\/\/www.topohvar.at\/topo\/orte\/sg\/sg-po-08-2\/\">Weiterlesen <span class=\"meta-nav\">&rarr;<\/span><\/a><\/p>\n","protected":false},"author":1,"featured_media":0,"parent":99,"menu_order":0,"comment_status":"closed","ping_status":"closed","template":"","meta":{"footnotes":""},"class_list":["post-4051","page","type-page","status-publish","hentry"],"_links":{"self":[{"href":"https:\/\/www.topohvar.at\/topo\/wp-json\/wp\/v2\/pages\/4051","targetHints":{"allow":["GET"]}}],"collection":[{"href":"https:\/\/www.topohvar.at\/topo\/wp-json\/wp\/v2\/pages"}],"about":[{"href":"https:\/\/www.topohvar.at\/topo\/wp-json\/wp\/v2\/types\/page"}],"author":[{"embeddable":true,"href":"https:\/\/www.topohvar.at\/topo\/wp-json\/wp\/v2\/users\/1"}],"replies":[{"embeddable":true,"href":"https:\/\/www.topohvar.at\/topo\/wp-json\/wp\/v2\/comments?post=4051"}],"version-history":[{"count":17,"href":"https:\/\/www.topohvar.at\/topo\/wp-json\/wp\/v2\/pages\/4051\/revisions"}],"predecessor-version":[{"id":71527,"href":"https:\/\/www.topohvar.at\/topo\/wp-json\/wp\/v2\/pages\/4051\/revisions\/71527"}],"up":[{"embeddable":true,"href":"https:\/\/www.topohvar.at\/topo\/wp-json\/wp\/v2\/pages\/99"}],"wp:attachment":[{"href":"https:\/\/www.topohvar.at\/topo\/wp-json\/wp\/v2\/media?parent=4051"}],"curies":[{"name":"wp","href":"https:\/\/api.w.org\/{rel}","templated":true}]}}