{"id":4055,"date":"2018-08-09T08:44:01","date_gmt":"2018-08-09T06:44:01","guid":{"rendered":"https:\/\/www.topohvar.at\/?page_id=4055"},"modified":"2025-04-16T09:05:34","modified_gmt":"2025-04-16T07:05:34","slug":"sg-po-10-2","status":"publish","type":"page","link":"https:\/\/www.topohvar.at\/topo\/orte\/sg\/sg-po-10-2\/","title":{"rendered":"STARI GRAD &#8211; Povijesni lokalitet \u00bbGradina na brdu Brigi\u00ab"},"content":{"rendered":"<p><a name=\"seite_oben\"><\/a><br \/>\n<img loading=\"lazy\" decoding=\"async\" class=\"alignnone wp-image-4034 size-large\" src=\"https:\/\/www.topohvar.at\/wp-content\/uploads\/2018\/08\/sg-po-10-1-1024x503.jpg\" alt=\"\" width=\"640\" height=\"314\" srcset=\"https:\/\/www.topohvar.at\/wp-content\/uploads\/2018\/08\/sg-po-10-1-1024x503.jpg 1024w, https:\/\/www.topohvar.at\/wp-content\/uploads\/2018\/08\/sg-po-10-1-300x147.jpg 300w, https:\/\/www.topohvar.at\/wp-content\/uploads\/2018\/08\/sg-po-10-1-768x377.jpg 768w\" sizes=\"auto, (max-width: 640px) 100vw, 640px\" \/><\/p>\n<p><strong>Ime \/ Name<br \/>\n<\/strong>Povijesni lokalitet \u00bbGradina na brdu Brigi\u00ab\/ Historische Festungsbauten am H\u00fcgel Brigi<\/p>\n<p><strong>Code: <\/strong>SG-PO-10\u00a0 \u00a0 \u00a0 \u00a0 \u00a0 \u00a0 \u00a0 \u00a0 \u00a0 \u00a0 \u00a0 \u00a0 \u00a0 \u00a0 \u00a0 \u00a0 \u00a0 \u00a0\u00a0<strong><a href=\"https:\/\/www.topohvar.at\/orte\/sg\/sg-po-25-1\/\"><img loading=\"lazy\" decoding=\"async\" class=\"alignnone wp-image-533 size-full\" src=\"https:\/\/www.topohvar.at\/wp-content\/uploads\/2018\/07\/push-l-30.jpg\" alt=\"\" width=\"61\" height=\"30\" \/><\/a> <a href=\"https:\/\/www.topohvar.at\/orte\/sg\/\"><img loading=\"lazy\" decoding=\"async\" class=\"alignnone wp-image-535 size-full\" src=\"https:\/\/www.topohvar.at\/wp-content\/uploads\/2018\/07\/push-o-30.jpg\" alt=\"\" width=\"61\" height=\"30\" \/><\/a> <a href=\"https:\/\/www.topohvar.at\/orte\/sg\/sg-po-11-2\/\"><img loading=\"lazy\" decoding=\"async\" class=\"alignnone wp-image-536 size-full\" src=\"https:\/\/www.topohvar.at\/wp-content\/uploads\/2018\/07\/push-r-30.jpg\" alt=\"\" width=\"61\" height=\"30\" \/><\/a><\/strong><\/p>\n<hr \/>\n<p><strong>Adresa \/ Adresse<br \/>\n<\/strong>Stari Grad,\u00a0brd Brigi<\/p>\n<p><strong>Lokacija \/ Position<img loading=\"lazy\" decoding=\"async\" class=\"wp-image-387 size-full alignright\" src=\"https:\/\/www.topohvar.at\/wp-content\/uploads\/2018\/07\/00-00-00-1.jpg\" alt=\"\" width=\"114\" height=\"56\" \/><br \/>\n<\/strong>Latitude: N 43,00000\u00b0\u00a0 \u00a0Longitude: E 16,00000\u00b0 <strong><br \/>\n<\/strong>Visina \/ H\u00f6he: &#8211; m<\/p>\n<p><strong>Katastarska \u010destica \/ Grundst\u00fccke<br \/>\n<\/strong>&#8211;<div class='content-column one_half'><div style=\"padding-right:6px;\"><p><strong>Datum snimanja \/ Erfassungsdatum<br \/>\n<\/strong>23.05.2017 16:00:00<\/p>\n<hr \/>\n<p><strong>Informacije<\/strong><\/p>\n<p>Na oko 500 m isto\u010dnije od gradine na Glavici, na ju\u017enoj padini brda Brigi, oko 60 m nad morem, nalazi se manja zaravan na kojoj su 1984. godine otkriveni tragovi polukru\u017enog suhozida, u \u010dijoj blizini su na\u0111eni ulomci pretpovijesne i anti\u010dke keramike. Na\u0111eni ulomak posude s tunelastom ru\u010dkom ukazuje na bron\u010dano doba. No cijeli prostor je vremenom do\u017eivio velike promjene, pa je te\u0161ko utvrditi kakvo je nalazi\u0161te u pitanju bez dodatnih istra\u017eivanja.<\/p><\/div><\/div><div class='content-column one_half last_column'><div style=\"padding-right:0px;padding-left:6px;\"><p><strong>Stupanj za\u0161tite \/ Schutzstellung<br \/>\n<\/strong>&#8211;<\/p>\n<hr \/>\n<p><strong>Info<\/strong><\/p>\n<p>Etwa 500 m \u00f6stlich der Festungsanlagen auf dem Berg Glavica, am S\u00fcdhang des H\u00fcgels Brigi, ungef\u00e4hr 60 m \u00fcber dem Meeresspiegel, befindet sich ein kleines Plateau, wo im Jahr 1984 eine halbkreisf\u00f6rmige Steinmauer entdeckt wurde. In deren N\u00e4he fanden sich Bruchst\u00fccke pr\u00e4historischer und antiker Keramik. Der Fund des Fragments eines Sch\u00fcssels mit Tunnelgriff weist auf die Bronzezeit hin. Aber die ganze Gegend hat im Laufe der Zeit gro\u00dfe Ver\u00e4nderungen durchgemacht, so dass es ohne zus\u00e4tzliche Forschung schwierig ist zu sagen was sich hier befand.<\/p><\/div><\/div><div class='clear_column'><\/div><\/p>\n<p style=\"text-align: right;\"><a href=\"#seite_oben\">natrag na vrh \/ Seitenanfang<\/a><\/p>\n<hr \/>\n<p><strong>Linkovi \/ Links<\/strong><\/p>\n<p>&#8211;<\/p>\n","protected":false},"excerpt":{"rendered":"<p>Ime \/ Name Povijesni lokalitet \u00bbGradina na brdu Brigi\u00ab\/ Historische Festungsbauten am H\u00fcgel Brigi Code: SG-PO-10\u00a0 \u00a0 \u00a0 \u00a0 \u00a0 \u00a0 \u00a0 \u00a0 \u00a0 \u00a0 \u00a0 \u00a0 \u00a0 \u00a0 \u00a0 \u00a0 \u00a0 \u00a0\u00a0 Adresa \/ Adresse Stari Grad,\u00a0brd Brigi Lokacija &hellip; <a href=\"https:\/\/www.topohvar.at\/topo\/orte\/sg\/sg-po-10-2\/\">Weiterlesen <span class=\"meta-nav\">&rarr;<\/span><\/a><\/p>\n","protected":false},"author":1,"featured_media":0,"parent":99,"menu_order":0,"comment_status":"closed","ping_status":"closed","template":"","meta":{"footnotes":""},"class_list":["post-4055","page","type-page","status-publish","hentry"],"_links":{"self":[{"href":"https:\/\/www.topohvar.at\/topo\/wp-json\/wp\/v2\/pages\/4055","targetHints":{"allow":["GET"]}}],"collection":[{"href":"https:\/\/www.topohvar.at\/topo\/wp-json\/wp\/v2\/pages"}],"about":[{"href":"https:\/\/www.topohvar.at\/topo\/wp-json\/wp\/v2\/types\/page"}],"author":[{"embeddable":true,"href":"https:\/\/www.topohvar.at\/topo\/wp-json\/wp\/v2\/users\/1"}],"replies":[{"embeddable":true,"href":"https:\/\/www.topohvar.at\/topo\/wp-json\/wp\/v2\/comments?post=4055"}],"version-history":[{"count":12,"href":"https:\/\/www.topohvar.at\/topo\/wp-json\/wp\/v2\/pages\/4055\/revisions"}],"predecessor-version":[{"id":71529,"href":"https:\/\/www.topohvar.at\/topo\/wp-json\/wp\/v2\/pages\/4055\/revisions\/71529"}],"up":[{"embeddable":true,"href":"https:\/\/www.topohvar.at\/topo\/wp-json\/wp\/v2\/pages\/99"}],"wp:attachment":[{"href":"https:\/\/www.topohvar.at\/topo\/wp-json\/wp\/v2\/media?parent=4055"}],"curies":[{"name":"wp","href":"https:\/\/api.w.org\/{rel}","templated":true}]}}