{"id":40562,"date":"2020-08-26T11:26:05","date_gmt":"2020-08-26T09:26:05","guid":{"rendered":"https:\/\/www.topohvar.at\/topo\/?page_id=40562"},"modified":"2020-08-26T12:59:01","modified_gmt":"2020-08-26T10:59:01","slug":"ru-po-00-1","status":"publish","type":"page","link":"https:\/\/www.topohvar.at\/topo\/orte\/ru\/ru-po-00-1\/","title":{"rendered":"RUDINA &#8211; Popis arheolo\u0161ka nalazi\u0161ta"},"content":{"rendered":"<p><img loading=\"lazy\" decoding=\"async\" class=\"alignleft wp-image-387 size-full\" src=\"https:\/\/www.topohvar.at\/wp-content\/uploads\/2018\/07\/00-00-00-1.jpg\" alt=\"\" width=\"114\" height=\"56\" \/><\/p>\n<p>&nbsp;<\/p>\n<p>&nbsp;<\/p>\n<p><strong>Ime \/ Name<br \/>\n<\/strong>Popis arheolo\u0161ka nalazi\u0161ta \/ Liste arch\u00e4ologischer St\u00e4tten<\/p>\n<p><strong>Code: <\/strong>RU-PO-00\u00a0 \u00a0 \u00a0 \u00a0 \u00a0 \u00a0 \u00a0 \u00a0 \u00a0 \u00a0 \u00a0 \u00a0 \u00a0 \u00a0 \u00a0 \u00a0 \u00a0 \u00a0 \u00a0<strong>\u00a0<a href=\"https:\/\/www.topohvar.at\/orte\/ru\/\"><img loading=\"lazy\" decoding=\"async\" class=\"alignnone wp-image-535 size-full\" src=\"https:\/\/www.topohvar.at\/wp-content\/uploads\/2018\/07\/push-o-30.jpg\" alt=\"\" width=\"61\" height=\"30\" \/><\/a> <\/strong><\/p>\n<hr \/>\n<div class='content-column one_half'><div style=\"padding-right:6px;\"><p><strong>Evidentirana kulturna dobra &#8211; arheolo\u0161ka nalazi\u0161ta<br \/>\n<\/strong>Izvor: Op\u0107ina Stari Grad, naselje Rudina, prostornog plana Grada Staroga Grada, 2007<\/p>\n<p>Stupac 1: broj<br \/>\nStupac 2: ime<br \/>\nStupac 3: Vrsta<br \/>\n.\u00a0 \u00a0 pretpovijesna gomila<br \/>\n.\u00a0 \u00a0 koncentracija nalaza-rimsko doba<br \/>\nStupac 4: Status za\u0161tite<br \/>\n.\u00a0 \u00a0 prev. za\u0161tite<\/p><\/div><\/div><div class='content-column one_half last_column'><div style=\"padding-right:0px;padding-left:6px;\"><p><strong>Aufgezeichnete Kulturg\u00fcter &#8211; arch\u00e4ologische St\u00e4tten<br \/>\n<\/strong>Quelle: Gemeinde Stari Grad, Ortschaft Rudina, Raumordnungsplan der Stadt Stari Grad, 2007<\/p>\n<p>Spalte 1: Nummer<br \/>\nSpalte 2: Name<br \/>\nSpalte 3: Spezies<br \/>\n.\u00a0 \u00a0 pr\u00e4historischer H\u00fcgel<br \/>\n.\u00a0 \u00a0 Fundstelle &#8211; R\u00f6merzeit<br \/>\nSpalte 4: Schutzstatus<br \/>\n.\u00a0 \u00a0 vorbeugender Schutz<\/p><\/div><\/div><div class='clear_column'><\/div><\/p>\n<table width=\"483\">\n<tbody>\n<tr>\n<td width=\"41\">\n<h5>7714<\/h5>\n<\/td>\n<td width=\"141\">\n<h5>ZEMUNJEVA GOMILA<\/h5>\n<\/td>\n<td width=\"218\">\n<h5>pretpovijesna gomila<\/h5>\n<\/td>\n<td width=\"83\">\n<h5>prev. za\u0161tita<\/h5>\n<\/td>\n<\/tr>\n<tr>\n<td>\n<h5>7715<\/h5>\n<\/td>\n<td>\n<h5>KU\u0106A TADI\u0106<\/h5>\n<\/td>\n<td>\n<h5>koncentracija nalaza-rimsko doba<\/h5>\n<\/td>\n<td>\n<h5>prev. za\u0161tita<\/h5>\n<\/td>\n<\/tr>\n<\/tbody>\n<\/table>\n<hr \/>\n<p><strong>Linkovi \/ Links<\/strong><\/p>\n<p><span style=\"color: #3366ff;\">&#8211;<\/span><\/p>\n","protected":false},"excerpt":{"rendered":"<p>&nbsp; &nbsp; Ime \/ Name Popis arheolo\u0161ka nalazi\u0161ta \/ Liste arch\u00e4ologischer St\u00e4tten Code: RU-PO-00\u00a0 \u00a0 \u00a0 \u00a0 \u00a0 \u00a0 \u00a0 \u00a0 \u00a0 \u00a0 \u00a0 \u00a0 \u00a0 \u00a0 \u00a0 \u00a0 \u00a0 \u00a0 \u00a0\u00a0 7714 ZEMUNJEVA GOMILA pretpovijesna gomila prev. za\u0161tita 7715 &hellip; <a href=\"https:\/\/www.topohvar.at\/topo\/orte\/ru\/ru-po-00-1\/\">Weiterlesen <span class=\"meta-nav\">&rarr;<\/span><\/a><\/p>\n","protected":false},"author":1,"featured_media":0,"parent":93,"menu_order":0,"comment_status":"closed","ping_status":"closed","template":"","meta":{"footnotes":""},"class_list":["post-40562","page","type-page","status-publish","hentry"],"_links":{"self":[{"href":"https:\/\/www.topohvar.at\/topo\/wp-json\/wp\/v2\/pages\/40562","targetHints":{"allow":["GET"]}}],"collection":[{"href":"https:\/\/www.topohvar.at\/topo\/wp-json\/wp\/v2\/pages"}],"about":[{"href":"https:\/\/www.topohvar.at\/topo\/wp-json\/wp\/v2\/types\/page"}],"author":[{"embeddable":true,"href":"https:\/\/www.topohvar.at\/topo\/wp-json\/wp\/v2\/users\/1"}],"replies":[{"embeddable":true,"href":"https:\/\/www.topohvar.at\/topo\/wp-json\/wp\/v2\/comments?post=40562"}],"version-history":[{"count":8,"href":"https:\/\/www.topohvar.at\/topo\/wp-json\/wp\/v2\/pages\/40562\/revisions"}],"predecessor-version":[{"id":40599,"href":"https:\/\/www.topohvar.at\/topo\/wp-json\/wp\/v2\/pages\/40562\/revisions\/40599"}],"up":[{"embeddable":true,"href":"https:\/\/www.topohvar.at\/topo\/wp-json\/wp\/v2\/pages\/93"}],"wp:attachment":[{"href":"https:\/\/www.topohvar.at\/topo\/wp-json\/wp\/v2\/media?parent=40562"}],"curies":[{"name":"wp","href":"https:\/\/api.w.org\/{rel}","templated":true}]}}