{"id":4059,"date":"2018-08-09T08:45:24","date_gmt":"2018-08-09T06:45:24","guid":{"rendered":"https:\/\/www.topohvar.at\/?page_id=4059"},"modified":"2024-08-04T15:52:30","modified_gmt":"2024-08-04T13:52:30","slug":"sg-po-12-2","status":"publish","type":"page","link":"https:\/\/www.topohvar.at\/topo\/orte\/sg\/sg-po-12-2\/","title":{"rendered":"STARI GRAD &#8211; Povijesni objekt\u00a0\u00bbRimski mozaik (2)\u00ab"},"content":{"rendered":"<p><a name=\"seite_oben\"><\/a><img loading=\"lazy\" decoding=\"async\" class=\"alignnone wp-image-4025 size-large\" src=\"https:\/\/www.topohvar.at\/wp-content\/uploads\/2018\/08\/sg-po-12-1-1024x503.jpg\" alt=\"\" width=\"640\" height=\"314\" srcset=\"https:\/\/www.topohvar.at\/wp-content\/uploads\/2018\/08\/sg-po-12-1-1024x503.jpg 1024w, https:\/\/www.topohvar.at\/wp-content\/uploads\/2018\/08\/sg-po-12-1-300x147.jpg 300w, https:\/\/www.topohvar.at\/wp-content\/uploads\/2018\/08\/sg-po-12-1-768x377.jpg 768w\" sizes=\"auto, (max-width: 640px) 100vw, 640px\" \/><\/p>\n<p><strong>Ime \/ Name<br \/>\n<\/strong>Povijesni objekt\u00a0\u00bbRimski mozaik (2)\u00ab\/ R\u00f6misches Fu\u00dfbodenmosaik (2)<\/p>\n<p><strong>Code: <\/strong>SG-PO-12\u00a0 \u00a0 \u00a0 \u00a0 \u00a0 \u00a0 \u00a0 \u00a0 \u00a0 \u00a0 \u00a0 \u00a0 \u00a0 \u00a0 \u00a0 \u00a0 \u00a0 \u00a0\u00a0<strong><a href=\"https:\/\/www.topohvar.at\/orte\/sg\/sg-po-11-2\/\"><img loading=\"lazy\" decoding=\"async\" class=\"alignnone wp-image-533 size-full\" src=\"https:\/\/www.topohvar.at\/wp-content\/uploads\/2018\/07\/push-l-30.jpg\" alt=\"\" width=\"61\" height=\"30\" \/><\/a> <a href=\"https:\/\/www.topohvar.at\/orte\/sg\/\"><img loading=\"lazy\" decoding=\"async\" class=\"alignnone wp-image-535 size-full\" src=\"https:\/\/www.topohvar.at\/wp-content\/uploads\/2018\/07\/push-o-30.jpg\" alt=\"\" width=\"61\" height=\"30\" \/><\/a> <a href=\"https:\/\/www.topohvar.at\/orte\/sg\/sg-po-04-2\/\"><img loading=\"lazy\" decoding=\"async\" class=\"alignnone wp-image-536 size-full\" src=\"https:\/\/www.topohvar.at\/wp-content\/uploads\/2018\/07\/push-r-30.jpg\" alt=\"\" width=\"61\" height=\"30\" \/><\/a><\/strong><\/p>\n<hr \/>\n<p><strong>Adresa \/ Adresse<br \/>\n<\/strong>Stari Grad, Srinjo kola, Galerija Moria<\/p>\n<p><strong>Lokacija \/ Position<a href=\"https:\/\/goo.gl\/maps\/8kSifrRQ7Ka5MScH6\"><img loading=\"lazy\" decoding=\"async\" class=\"alignright wp-image-4109\" src=\"https:\/\/www.topohvar.at\/wp-content\/uploads\/2018\/08\/1392.jpg\" alt=\"\" width=\"134\" height=\"100\" \/><\/a><br \/>\n<\/strong><a href=\"https:\/\/goo.gl\/maps\/8kSifrRQ7Ka5MScH6\">Latitude: N 43,18368\u00b0\u00a0 \u00a0Longitude: E 16,59706\u00b0<\/a> <strong><br \/>\n<\/strong>Visina \/ H\u00f6he: 2 m<\/p>\n<p><strong>Katastarska \u010destica \/ Grundst\u00fccke<br \/>\n<\/strong>*241<div class='content-column one_half'><div style=\"padding-right:6px;\"><p><strong>Datum snimanja \/ Erfassungsdatum<br \/>\n<\/strong>25.10.2014 12:00:00<\/p>\n<hr \/>\n<p><strong>Informacije<\/strong><\/p>\n<p>Na uglu Vagonj ulice i Srinja kola je ku\u0107a \u010diji su temelji gr\u010dkog kolnika (4 st. pr. Kr.) i rimskih mozaika (2\/3 st.) postoji. Vjerojatno je to mjesto bilo mjesto rimske javne gra\u0111evine ili villa urbana ugledni gra\u0111anin.<\/p><\/div><\/div><div class='content-column one_half last_column'><div style=\"padding-right:0px;padding-left:6px;\"><p><strong>Stupanj za\u0161tite \/ Schutzstellung<br \/>\n<\/strong>&#8211;<\/p>\n<hr \/>\n<p><strong>Info<\/strong><\/p>\n<p>An der Ecke Vagonj \/ Srinja kola steht ein Haus, dessen Fundamente aus griechischem Pflaster (4. Jh. v.Chr.) und r\u00f6mischem Mosaik (2\/3 Jh. n. Chr.) bestehen. Vermutlich war diese Stelle der Ort eines r\u00f6mischen \u00f6ffentlichen Geb\u00e4udes oder einer Villa urbana eines angesehenen B\u00fcrgers.<\/p><\/div><\/div><div class='clear_column'><\/div><div class='content-column one_half'><div style=\"padding-right:6px;\"><p>Na ovim povijesnim temeljima danas Moria galerija, koja je dobila ime po drevnom gr\u010dkom vrsti maslina &#8211; sveto drvo \u010dije grane skitnica u potrazi za sigurnom lukom je nosila.<\/p><\/div><\/div><div class='content-column one_half last_column'><div style=\"padding-right:0px;padding-left:6px;\"><p>Auf diesen historischen Fundamenten steht heute die Galerie Moria, die nach einer antiken griechischen Art von Oliven benannt ist &#8211; der heilige Baum, dessen Zweig von Vagabunden auf der Suche nach einem sicheren Hafen getragen wurde.<\/p><\/div><\/div><div class='clear_column'><\/div><\/p>\n<p style=\"text-align: right;\"><span style=\"color: #3366ff;\"><a style=\"color: #3366ff;\" href=\"#seite_oben\">natrag na vrh \/ Seitenanfang<\/a><\/span><\/p>\n<hr \/>\n<p><img loading=\"lazy\" decoding=\"async\" class=\"aligncenter size-full wp-image-65848\" src=\"https:\/\/www.topohvar.at\/wp-content\/uploads\/2024\/03\/SG-PO-12-23.jpg\" alt=\"\" width=\"1080\" height=\"530\" srcset=\"https:\/\/www.topohvar.at\/wp-content\/uploads\/2024\/03\/SG-PO-12-23.jpg 1080w, https:\/\/www.topohvar.at\/wp-content\/uploads\/2024\/03\/SG-PO-12-23-300x147.jpg 300w, https:\/\/www.topohvar.at\/wp-content\/uploads\/2024\/03\/SG-PO-12-23-1024x503.jpg 1024w, https:\/\/www.topohvar.at\/wp-content\/uploads\/2024\/03\/SG-PO-12-23-768x377.jpg 768w\" sizes=\"auto, (max-width: 1080px) 100vw, 1080px\" \/><\/p>\n<div class='content-column one_third'><div style=\"padding-right:6px;\"><p>Galerija Moria osnovana je 2001. godine. Unutar galerijskog prostora, nagla\u0161enog suvremenim dizajnom i odignutim \u017eeljeznim podom galerije, nalaze se arheolo\u0161ki ostaci starorimskog mozaika iz 2. stolje\u0107a koji prikazuje kru\u017eni labirint, dok su u drugom dijelu galerije ostaci kamenog poplo\u010denja starogr\u010dkog trga iz 4. stolje\u0107a p. n. e.<\/p><\/div><\/div><div class='content-column one_third'><div style=\"padding-right:6px;\"><p>Moria Gallery was esteblished in the year 2001. Within the gallery space, emphasized by the modernist design and the raised iron floor of the gallery, there are archeological remains: a Roman mosaic from the second century representing a circular labyrinth, and, in the other part of the gallery, stones that used to pave a Greek square in the fourth century BC.<\/p><\/div><\/div><div class='content-column one_third last_column'><div style=\"padding-right:0px;padding-left:6px;\"><p>Die Moria Gallery wurde 2001 gegr\u00fcndet. Im Innenraum der Galerie, der durch zeitgen\u00f6ssisches Design und einen erh\u00f6hten Eisenboden gepr\u00e4gt ist, befinden sich arch\u00e4ologische \u00dcberreste eines antiken r\u00f6mischen Mosaiks aus dem 2. Jahrhundert, das ein kreisf\u00f6rmiges Labyrinth darstellt. In einem anderen Teil der Galerie finden sich \u00dcberreste des Steinpflasters eines antiken griechischen Platzes aus dem 4. Jahrhundert v. Chr..<\/p><\/div><\/div><div class='clear_column'><\/div><div class='content-column one_third'><div style=\"padding-right:6px;\"><p>Ljepota galerijskog prostora koji podjednako privla\u010di sve posjetitelje grada, kako umjetnike tako i turiste, usko je povezana s prorgamom galerije.<\/p><\/div><\/div><div class='content-column one_third'><div style=\"padding-right:6px;\"><p>The beauty of the gallery space, which equally attracts all town visitors, both artists and tourists, is closely related to the program of the gallery.<\/p><\/div><\/div><div class='content-column one_third last_column'><div style=\"padding-right:0px;padding-left:6px;\"><p>Die Sch\u00f6nheit des Galerieraums, der alle Besucher der Stadt, sowohl K\u00fcnstler als auch Touristen, gleicherma\u00dfen anzieht, steht in engem Zusammenhang mit dem Programm der Galerie.<\/p><\/div><\/div><div class='clear_column'><\/div><\/p>\n<p style=\"text-align: right;\"><span style=\"color: #3366ff;\"><a style=\"color: #3366ff;\" href=\"#seite_oben\">natrag na vrh \/ Seitenanfang<\/a><\/span><\/p>\n<hr \/>\n<p><strong>Linkovi \/ Links<\/strong><\/p>\n<p><span style=\"color: #3366ff;\"><a style=\"color: #3366ff;\" href=\"https:\/\/www.topohvar.at\/topo\/orte\/sg\/sg-po-11-2\/\">Povijesni objekt \u00bbRimski mozaik (1)\u00ab\/ R\u00f6misches Fu\u00dfbodenmosaik (1)<\/a><br \/>\n<a style=\"color: #3366ff;\" href=\"https:\/\/www.topohvar.at\/topo\/orte\/sg\/sg-pu-05-2\/\">Objekt \u00bbSrinjo kola\u00ab<\/a><\/span><\/p>\n","protected":false},"excerpt":{"rendered":"<p>Ime \/ Name Povijesni objekt\u00a0\u00bbRimski mozaik (2)\u00ab\/ R\u00f6misches Fu\u00dfbodenmosaik (2) Code: SG-PO-12\u00a0 \u00a0 \u00a0 \u00a0 \u00a0 \u00a0 \u00a0 \u00a0 \u00a0 \u00a0 \u00a0 \u00a0 \u00a0 \u00a0 \u00a0 \u00a0 \u00a0 \u00a0\u00a0 Adresa \/ Adresse Stari Grad, Srinjo kola, Galerija Moria Lokacija \/ &hellip; <a href=\"https:\/\/www.topohvar.at\/topo\/orte\/sg\/sg-po-12-2\/\">Weiterlesen <span class=\"meta-nav\">&rarr;<\/span><\/a><\/p>\n","protected":false},"author":1,"featured_media":0,"parent":99,"menu_order":0,"comment_status":"closed","ping_status":"closed","template":"","meta":{"footnotes":""},"class_list":["post-4059","page","type-page","status-publish","hentry"],"_links":{"self":[{"href":"https:\/\/www.topohvar.at\/topo\/wp-json\/wp\/v2\/pages\/4059","targetHints":{"allow":["GET"]}}],"collection":[{"href":"https:\/\/www.topohvar.at\/topo\/wp-json\/wp\/v2\/pages"}],"about":[{"href":"https:\/\/www.topohvar.at\/topo\/wp-json\/wp\/v2\/types\/page"}],"author":[{"embeddable":true,"href":"https:\/\/www.topohvar.at\/topo\/wp-json\/wp\/v2\/users\/1"}],"replies":[{"embeddable":true,"href":"https:\/\/www.topohvar.at\/topo\/wp-json\/wp\/v2\/comments?post=4059"}],"version-history":[{"count":16,"href":"https:\/\/www.topohvar.at\/topo\/wp-json\/wp\/v2\/pages\/4059\/revisions"}],"predecessor-version":[{"id":69443,"href":"https:\/\/www.topohvar.at\/topo\/wp-json\/wp\/v2\/pages\/4059\/revisions\/69443"}],"up":[{"embeddable":true,"href":"https:\/\/www.topohvar.at\/topo\/wp-json\/wp\/v2\/pages\/99"}],"wp:attachment":[{"href":"https:\/\/www.topohvar.at\/topo\/wp-json\/wp\/v2\/media?parent=4059"}],"curies":[{"name":"wp","href":"https:\/\/api.w.org\/{rel}","templated":true}]}}