{"id":40607,"date":"2020-08-26T13:20:36","date_gmt":"2020-08-26T11:20:36","guid":{"rendered":"https:\/\/www.topohvar.at\/topo\/?page_id=40607"},"modified":"2022-02-14T14:40:55","modified_gmt":"2022-02-14T13:40:55","slug":"vj-po-00-1","status":"publish","type":"page","link":"https:\/\/www.topohvar.at\/topo\/orte\/vj\/vj-po-00-1\/","title":{"rendered":"VRBANJ &#8211; Popis arheolo\u0161ka nalazi\u0161ta"},"content":{"rendered":"<p><a name=\"seite_oben\"><\/a><img loading=\"lazy\" decoding=\"async\" class=\"alignleft wp-image-387 size-full\" src=\"https:\/\/www.topohvar.at\/wp-content\/uploads\/2018\/07\/00-00-00-1.jpg\" alt=\"\" width=\"114\" height=\"56\" \/><\/p>\n<p>&nbsp;<\/p>\n<p><strong>Ime \/ Name<br \/>\n<\/strong>Popis arheolo\u0161ka nalazi\u0161ta \/ Liste arch\u00e4ologischer St\u00e4tten<\/p>\n<p><strong>Code: <\/strong>VJ-PO-00\u00a0 \u00a0 \u00a0 \u00a0 \u00a0 \u00a0 \u00a0 \u00a0 \u00a0 \u00a0 \u00a0 \u00a0 \u00a0 \u00a0 \u00a0 \u00a0 \u00a0 \u00a0 <a href=\"https:\/\/www.topohvar.at\/topo\/orte\/vj\/vj-po-02-1\/\"><img loading=\"lazy\" decoding=\"async\" class=\"alignnone wp-image-533 size-full\" src=\"https:\/\/www.topohvar.at\/wp-content\/uploads\/2018\/07\/push-l-30.jpg\" alt=\"\" width=\"61\" height=\"30\" \/><\/a><strong>\u00a0<a href=\"https:\/\/www.topohvar.at\/orte\/vj\/\"><img loading=\"lazy\" decoding=\"async\" class=\"alignnone wp-image-535 size-full\" src=\"https:\/\/www.topohvar.at\/wp-content\/uploads\/2018\/07\/push-o-30.jpg\" alt=\"\" width=\"61\" height=\"30\" \/><\/a> <a href=\"https:\/\/www.topohvar.at\/topo\/orte\/vj\/vj-pg-00-1\/\"><img loading=\"lazy\" decoding=\"async\" class=\"alignnone wp-image-536 size-full\" src=\"https:\/\/www.topohvar.at\/wp-content\/uploads\/2018\/07\/push-r-30.jpg\" alt=\"\" width=\"61\" height=\"30\" \/><\/a><\/strong><\/p>\n<hr \/>\n<div class='content-column one_half'><div style=\"padding-right:6px;\"><p><strong>Evidentirana kulturna dobra &#8211; arheolo\u0161ka nalazi\u0161ta<br \/>\n<\/strong>Izvor: Op\u0107ina Stari Grad, naselje Vrbanj, prostornog plana Grad Staroga Grada, 2007<\/p><\/div><\/div><div class='content-column one_half last_column'><div style=\"padding-right:0px;padding-left:6px;\"><p><strong>Aufgezeichnete Kulturg\u00fcter &#8211; arch\u00e4ologische St\u00e4tten<br \/>\n<\/strong>Quelle: Gemeinde Stari Grad, Ort Vrbanj, Raumordnungsplan der Stadt Stari Grad, 2007<\/p><\/div><\/div><div class='clear_column'><\/div><div class='content-column one_half'><div style=\"padding-right:6px;\"><p>Stupac 1: broj<br \/>\nStupac 2: ime<br \/>\nStupac 3: Vrsta<br \/>\n.\u00a0 \u00a0 koncentracija nalaza-rimsko doba<br \/>\n.\u00a0 \u00a0 ostaci arhitekture rimsko doba<br \/>\n.\u00a0 \u00a0 skeletno groblje<br \/>\n.\u00a0 \u00a0 pretpovijesna gomila<br \/>\n.\u00a0 \u00a0 koncentracija nalaza-rim\/gr\u010d- doba<br \/>\n.\u00a0 \u00a0 rimski natpis<br \/>\nStupac 4: Status za\u0161tite<br \/>\n.\u00a0 \u00a0 prev. za\u0161tite<\/p><\/div><\/div><div class='content-column one_half last_column'><div style=\"padding-right:0px;padding-left:6px;\"><p>Spalte 1: Nummer<br \/>\nSpalte 2: Name<br \/>\nSpalte 3: Spezies<br \/>\n.\u00a0 \u00a0 Fundstelle &#8211; R\u00f6merzeit<br \/>\n.\u00a0 \u00a0 Architekturreste &#8211; R\u00f6merzeit<br \/>\n.\u00a0 \u00a0 Grabst\u00e4tte &#8211; Skelett<br \/>\n.\u00a0 \u00a0 pr\u00e4historischer H\u00fcgel<br \/>\n.\u00a0 \u00a0 Fundstelle &#8211; r\u00f6mische \/ griechische \u00c4ra<br \/>\n.\u00a0 \u00a0 R\u00f6mische Inschrift<br \/>\nSpalte 4: Schutzstatus<br \/>\n.\u00a0 \u00a0 vorbeugender Schutz<\/p><\/div><\/div><div class='clear_column'><\/div><\/p>\n<table width=\"470\">\n<tbody>\n<tr>\n<td width=\"42\">\n<h5>7717<\/h5>\n<\/td>\n<td width=\"118\">\n<h5>MANDRA\u010c<\/h5>\n<\/td>\n<td width=\"227\">\n<h5>koncentracija nalaza-rimsko doba<\/h5>\n<\/td>\n<td width=\"83\">\n<h5>prev. za\u0161tita<\/h5>\n<\/td>\n<\/tr>\n<tr>\n<td>\n<h5>7718<\/h5>\n<\/td>\n<td>\n<h5>JURKOVI DOLCI<\/h5>\n<\/td>\n<td>\n<h5>skeletno groblje<\/h5>\n<\/td>\n<td>\n<h5>prev. za\u0161tita<\/h5>\n<\/td>\n<\/tr>\n<tr>\n<td>\n<h5>7761<\/h5>\n<\/td>\n<td>\n<h5>MARIJCA GOMILA<\/h5>\n<\/td>\n<td>\n<h5>pretpovijesna gomila<\/h5>\n<\/td>\n<td>\n<h5>prev. za\u0161tita<\/h5>\n<\/td>\n<\/tr>\n<tr>\n<td>\n<h5>7762<\/h5>\n<\/td>\n<td>\n<h5>KRU\u0160OVLJE<\/h5>\n<\/td>\n<td>\n<h5>koncentracija nalaza-rimsko doba<\/h5>\n<\/td>\n<td>\n<h5>prev. za\u0161tita<\/h5>\n<\/td>\n<\/tr>\n<tr>\n<td>\n<h5>7763<\/h5>\n<\/td>\n<td>\n<h5>KRU\u0160OVLJE<\/h5>\n<\/td>\n<td>\n<h5>koncentracija nalaza-rimsko doba<\/h5>\n<\/td>\n<td>\n<h5>prev. za\u0161tita<\/h5>\n<\/td>\n<\/tr>\n<tr>\n<td>\n<h5>7764<\/h5>\n<\/td>\n<td>\n<h5>SVETI KUZMA<\/h5>\n<\/td>\n<td>\n<h5>koncentracija nalaza-rimsko doba<\/h5>\n<\/td>\n<td>\n<h5>prev. za\u0161tita<\/h5>\n<\/td>\n<\/tr>\n<tr>\n<td>\n<h5>7765<\/h5>\n<\/td>\n<td>\n<h5>POVOTOVO<\/h5>\n<\/td>\n<td>\n<h5>koncentracija nalaza-rimsko doba<\/h5>\n<\/td>\n<td>\n<h5>prev. za\u0161tita<\/h5>\n<\/td>\n<\/tr>\n<tr>\n<td>\n<h5>7766<\/h5>\n<\/td>\n<td>\n<h5>TINJAK<\/h5>\n<\/td>\n<td>\n<h5>ostaci arhitekture rimsko doba<\/h5>\n<\/td>\n<td>\n<h5>prev. za\u0161tita<\/h5>\n<\/td>\n<\/tr>\n<tr>\n<td>\n<h5>7767<\/h5>\n<\/td>\n<td>\n<h5>NJIVE<\/h5>\n<\/td>\n<td>\n<h5>koncentracija nalaza-rimsko doba<\/h5>\n<\/td>\n<td>\n<h5>prev. za\u0161tita<\/h5>\n<\/td>\n<\/tr>\n<tr>\n<td>\n<h5>7768<\/h5>\n<\/td>\n<td>\n<h5>KRVAVA GOMILA<\/h5>\n<\/td>\n<td>\n<h5>pretpovijesna gomila<\/h5>\n<\/td>\n<td>\n<h5>prev. za\u0161tita<\/h5>\n<\/td>\n<\/tr>\n<tr>\n<td>\n<h5>7769<\/h5>\n<\/td>\n<td>\n<h5>VRBANJ<\/h5>\n<\/td>\n<td>\n<h5>koncentracija nalaza-rim\/gr\u010d- doba<\/h5>\n<\/td>\n<td>\n<h5>prev. za\u0161tita<\/h5>\n<\/td>\n<\/tr>\n<tr>\n<td>\n<h5>7770<\/h5>\n<\/td>\n<td>\n<h5>VRBANJ<\/h5>\n<\/td>\n<td>\n<h5>koncentracija nalaza-rim\/gr\u010d- doba<\/h5>\n<\/td>\n<td>\n<h5>prev. za\u0161tita<\/h5>\n<\/td>\n<\/tr>\n<tr>\n<td>\n<h5>7771<\/h5>\n<\/td>\n<td>\n<h5>VRBANJ<\/h5>\n<\/td>\n<td>\n<h5>rimski natpisi<\/h5>\n<\/td>\n<td>\n<h5>prev. za\u0161tita<\/h5>\n<\/td>\n<\/tr>\n<tr>\n<td>\n<h5>7827<\/h5>\n<\/td>\n<td>\n<h5>PODHUM<\/h5>\n<\/td>\n<td>\n<h5>ostaci arhitekture rimsko doba<\/h5>\n<\/td>\n<td>\n<h5>prev. za\u0161tita<\/h5>\n<\/td>\n<\/tr>\n<tr>\n<td>\n<h5>7828<\/h5>\n<\/td>\n<td>\n<h5>XXXX<\/h5>\n<\/td>\n<td>\n<h5>ostaci arhitekture rimsko doba<\/h5>\n<\/td>\n<td>\n<h5>prev. za\u0161tita<\/h5>\n<\/td>\n<\/tr>\n<tr>\n<td>\n<h5>7836<\/h5>\n<\/td>\n<td>\n<h5>SVETI VID<\/h5>\n<\/td>\n<td>\n<h5>pretpovijesna gomila<\/h5>\n<\/td>\n<td>\n<h5>prev. za\u0161tita<\/h5>\n<\/td>\n<\/tr>\n<\/tbody>\n<\/table>\n<p style=\"text-align: right;\"><span style=\"color: #3366ff;\"><a style=\"color: #3366ff;\" href=\"#seite_oben\">natrag na vrh \/ Seitenanfang<\/a><\/span><\/p>\n<hr \/>\n<p><strong>Linkovi \/ Links<\/strong><\/p>\n<p><span style=\"color: #3366ff;\">&#8211;<\/span><\/p>\n","protected":false},"excerpt":{"rendered":"<p>&nbsp; Ime \/ Name Popis arheolo\u0161ka nalazi\u0161ta \/ Liste arch\u00e4ologischer St\u00e4tten Code: VJ-PO-00\u00a0 \u00a0 \u00a0 \u00a0 \u00a0 \u00a0 \u00a0 \u00a0 \u00a0 \u00a0 \u00a0 \u00a0 \u00a0 \u00a0 \u00a0 \u00a0 \u00a0 \u00a0 \u00a0 7717 MANDRA\u010c koncentracija nalaza-rimsko doba prev. za\u0161tita 7718 JURKOVI &hellip; <a href=\"https:\/\/www.topohvar.at\/topo\/orte\/vj\/vj-po-00-1\/\">Weiterlesen <span class=\"meta-nav\">&rarr;<\/span><\/a><\/p>\n","protected":false},"author":1,"featured_media":0,"parent":111,"menu_order":0,"comment_status":"closed","ping_status":"closed","template":"","meta":{"footnotes":""},"class_list":["post-40607","page","type-page","status-publish","hentry"],"_links":{"self":[{"href":"https:\/\/www.topohvar.at\/topo\/wp-json\/wp\/v2\/pages\/40607","targetHints":{"allow":["GET"]}}],"collection":[{"href":"https:\/\/www.topohvar.at\/topo\/wp-json\/wp\/v2\/pages"}],"about":[{"href":"https:\/\/www.topohvar.at\/topo\/wp-json\/wp\/v2\/types\/page"}],"author":[{"embeddable":true,"href":"https:\/\/www.topohvar.at\/topo\/wp-json\/wp\/v2\/users\/1"}],"replies":[{"embeddable":true,"href":"https:\/\/www.topohvar.at\/topo\/wp-json\/wp\/v2\/comments?post=40607"}],"version-history":[{"count":8,"href":"https:\/\/www.topohvar.at\/topo\/wp-json\/wp\/v2\/pages\/40607\/revisions"}],"predecessor-version":[{"id":57344,"href":"https:\/\/www.topohvar.at\/topo\/wp-json\/wp\/v2\/pages\/40607\/revisions\/57344"}],"up":[{"embeddable":true,"href":"https:\/\/www.topohvar.at\/topo\/wp-json\/wp\/v2\/pages\/111"}],"wp:attachment":[{"href":"https:\/\/www.topohvar.at\/topo\/wp-json\/wp\/v2\/media?parent=40607"}],"curies":[{"name":"wp","href":"https:\/\/api.w.org\/{rel}","templated":true}]}}