{"id":4067,"date":"2018-08-09T08:48:32","date_gmt":"2018-08-09T06:48:32","guid":{"rendered":"https:\/\/www.topohvar.at\/?page_id=4067"},"modified":"2024-04-12T18:54:00","modified_gmt":"2024-04-12T16:54:00","slug":"sg-ir-19-2","status":"publish","type":"page","link":"https:\/\/www.topohvar.at\/topo\/orte\/sg\/sg-ir-19-2\/","title":{"rendered":"STARI GRAD &#8211; Rejef \u00bbdvije spolije u vrtnom zidu\u00ab"},"content":{"rendered":"<p><a name=\"seite_oben\"><\/a><\/p>\n<p><img loading=\"lazy\" decoding=\"async\" class=\"size-full wp-image-59051\" src=\"https:\/\/www.topohvar.at\/wp-content\/uploads\/2022\/05\/sg-ir-19-0.jpg\" alt=\"\" width=\"1080\" height=\"530\" srcset=\"https:\/\/www.topohvar.at\/wp-content\/uploads\/2022\/05\/sg-ir-19-0.jpg 1080w, https:\/\/www.topohvar.at\/wp-content\/uploads\/2022\/05\/sg-ir-19-0-300x147.jpg 300w, https:\/\/www.topohvar.at\/wp-content\/uploads\/2022\/05\/sg-ir-19-0-1024x503.jpg 1024w, https:\/\/www.topohvar.at\/wp-content\/uploads\/2022\/05\/sg-ir-19-0-768x377.jpg 768w\" sizes=\"auto, (max-width: 1080px) 100vw, 1080px\" \/><\/p>\n<p><strong>Ime \/ Name<br \/>\n<\/strong>Reljef \u00bbdvije spolije u vrtnom zidu\u00ab\/ Zwei Spolien in der Gartenmauer<\/p>\n<p><strong>Code: <\/strong>SG-IR-19\u00a0 \u00a0 \u00a0 \u00a0 \u00a0 \u00a0 \u00a0 \u00a0 \u00a0 \u00a0 \u00a0 \u00a0 \u00a0 \u00a0 \u00a0 \u00a0 \u00a0 \u00a0\u00a0<strong><a href=\"https:\/\/www.topohvar.at\/orte\/sg\/sg-ig-01-2\/\"><img loading=\"lazy\" decoding=\"async\" class=\"alignnone wp-image-12300 size-full\" src=\"https:\/\/www.topohvar.at\/wp-content\/uploads\/2018\/09\/push-vor-30.jpg\" alt=\"\" width=\"61\" height=\"30\" \/><\/a>\u00a0<\/strong><strong><a href=\"https:\/\/www.topohvar.at\/orte\/sg\/sg-ir-15-1\/\"><img loading=\"lazy\" decoding=\"async\" class=\"alignnone wp-image-533 size-full\" src=\"https:\/\/www.topohvar.at\/wp-content\/uploads\/2018\/07\/push-l-30.jpg\" alt=\"\" width=\"61\" height=\"30\" \/><\/a> <a href=\"https:\/\/www.topohvar.at\/orte\/sg\/\"><img loading=\"lazy\" decoding=\"async\" class=\"alignnone wp-image-535 size-full\" src=\"https:\/\/www.topohvar.at\/wp-content\/uploads\/2018\/07\/push-o-30.jpg\" alt=\"\" width=\"61\" height=\"30\" \/><\/a> <a href=\"https:\/\/www.topohvar.at\/orte\/sg\/sg-ir-01-2\/\"><img loading=\"lazy\" decoding=\"async\" class=\"alignnone wp-image-536 size-full\" src=\"https:\/\/www.topohvar.at\/wp-content\/uploads\/2018\/07\/push-r-30.jpg\" alt=\"\" width=\"61\" height=\"30\" \/><\/a><\/strong><\/p>\n<hr \/>\n<p><strong>Adresa \/ Adresse<br \/>\n<\/strong>Stari Grad, Put od Starog Grda do Dolju<\/p>\n<p><strong>Lokacija \/ Position<a href=\"https:\/\/goo.gl\/maps\/wzeMjjLQNCs54RJV7\"><img loading=\"lazy\" decoding=\"async\" class=\"alignright wp-image-4123\" src=\"https:\/\/www.topohvar.at\/wp-content\/uploads\/2018\/08\/1733.jpg\" alt=\"\" width=\"134\" height=\"100\" \/><\/a><br \/>\n<\/strong><span style=\"color: #3366ff;\"><a style=\"color: #3366ff;\" href=\"https:\/\/goo.gl\/maps\/wzeMjjLQNCs54RJV7\">Latitude: N 43,18047\u00b0\u00a0 \u00a0Longitude: E 16,60908\u00b0<\/a> <\/span><strong><br \/>\n<\/strong>Visina \/ H\u00f6he: 15 m<\/p>\n<p><strong>Katastarska \u010destica \/ Grundst\u00fccke<br \/>\n<\/strong>4523\/2<div class='content-column one_half'><div style=\"padding-right:6px;\"><p><strong>Datum snimanja \/ Erfassungsdatum<br \/>\n<\/strong>06.05.2018 08:41:00<\/p>\n<hr \/>\n<p><strong>Informacije<\/strong><\/p>\n<p>Nekih 300-tak metara sjevernozapadnije od sv. Jeline sa ju\u017ene strane ceste nalazi se ogradni zid u kojeg je uzidana dvije spolije, iako su dosta o\u0161te\u010dena ostao je vidljiv vegetabilni motiv.<\/p><\/div><\/div><div class='content-column one_half last_column'><div style=\"padding-right:0px;padding-left:6px;\"><p><strong>Stupanj za\u0161tite \/ Schutzstellung<br \/>\n<\/strong>&#8211;<\/p>\n<hr \/>\n<p><strong>Info<\/strong><\/p>\n<p>Etwa 300 Meter nordwestlich der Kapelle der hl. Helena sind auf der S\u00fcdseite der Stra\u00dfe in der Zaunmauer zwei Spolien vermauert. Sie sind ziemlich besch\u00e4digt, aber ein vegetatives Motiv ist sichtbar geblieben.<\/p><\/div><\/div><div class='clear_column'><\/div><div class='content-column one_half'><div style=\"padding-right:6px;\"><p>Spolije su sastavni dijelovi i ostali ostaci poput dijelova reljefa ili skulptura, friza i arhitrava kamenja, stupova ili kapitela koji su preostali iz zgrade starijih kultura i ponovno se koriste u novim zgradama.<\/p><\/div><\/div><div class='content-column one_half last_column'><div style=\"padding-right:0px;padding-left:6px;\"><p>Spolien sind Bauteile und andere \u00dcberreste wie Teile von Reliefs oder Skulpturen, Friese und Architravsteine, S\u00e4ulen- oder Kapitellreste, die aus Bauten \u00e4lterer Kulturen stammen und in neuen Bauwerken wiederverwendet werden.<\/p><\/div><\/div><div class='clear_column'><\/div><div class='content-column one_half'><div style=\"padding-right:6px;\"><p>Natpis na desnoj spoliju:<\/p><\/div><\/div><div class='content-column one_half last_column'><div style=\"padding-right:0px;padding-left:6px;\"><p>Inschrift auf der rechten Spolie:<\/p><\/div><\/div><div class='clear_column'><\/div><\/p>\n<p style=\"text-align: center;\">M S\u00a0 1929<\/p>\n<p style=\"text-align: center;\"><em>(Alen Mileti\u0107, arheolo\u0161ko-povijesne bilje\u0161ke o spolijama anti\u010dkog Farosa)<\/em><\/p>\n<p style=\"text-align: right;\"><a href=\"#seite_oben\">natrag na vrh \/ Seitenanfang<\/a><\/p>\n<hr \/>\n<p><strong>Linkovi \/ Links<\/strong><\/p>\n<p>&#8211;<\/p>\n","protected":false},"excerpt":{"rendered":"<p>Ime \/ Name Reljef \u00bbdvije spolije u vrtnom zidu\u00ab\/ Zwei Spolien in der Gartenmauer Code: SG-IR-19\u00a0 \u00a0 \u00a0 \u00a0 \u00a0 \u00a0 \u00a0 \u00a0 \u00a0 \u00a0 \u00a0 \u00a0 \u00a0 \u00a0 \u00a0 \u00a0 \u00a0 \u00a0\u00a0\u00a0 Adresa \/ Adresse Stari Grad, Put od &hellip; <a href=\"https:\/\/www.topohvar.at\/topo\/orte\/sg\/sg-ir-19-2\/\">Weiterlesen <span class=\"meta-nav\">&rarr;<\/span><\/a><\/p>\n","protected":false},"author":1,"featured_media":0,"parent":99,"menu_order":0,"comment_status":"closed","ping_status":"closed","template":"","meta":{"footnotes":""},"class_list":["post-4067","page","type-page","status-publish","hentry"],"_links":{"self":[{"href":"https:\/\/www.topohvar.at\/topo\/wp-json\/wp\/v2\/pages\/4067","targetHints":{"allow":["GET"]}}],"collection":[{"href":"https:\/\/www.topohvar.at\/topo\/wp-json\/wp\/v2\/pages"}],"about":[{"href":"https:\/\/www.topohvar.at\/topo\/wp-json\/wp\/v2\/types\/page"}],"author":[{"embeddable":true,"href":"https:\/\/www.topohvar.at\/topo\/wp-json\/wp\/v2\/users\/1"}],"replies":[{"embeddable":true,"href":"https:\/\/www.topohvar.at\/topo\/wp-json\/wp\/v2\/comments?post=4067"}],"version-history":[{"count":14,"href":"https:\/\/www.topohvar.at\/topo\/wp-json\/wp\/v2\/pages\/4067\/revisions"}],"predecessor-version":[{"id":66188,"href":"https:\/\/www.topohvar.at\/topo\/wp-json\/wp\/v2\/pages\/4067\/revisions\/66188"}],"up":[{"embeddable":true,"href":"https:\/\/www.topohvar.at\/topo\/wp-json\/wp\/v2\/pages\/99"}],"wp:attachment":[{"href":"https:\/\/www.topohvar.at\/topo\/wp-json\/wp\/v2\/media?parent=4067"}],"curies":[{"name":"wp","href":"https:\/\/api.w.org\/{rel}","templated":true}]}}