{"id":40975,"date":"2020-09-13T18:22:53","date_gmt":"2020-09-13T16:22:53","guid":{"rendered":"https:\/\/www.topohvar.at\/topo\/?page_id=40975"},"modified":"2024-04-21T15:52:19","modified_gmt":"2024-04-21T13:52:19","slug":"sg-on-01-1","status":"publish","type":"page","link":"https:\/\/www.topohvar.at\/topo\/orte\/sg\/sg-on-01-1\/","title":{"rendered":"STARI GRAD &#8211; Objekt \u00bbNogometno igrali\u0161te Dolci\u00ab"},"content":{"rendered":"<p><a name=\"seite_oben\"><\/a><br \/>\n<img loading=\"lazy\" decoding=\"async\" class=\"alignnone wp-image-51878 size-full\" src=\"https:\/\/www.topohvar.at\/wp-content\/uploads\/2021\/09\/sg-on-01-1.jpg\" alt=\"\" width=\"1080\" height=\"530\" srcset=\"https:\/\/www.topohvar.at\/wp-content\/uploads\/2021\/09\/sg-on-01-1.jpg 1080w, https:\/\/www.topohvar.at\/wp-content\/uploads\/2021\/09\/sg-on-01-1-300x147.jpg 300w, https:\/\/www.topohvar.at\/wp-content\/uploads\/2021\/09\/sg-on-01-1-1024x503.jpg 1024w, https:\/\/www.topohvar.at\/wp-content\/uploads\/2021\/09\/sg-on-01-1-768x377.jpg 768w\" sizes=\"auto, (max-width: 1080px) 100vw, 1080px\" \/><\/p>\n<p><strong>Ime \/ Name<br \/>\n<\/strong>Objekt \u00bbNogometno igrali\u0161te Dolci\u00ab \/ Sportplatz<\/p>\n<p><strong>Code: <\/strong>SG-ON-01\u00a0 \u00a0 \u00a0 \u00a0 \u00a0 \u00a0 \u00a0 \u00a0 \u00a0 \u00a0 \u00a0 \u00a0 \u00a0 \u00a0 \u00a0 \u00a0 \u00a0 \u00a0<a href=\"https:\/\/www.topohvar.at\/orte\/sg\/sg-pu-09-2\/\"><img loading=\"lazy\" decoding=\"async\" class=\"alignnone wp-image-12300 size-full\" src=\"https:\/\/www.topohvar.at\/wp-content\/uploads\/2018\/09\/push-vor-30.jpg\" alt=\"\" width=\"61\" height=\"30\" \/><\/a>\u00a0<strong><a href=\"https:\/\/www.topohvar.at\/orte\/sg\/sg-ok-01-1\/\"><img loading=\"lazy\" decoding=\"async\" class=\"alignnone wp-image-533 size-full\" src=\"https:\/\/www.topohvar.at\/wp-content\/uploads\/2018\/07\/push-l-30.jpg\" alt=\"\" width=\"61\" height=\"30\" \/><\/a> <a href=\"https:\/\/www.topohvar.at\/orte\/sg\/\"><img loading=\"lazy\" decoding=\"async\" class=\"alignnone wp-image-535 size-full\" src=\"https:\/\/www.topohvar.at\/wp-content\/uploads\/2018\/07\/push-o-30.jpg\" alt=\"\" width=\"61\" height=\"30\" \/><\/a> <a href=\"https:\/\/www.topohvar.at\/orte\/sg\/sg-on-02-1\/\"><img loading=\"lazy\" decoding=\"async\" class=\"alignnone wp-image-536 size-full\" src=\"https:\/\/www.topohvar.at\/wp-content\/uploads\/2018\/07\/push-r-30.jpg\" alt=\"\" width=\"61\" height=\"30\" \/><\/a> <a href=\"https:\/\/www.topohvar.at\/orte\/sg\/sg-og-01-2\/\"><img loading=\"lazy\" decoding=\"async\" class=\"alignnone wp-image-12299 size-full\" src=\"https:\/\/www.topohvar.at\/wp-content\/uploads\/2018\/09\/push-next-30.jpg\" alt=\"\" width=\"61\" height=\"30\" \/><\/a><\/strong><\/p>\n<hr \/>\n<p><strong>Adresa \/ Adresse<br \/>\n<\/strong>Stari Grad, Dolci, Ulica Petra Kre\u0161imira IV 2B\/ Put Rudine<\/p>\n<p><strong>Lokacija \/ Position<a href=\"https:\/\/goo.gl\/maps\/sTcZi49ajGpZ4ixVA\"><img loading=\"lazy\" decoding=\"async\" class=\"alignright wp-image-40983\" src=\"https:\/\/www.topohvar.at\/wp-content\/uploads\/2020\/09\/2782.jpg\" alt=\"\" width=\"134\" height=\"100\" \/><\/a><br \/>\n<\/strong><span style=\"color: #3366ff;\"><a style=\"color: #3366ff;\" href=\"https:\/\/goo.gl\/maps\/sTcZi49ajGpZ4ixVA\">Latitude: N 43,16870\u00b0\u00a0 \u00a0Longitude: E 16,60013\u00b0<\/a> <\/span><strong><br \/>\n<\/strong>Visina \/ H\u00f6he: 16 m<\/p>\n<p><strong>Katastarska \u010destica \/ Grundst\u00fccke<br \/>\n<\/strong>7186, 7188\/1, 7188\/3, 7035\/2<div class='content-column one_half'><div style=\"padding-right:6px;\"><p><strong>Datum snimanja \/ Erfassungsdatum<br \/>\n<\/strong>20.10.2021 09:50:00<\/p>\n<hr \/>\n<p><strong>Informacije<\/strong><\/p>\n<p>Igrali\u0161te koristi nogometni klub &#8222;HNK Jadran&#8220;. Na njegovoj zapadnoj strani nalazi se spomen-kamen u spomen na poginule \u010dlanove nogometno kluba.<\/p><\/div><\/div><div class='content-column one_half last_column'><div style=\"padding-right:0px;padding-left:6px;\"><p><strong>Stupanj za\u0161tite \/ Schutzstellung<br \/>\n<\/strong>&#8211;<\/p>\n<hr \/>\n<p><strong>Info<\/strong><\/p>\n<p>Der Spielplatz wird vom Fu\u00dfballklubs &#8222;HNK Jadran&#8220; genutzt. An seiner Westseite steht ein Gedenkstein in Erinnerung an gefallene Mitglieder des Vereins.<\/p><\/div><\/div><div class='clear_column'><\/div><\/p>\n<hr \/>\n<div class='content-column one_third'><div style=\"padding-right:6px;\"><p>Teren je dom <em>Nogometnog Kluba Jadran<\/em>. Nogomet se na otoku Hvaru igra jo\u0161 od vremena Austro-Ugarske. Najstariji klubovi u gradu Starom Gradu bili su klubovi <em>Balkan<\/em> i <em>Nois<\/em> (1913).<\/p><\/div><\/div><div class='content-column one_third'><div style=\"padding-right:6px;\"><p><img loading=\"lazy\" decoding=\"async\" class=\"aligncenter wp-image-41086 size-full\" src=\"https:\/\/www.topohvar.at\/wp-content\/uploads\/2020\/09\/sg-on-01-11.jpg\" alt=\"\" width=\"150\" height=\"150\" \/><\/p><\/div><\/div><div class='content-column one_third last_column'><div style=\"padding-right:0px;padding-left:6px;\"><p>Der Sportplatz ist Spielstt\u00e4tte des <em>Fu\u00dfballklubs Jadran<\/em>. Seit der Monarchie \u00d6sterreich-Ungarn wird auf der Insel Hvar Fu\u00dfball gespielt. Die \u00e4ltesten Vereine in der Stadt Stari Grad waren die Klubs <i>Balkan <\/i>und <i>Nois <\/i>(1913).<\/div><\/div><div class='clear_column'><\/div><\/p>\n<p style=\"text-align: right;\"><a href=\"#seite_oben\">natrag na vrh \/ Seitenanfang<\/a><\/p>\n<hr \/>\n<p><strong>Linkovi \/ Links<\/strong><\/p>\n<p><span style=\"color: #3366ff;\"><a style=\"color: #3366ff;\" href=\"https:\/\/www.topohvar.at\/topo\/orte\/sg\/sg-mo-03-2\/\">Spomen kamen \u00bbpoginulim nogometa\u0161ima HNK Jadran\u00ab \/ Gedenkstein an die gefallenen Fu\u00dfballspieler<\/a><br \/>\n<\/span><span style=\"color: #3366ff;\"><a style=\"color: #3366ff;\" href=\"https:\/\/hr.wikipedia.org\/wiki\/HNK_Jadran_Stari_Grad\">HNK Jadran<\/a><br \/>\n<a style=\"color: #3366ff;\" href=\"http:\/\/www.island-hvar.info\/fnl\/povijest.htm\">Povijest nogometa na otoku Hvaru \/ Geschichte des Fu\u00dfballs auf der Insel Hvar<\/a><\/span><\/p>\n<p>&nbsp;<\/p>\n","protected":false},"excerpt":{"rendered":"<p>Ime \/ Name Objekt \u00bbNogometno igrali\u0161te Dolci\u00ab \/ Sportplatz Code: SG-ON-01\u00a0 \u00a0 \u00a0 \u00a0 \u00a0 \u00a0 \u00a0 \u00a0 \u00a0 \u00a0 \u00a0 \u00a0 \u00a0 \u00a0 \u00a0 \u00a0 \u00a0 \u00a0\u00a0 Adresa \/ Adresse Stari Grad, Dolci, Ulica Petra Kre\u0161imira IV 2B\/ Put &hellip; <a href=\"https:\/\/www.topohvar.at\/topo\/orte\/sg\/sg-on-01-1\/\">Weiterlesen <span class=\"meta-nav\">&rarr;<\/span><\/a><\/p>\n","protected":false},"author":1,"featured_media":0,"parent":99,"menu_order":0,"comment_status":"closed","ping_status":"closed","template":"","meta":{"footnotes":""},"class_list":["post-40975","page","type-page","status-publish","hentry"],"_links":{"self":[{"href":"https:\/\/www.topohvar.at\/topo\/wp-json\/wp\/v2\/pages\/40975","targetHints":{"allow":["GET"]}}],"collection":[{"href":"https:\/\/www.topohvar.at\/topo\/wp-json\/wp\/v2\/pages"}],"about":[{"href":"https:\/\/www.topohvar.at\/topo\/wp-json\/wp\/v2\/types\/page"}],"author":[{"embeddable":true,"href":"https:\/\/www.topohvar.at\/topo\/wp-json\/wp\/v2\/users\/1"}],"replies":[{"embeddable":true,"href":"https:\/\/www.topohvar.at\/topo\/wp-json\/wp\/v2\/comments?post=40975"}],"version-history":[{"count":19,"href":"https:\/\/www.topohvar.at\/topo\/wp-json\/wp\/v2\/pages\/40975\/revisions"}],"predecessor-version":[{"id":66583,"href":"https:\/\/www.topohvar.at\/topo\/wp-json\/wp\/v2\/pages\/40975\/revisions\/66583"}],"up":[{"embeddable":true,"href":"https:\/\/www.topohvar.at\/topo\/wp-json\/wp\/v2\/pages\/99"}],"wp:attachment":[{"href":"https:\/\/www.topohvar.at\/topo\/wp-json\/wp\/v2\/media?parent=40975"}],"curies":[{"name":"wp","href":"https:\/\/api.w.org\/{rel}","templated":true}]}}