{"id":41039,"date":"2020-09-14T08:39:20","date_gmt":"2020-09-14T06:39:20","guid":{"rendered":"https:\/\/www.topohvar.at\/topo\/?page_id=41039"},"modified":"2024-04-24T12:11:44","modified_gmt":"2024-04-24T10:11:44","slug":"je-on-01-1","status":"publish","type":"page","link":"https:\/\/www.topohvar.at\/topo\/orte\/je\/je-on-01-1\/","title":{"rendered":"JELSA &#8211; Objekt \u00bbIgrali\u0161te Pelinje\u00ab"},"content":{"rendered":"<p><a name=\"seite_oben\"><\/a><br \/>\n<strong><img loading=\"lazy\" decoding=\"async\" class=\"alignnone wp-image-41041 size-full\" src=\"https:\/\/www.topohvar.at\/wp-content\/uploads\/2020\/09\/je-on-01-1.jpg\" alt=\"\" width=\"1080\" height=\"530\" srcset=\"https:\/\/www.topohvar.at\/wp-content\/uploads\/2020\/09\/je-on-01-1.jpg 1080w, https:\/\/www.topohvar.at\/wp-content\/uploads\/2020\/09\/je-on-01-1-300x147.jpg 300w, https:\/\/www.topohvar.at\/wp-content\/uploads\/2020\/09\/je-on-01-1-1024x503.jpg 1024w, https:\/\/www.topohvar.at\/wp-content\/uploads\/2020\/09\/je-on-01-1-768x377.jpg 768w\" sizes=\"auto, (max-width: 1080px) 100vw, 1080px\" \/><\/strong><\/p>\n<p><strong>Ime \/ Name<br \/>\n<\/strong>Objekt \u00bbIgrali\u0161te Pelinje\u00ab<\/p>\n<p><strong>Code: <\/strong>JE-ON-01\u00a0 \u00a0 \u00a0 \u00a0 \u00a0 \u00a0 \u00a0 \u00a0 \u00a0 \u00a0 \u00a0 \u00a0 \u00a0 \u00a0 \u00a0 \u00a0 \u00a0 \u00a0 \u00a0 \u00a0 <a href=\"https:\/\/www.topohvar.at\/orte\/je\/je-pu-04-1\/\"><img loading=\"lazy\" decoding=\"async\" class=\"alignnone wp-image-12300 size-full\" src=\"https:\/\/www.topohvar.at\/wp-content\/uploads\/2018\/09\/push-vor-30.jpg\" alt=\"\" width=\"61\" height=\"30\" \/><\/a> <a href=\"https:\/\/www.topohvar.at\/orte\/je\/je-ok-03-1\/\"><img loading=\"lazy\" decoding=\"async\" class=\"alignnone wp-image-533 size-full\" src=\"https:\/\/www.topohvar.at\/wp-content\/uploads\/2018\/07\/push-l-30.jpg\" alt=\"\" width=\"61\" height=\"30\" \/><\/a> <strong><a href=\"https:\/\/www.topohvar.at\/orte\/je\/\"><img loading=\"lazy\" decoding=\"async\" class=\"alignnone wp-image-535 size-full\" src=\"https:\/\/www.topohvar.at\/wp-content\/uploads\/2018\/07\/push-o-30.jpg\" alt=\"\" width=\"61\" height=\"30\" \/><\/a> <a href=\"https:\/\/www.topohvar.at\/orte\/je\/je-on-03-1\/\"><img loading=\"lazy\" decoding=\"async\" class=\"alignnone wp-image-536 size-full\" src=\"https:\/\/www.topohvar.at\/wp-content\/uploads\/2018\/07\/push-r-30.jpg\" alt=\"\" width=\"61\" height=\"30\" \/><\/a> <a href=\"https:\/\/www.topohvar.at\/orte\/je\/je-og-01-1\/\"><img loading=\"lazy\" decoding=\"async\" class=\"alignnone wp-image-12299 size-full\" src=\"https:\/\/www.topohvar.at\/wp-content\/uploads\/2018\/09\/push-next-30.jpg\" alt=\"\" width=\"61\" height=\"30\" \/><\/a><\/strong><\/p>\n<hr \/>\n<p><strong>Adresa \/ Adresse<br \/>\n<\/strong>Jelsa, Pelinje<\/p>\n<p><strong>Lokacija \/ Position<a href=\"https:\/\/goo.gl\/maps\/gndZWJayZZZDKHA39\"><img loading=\"lazy\" decoding=\"async\" class=\"alignright wp-image-41040\" src=\"https:\/\/www.topohvar.at\/wp-content\/uploads\/2020\/09\/2786.jpg\" alt=\"\" width=\"134\" height=\"100\" \/><\/a><br \/>\n<\/strong><span style=\"color: #3366ff;\"><a style=\"color: #3366ff;\" href=\"https:\/\/goo.gl\/maps\/gndZWJayZZZDKHA39\">Latitude: N 43,16498\u00b0\u00a0 \u00a0Longitude: E 16,68313\u00b0 <\/a><\/span><strong><br \/>\n<\/strong>Visina \/ H\u00f6he: 20 m<\/p>\n<p><strong>Katastarska \u010destica \/ Grundst\u00fccke<br \/>\n<\/strong>416\/4, 464\/8, 480\/2, 483\/2, 484\/2, 485, 487, 489\/2, 490\/2<div class='content-column one_half'><div style=\"padding-right:6px;\"><p><strong>Datum snimanja \/ Erfassungsdatum<br \/>\n<\/strong>24.09-2021 12:00:00<\/p>\n<hr \/>\n<p><strong>Informacije<\/strong><\/p>\n<p>Ovdje Nogometni klub NK Jelsa svoje doma\u0107e utakmice igra. Natje\u010de se u Hvarskoj nogometnoj ligi, u sklopu koje je odigrao sve svoje slu\u017ebene liga\u0161ke utakmice.<\/p><\/div><\/div><div class='content-column one_half last_column'><div style=\"padding-right:0px;padding-left:6px;\"><p><strong>Stupanj za\u0161tite \/ Schutzstellung<br \/>\n<\/strong>&#8211;<\/p>\n<hr \/>\n<p><strong>Info<\/strong><\/p>\n<p>Auf dem Platz spielt der Fu\u00dfballverein <em>NK Jelsa<\/em> seine Heimspiele. Er tritt in der Hvar Football League an, in deren Rahmen er alle seine offiziellen Ligaspiele bestritt.<\/p><\/div><\/div><div class='clear_column'><\/div><\/p>\n<hr \/>\n<div class='content-column one_third'><div style=\"padding-right:6px;\"><p>Nogomet se na otoku Hvaru igra jo\u0161 od vremena Austro-Ugarske. Najstariji klub u Jelsi bio je klub <em>Grumen<\/em> (1921)<\/p><\/div><\/div><div class='content-column one_third'><div style=\"padding-right:6px;\"><p><img loading=\"lazy\" decoding=\"async\" class=\"aligncenter wp-image-41094 size-full\" src=\"https:\/\/www.topohvar.at\/wp-content\/uploads\/2020\/09\/je-on-01-11.jpg\" alt=\"\" width=\"200\" height=\"200\" srcset=\"https:\/\/www.topohvar.at\/wp-content\/uploads\/2020\/09\/je-on-01-11.jpg 200w, https:\/\/www.topohvar.at\/wp-content\/uploads\/2020\/09\/je-on-01-11-150x150.jpg 150w\" sizes=\"auto, (max-width: 200px) 100vw, 200px\" \/><\/p><\/div><\/div><div class='content-column one_third last_column'><div style=\"padding-right:0px;padding-left:6px;\"><p>Seit der Monarchie \u00d6sterreich-Ungarn wird auf der Insel Hvar Fu\u00dfball gespielt. Der \u00e4lteste Verein in der Ortschaft Jelsa war der Klub <i>Grumen <\/i>(1921).<\/div><\/div><div class='clear_column'><\/div><\/p>\n<p style=\"text-align: right;\"><a href=\"#seite_oben\">natrag na vrh \/ Seitenanfang<\/a><\/p>\n<hr \/>\n<p><strong>Linkovi \/ Links<\/strong><\/p>\n<p><span style=\"color: #3366ff;\"><a style=\"color: #3366ff;\" href=\"http:\/\/www.island-hvar.info\/fnl\/povijest.htm\">Povijest nogometa na otoku Hvaru \/ Geschichte des Fu\u00dfballs auf der Insel Hvar<\/a><br \/>\n<a style=\"color: #3366ff;\" href=\"https:\/\/www.facebook.com\/NKjelsa\/\">NK Jelsa \/ Fu\u00dfballkub Jelsa<\/a><\/span><\/p>\n","protected":false},"excerpt":{"rendered":"<p>Ime \/ Name Objekt \u00bbIgrali\u0161te Pelinje\u00ab Code: JE-ON-01\u00a0 \u00a0 \u00a0 \u00a0 \u00a0 \u00a0 \u00a0 \u00a0 \u00a0 \u00a0 \u00a0 \u00a0 \u00a0 \u00a0 \u00a0 \u00a0 \u00a0 \u00a0 \u00a0 \u00a0 Adresa \/ Adresse Jelsa, Pelinje Lokacija \/ Position Latitude: N 43,16498\u00b0\u00a0 \u00a0Longitude: E &hellip; <a href=\"https:\/\/www.topohvar.at\/topo\/orte\/je\/je-on-01-1\/\">Weiterlesen <span class=\"meta-nav\">&rarr;<\/span><\/a><\/p>\n","protected":false},"author":1,"featured_media":0,"parent":85,"menu_order":0,"comment_status":"closed","ping_status":"closed","template":"","meta":{"footnotes":""},"class_list":["post-41039","page","type-page","status-publish","hentry"],"_links":{"self":[{"href":"https:\/\/www.topohvar.at\/topo\/wp-json\/wp\/v2\/pages\/41039","targetHints":{"allow":["GET"]}}],"collection":[{"href":"https:\/\/www.topohvar.at\/topo\/wp-json\/wp\/v2\/pages"}],"about":[{"href":"https:\/\/www.topohvar.at\/topo\/wp-json\/wp\/v2\/types\/page"}],"author":[{"embeddable":true,"href":"https:\/\/www.topohvar.at\/topo\/wp-json\/wp\/v2\/users\/1"}],"replies":[{"embeddable":true,"href":"https:\/\/www.topohvar.at\/topo\/wp-json\/wp\/v2\/comments?post=41039"}],"version-history":[{"count":14,"href":"https:\/\/www.topohvar.at\/topo\/wp-json\/wp\/v2\/pages\/41039\/revisions"}],"predecessor-version":[{"id":66871,"href":"https:\/\/www.topohvar.at\/topo\/wp-json\/wp\/v2\/pages\/41039\/revisions\/66871"}],"up":[{"embeddable":true,"href":"https:\/\/www.topohvar.at\/topo\/wp-json\/wp\/v2\/pages\/85"}],"wp:attachment":[{"href":"https:\/\/www.topohvar.at\/topo\/wp-json\/wp\/v2\/media?parent=41039"}],"curies":[{"name":"wp","href":"https:\/\/api.w.org\/{rel}","templated":true}]}}