{"id":41104,"date":"2020-09-16T07:00:25","date_gmt":"2020-09-16T05:00:25","guid":{"rendered":"https:\/\/www.topohvar.at\/topo\/?page_id=41104"},"modified":"2024-07-16T15:07:39","modified_gmt":"2024-07-16T13:07:39","slug":"je-tg-01-1","status":"publish","type":"page","link":"https:\/\/www.topohvar.at\/topo\/orte\/je\/je-tg-01-1\/","title":{"rendered":"JELSA &#8211; Zgrada javne \u00bbDom Zdravlja i Hitna medicinska pomo\u0107\u00ab"},"content":{"rendered":"<p><a name=\"seite_oben\"><\/a><img loading=\"lazy\" decoding=\"async\" class=\"alignnone wp-image-41109 size-full\" src=\"https:\/\/www.topohvar.at\/wp-content\/uploads\/2020\/09\/je-tg-01-1.jpg\" alt=\"\" width=\"1080\" height=\"530\" srcset=\"https:\/\/www.topohvar.at\/wp-content\/uploads\/2020\/09\/je-tg-01-1.jpg 1080w, https:\/\/www.topohvar.at\/wp-content\/uploads\/2020\/09\/je-tg-01-1-300x147.jpg 300w, https:\/\/www.topohvar.at\/wp-content\/uploads\/2020\/09\/je-tg-01-1-1024x503.jpg 1024w, https:\/\/www.topohvar.at\/wp-content\/uploads\/2020\/09\/je-tg-01-1-768x377.jpg 768w\" sizes=\"auto, (max-width: 1080px) 100vw, 1080px\" \/><\/p>\n<p><strong>Ime \/ Name<br \/>\n<\/strong>Zgrada javne \u00bbDom Zdravlja Jelsa\u00ab \/ Klinik Jelsa<\/p>\n<p><strong>Code: <\/strong>JE-TG-01\u00a0 \u00a0 \u00a0 \u00a0 \u00a0 \u00a0 \u00a0 \u00a0 \u00a0 \u00a0 \u00a0 \u00a0 \u00a0 \u00a0 \u00a0\u00a0<strong><a href=\"https:\/\/www.topohvar.at\/orte\/je\/je-tg-04-1\/\"><img loading=\"lazy\" decoding=\"async\" class=\"alignnone wp-image-12300 size-full\" src=\"https:\/\/www.topohvar.at\/wp-content\/uploads\/2018\/09\/push-vor-30.jpg\" alt=\"\" width=\"61\" height=\"30\" \/><\/a> <a href=\"https:\/\/www.topohvar.at\/orte\/je\/je-tg-02-1\/\"><img loading=\"lazy\" decoding=\"async\" class=\"alignnone wp-image-533 size-full\" src=\"https:\/\/www.topohvar.at\/wp-content\/uploads\/2018\/07\/push-l-30.jpg\" alt=\"\" width=\"61\" height=\"30\" \/><\/a> <a href=\"https:\/\/www.topohvar.at\/orte\/je\/\"><img loading=\"lazy\" decoding=\"async\" class=\"alignnone wp-image-535 size-full\" src=\"https:\/\/www.topohvar.at\/wp-content\/uploads\/2018\/07\/push-o-30.jpg\" alt=\"\" width=\"61\" height=\"30\" \/><\/a> <a href=\"https:\/\/www.topohvar.at\/orte\/je\/je-tg-11-1\/\"><img loading=\"lazy\" decoding=\"async\" class=\"alignnone wp-image-536 size-full\" src=\"https:\/\/www.topohvar.at\/wp-content\/uploads\/2018\/07\/push-r-30.jpg\" alt=\"\" width=\"61\" height=\"30\" \/><\/a>\u00a0<a href=\"https:\/\/www.topohvar.at\/orte\/je\/je-tg-09-1\/\"><img loading=\"lazy\" decoding=\"async\" class=\"alignnone wp-image-12299 size-full\" src=\"https:\/\/www.topohvar.at\/wp-content\/uploads\/2018\/09\/push-next-30.jpg\" alt=\"\" width=\"61\" height=\"30\" \/><\/a><\/strong><\/p>\n<hr \/>\n<p><strong>Adresa \/ Adresse<br \/>\n<\/strong>Jelsa, Mala Banda<\/p>\n<p><strong>Lokacija <\/strong><strong>\/ Position<a href=\"https:\/\/goo.gl\/maps\/zNfb4cDZ8FT1cLtj8\"><img loading=\"lazy\" decoding=\"async\" class=\"alignright wp-image-41105\" src=\"https:\/\/www.topohvar.at\/wp-content\/uploads\/2020\/09\/2787.jpg\" alt=\"\" width=\"134\" height=\"100\" \/><\/a><br \/>\n<\/strong><span style=\"color: #3366ff;\"><a style=\"color: #3366ff;\" href=\"https:\/\/goo.gl\/maps\/zNfb4cDZ8FT1cLtj8\">Latitude: N 43,16627\u00b0\u00a0 \u00a0Longitude: E 16,68151\u00b0 <\/a><\/span><strong><br \/>\n<\/strong>Visina \/ H\u00f6he: 38 m<\/p>\n<p><strong>Katastarska \u010destica <\/strong><strong>\/ Grundst\u00fccke<br \/>\n<\/strong>404\/6<div class='content-column one_half'><div style=\"padding-right:6px;\"><p><strong>Datum snimanja \/ Erfassungsdatum<br \/>\n<\/strong>25.05.2017 12:00:00<\/p>\n<hr \/>\n<p><strong>Informacije<\/strong><\/p>\n<p>Dom Zdravlja i Hitna medicinska pomo\u0107 nalaze se na isto\u010dnom ulazu u Jelsu. Hitna medicinska pomo\u0107 radi 24 sata dnevno sve dane u tjednu. Za hitne intervencije svih koji za to imaju potrebu, poziv je potrebno uputiti na 194 i tra\u017eiti hitnu medicinsku pomo\u0107 u Jelsi.<\/p><\/div><\/div><div class='content-column one_half last_column'><div style=\"padding-right:0px;padding-left:6px;\"><p><strong>Stupanj za\u0161tite <\/strong><strong>\/ Schutzstellung<br \/>\n<\/strong>&#8211;<\/p>\n<hr \/>\n<p><strong>Info<\/strong><\/p>\n<p>Das Gesundheitszentrum und der Rettungsdienst befinden sich am \u00f6stlichen Ortseingang von Jelsa. Die medizinische Notfallhilfe ist 24 Stunden am Tag und jeden Tag der Woche verf\u00fcgbar. F\u00fcr eine Notfallintervention f\u00fcr alle, die sie ben\u00f6tigen, rufen Sie 194 an und bitten Sie um medizinische Notfallhilfe in Jelsa.<\/p><\/div><\/div><div class='clear_column'><\/div><div class='content-column one_half'><div style=\"padding-right:6px;\"><p>Nova jel\u0161anska ambulanta ima 1700 \u010detvornih metara prostora i u njoj \u0107e raditi pet timova Hitne medicinske pomo\u0107i, tri tima obiteljske medicine, dva tima stomatologije i Ispostava Zavoda za javno zdravstvo, a tu \u0107e dolaziti ginekolozi, pedijatri, ali i drugi specijalisti.<\/p><\/div><\/div><div class='content-column one_half last_column'><div style=\"padding-right:0px;padding-left:6px;\"><p>Die neue Klinik Jelsa umfasst auf einer Fl\u00e4che von 1.700 Quadratmetern f\u00fcnf Notfallteams, drei Teams f\u00fcr Familienmedizin, zwei Zahnteams und eine Zweigstelle des Instituts f\u00fcr \u00f6ffentliche Gesundheit sowie Gyn\u00e4kologen, Kinder\u00e4rzte und andere Spezialisten.<\/p><\/div><\/div><div class='clear_column'><\/div><\/p>\n<p style=\"text-align: center;\">(Izvor:\/Quelle: Slobodna Dalmacija &#8211; Nova zdravstvena ustanova otvorena na Hvaru)<\/p>\n<p style=\"text-align: right;\"><span style=\"color: #3366ff;\"><a style=\"color: #3366ff;\" href=\"#seite_oben\">natrag na vrh \/ Seitenanfang<\/a><\/span><\/p>\n<hr \/>\n<p><strong>Linkovi \/ Links<\/strong><\/p>\n<p><span style=\"color: #3366ff;\">&#8211;<\/span><\/p>\n","protected":false},"excerpt":{"rendered":"<p>Ime \/ Name Zgrada javne \u00bbDom Zdravlja Jelsa\u00ab \/ Klinik Jelsa Code: JE-TG-01\u00a0 \u00a0 \u00a0 \u00a0 \u00a0 \u00a0 \u00a0 \u00a0 \u00a0 \u00a0 \u00a0 \u00a0 \u00a0 \u00a0 \u00a0\u00a0 \u00a0 Adresa \/ Adresse Jelsa, Mala Banda Lokacija \/ Position Latitude: N 43,16627\u00b0\u00a0 &hellip; <a href=\"https:\/\/www.topohvar.at\/topo\/orte\/je\/je-tg-01-1\/\">Weiterlesen <span class=\"meta-nav\">&rarr;<\/span><\/a><\/p>\n","protected":false},"author":1,"featured_media":0,"parent":85,"menu_order":0,"comment_status":"closed","ping_status":"closed","template":"","meta":{"footnotes":""},"class_list":["post-41104","page","type-page","status-publish","hentry"],"_links":{"self":[{"href":"https:\/\/www.topohvar.at\/topo\/wp-json\/wp\/v2\/pages\/41104","targetHints":{"allow":["GET"]}}],"collection":[{"href":"https:\/\/www.topohvar.at\/topo\/wp-json\/wp\/v2\/pages"}],"about":[{"href":"https:\/\/www.topohvar.at\/topo\/wp-json\/wp\/v2\/types\/page"}],"author":[{"embeddable":true,"href":"https:\/\/www.topohvar.at\/topo\/wp-json\/wp\/v2\/users\/1"}],"replies":[{"embeddable":true,"href":"https:\/\/www.topohvar.at\/topo\/wp-json\/wp\/v2\/comments?post=41104"}],"version-history":[{"count":10,"href":"https:\/\/www.topohvar.at\/topo\/wp-json\/wp\/v2\/pages\/41104\/revisions"}],"predecessor-version":[{"id":69204,"href":"https:\/\/www.topohvar.at\/topo\/wp-json\/wp\/v2\/pages\/41104\/revisions\/69204"}],"up":[{"embeddable":true,"href":"https:\/\/www.topohvar.at\/topo\/wp-json\/wp\/v2\/pages\/85"}],"wp:attachment":[{"href":"https:\/\/www.topohvar.at\/topo\/wp-json\/wp\/v2\/media?parent=41104"}],"curies":[{"name":"wp","href":"https:\/\/api.w.org\/{rel}","templated":true}]}}