{"id":41181,"date":"2020-09-22T17:24:21","date_gmt":"2020-09-22T15:24:21","guid":{"rendered":"https:\/\/www.topohvar.at\/topo\/?page_id=41181"},"modified":"2020-09-25T06:10:08","modified_gmt":"2020-09-25T04:10:08","slug":"hv-tg-a7-1","status":"publish","type":"page","link":"https:\/\/www.topohvar.at\/topo\/orte\/hv\/hv-tg-a7-1\/","title":{"rendered":"HVAR &#8211; Zgrada gospodarske \u00bbHotel Villa Rosmarinus\u00ab"},"content":{"rendered":"<p><a name=\"seite_oben\"><\/a><br \/>\n<img loading=\"lazy\" decoding=\"async\" class=\"aligncenter wp-image-41310 size-full\" src=\"https:\/\/www.topohvar.at\/wp-content\/uploads\/2020\/09\/hv-tg-a7-11.jpg\" alt=\"\" width=\"1080\" height=\"530\" srcset=\"https:\/\/www.topohvar.at\/wp-content\/uploads\/2020\/09\/hv-tg-a7-11.jpg 1080w, https:\/\/www.topohvar.at\/wp-content\/uploads\/2020\/09\/hv-tg-a7-11-300x147.jpg 300w, https:\/\/www.topohvar.at\/wp-content\/uploads\/2020\/09\/hv-tg-a7-11-1024x503.jpg 1024w, https:\/\/www.topohvar.at\/wp-content\/uploads\/2020\/09\/hv-tg-a7-11-768x377.jpg 768w\" sizes=\"auto, (max-width: 1080px) 100vw, 1080px\" \/><\/p>\n<p><strong>Ime \/ Name<\/strong><br \/>\nZgrada gospodarske \u00bbHotel Villa Rosmarinus\u00ab<\/p>\n<p><strong>Code: <\/strong>HV-TG-A7\u00a0 \u00a0 \u00a0 \u00a0 \u00a0 \u00a0 \u00a0 \u00a0 \u00a0 \u00a0 \u00a0 \u00a0 \u00a0 \u00a0 \u00a0 \u00a0 \u00a0 \u00a0 <a href=\"https:\/\/www.topohvar.at\/hv-tg-63-1\/\"><img loading=\"lazy\" decoding=\"async\" class=\"alignnone wp-image-12300 size-full\" src=\"https:\/\/www.topohvar.at\/wp-content\/uploads\/2018\/09\/push-vor-30.jpg\" alt=\"\" width=\"61\" height=\"30\" \/><\/a>\u00a0<strong><a href=\"https:\/\/www.topohvar.at\/orte\/hv\/hv-tg-b1-1\/\"><img loading=\"lazy\" decoding=\"async\" class=\"alignnone wp-image-533 size-full\" src=\"https:\/\/www.topohvar.at\/wp-content\/uploads\/2018\/07\/push-l-30.jpg\" alt=\"\" width=\"61\" height=\"30\" \/><\/a> <a href=\"https:\/\/www.topohvar.at\/orte\/hv\/\"><img loading=\"lazy\" decoding=\"async\" class=\"alignnone wp-image-535 size-full\" src=\"https:\/\/www.topohvar.at\/wp-content\/uploads\/2018\/07\/push-o-30.jpg\" alt=\"\" width=\"61\" height=\"30\" \/><\/a> <a href=\"https:\/\/www.topohvar.at\/orte\/hv\/hv-tg-b2-1\/\"><img loading=\"lazy\" decoding=\"async\" class=\"alignnone wp-image-536 size-full\" src=\"https:\/\/www.topohvar.at\/wp-content\/uploads\/2018\/07\/push-r-30.jpg\" alt=\"\" width=\"61\" height=\"30\" \/><\/a>\u00a0<a href=\"https:\/\/www.topohvar.at\/hv-tg-80-1\/\"><img loading=\"lazy\" decoding=\"async\" class=\"alignnone wp-image-12299 size-full\" src=\"https:\/\/www.topohvar.at\/wp-content\/uploads\/2018\/09\/push-next-30.jpg\" alt=\"\" width=\"61\" height=\"30\" \/><\/a><\/strong><\/p>\n<hr \/>\n<p><strong>Adresa \/ Adresse<br \/>\n<\/strong>Grad Hvar, Ivana Bozitkovica 30<\/p>\n<p><strong>Lokalna polo\u017eaj \/ Position<a href=\"https:\/\/goo.gl\/maps\/CTawtug1YaNg5Tpi8\"><img loading=\"lazy\" decoding=\"async\" class=\"alignright wp-image-41183\" src=\"https:\/\/www.topohvar.at\/wp-content\/uploads\/2020\/09\/2791.jpg\" alt=\"\" width=\"134\" height=\"100\" \/><\/a><br \/>\n<\/strong><a href=\"https:\/\/goo.gl\/maps\/CTawtug1YaNg5Tpi8\"><span style=\"color: #3366ff;\">Latitude: N 43,17505\u00b0\u00a0 \u00a0Longitude: E 16,42857\u00b0 <\/span><\/a><strong><br \/>\n<\/strong>Visina \/ H\u00f6he: 35 m<\/p>\n<p><strong>Zemlji\u0161te \/ Grundst\u00fccke<br \/>\n<\/strong>12\/17<div class='content-column one_half'><div style=\"padding-right:6px;\"><p><strong>Datum snimanja \/ Erfassungsdatum<br \/>\n<\/strong>01.01.2000 00:00:00<\/p>\n<hr \/>\n<p><strong>Informacije<\/strong><\/p>\n<p>Hotel Villa Rosmarinus nalazi se u Hvaru, na samo 300 metara od najbli\u017ee pla\u017ee i nudi privatni bazen i namje\u0161tenu terasu. Iz svih soba pru\u017ea se pogled na more, a besplatan WiFi dostupan je u cijelom objektu. Vila ima 7 soba s balkonom s pogledom na more, potpuno opremljenu kuhinju s prostranom blagovaonicom i prostor za sjedenje s TV-om ravnog ekrana sa satelitskim programima. Tako\u0111er obuhva\u0107aju vlastitu kupaonicu s tu\u0161em ili kadom, su\u0161ilom za kosu i besplatnim kozmeti\u010dkim priborom. Objekt tako\u0111er uklju\u010duje opremu za ro\u0161tilj, mediteranski vrt i fitness-centar.<\/p><\/div><\/div><div class='content-column one_half last_column'><div style=\"padding-right:0px;padding-left:6px;\"><p><strong>Za\u0161titni polo\u017eaj \/ Schutzstellung<br \/>\n<\/strong>&#8211;<strong><br \/>\n<\/strong><\/p>\n<hr \/>\n<p><strong>Info<\/strong><\/p>\n<p>Das Hotel Villa Rosmarinus liegt in Hvar, nur 300 m vom n\u00e4chsten Strand entfernt und bietet einen eigenen Pool und eine m\u00f6blierte Terrasse. Alle Zimmer bieten Meerblick und kostenfreies WLAN ist in der gesamten Unterkunft verf\u00fcgbar. Die Villa verf\u00fcgt \u00fcber 7 Zimmer mit Balkon mit Meerblick, eine komplett ausgestattete K\u00fcche mit einem ger\u00e4umigen Essbereich sowie einen Sitzbereich mit einem Flachbild-Sat-TV. Das eigene Bad ist mit einer Dusche oder einer Badewanne, einem Haartrockner und kostenfreien Pflegeprodukten ausgestattet. Zu den weiteren Einrichtungen der Unterkunft geh\u00f6ren Grillm\u00f6glichkeiten und ein mediterraner Garten. Ein Fitnesscenter ist ebenfalls vorhanden.<\/p><\/div><\/div><div class='clear_column'><\/div><\/p>\n<p style=\"text-align: right;\"><a href=\"#seite_oben\">gore \/ Seitenanfang<\/a><\/p>\n<hr \/>\n<p><strong>Linkovi \/ Links<\/strong><\/p>\n<p><a href=\"http:\/\/villa-rosmarinus.com\/\"><span style=\"color: #3366ff;\">Hotel Villa Rosmarinus<\/span><\/a><\/p>\n","protected":false},"excerpt":{"rendered":"<p>Ime \/ Name Zgrada gospodarske \u00bbHotel Villa Rosmarinus\u00ab Code: HV-TG-A7\u00a0 \u00a0 \u00a0 \u00a0 \u00a0 \u00a0 \u00a0 \u00a0 \u00a0 \u00a0 \u00a0 \u00a0 \u00a0 \u00a0 \u00a0 \u00a0 \u00a0 \u00a0 \u00a0 \u00a0 Adresa \/ Adresse Grad Hvar, Ivana Bozitkovica 30 Lokalna polo\u017eaj \/ &hellip; <a href=\"https:\/\/www.topohvar.at\/topo\/orte\/hv\/hv-tg-a7-1\/\">Weiterlesen <span class=\"meta-nav\">&rarr;<\/span><\/a><\/p>\n","protected":false},"author":1,"featured_media":0,"parent":80,"menu_order":0,"comment_status":"closed","ping_status":"closed","template":"","meta":{"footnotes":""},"class_list":["post-41181","page","type-page","status-publish","hentry"],"_links":{"self":[{"href":"https:\/\/www.topohvar.at\/topo\/wp-json\/wp\/v2\/pages\/41181","targetHints":{"allow":["GET"]}}],"collection":[{"href":"https:\/\/www.topohvar.at\/topo\/wp-json\/wp\/v2\/pages"}],"about":[{"href":"https:\/\/www.topohvar.at\/topo\/wp-json\/wp\/v2\/types\/page"}],"author":[{"embeddable":true,"href":"https:\/\/www.topohvar.at\/topo\/wp-json\/wp\/v2\/users\/1"}],"replies":[{"embeddable":true,"href":"https:\/\/www.topohvar.at\/topo\/wp-json\/wp\/v2\/comments?post=41181"}],"version-history":[{"count":6,"href":"https:\/\/www.topohvar.at\/topo\/wp-json\/wp\/v2\/pages\/41181\/revisions"}],"predecessor-version":[{"id":41326,"href":"https:\/\/www.topohvar.at\/topo\/wp-json\/wp\/v2\/pages\/41181\/revisions\/41326"}],"up":[{"embeddable":true,"href":"https:\/\/www.topohvar.at\/topo\/wp-json\/wp\/v2\/pages\/80"}],"wp:attachment":[{"href":"https:\/\/www.topohvar.at\/topo\/wp-json\/wp\/v2\/media?parent=41181"}],"curies":[{"name":"wp","href":"https:\/\/api.w.org\/{rel}","templated":true}]}}