{"id":41188,"date":"2020-09-22T17:33:15","date_gmt":"2020-09-22T15:33:15","guid":{"rendered":"https:\/\/www.topohvar.at\/topo\/?page_id=41188"},"modified":"2020-09-25T06:07:25","modified_gmt":"2020-09-25T04:07:25","slug":"hv-tg-a8-1","status":"publish","type":"page","link":"https:\/\/www.topohvar.at\/topo\/orte\/hv\/hv-tg-a8-1\/","title":{"rendered":"HVAR &#8211; Zgrada gospodarske \u00bbPharos Hvar Bayhill Hotel\u00ab"},"content":{"rendered":"<p><a name=\"seite_oben\"><\/a><br \/>\n<img loading=\"lazy\" decoding=\"async\" class=\"aligncenter wp-image-41189 size-full\" src=\"https:\/\/www.topohvar.at\/wp-content\/uploads\/2020\/09\/hv-tg-a8-1.jpg\" alt=\"\" width=\"1080\" height=\"530\" srcset=\"https:\/\/www.topohvar.at\/wp-content\/uploads\/2020\/09\/hv-tg-a8-1.jpg 1080w, https:\/\/www.topohvar.at\/wp-content\/uploads\/2020\/09\/hv-tg-a8-1-300x147.jpg 300w, https:\/\/www.topohvar.at\/wp-content\/uploads\/2020\/09\/hv-tg-a8-1-1024x503.jpg 1024w, https:\/\/www.topohvar.at\/wp-content\/uploads\/2020\/09\/hv-tg-a8-1-768x377.jpg 768w\" sizes=\"auto, (max-width: 1080px) 100vw, 1080px\" \/><\/p>\n<p><strong>Ime \/ Name<\/strong><br \/>\nZgrada gospodarske \u00bbPharos Hvar Bayhill Hotel\u00ab<\/p>\n<p><strong>Code: <\/strong>HV-TG-A8\u00a0 \u00a0 \u00a0 \u00a0 \u00a0 \u00a0 \u00a0 \u00a0 \u00a0 \u00a0 \u00a0 \u00a0 \u00a0 \u00a0 \u00a0 \u00a0 \u00a0 \u00a0 <a href=\"https:\/\/www.topohvar.at\/hv-tg-63-1\/\"><img loading=\"lazy\" decoding=\"async\" class=\"alignnone wp-image-12300 size-full\" src=\"https:\/\/www.topohvar.at\/wp-content\/uploads\/2018\/09\/push-vor-30.jpg\" alt=\"\" width=\"61\" height=\"30\" \/><\/a>\u00a0<strong><a href=\"https:\/\/www.topohvar.at\/orte\/hv\/hv-tg-a0-1\/\"><img loading=\"lazy\" decoding=\"async\" class=\"alignnone wp-image-533 size-full\" src=\"https:\/\/www.topohvar.at\/wp-content\/uploads\/2018\/07\/push-l-30.jpg\" alt=\"\" width=\"61\" height=\"30\" \/><\/a> <a href=\"https:\/\/www.topohvar.at\/orte\/hv\/\"><img loading=\"lazy\" decoding=\"async\" class=\"alignnone wp-image-535 size-full\" src=\"https:\/\/www.topohvar.at\/wp-content\/uploads\/2018\/07\/push-o-30.jpg\" alt=\"\" width=\"61\" height=\"30\" \/><\/a> <a href=\"https:\/\/www.topohvar.at\/orte\/hv\/hv-tg-a9-1\/\"><img loading=\"lazy\" decoding=\"async\" class=\"alignnone wp-image-536 size-full\" src=\"https:\/\/www.topohvar.at\/wp-content\/uploads\/2018\/07\/push-r-30.jpg\" alt=\"\" width=\"61\" height=\"30\" \/><\/a>\u00a0<a href=\"https:\/\/www.topohvar.at\/hv-tg-80-1\/\"><img loading=\"lazy\" decoding=\"async\" class=\"alignnone wp-image-12299 size-full\" src=\"https:\/\/www.topohvar.at\/wp-content\/uploads\/2018\/09\/push-next-30.jpg\" alt=\"\" width=\"61\" height=\"30\" \/><\/a><\/strong><\/p>\n<hr \/>\n<p><strong>Adresa \/ Adresse<br \/>\n<\/strong>Grad Hvar, Ulica Dinka Kova\u010devi\u0107a 10<\/p>\n<p><strong>Lokalna polo\u017eaj \/ Position<a href=\"https:\/\/goo.gl\/maps\/qVjuQ5an2JNM6gyb8\"><img loading=\"lazy\" decoding=\"async\" class=\"alignright wp-image-41190\" src=\"https:\/\/www.topohvar.at\/wp-content\/uploads\/2020\/09\/2792.jpg\" alt=\"\" width=\"134\" height=\"100\" \/><\/a><br \/>\n<\/strong><a href=\"https:\/\/goo.gl\/maps\/qVjuQ5an2JNM6gyb8\"><span style=\"color: #3366ff;\">Latitude: N 43,17218\u00b0\u00a0 \u00a0Longitude: E 16,43631\u00b0 <\/span><\/a><strong><br \/>\n<\/strong>Visina \/ H\u00f6he: 32 m<\/p>\n<p><strong>Zemlji\u0161te \/ Grundst\u00fccke<br \/>\n<\/strong>81\/1, 81\/2, 81\/3, 82\/1, 82\/2, 82\/3, 82\/4, 82\/5, 82\/6, 84\/1, 84\/2, 88\/1, 89\/1, 89\/2, 89\/3, 89\/4, 91, 92, 93\/2, 94\/1, 94\/2, 101\/10, 101\/12<div class='content-column one_half'><div style=\"padding-right:6px;\"><p><strong>Datum snimanja \/ Erfassungsdatum<br \/>\n<\/strong>01.01.2000 00:00:00<\/p>\n<hr \/>\n<p><strong>Informacije<\/strong><\/p>\n<p>Hotel Pharos Hvar Bayhill nalazi se u osamljenoj borovoj \u0161umi. Potpuno je obnovljen 2016. godine i nudi svijetlo namje\u0161tene sobe, vanjski bazen s barom i moderni restoran u kojem se poslu\u017euju jela me\u0111unarodne i doma\u0107e kuhinje. U cijelom je objektu dostupan besplatni brzi WiFi. Sve su jedinice klimatizirane te sadr\u017ee TV ravnog ekrana sa satelitskim programima, sef i radni stol. Vlastita kupaonica opremljena je tu\u0161em bez praga, besplatnim kozmeti\u010dkim priborom i su\u0161ilom za kosu. Vanjski je bazen okru\u017een mediteranskim raslinjem te sadr\u017ei terasu s le\u017ealjkama, gdje gosti mogu u\u017eivati u osvje\u017eavaju\u0107im koktelima iz obli\u017enjeg bara uz bazen. Gostima je na raspolaganju posebno dizajnirano predvorje koje obuhva\u0107a medijalni zid i \u017eivahni bar.<\/p><\/div><\/div><div class='content-column one_half last_column'><div style=\"padding-right:0px;padding-left:6px;\"><p><strong>Za\u0161titni polo\u017eaj \/ Schutzstellung<br \/>\n<\/strong>&#8211;<strong><br \/>\n<\/strong><\/p>\n<hr \/>\n<p><strong>Info<\/strong><\/p>\n<p>Das moderne, im Jahr 2016 komplett renovierte Pharos Hvar Bayhill Hotel befindet sich in einem abgelegenen Pinienhain. Es bietet hell eingerichtete Zimmer, einen Pool- und Barbereich im Freien sowie ein modernes Restaurant mit internationaler und regionaler K\u00fcche. In der gesamten Unterkunft ist kostenfreies Highspeed-WLAN. Alle Unterk\u00fcnfte sind klimatisiert und mit einem Flachbild-Sat-TV, einem Safe und einem Schreibtisch ausgestattet. Sie verf\u00fcgen jeweils \u00fcber ein eigenes Bad mit einer stufenlosen Dusche, kostenlosen Pflegeprodukten und einem Haartrockner. Der Au\u00dfenpool ist von mediterraner Vegetation umgeben und bietet eine Terrasse mit Sonnenliegen. Dort kann man einen erfrischenden Cocktail von der nahe gelegenen Poolbar genie\u00dfen. Der speziell gestaltete Lobbybereich umfasst eine Medienwand und eine lebhafte Bar.<\/p><\/div><\/div><div class='clear_column'><\/div><\/p>\n<p style=\"text-align: right;\"><a href=\"#seite_oben\">gore \/ Seitenanfang<\/a><\/p>\n<hr \/>\n<p><strong>Linkovi \/ Links<\/strong><\/p>\n<p><a href=\"https:\/\/www.suncanihvar.com\/de\/das-hotel-pharos.html\"><span style=\"color: #3366ff;\">Pharos Hvar Bayhill Hotel<\/span><\/a><\/p>\n","protected":false},"excerpt":{"rendered":"<p>Ime \/ Name Zgrada gospodarske \u00bbPharos Hvar Bayhill Hotel\u00ab Code: HV-TG-A8\u00a0 \u00a0 \u00a0 \u00a0 \u00a0 \u00a0 \u00a0 \u00a0 \u00a0 \u00a0 \u00a0 \u00a0 \u00a0 \u00a0 \u00a0 \u00a0 \u00a0 \u00a0 \u00a0 \u00a0 Adresa \/ Adresse Grad Hvar, Ulica Dinka Kova\u010devi\u0107a 10 Lokalna &hellip; <a href=\"https:\/\/www.topohvar.at\/topo\/orte\/hv\/hv-tg-a8-1\/\">Weiterlesen <span class=\"meta-nav\">&rarr;<\/span><\/a><\/p>\n","protected":false},"author":1,"featured_media":0,"parent":80,"menu_order":0,"comment_status":"closed","ping_status":"closed","template":"","meta":{"footnotes":""},"class_list":["post-41188","page","type-page","status-publish","hentry"],"_links":{"self":[{"href":"https:\/\/www.topohvar.at\/topo\/wp-json\/wp\/v2\/pages\/41188","targetHints":{"allow":["GET"]}}],"collection":[{"href":"https:\/\/www.topohvar.at\/topo\/wp-json\/wp\/v2\/pages"}],"about":[{"href":"https:\/\/www.topohvar.at\/topo\/wp-json\/wp\/v2\/types\/page"}],"author":[{"embeddable":true,"href":"https:\/\/www.topohvar.at\/topo\/wp-json\/wp\/v2\/users\/1"}],"replies":[{"embeddable":true,"href":"https:\/\/www.topohvar.at\/topo\/wp-json\/wp\/v2\/comments?post=41188"}],"version-history":[{"count":5,"href":"https:\/\/www.topohvar.at\/topo\/wp-json\/wp\/v2\/pages\/41188\/revisions"}],"predecessor-version":[{"id":41323,"href":"https:\/\/www.topohvar.at\/topo\/wp-json\/wp\/v2\/pages\/41188\/revisions\/41323"}],"up":[{"embeddable":true,"href":"https:\/\/www.topohvar.at\/topo\/wp-json\/wp\/v2\/pages\/80"}],"wp:attachment":[{"href":"https:\/\/www.topohvar.at\/topo\/wp-json\/wp\/v2\/media?parent=41188"}],"curies":[{"name":"wp","href":"https:\/\/api.w.org\/{rel}","templated":true}]}}