{"id":41195,"date":"2020-09-22T17:41:04","date_gmt":"2020-09-22T15:41:04","guid":{"rendered":"https:\/\/www.topohvar.at\/topo\/?page_id=41195"},"modified":"2020-09-25T06:08:05","modified_gmt":"2020-09-25T04:08:05","slug":"hv-tg-a9-1","status":"publish","type":"page","link":"https:\/\/www.topohvar.at\/topo\/orte\/hv\/hv-tg-a9-1\/","title":{"rendered":"HVAR &#8211; Zgrada gospodarske \u00bbAmfora Hvar Grand Beach Resort\u00ab"},"content":{"rendered":"<p><a name=\"seite_oben\"><\/a><br \/>\n<img loading=\"lazy\" decoding=\"async\" class=\"aligncenter wp-image-41196 size-full\" src=\"https:\/\/www.topohvar.at\/wp-content\/uploads\/2020\/09\/hv-tg-a9-1.jpg\" alt=\"\" width=\"1080\" height=\"530\" srcset=\"https:\/\/www.topohvar.at\/wp-content\/uploads\/2020\/09\/hv-tg-a9-1.jpg 1080w, https:\/\/www.topohvar.at\/wp-content\/uploads\/2020\/09\/hv-tg-a9-1-300x147.jpg 300w, https:\/\/www.topohvar.at\/wp-content\/uploads\/2020\/09\/hv-tg-a9-1-1024x503.jpg 1024w, https:\/\/www.topohvar.at\/wp-content\/uploads\/2020\/09\/hv-tg-a9-1-768x377.jpg 768w\" sizes=\"auto, (max-width: 1080px) 100vw, 1080px\" \/><\/p>\n<p><strong>Ime \/ Name<\/strong><br \/>\nZgrada gospodarske \u00bbAmfora Hvar Grand Beach Resort\u00ab<\/p>\n<p><strong>Code: <\/strong>HV-TG-A9\u00a0 \u00a0 \u00a0 \u00a0 \u00a0 \u00a0 \u00a0 \u00a0 \u00a0 \u00a0 \u00a0 \u00a0 \u00a0 \u00a0 \u00a0 \u00a0 \u00a0 \u00a0 <a href=\"https:\/\/www.topohvar.at\/hv-tg-63-1\/\"><img loading=\"lazy\" decoding=\"async\" class=\"alignnone wp-image-12300 size-full\" src=\"https:\/\/www.topohvar.at\/wp-content\/uploads\/2018\/09\/push-vor-30.jpg\" alt=\"\" width=\"61\" height=\"30\" \/><\/a>\u00a0<strong><a href=\"https:\/\/www.topohvar.at\/orte\/hv\/hv-tg-a8-1\/\"><img loading=\"lazy\" decoding=\"async\" class=\"alignnone wp-image-533 size-full\" src=\"https:\/\/www.topohvar.at\/wp-content\/uploads\/2018\/07\/push-l-30.jpg\" alt=\"\" width=\"61\" height=\"30\" \/><\/a> <a href=\"https:\/\/www.topohvar.at\/orte\/hv\/\"><img loading=\"lazy\" decoding=\"async\" class=\"alignnone wp-image-535 size-full\" src=\"https:\/\/www.topohvar.at\/wp-content\/uploads\/2018\/07\/push-o-30.jpg\" alt=\"\" width=\"61\" height=\"30\" \/><\/a> <a href=\"https:\/\/www.topohvar.at\/orte\/hv\/hv-tg-b1-1\/\"><img loading=\"lazy\" decoding=\"async\" class=\"alignnone wp-image-536 size-full\" src=\"https:\/\/www.topohvar.at\/wp-content\/uploads\/2018\/07\/push-r-30.jpg\" alt=\"\" width=\"61\" height=\"30\" \/><\/a>\u00a0<a href=\"https:\/\/www.topohvar.at\/hv-tg-80-1\/\"><img loading=\"lazy\" decoding=\"async\" class=\"alignnone wp-image-12299 size-full\" src=\"https:\/\/www.topohvar.at\/wp-content\/uploads\/2018\/09\/push-next-30.jpg\" alt=\"\" width=\"61\" height=\"30\" \/><\/a><\/strong><\/p>\n<hr \/>\n<p><strong>Adresa \/ Adresse<br \/>\n<\/strong>Grad Hvar, Ulica biskupa Jurja Dubokovi\u0107a 5<\/p>\n<p><strong>Lokalna polo\u017eaj \/ Position<a href=\"https:\/\/goo.gl\/maps\/oVKSpoUC99GaydbRA\"><img loading=\"lazy\" decoding=\"async\" class=\"alignright wp-image-41197\" src=\"https:\/\/www.topohvar.at\/wp-content\/uploads\/2020\/09\/2793.jpg\" alt=\"\" width=\"133\" height=\"100\" \/><\/a><br \/>\n<\/strong><a href=\"https:\/\/goo.gl\/maps\/oVKSpoUC99GaydbRA\"><span style=\"color: #3366ff;\">Latitude: N 43,17298\u00b0\u00a0 \u00a0Longitude: E 16,43361\u00b0 <\/span><\/a><strong><br \/>\n<\/strong>Visina \/ H\u00f6he: 25 m<\/p>\n<p><strong>Zemlji\u0161te \/ Grundst\u00fccke<br \/>\n<\/strong>58\/3<div class='content-column one_half'><div style=\"padding-right:6px;\"><p><strong>Datum snimanja \/ Erfassungsdatum<br \/>\n<\/strong>01.01.2000 00:00:00<\/p>\n<hr \/>\n<p><strong>Informacije<\/strong><\/p>\n<p>Ovaj luksuzni hotel nalazi se u mirnoj uvali, u blizini pla\u017ee, a nudi bazen na vi\u0161e razina. Gosti mogu u\u017eivati u prekrasnom pogledu na more, a centar Hvara udaljen je svega 10 minuta hoda.<\/p>\n<p>Standardni sadr\u017eaji u sobama resorta Amfora Hvar Grand Beach uklju\u010duju klima-ure\u0111aj i TV s kabelskim programima. Iz svih se soba pru\u017ea pogled na Paklinske otoke ili lijepo ure\u0111ene vrtove. Na obli\u017enjoj ekskluzivnoj pla\u017ei Bonj Les Bains gosti mogu unajmiti privatnu kabinu uz more i u\u017eivati u opu\u0161taju\u0107oj masa\u017ei. Kokteli se poslu\u017euju u elegantnom salonu ili restoranu uz bazen Cascades, koji obuhva\u0107a terasu na 2 razine. Gosti se mogu okupati u slatkovodnom bazenu resorta Amfora Hvar. U krovnom restoranu Windows on Hvar, iz kojeg se pru\u017ea panoramski pogled na hvarski arhipelag i uvalu Amfora, za doru\u010dak i ve\u010deru poslu\u017euje se bogat \u0161vedski stol s jelima tradicionalne, doma\u0107e i me\u0111unarodne kuhinje. Restoran uz pla\u017eu Maestral nudi pogled na okolicu i izvorne specijalitete sa \u017eara u hladu bijelog \u0161atora.<\/p><\/div><\/div><div class='content-column one_half last_column'><div style=\"padding-right:0px;padding-left:6px;\"><p><strong>Za\u0161titni polo\u017eaj \/ Schutzstellung<br \/>\n<\/strong>&#8211;<strong><br \/>\n<\/strong><\/p>\n<hr \/>\n<p><strong>Info<\/strong><\/p>\n<p>Dieses an einer einsamen Bucht gelegene Luxushotel begr\u00fc\u00dft Sie in der N\u00e4he eines Strandes und bietet einen Pool auf verschiedenen Ebenen. Der Meerblick geh\u00f6rt hier zu den Highlights, und man wohnt in nur 10 Gehminuten vom Zentrum der Stadt \u00a0Hvar entfernt. Klimaanlage und Kabel-TV geh\u00f6ren zur Standardausstattung der Zimmer im Amfora Hvar Grand Beach Resort. Von jedem der Zimmer genie\u00dft man die Aussicht auf die Pakleni-Inseln oder gepflegte G\u00e4rten. Am exklusiven Strand Bonj les bains kann man eine eigene Strandh\u00fctte mieten oder sich bei einer wohltuenden Massage verw\u00f6hnen lassen. Cocktails werden im stilvollen Loungebereich oder im Restaurant Cascades am Pool mit seiner Terrasse auf 2 Ebenen serviert. Der Pool des Amfora Hvar erwartet Sie mit S\u00fc\u00dfwasser. Das auf dem Dach gelegene Restaurant Windows on Hvar bietet Panoramaaussicht auf das Hvarer Archipel und die Amfora-Bucht und serviert ein reichhaltiges Fr\u00fchst\u00fcck und Abendessen in Buffetform mit traditionellen, regionalen und internationalen Gerichten. In dem am Strand gelegenen Restaurant Maestral kann man die Aussicht im Schatten eines k\u00fchlen wei\u00dfen Zeltes und authentische Grillspezialit\u00e4ten genie\u00dfen.<\/p><\/div><\/div><div class='clear_column'><\/div><\/p>\n<p style=\"text-align: right;\"><a href=\"#seite_oben\">gore \/ Seitenanfang<\/a><\/p>\n<hr \/>\n<p><strong>Linkovi \/ Links<\/strong><\/p>\n<p><a href=\"https:\/\/www.suncanihvar.com\/de\/amfora-hvar-grand-beach-resort.html\"><span style=\"color: #3366ff;\">Amphora Hvar Grand Beach Hotel<\/span><\/a><\/p>\n","protected":false},"excerpt":{"rendered":"<p>Ime \/ Name Zgrada gospodarske \u00bbAmfora Hvar Grand Beach Resort\u00ab Code: HV-TG-A9\u00a0 \u00a0 \u00a0 \u00a0 \u00a0 \u00a0 \u00a0 \u00a0 \u00a0 \u00a0 \u00a0 \u00a0 \u00a0 \u00a0 \u00a0 \u00a0 \u00a0 \u00a0 \u00a0 \u00a0 Adresa \/ Adresse Grad Hvar, Ulica biskupa Jurja Dubokovi\u0107a &hellip; <a href=\"https:\/\/www.topohvar.at\/topo\/orte\/hv\/hv-tg-a9-1\/\">Weiterlesen <span class=\"meta-nav\">&rarr;<\/span><\/a><\/p>\n","protected":false},"author":1,"featured_media":0,"parent":80,"menu_order":0,"comment_status":"closed","ping_status":"closed","template":"","meta":{"footnotes":""},"class_list":["post-41195","page","type-page","status-publish","hentry"],"_links":{"self":[{"href":"https:\/\/www.topohvar.at\/topo\/wp-json\/wp\/v2\/pages\/41195","targetHints":{"allow":["GET"]}}],"collection":[{"href":"https:\/\/www.topohvar.at\/topo\/wp-json\/wp\/v2\/pages"}],"about":[{"href":"https:\/\/www.topohvar.at\/topo\/wp-json\/wp\/v2\/types\/page"}],"author":[{"embeddable":true,"href":"https:\/\/www.topohvar.at\/topo\/wp-json\/wp\/v2\/users\/1"}],"replies":[{"embeddable":true,"href":"https:\/\/www.topohvar.at\/topo\/wp-json\/wp\/v2\/comments?post=41195"}],"version-history":[{"count":4,"href":"https:\/\/www.topohvar.at\/topo\/wp-json\/wp\/v2\/pages\/41195\/revisions"}],"predecessor-version":[{"id":41324,"href":"https:\/\/www.topohvar.at\/topo\/wp-json\/wp\/v2\/pages\/41195\/revisions\/41324"}],"up":[{"embeddable":true,"href":"https:\/\/www.topohvar.at\/topo\/wp-json\/wp\/v2\/pages\/80"}],"wp:attachment":[{"href":"https:\/\/www.topohvar.at\/topo\/wp-json\/wp\/v2\/media?parent=41195"}],"curies":[{"name":"wp","href":"https:\/\/api.w.org\/{rel}","templated":true}]}}