{"id":41218,"date":"2020-09-23T08:23:30","date_gmt":"2020-09-23T06:23:30","guid":{"rendered":"https:\/\/www.topohvar.at\/topo\/?page_id=41218"},"modified":"2020-10-11T15:45:47","modified_gmt":"2020-10-11T13:45:47","slug":"hv-tg-b2-1","status":"publish","type":"page","link":"https:\/\/www.topohvar.at\/topo\/orte\/hv\/hv-tg-b2-1\/","title":{"rendered":"HVAR &#8211; Gospodarska zgrada \u00bbHotel Podstine\u00ab"},"content":{"rendered":"<p><a name=\"seite_oben\"><\/a><br \/>\n<img loading=\"lazy\" decoding=\"async\" class=\"aligncenter wp-image-41219 size-full\" src=\"https:\/\/www.topohvar.at\/wp-content\/uploads\/2020\/09\/hv-tg-b2-1.jpg\" alt=\"\" width=\"1080\" height=\"530\" srcset=\"https:\/\/www.topohvar.at\/wp-content\/uploads\/2020\/09\/hv-tg-b2-1.jpg 1080w, https:\/\/www.topohvar.at\/wp-content\/uploads\/2020\/09\/hv-tg-b2-1-300x147.jpg 300w, https:\/\/www.topohvar.at\/wp-content\/uploads\/2020\/09\/hv-tg-b2-1-1024x503.jpg 1024w, https:\/\/www.topohvar.at\/wp-content\/uploads\/2020\/09\/hv-tg-b2-1-768x377.jpg 768w\" sizes=\"auto, (max-width: 1080px) 100vw, 1080px\" \/><\/p>\n<p><strong>Ime \/ Name<br \/>\n<\/strong>Gospodarska zgrada \u00bbHotel Podstine\u00ab<\/p>\n<p><strong>Code: <\/strong>HV-TG-B2\u00a0 \u00a0 \u00a0 \u00a0 \u00a0 \u00a0 \u00a0 \u00a0 \u00a0 \u00a0 \u00a0 \u00a0 \u00a0 \u00a0 \u00a0 \u00a0 \u00a0 \u00a0 <a href=\"https:\/\/www.topohvar.at\/hv-tg-80-1\/\"><img loading=\"lazy\" decoding=\"async\" class=\"alignnone wp-image-12300 size-full\" src=\"https:\/\/www.topohvar.at\/wp-content\/uploads\/2018\/09\/push-vor-30.jpg\" alt=\"\" width=\"61\" height=\"30\" \/><\/a>\u00a0<strong><a href=\"https:\/\/www.topohvar.at\/orte\/hv\/hv-tg-a7-1\/\"><img loading=\"lazy\" decoding=\"async\" class=\"alignnone wp-image-533 size-full\" src=\"https:\/\/www.topohvar.at\/wp-content\/uploads\/2018\/07\/push-l-30.jpg\" alt=\"\" width=\"61\" height=\"30\" \/><\/a> <a href=\"https:\/\/www.topohvar.at\/orte\/hv\/\"><img loading=\"lazy\" decoding=\"async\" class=\"alignnone wp-image-535 size-full\" src=\"https:\/\/www.topohvar.at\/wp-content\/uploads\/2018\/07\/push-o-30.jpg\" alt=\"\" width=\"61\" height=\"30\" \/><\/a> <a href=\"https:\/\/www.topohvar.at\/orte\/hv\/hv-tg-b3-1\/\"><img loading=\"lazy\" decoding=\"async\" class=\"alignnone wp-image-536 size-full\" src=\"https:\/\/www.topohvar.at\/wp-content\/uploads\/2018\/07\/push-r-30.jpg\" alt=\"\" width=\"61\" height=\"30\" \/><\/a>\u00a0<a href=\"https:\/\/www.topohvar.at\/hv-tg-92-1\/\"><img loading=\"lazy\" decoding=\"async\" class=\"alignnone wp-image-12299 size-full\" src=\"https:\/\/www.topohvar.at\/wp-content\/uploads\/2018\/09\/push-next-30.jpg\" alt=\"\" width=\"61\" height=\"30\" \/><\/a><\/strong><\/p>\n<hr \/>\n<p><strong>Adresa \/ Adresse<br \/>\n<\/strong>Grad Hvar, Put Podstina 11<\/p>\n<p><strong>Lokalna polo\u017eaj \/ Position<a href=\"https:\/\/goo.gl\/maps\/QQJNJsvTxs3wsYFX6\"><img loading=\"lazy\" decoding=\"async\" class=\"alignright wp-image-41220\" src=\"https:\/\/www.topohvar.at\/wp-content\/uploads\/2020\/09\/2796.jpg\" alt=\"\" width=\"134\" height=\"100\" \/><\/a><br \/>\n<\/strong><span style=\"color: #3366ff;\"><a style=\"color: #3366ff;\" href=\"https:\/\/goo.gl\/maps\/QQJNJsvTxs3wsYFX6\">Latitude: N 43,17497\u00b0\u00a0 \u00a0Longitude: E 16,42734\u00b0<\/a> <\/span><strong><br \/>\n<\/strong>Visina \/ H\u00f6he: 12 m<\/p>\n<p><strong>Zemlji\u0161te \/ Grundst\u00fccke<br \/>\n<\/strong>15<div class='content-column one_half'><div style=\"padding-right:6px;\"><p><strong>Datum snimanja \/ Erfassungsdatum<br \/>\n<\/strong>01.01.2000 00:00:00<\/p>\n<hr \/>\n<p><strong>Informacije<\/strong><br \/>\nHotel Podstine smje\u0161ten je u mirnom i osamljenom zaljevu. Ima vlastitu privatnu pla\u017eu okru\u017eenu palmama i borovima. Sadr\u017ei spa i wellness centar te otvoreni bazen. U restoranu na licu mjesta bit \u0107ete razma\u017eeni ukusnim jelima. Gosti se mogu opustiti i u baru koji gleda na Paklene otoke. Parking je besplatan. Ovaj elegantni hotel nudi klimatizirane sobe s TV-om sa satelitskim programima, mini barom i besplatnim kozmeti\u010dkim priborom. Do centra grada Hvara ima 15 minuta hoda. Besplatan WiFi dostupan je u predvorju. Spa i wellness centar ima teretanu i finsku saunu. Tako\u0111er se mo\u017eete opustiti uz razne tretmane tijela i masa\u017ee.<br \/><\/div><\/div><div class='content-column one_half last_column'><div style=\"padding-right:0px;padding-left:6px;\"><p><strong>Za\u0161titni polo\u017eaj \/ Schutzstellung<br \/>\n<\/strong>&#8211;<\/p>\n<hr \/>\n<p><strong>Info<\/strong><br \/>\nDas Hotel Podstine liegt in einer ruhigen und abgelegenen Bucht. Es bietet einen eigenen Strand, der von Palmen und Pinien umgeben ist. Freuen Sie sich auf ein Spa- und Wellnesscenter und einen Au\u00dfenpool. Im Restaurant der Unterkunft werden Sie mit geschmackvollen Gerichten verw\u00f6hnt. Entspannen Sie sich auch an der Bar mit Aussicht auf die Pakleni-Inseln. Die Parkpl\u00e4tze nutzen Sie kostenfrei. Dieses elegante Hotel bietet klimatisierte Zimmer mit Sat-TV, einer Minibar und kostenfreien Pflegeprodukten. Das Stadtzentrum von Hvar erreichen Sie nach einem 15-min\u00fctigen Spaziergang. WLAN k\u00f6nnen Sie in der Lobby kostenfrei nutzen. Das Spa- und Wellnesscenter verf\u00fcgt \u00fcber einen Fitnessraum und eine finnische Sauna. Zudem k\u00f6nnen Sie sich bei verschiedenen K\u00f6rperanwendungen und Massagen erholen.<br \/><\/div><\/div><div class='clear_column'><\/div><\/p>\n<p style=\"text-align: right;\"><a href=\"#seite_oben\">gore \/ Seitenanfang<\/a><\/p>\n<hr \/>\n<p><strong>Linkovi \/ Links<\/strong><\/p>\n<p><span style=\"color: #3366ff;\"><a style=\"color: #3366ff;\" href=\"https:\/\/www.podstine.com\/\">Hotel Podstine<\/a><br \/>\n<a style=\"color: #3366ff;\" href=\"https:\/\/www.topohvar.at\/topo\/orte\/hv\/hv-au-30-1\/#hv-37\">Uvala Podstine<\/a><\/span><\/p>\n","protected":false},"excerpt":{"rendered":"<p>Ime \/ Name Gospodarska zgrada \u00bbHotel Podstine\u00ab Code: HV-TG-B2\u00a0 \u00a0 \u00a0 \u00a0 \u00a0 \u00a0 \u00a0 \u00a0 \u00a0 \u00a0 \u00a0 \u00a0 \u00a0 \u00a0 \u00a0 \u00a0 \u00a0 \u00a0 \u00a0 \u00a0 Adresa \/ Adresse Grad Hvar, Put Podstina 11 Lokalna polo\u017eaj \/ Position &hellip; <a href=\"https:\/\/www.topohvar.at\/topo\/orte\/hv\/hv-tg-b2-1\/\">Weiterlesen <span class=\"meta-nav\">&rarr;<\/span><\/a><\/p>\n","protected":false},"author":1,"featured_media":0,"parent":80,"menu_order":0,"comment_status":"closed","ping_status":"closed","template":"","meta":{"footnotes":""},"class_list":["post-41218","page","type-page","status-publish","hentry"],"_links":{"self":[{"href":"https:\/\/www.topohvar.at\/topo\/wp-json\/wp\/v2\/pages\/41218","targetHints":{"allow":["GET"]}}],"collection":[{"href":"https:\/\/www.topohvar.at\/topo\/wp-json\/wp\/v2\/pages"}],"about":[{"href":"https:\/\/www.topohvar.at\/topo\/wp-json\/wp\/v2\/types\/page"}],"author":[{"embeddable":true,"href":"https:\/\/www.topohvar.at\/topo\/wp-json\/wp\/v2\/users\/1"}],"replies":[{"embeddable":true,"href":"https:\/\/www.topohvar.at\/topo\/wp-json\/wp\/v2\/comments?post=41218"}],"version-history":[{"count":7,"href":"https:\/\/www.topohvar.at\/topo\/wp-json\/wp\/v2\/pages\/41218\/revisions"}],"predecessor-version":[{"id":42451,"href":"https:\/\/www.topohvar.at\/topo\/wp-json\/wp\/v2\/pages\/41218\/revisions\/42451"}],"up":[{"embeddable":true,"href":"https:\/\/www.topohvar.at\/topo\/wp-json\/wp\/v2\/pages\/80"}],"wp:attachment":[{"href":"https:\/\/www.topohvar.at\/topo\/wp-json\/wp\/v2\/media?parent=41218"}],"curies":[{"name":"wp","href":"https:\/\/api.w.org\/{rel}","templated":true}]}}