{"id":41255,"date":"2020-09-23T12:52:17","date_gmt":"2020-09-23T10:52:17","guid":{"rendered":"https:\/\/www.topohvar.at\/topo\/?page_id=41255"},"modified":"2024-04-21T15:56:06","modified_gmt":"2024-04-21T13:56:06","slug":"sg-tg-41-1","status":"publish","type":"page","link":"https:\/\/www.topohvar.at\/topo\/orte\/sg\/sg-tg-41-1\/","title":{"rendered":"STARI GRAD &#8211; Zgrada gospodarska \u00bbArkada Sunny Hotel by Valamar\u00ab"},"content":{"rendered":"<p><a name=\"seite_oben\"><\/a><br \/>\n<img loading=\"lazy\" decoding=\"async\" class=\"aligncenter wp-image-41256 size-full\" src=\"https:\/\/www.topohvar.at\/wp-content\/uploads\/2020\/09\/sg-tg-41-1.jpg\" alt=\"\" width=\"640\" height=\"315\" srcset=\"https:\/\/www.topohvar.at\/wp-content\/uploads\/2020\/09\/sg-tg-41-1.jpg 640w, https:\/\/www.topohvar.at\/wp-content\/uploads\/2020\/09\/sg-tg-41-1-300x148.jpg 300w\" sizes=\"auto, (max-width: 640px) 100vw, 640px\" \/><\/p>\n<p><strong>Ime \/ Name<br \/>\n<\/strong>Zgrada gospodarska \u00bbArkada Sunny Hotel by Valamar\u00ab<\/p>\n<p><strong>Code: <\/strong>SG-TG-41\u00a0 \u00a0 \u00a0 \u00a0 \u00a0 \u00a0 \u00a0 \u00a0 \u00a0 \u00a0 \u00a0 \u00a0 \u00a0 \u00a0 \u00a0 \u00a0 \u00a0 \u00a0<a href=\"https:\/\/www.topohvar.at\/orte\/sg\/sg-tg-26-1\/\"><img loading=\"lazy\" decoding=\"async\" class=\"alignnone wp-image-12300 size-full\" src=\"https:\/\/www.topohvar.at\/wp-content\/uploads\/2018\/09\/push-vor-30.jpg\" alt=\"\" width=\"61\" height=\"30\" \/><\/a>\u00a0<strong><a href=\"https:\/\/www.topohvar.at\/orte\/sg\/sg-tg-45-1\/\"><img loading=\"lazy\" decoding=\"async\" class=\"alignnone wp-image-533 size-full\" src=\"https:\/\/www.topohvar.at\/wp-content\/uploads\/2018\/07\/push-l-30.jpg\" alt=\"\" width=\"61\" height=\"30\" \/><\/a> <a href=\"https:\/\/www.topohvar.at\/orte\/sg\/\"><img loading=\"lazy\" decoding=\"async\" class=\"alignnone wp-image-535 size-full\" src=\"https:\/\/www.topohvar.at\/wp-content\/uploads\/2018\/07\/push-o-30.jpg\" alt=\"\" width=\"61\" height=\"30\" \/><\/a> <a href=\"https:\/\/www.topohvar.at\/orte\/sg\/sg-tg-42-1\/\"><img loading=\"lazy\" decoding=\"async\" class=\"alignnone wp-image-536 size-full\" src=\"https:\/\/www.topohvar.at\/wp-content\/uploads\/2018\/07\/push-r-30.jpg\" alt=\"\" width=\"61\" height=\"30\" \/><\/a>\u00a0<a href=\"https:\/\/www.topohvar.at\/orte\/sg\/sg-tg-03-1\/\"><img loading=\"lazy\" decoding=\"async\" class=\"alignnone wp-image-12299 size-full\" src=\"https:\/\/www.topohvar.at\/wp-content\/uploads\/2018\/09\/push-next-30.jpg\" alt=\"\" width=\"61\" height=\"30\" \/><\/a><\/strong><\/p>\n<hr \/>\n<p><strong>Adresa \/ Adresse<br \/>\n<\/strong>Stari Grad, Naselje Helios 5<\/p>\n<p><strong>Lokacija \/ Position<a href=\"https:\/\/goo.gl\/maps\/B1mKRDH7yDjSJZyW9\"><img loading=\"lazy\" decoding=\"async\" class=\"alignright wp-image-41257\" src=\"https:\/\/www.topohvar.at\/wp-content\/uploads\/2020\/09\/2798.jpg\" alt=\"\" width=\"134\" height=\"100\" \/><\/a><br \/>\n<\/strong><a href=\"https:\/\/goo.gl\/maps\/B1mKRDH7yDjSJZyW9\"><span style=\"color: #3366ff;\">Latitude: N 43,18787\u00b0\u00a0 \u00a0Longitude: E 16,58511\u00b0 <\/span><\/a><strong><br \/>\n<\/strong>Visina \/ H\u00f6he: 10 m<\/p>\n<p><strong>Katastarska \u010destica \/ Grundst\u00fccke<br \/>\n<\/strong>*1109, 10230\/1, 10230\/2, 10233\/1, 1024\/1, 1024\/2<div class='content-column one_half'><div style=\"padding-right:6px;\"><p><strong>Datum snimanja \/ Erfassungsdatum<br \/>\n<\/strong>31.10.2022 10:00:00<\/p>\n<hr \/>\n<p><strong>Informacije<\/strong><\/p>\n<p>Tra\u017eite li pristupa\u010dan smje\u0161taj na zadivljuju\u0107oj lokaciji na otoku Hvaru, Arkada Sunny Hotel by Valamar je odli\u010dan izbor za vas. Smje\u0161ten u dubokoj uvali, s jedne strane okupan bistrim morem, a s druge okru\u017een zelenilom i mirisom borova, ovaj hotel pru\u017ea opu\u0161taju\u0107i odmor nadomak UNESCO-vog Starog Grada. Provedite bezbri\u017ene trenutke odmora s koktelom u ruci u le\u017eernom ambijentu vanjskog bazena. Zaljubite se u \u010dudesnu bistrinu i boju Jadranskog mora udaljenog svega nekoliko koraka od hotela. U\u017eivajte u okusima Mediterana na terasama s pogledom na more. \u0160ljun\u010dana pla\u017ea udaljena je 50 m od hotela. Tu su otvoreni bazen, ve\u010dernja zabava na otvorenom bazenu, restorani i barovi, kao i razne mogu\u0107nosti za sport i opu\u0161tanje.<\/p><\/div><\/div><div class='content-column one_half last_column'><div style=\"padding-right:0px;padding-left:6px;\"><p><strong>Stupanj za\u0161tite \/ Schutzstellung<br \/>\n<\/strong>&#8211;<\/p>\n<hr \/>\n<p><strong>Info<\/strong><\/p>\n<p>Wenn Sie eine preisg\u00fcnstige Unterkunft in einer ausgezeichneten Lage auf der Insel Hvar suchen, dann ist das Arkada Sunny Hotel by Valamar ideal f\u00fcr Sie. Es liegt in einer tiefen Bucht und ist auf einer Seite vom kristallklaren Meer und auf der anderen von gr\u00fcner Vegetation und duftenden Kiefern umgeben. In diesem Hotel k\u00f6nnen Sie einen entspannenden Urlaub in der N\u00e4he der UNESCO-Weltkulturst\u00e4tte Stari Grad erleben. Genie\u00dfen Sie einen sorglosen Urlaub im entspannenden Ambiente des Au\u00dfenpools mit einem Cocktail in der Hand. Verlieben Sie sich in die kristallklare Farbe des Adriatischen Meeres, das nur einige Schritte vom Hotel entfernt ist. Auf den Terrassen mit Meerblick k\u00f6nnen Sie k\u00f6stliche mediterrane Spezialit\u00e4ten genie\u00dfen. Der Kiesstrand ist 50 m vom Hotel entfernt. Es gibt einen Au\u00dfenpool, Abendspa\u00df am Au\u00dfenpool, Restaurants und Bars, sowie vielf\u00e4ltige M\u00f6glichkeiten f\u00fcr Sport und Erholung.<\/p><\/div><\/div><div class='clear_column'><\/div><\/p>\n<p style=\"text-align: right;\"><a href=\"#seite_oben\">natrag na vrh \/ Seitenanfang<\/a><\/p>\n<hr \/>\n<p><strong>Linkovi \/ Links<\/strong><\/p>\n<p><span style=\"color: #3366ff;\"><a style=\"color: #3366ff;\" href=\"https:\/\/www.valamar.com\/de\/hotels-hvar\/arkada-hotel?geo=dach&amp;faza=DriveSales&amp;promo=&amp;campaigntype=BrandSearch&amp;network=g&amp;gclid=Cj0KCQjwnqH7BRDdARIsACTSAdssPmrkfZexwjsy4u7K9N30zAWeBFlKKvcEwljjXHMSRFXKnkluKXIaAhQcEALw_wcB\">Arkada Sunny Hotel by Valamar<\/a><\/span><span style=\"color: #3366ff;\"><br \/>\n<\/span><\/p>\n","protected":false},"excerpt":{"rendered":"<p>Ime \/ Name Zgrada gospodarska \u00bbArkada Sunny Hotel by Valamar\u00ab Code: SG-TG-41\u00a0 \u00a0 \u00a0 \u00a0 \u00a0 \u00a0 \u00a0 \u00a0 \u00a0 \u00a0 \u00a0 \u00a0 \u00a0 \u00a0 \u00a0 \u00a0 \u00a0 \u00a0\u00a0 \u00a0 Adresa \/ Adresse Stari Grad, Naselje Helios 5 Lokacija \/ &hellip; <a href=\"https:\/\/www.topohvar.at\/topo\/orte\/sg\/sg-tg-41-1\/\">Weiterlesen <span class=\"meta-nav\">&rarr;<\/span><\/a><\/p>\n","protected":false},"author":1,"featured_media":0,"parent":99,"menu_order":0,"comment_status":"closed","ping_status":"closed","template":"","meta":{"footnotes":""},"class_list":["post-41255","page","type-page","status-publish","hentry"],"_links":{"self":[{"href":"https:\/\/www.topohvar.at\/topo\/wp-json\/wp\/v2\/pages\/41255","targetHints":{"allow":["GET"]}}],"collection":[{"href":"https:\/\/www.topohvar.at\/topo\/wp-json\/wp\/v2\/pages"}],"about":[{"href":"https:\/\/www.topohvar.at\/topo\/wp-json\/wp\/v2\/types\/page"}],"author":[{"embeddable":true,"href":"https:\/\/www.topohvar.at\/topo\/wp-json\/wp\/v2\/users\/1"}],"replies":[{"embeddable":true,"href":"https:\/\/www.topohvar.at\/topo\/wp-json\/wp\/v2\/comments?post=41255"}],"version-history":[{"count":8,"href":"https:\/\/www.topohvar.at\/topo\/wp-json\/wp\/v2\/pages\/41255\/revisions"}],"predecessor-version":[{"id":66585,"href":"https:\/\/www.topohvar.at\/topo\/wp-json\/wp\/v2\/pages\/41255\/revisions\/66585"}],"up":[{"embeddable":true,"href":"https:\/\/www.topohvar.at\/topo\/wp-json\/wp\/v2\/pages\/99"}],"wp:attachment":[{"href":"https:\/\/www.topohvar.at\/topo\/wp-json\/wp\/v2\/media?parent=41255"}],"curies":[{"name":"wp","href":"https:\/\/api.w.org\/{rel}","templated":true}]}}