{"id":41293,"date":"2020-09-23T18:08:45","date_gmt":"2020-09-23T16:08:45","guid":{"rendered":"https:\/\/www.topohvar.at\/topo\/?page_id=41293"},"modified":"2024-04-24T12:20:56","modified_gmt":"2024-04-24T10:20:56","slug":"je-tg-09-1","status":"publish","type":"page","link":"https:\/\/www.topohvar.at\/topo\/orte\/je\/je-tg-09-1\/","title":{"rendered":"JELSA &#8211; Gospodarska zgrada \u00bbAdriatiq Resort Fontana\u00ab"},"content":{"rendered":"<p><a name=\"seite_oben\"><\/a><br \/>\n<img loading=\"lazy\" decoding=\"async\" class=\"aligncenter wp-image-41294 size-full\" src=\"https:\/\/www.topohvar.at\/wp-content\/uploads\/2020\/09\/je-tg-09-1.jpg\" alt=\"\" width=\"1080\" height=\"530\" srcset=\"https:\/\/www.topohvar.at\/wp-content\/uploads\/2020\/09\/je-tg-09-1.jpg 1080w, https:\/\/www.topohvar.at\/wp-content\/uploads\/2020\/09\/je-tg-09-1-300x147.jpg 300w, https:\/\/www.topohvar.at\/wp-content\/uploads\/2020\/09\/je-tg-09-1-1024x503.jpg 1024w, https:\/\/www.topohvar.at\/wp-content\/uploads\/2020\/09\/je-tg-09-1-768x377.jpg 768w\" sizes=\"auto, (max-width: 1080px) 100vw, 1080px\" \/><\/p>\n<p><strong>Ime \/ Name<br \/>\n<\/strong>Gospodarska zgrada \u00bbAdriatiq Resort Fontana\u00ab<\/p>\n<p><strong>Code: <\/strong>JE-TG-09\u00a0 \u00a0 \u00a0 \u00a0 \u00a0 \u00a0 \u00a0 \u00a0 \u00a0 \u00a0 \u00a0 \u00a0 \u00a0 \u00a0 \u00a0 \u00a0 \u00a0 \u00a0 \u00a0 \u00a0 <strong><a href=\"https:\/\/www.topohvar.at\/orte\/je\/je-tg-07-1\/\"><img loading=\"lazy\" decoding=\"async\" class=\"alignnone wp-image-12300 size-full\" src=\"https:\/\/www.topohvar.at\/wp-content\/uploads\/2018\/09\/push-vor-30.jpg\" alt=\"\" width=\"61\" height=\"30\" \/><\/a> <a href=\"https:\/\/www.topohvar.at\/orte\/je\/je-tg-21-1\/\"><img loading=\"lazy\" decoding=\"async\" class=\"alignnone wp-image-533 size-full\" src=\"https:\/\/www.topohvar.at\/wp-content\/uploads\/2018\/07\/push-l-30.jpg\" alt=\"\" width=\"61\" height=\"30\" \/><\/a> <a href=\"https:\/\/www.topohvar.at\/orte\/je\/\"><img loading=\"lazy\" decoding=\"async\" class=\"alignnone wp-image-535 size-full\" src=\"https:\/\/www.topohvar.at\/wp-content\/uploads\/2018\/07\/push-o-30.jpg\" alt=\"\" width=\"61\" height=\"30\" \/><\/a> <a href=\"https:\/\/www.topohvar.at\/orte\/je\/je-tg-19-1\/\"><img loading=\"lazy\" decoding=\"async\" class=\"alignnone wp-image-536 size-full\" src=\"https:\/\/www.topohvar.at\/wp-content\/uploads\/2018\/07\/push-r-30.jpg\" alt=\"\" width=\"61\" height=\"30\" \/><\/a> <a href=\"https:\/\/www.topohvar.at\/orte\/je\/je-tg-04-1\/\"><img loading=\"lazy\" decoding=\"async\" class=\"alignnone wp-image-12299 size-full\" src=\"https:\/\/www.topohvar.at\/wp-content\/uploads\/2018\/09\/push-next-30.jpg\" alt=\"\" width=\"61\" height=\"30\" \/><\/a><\/strong><\/p>\n<hr \/>\n<p><strong>Adresa \/ Adresse<br \/>\n<\/strong>Jelsa<\/p>\n<p><strong>Lokacija<\/strong><strong> \/ Position<a href=\"https:\/\/goo.gl\/maps\/s1GfQvUuDRZAf8MC8\"><img loading=\"lazy\" decoding=\"async\" class=\"alignright wp-image-41295\" src=\"https:\/\/www.topohvar.at\/wp-content\/uploads\/2020\/09\/2800.jpg\" alt=\"\" width=\"134\" height=\"100\" \/><\/a><br \/>\n<\/strong><span style=\"color: #3366ff;\"><a style=\"color: #3366ff;\" href=\"https:\/\/goo.gl\/maps\/s1GfQvUuDRZAf8MC8\">Latitude: N 43,16690\u00b0\u00a0 \u00a0Longitude: E 16,69591\u00b0 <\/a><\/span><strong><br \/>\n<\/strong>Visina \/ H\u00f6he: 25 m<\/p>\n<p><strong>Katastarska \u010destica <\/strong><strong>\/ Grundst\u00fccke<br \/>\n<\/strong>162\/4, 163\/4, 163\/6, 164\/2, 164\/3, 164\/4, 165\/2, 165\/3, 167\/2, 167\/3, 167\/4, 167\/5, 167\/6, 167\/7, 167\/9, 167\/10, 167\/10, 167\/12, 167\/13, 167\/14, 167\/15, 167\/16, 167\/17, 167\/18, 167\/19, 167\/20<div class='content-column one_half'><div style=\"padding-right:6px;\"><p><strong>Datum snimanja \/ Erfassungsdatum<br \/>\n<\/strong>24.05.2017 12:00:00<\/p>\n<hr \/>\n<p><strong>Informacije<\/strong><\/p>\n<p>Resort Fontana smje\u0161ten je na \u0161umovitom obronku, nasuprot pla\u017ei u Jelsi. Centar grada udaljen je otprilike 500 metara. U cijelom je objektu dostupan besplatni WiFi. Resort se sastoji od manjih paviljona i 333 smje\u0161tajne jedinice. Svi apartmani i sobe nude savr\u0161enu priliku za opu\u0161tanje i jedinstveni pogled. U glavnoj zgradi se nalazi restoran, bazen sa \u0161akom i dvorana za fitnes. Recepcija je zajedni\u010dka za cijeli resort, te se nalazi na vrhu brda u blizini glavne ceste. Gostima je na raspolaganju besplatni pristup fitness-centru i 2 vanjska bazena s morskom vodom (od kojih je 1 dje\u010dji). Dostupne su i besplatne le\u017ealjke. Iz bara uz bazen pru\u017ea se predivan pogled na Jadransko more, a gosti mogu istovremeno paziti na djecu u bazenu. Tijekom sezone otvorena su 2 teniska terena, a gosti se mogu uklju\u010diti u zabavne programe objekta.<\/p><\/div><\/div><div class='content-column one_half last_column'><div style=\"padding-right:0px;padding-left:6px;\"><p><strong>Stupanj za\u0161tite<\/strong><strong> \/ Schutzstellung<br \/>\n<\/strong>&#8211;<\/p>\n<hr \/>\n<p><strong>Info<\/strong><\/p>\n<p>Das Fontana Resort befindet sich am bewaldeten Hang der Stadt Jelsa und blickt direkt auf den Strand. Das Stadtzentrum liegt etwa 500 m entfernt. Kostenfreies WLAN kann in allen Bereichen genutzt werden. Das Resort besteht aus kleinen Pavillions und verf\u00fcgt \u00fcber 333 Wohneinheiten \u2013 alle Zimmer und Appartements verf\u00fcgen \u00fcber Meerblick. In dem Hauptgeb\u00e4ude befinden sich das Restaurant, die Bar und ein Fitnessraum. Die Rezeption befindet sich auf der H\u00fcgelspitze in Stra\u00dfenn\u00e4he. Freuen Sie sich auf kostenlosen Zugang zum Fitnessraum und 2 Au\u00dfenpools mit Meerwasser (1 f\u00fcr Kinder). Sonnenliegen nutzt man ebenfalls kostenfrei. In der Poolbar kann man die herrliche Aussicht \u00fcber die Adria genie\u00dfen, w\u00e4hrend Sie gleichzeitig auf Ihre Kinder im Pool aufpassen k\u00f6nnen. In der Hauptsaison sind 2 Tennispl\u00e4tze ge\u00f6ffnet. Man kann auch gern an den Animationsprogrammen teilnehmen.<\/p><\/div><\/div><div class='clear_column'><\/div><\/p>\n<p style=\"text-align: right;\"><span style=\"color: #3366ff;\"><a style=\"color: #3366ff;\" href=\"#seite_oben\">natrag na vrh \/ Seitenanfang<\/a><\/span><\/p>\n<hr \/>\n<p><strong>Linkovi \/ Links<\/strong><\/p>\n<p><span style=\"color: #3366ff;\"><a style=\"color: #3366ff;\" href=\"https:\/\/resortfontana-adriatiq.com\/hr\/resort-fontana\">Adriatiq Resort Fontana<\/a><\/span><\/p>\n","protected":false},"excerpt":{"rendered":"<p>Ime \/ Name Gospodarska zgrada \u00bbAdriatiq Resort Fontana\u00ab Code: JE-TG-09\u00a0 \u00a0 \u00a0 \u00a0 \u00a0 \u00a0 \u00a0 \u00a0 \u00a0 \u00a0 \u00a0 \u00a0 \u00a0 \u00a0 \u00a0 \u00a0 \u00a0 \u00a0 \u00a0 \u00a0 Adresa \/ Adresse Jelsa Lokacija \/ Position Latitude: N 43,16690\u00b0\u00a0 \u00a0Longitude: &hellip; <a href=\"https:\/\/www.topohvar.at\/topo\/orte\/je\/je-tg-09-1\/\">Weiterlesen <span class=\"meta-nav\">&rarr;<\/span><\/a><\/p>\n","protected":false},"author":1,"featured_media":0,"parent":85,"menu_order":0,"comment_status":"closed","ping_status":"closed","template":"","meta":{"footnotes":""},"class_list":["post-41293","page","type-page","status-publish","hentry"],"_links":{"self":[{"href":"https:\/\/www.topohvar.at\/topo\/wp-json\/wp\/v2\/pages\/41293","targetHints":{"allow":["GET"]}}],"collection":[{"href":"https:\/\/www.topohvar.at\/topo\/wp-json\/wp\/v2\/pages"}],"about":[{"href":"https:\/\/www.topohvar.at\/topo\/wp-json\/wp\/v2\/types\/page"}],"author":[{"embeddable":true,"href":"https:\/\/www.topohvar.at\/topo\/wp-json\/wp\/v2\/users\/1"}],"replies":[{"embeddable":true,"href":"https:\/\/www.topohvar.at\/topo\/wp-json\/wp\/v2\/comments?post=41293"}],"version-history":[{"count":6,"href":"https:\/\/www.topohvar.at\/topo\/wp-json\/wp\/v2\/pages\/41293\/revisions"}],"predecessor-version":[{"id":66877,"href":"https:\/\/www.topohvar.at\/topo\/wp-json\/wp\/v2\/pages\/41293\/revisions\/66877"}],"up":[{"embeddable":true,"href":"https:\/\/www.topohvar.at\/topo\/wp-json\/wp\/v2\/pages\/85"}],"wp:attachment":[{"href":"https:\/\/www.topohvar.at\/topo\/wp-json\/wp\/v2\/media?parent=41293"}],"curies":[{"name":"wp","href":"https:\/\/api.w.org\/{rel}","templated":true}]}}