{"id":41299,"date":"2020-09-23T18:17:52","date_gmt":"2020-09-23T16:17:52","guid":{"rendered":"https:\/\/www.topohvar.at\/topo\/?page_id=41299"},"modified":"2024-04-24T12:21:17","modified_gmt":"2024-04-24T10:21:17","slug":"je-tg-19-1","status":"publish","type":"page","link":"https:\/\/www.topohvar.at\/topo\/orte\/je\/je-tg-19-1\/","title":{"rendered":"JELSA &#8211; Gospodarska zgrada \u00bbAdriatiq Hotel Hvar\u00ab"},"content":{"rendered":"<p><a name=\"seite_oben\"><\/a><br \/>\n<img loading=\"lazy\" decoding=\"async\" class=\"aligncenter wp-image-41300 size-full\" src=\"https:\/\/www.topohvar.at\/wp-content\/uploads\/2020\/09\/je-tg-19-1.jpg\" alt=\"\" width=\"640\" height=\"315\" srcset=\"https:\/\/www.topohvar.at\/wp-content\/uploads\/2020\/09\/je-tg-19-1.jpg 640w, https:\/\/www.topohvar.at\/wp-content\/uploads\/2020\/09\/je-tg-19-1-300x148.jpg 300w\" sizes=\"auto, (max-width: 640px) 100vw, 640px\" \/><\/p>\n<p><strong>Ime \/ Name<br \/>\n<\/strong>Gospodarska zgrada \u00bbAdriatiq Hotel Hvar\u00ab<\/p>\n<p><strong>Code: <\/strong>JE-TG-19\u00a0 \u00a0 \u00a0 \u00a0 \u00a0 \u00a0 \u00a0 \u00a0 \u00a0 \u00a0 \u00a0 \u00a0 \u00a0 \u00a0 \u00a0 \u00a0 \u00a0 \u00a0 \u00a0 \u00a0 <strong><a href=\"https:\/\/www.topohvar.at\/orte\/je\/je-tg-07-1\/\"><img loading=\"lazy\" decoding=\"async\" class=\"alignnone wp-image-12300 size-full\" src=\"https:\/\/www.topohvar.at\/wp-content\/uploads\/2018\/09\/push-vor-30.jpg\" alt=\"\" width=\"61\" height=\"30\" \/><\/a> <a href=\"https:\/\/www.topohvar.at\/orte\/je\/je-tg-09-1\/\"><img loading=\"lazy\" decoding=\"async\" class=\"alignnone wp-image-533 size-full\" src=\"https:\/\/www.topohvar.at\/wp-content\/uploads\/2018\/07\/push-l-30.jpg\" alt=\"\" width=\"61\" height=\"30\" \/><\/a> <a href=\"https:\/\/www.topohvar.at\/orte\/je\/\"><img loading=\"lazy\" decoding=\"async\" class=\"alignnone wp-image-535 size-full\" src=\"https:\/\/www.topohvar.at\/wp-content\/uploads\/2018\/07\/push-o-30.jpg\" alt=\"\" width=\"61\" height=\"30\" \/><\/a> <a href=\"https:\/\/www.topohvar.at\/orte\/je\/je-tg-21-1\/\"><img loading=\"lazy\" decoding=\"async\" class=\"alignnone wp-image-536 size-full\" src=\"https:\/\/www.topohvar.at\/wp-content\/uploads\/2018\/07\/push-r-30.jpg\" alt=\"\" width=\"61\" height=\"30\" \/><\/a> <a href=\"https:\/\/www.topohvar.at\/orte\/je\/je-tg-04-1\/\"><img loading=\"lazy\" decoding=\"async\" class=\"alignnone wp-image-12299 size-full\" src=\"https:\/\/www.topohvar.at\/wp-content\/uploads\/2018\/09\/push-next-30.jpg\" alt=\"\" width=\"61\" height=\"30\" \/><\/a><\/strong><\/p>\n<hr \/>\n<p><strong>Adresa \/ Adresse<br \/>\n<\/strong>Jelsa 893<\/p>\n<p><strong>Lokacija <\/strong><strong>\/ Position<a href=\"https:\/\/goo.gl\/maps\/8vTjimXHMqS87BjN7\"><img loading=\"lazy\" decoding=\"async\" class=\"alignright wp-image-41301\" src=\"https:\/\/www.topohvar.at\/wp-content\/uploads\/2020\/09\/2801.jpg\" alt=\"\" width=\"134\" height=\"100\" \/><\/a><br \/>\n<\/strong><a href=\"https:\/\/goo.gl\/maps\/8vTjimXHMqS87BjN7\"><span style=\"color: #3366ff;\">Latitude: N 43,16251\u00b0\u00a0 \u00a0Longitude: E 16,70139\u00b0 <\/span><\/a><strong><br \/>\n<\/strong>Visina \/ H\u00f6he: 22 m<\/p>\n<p><strong>Katastarska \u010destica <\/strong><strong>\/ Grundst\u00fccke<br \/>\n<\/strong>1734\/3, 1736, 1737\/2<div class='content-column one_half'><div style=\"padding-right:6px;\"><p><strong>Datum snimanja \/ Erfassungsdatum<br \/>\n<\/strong>24.05.2017 12:10:00<\/p>\n<hr \/>\n<p><strong>Informacije<\/strong><\/p>\n<p>Hotel Hvar nalazi se u slikovitom gradi\u0107u Jelsi na otoku Hvaru, na padini \u0161umovitog bre\u017euljka uz obalu, u blizini velikih polja lavande i ru\u017emarina. U okviru objekta gostima su besplatno na raspolaganju WiFi i privatno parkirali\u0161te. Sve sobe uklju\u010duju TV ravnog ekrana sa satelitskim programima te vlastitu kupaonicu s tu\u0161em i su\u0161ilom za kosu. Ve\u0107ina jedinica obuhva\u0107a balkon ili terasu s pogledom na Jadransko more, otok Bra\u010d i Makarsko primorje. Hotel sadr\u017ei terasu, zajedni\u010dki salon i bar. U hotelskom restoranu mogu\u0107e je u\u017eivati u izboru jela europske kuhinje, a dostupna je i all inclusive ponuda. Hotel tako\u0111er obuha\u0107a maslinik, unutarnji bazen te mali vanjski bazen s terasom za sun\u010danje i le\u017ealjkama. U sklopu hotela Hvar dostupni su dvorana za fitness, zabavni program s organiziranom animacijom te \u0161irok izbor sportskih sadr\u017eaja, me\u0111u kojima su teniski teren i usluga najma bicikla.<\/p><\/div><\/div><div class='content-column one_half last_column'><div style=\"padding-right:0px;padding-left:6px;\"><p><strong>Stupanj za\u0161tite<\/strong><strong> \/ Schutzstellung<br \/>\n<\/strong>&#8211;<\/p>\n<hr \/>\n<p><strong>Info<\/strong><\/p>\n<p>Das Hotel Hvar befindet sich auf der Insel Hvar in der kleinen malerischen Stadt Jelsa auf einem bewaldeten H\u00fcgel. Es liegt in der N\u00e4he von gro\u00dfen Lavendel- und Rosmarin-Feldern. WLAN und die Parkpl\u00e4tze an der Unterkunft nutzen Sie kostenfrei. Alle Zimmer im Hotel sind mit einem Flachbild-Sat-TV ausgestattet und verf\u00fcgen \u00fcber ein eigenes Bad mit einer Dusche und einem Haartrockner. Die meisten Zimmer verf\u00fcgen \u00fcber einen Balkon oder eine Terrasse mit Blick auf die Adria, die Insel Brac und die Makarska Riviera auf dem Festland. Zu den verschiedenen Einrichtungen geh\u00f6ren eine Terrasse, eine Gemeinschaftslounge und eine Bar. Im hoteleigenen Restaurant mit All-inclusive-Angebot genie\u00dfen Sie eine Auswahl an europ\u00e4ischen Gerichten. Das Hotel verf\u00fcgt \u00fcber einen Olivengarten, einen Innenpool und einen kleinen Au\u00dfenpool mit Sonnenterrasse und Liegest\u00fchlen. Ein Fitnessraum und ein Unterhaltungsprogramm mit Animation sind ebenfalls vorhanden. Das Hotel Hvar bietet eine breite Palette an Sportm\u00f6glichkeiten, darunter Tennispl\u00e4tze und einen Fahrradverleih.<\/p><\/div><\/div><div class='clear_column'><\/div><\/p>\n<p style=\"text-align: right;\"><span style=\"color: #3366ff;\"><a style=\"color: #3366ff;\" href=\"#seite_oben\">natrag na vrh \/ Seitenanfang<\/a><\/span><\/p>\n<hr \/>\n<p><strong>Linkovi \/ Links<\/strong><\/p>\n<p><span style=\"color: #3366ff;\"><a style=\"color: #3366ff;\" href=\"https:\/\/hotelhvar-adriatiq.com\/de\/\">Adriatiq Hotel Hvar<\/a><\/span><\/p>\n","protected":false},"excerpt":{"rendered":"<p>Ime \/ Name Gospodarska zgrada \u00bbAdriatiq Hotel Hvar\u00ab Code: JE-TG-19\u00a0 \u00a0 \u00a0 \u00a0 \u00a0 \u00a0 \u00a0 \u00a0 \u00a0 \u00a0 \u00a0 \u00a0 \u00a0 \u00a0 \u00a0 \u00a0 \u00a0 \u00a0 \u00a0 \u00a0 Adresa \/ Adresse Jelsa 893 Lokacija \/ Position Latitude: N 43,16251\u00b0\u00a0 &hellip; <a href=\"https:\/\/www.topohvar.at\/topo\/orte\/je\/je-tg-19-1\/\">Weiterlesen <span class=\"meta-nav\">&rarr;<\/span><\/a><\/p>\n","protected":false},"author":1,"featured_media":0,"parent":85,"menu_order":0,"comment_status":"closed","ping_status":"closed","template":"","meta":{"footnotes":""},"class_list":["post-41299","page","type-page","status-publish","hentry"],"_links":{"self":[{"href":"https:\/\/www.topohvar.at\/topo\/wp-json\/wp\/v2\/pages\/41299","targetHints":{"allow":["GET"]}}],"collection":[{"href":"https:\/\/www.topohvar.at\/topo\/wp-json\/wp\/v2\/pages"}],"about":[{"href":"https:\/\/www.topohvar.at\/topo\/wp-json\/wp\/v2\/types\/page"}],"author":[{"embeddable":true,"href":"https:\/\/www.topohvar.at\/topo\/wp-json\/wp\/v2\/users\/1"}],"replies":[{"embeddable":true,"href":"https:\/\/www.topohvar.at\/topo\/wp-json\/wp\/v2\/comments?post=41299"}],"version-history":[{"count":7,"href":"https:\/\/www.topohvar.at\/topo\/wp-json\/wp\/v2\/pages\/41299\/revisions"}],"predecessor-version":[{"id":66878,"href":"https:\/\/www.topohvar.at\/topo\/wp-json\/wp\/v2\/pages\/41299\/revisions\/66878"}],"up":[{"embeddable":true,"href":"https:\/\/www.topohvar.at\/topo\/wp-json\/wp\/v2\/pages\/85"}],"wp:attachment":[{"href":"https:\/\/www.topohvar.at\/topo\/wp-json\/wp\/v2\/media?parent=41299"}],"curies":[{"name":"wp","href":"https:\/\/api.w.org\/{rel}","templated":true}]}}