{"id":41412,"date":"2020-09-28T08:31:22","date_gmt":"2020-09-28T06:31:22","guid":{"rendered":"https:\/\/www.topohvar.at\/topo\/?page_id=41412"},"modified":"2025-11-04T09:36:55","modified_gmt":"2025-11-04T08:36:55","slug":"va-ok-01-1","status":"publish","type":"page","link":"https:\/\/www.topohvar.at\/topo\/orte\/va\/va-ok-01-1\/","title":{"rendered":"VRBOSKA &#8211; Objekt \u00bbKamp Nudist\u00ab"},"content":{"rendered":"<p><a name=\"seite_oben\"><\/a><br \/>\n<strong><img loading=\"lazy\" decoding=\"async\" class=\"alignnone wp-image-41413 size-full\" src=\"https:\/\/www.topohvar.at\/wp-content\/uploads\/2020\/09\/va-ok-01-1.jpg\" alt=\"\" width=\"1080\" height=\"530\" srcset=\"https:\/\/www.topohvar.at\/wp-content\/uploads\/2020\/09\/va-ok-01-1.jpg 1080w, https:\/\/www.topohvar.at\/wp-content\/uploads\/2020\/09\/va-ok-01-1-300x147.jpg 300w, https:\/\/www.topohvar.at\/wp-content\/uploads\/2020\/09\/va-ok-01-1-1024x503.jpg 1024w, https:\/\/www.topohvar.at\/wp-content\/uploads\/2020\/09\/va-ok-01-1-768x377.jpg 768w\" sizes=\"auto, (max-width: 1080px) 100vw, 1080px\" \/><\/strong><\/p>\n<p><strong>Ime \/ Name<br \/>\n<\/strong>Objekt \u00bbKamp Nudist\u00ab<\/p>\n<p><strong>Code: <\/strong>VA-OK-01\u00a0 \u00a0 \u00a0 \u00a0 \u00a0 \u00a0 \u00a0 \u00a0 \u00a0 \u00a0 \u00a0 \u00a0 \u00a0 \u00a0 \u00a0 \u00a0 \u00a0 \u00a0 <a href=\"https:\/\/www.topohvar.at\/orte\/va\/va-os-01-1\/\"><img loading=\"lazy\" decoding=\"async\" class=\"alignnone wp-image-12300 size-full\" src=\"https:\/\/www.topohvar.at\/wp-content\/uploads\/2018\/09\/push-vor-30.jpg\" alt=\"\" width=\"61\" height=\"30\" \/><\/a><strong> <a href=\" https:\/\/www.topohvar.at\/topo\/orte\/va\/va-on-04-1\/\"><img loading=\"lazy\" decoding=\"async\" class=\"alignnone wp-image-533 size-full\" src=\"https:\/\/www.topohvar.at\/wp-content\/uploads\/2018\/07\/push-l-30.jpg\" alt=\"\" width=\"61\" height=\"30\" \/><\/a><\/strong>\u00a0<strong><a href=\"https:\/\/www.topohvar.at\/orte\/va\/\"><img loading=\"lazy\" decoding=\"async\" class=\"alignnone wp-image-535 size-full\" src=\"https:\/\/www.topohvar.at\/wp-content\/uploads\/2018\/07\/push-o-30.jpg\" alt=\"\" width=\"61\" height=\"30\" \/><\/a> <a href=\" https:\/\/www.topohvar.at\/topo\/orte\/va\/va-ov-01-1\/\"><img loading=\"lazy\" decoding=\"async\" class=\"alignnone wp-image-536 size-full\" src=\"https:\/\/www.topohvar.at\/wp-content\/uploads\/2018\/07\/push-r-30.jpg\" alt=\"\" width=\"61\" height=\"30\" \/><\/a> <a href=\"https:\/\/www.topohvar.at\/orte\/va\/va-og-01-1\/\"><img loading=\"lazy\" decoding=\"async\" class=\"alignnone wp-image-12299 size-full\" src=\"https:\/\/www.topohvar.at\/wp-content\/uploads\/2018\/09\/push-next-30.jpg\" alt=\"\" width=\"61\" height=\"30\" \/><\/a><\/strong><\/p>\n<hr \/>\n<p><strong>Adresa \/ Adresse<br \/>\n<\/strong>Vrboska, Uvala Nudist<\/p>\n<p><strong>Katastarska \u010destica \/ Position<a href=\"https:\/\/goo.gl\/maps\/iEffwebNFos8vGsd6\"><img loading=\"lazy\" decoding=\"async\" class=\"alignright wp-image-41414\" src=\"https:\/\/www.topohvar.at\/wp-content\/uploads\/2020\/09\/2806.jpg\" alt=\"\" width=\"134\" height=\"100\" \/><\/a><br \/>\n<\/strong><span style=\"color: #3366ff;\"><a style=\"color: #3366ff;\" href=\"https:\/\/goo.gl\/maps\/iEffwebNFos8vGsd6\">Latitude: N 43,18249\u00b0\u00a0 \u00a0 Longitude: E 16,68734\u00b0<\/a>\u00a0<\/span><strong><br \/>\n<\/strong>Visina \/ H\u00f6he: 8 m<\/p>\n<p><strong>Zemlji\u0161te \/ Grundst\u00fccke<br \/>\n<\/strong>809\/238<div class='content-column one_half'><div style=\"padding-right:6px;\"><p><strong>Datum snimanja \/ Erfassungsdatum<br \/>\n<\/strong>01.01.2000 00:00:00<\/p>\n<hr \/>\n<p><strong>Informacije<\/strong><\/p>\n<p>FKK auto kamp Nudist smje\u0161ten je u mirnoj i \u0161umovitoj uvali najsun\u010danijeg otoka na Jadranu i oko 1 km je udaljen od malog ribarskog mjesta Vrboska. Smje\u0161ten je direktno na obali, na podru\u010dju okru\u017eenom \u0161umom, s pogledom na otok Bra\u010d.<\/p><\/div><\/div><div class='content-column one_half last_column'><div style=\"padding-right:0px;padding-left:6px;\"><p><strong>Stupanj za\u0161tite \/ Schutzstellung<br \/>\n<\/strong>&#8211;<\/p>\n<hr \/>\n<p><strong>Info<\/strong><\/p>\n<p>Das FKK Autocamp Nudist befindet sich in einer ruhigen und bewaldeten Bucht der sonnigsten Insel der Adria und ist etwa 1 km vom kleinen Fischerdorf Vrboska entfernt. Es liegt direkt an der K\u00fcste in einem von Wald umgebenen Gebiet mit Blick auf die Insel Brac.<\/p><\/div><\/div><div class='clear_column'><\/div><div class='content-column one_half'><div style=\"padding-right:6px;\"><p>Kamp mo\u017ee smjestiti do 470 gostiju, a njegova 800 metara duga kamenita pla\u017ea namjenjena je isklju\u010divo naturistima. Uz vlastitu pla\u017eu, na usluzi vam stoji restoran a&#8217;la carte, trgovina namirnicama, fri\u017eider-kasete, priklju\u010dci za \u0161atore i karavan ku\u0107ice te komforni sanitarni ure\u0111aji. U neposrednoj blizini pru\u017ea vam se mogu\u0107nost raznih sportskih aktivnosti poput jedrenja, veslanja, podvodnog ribolova, stolnog tenisa, odbojke, ko\u0161arke, malog nogometa, tenisa i skijanja na moru.<\/p><\/div><\/div><div class='content-column one_half last_column'><div style=\"padding-right:0px;padding-left:6px;\"><p>Das Camp bietet Platz f\u00fcr bis zu 470 G\u00e4ste und der 800 Meter lange Felsstrand ist ausschlie\u00dflich f\u00fcr Naturisten gedacht. Neben dem eigenen Strand gibt es ein \u00c0-la-carte-Restaurant, ein Lebensmittelgesch\u00e4ft, K\u00fchlschrankkassetten, Anschl\u00fcsse f\u00fcr Zelte und Wohnwagenh\u00e4user sowie komfortable sanit\u00e4re Einrichtungen. In unmittelbarer N\u00e4he k\u00f6nnen Sie verschiedene sportliche Aktivit\u00e4ten wie Segeln, Rudern, Speerfischen, Tischtennis, Volleyball, Basketball, Fu\u00dfball, Tennis und Wasserski aus\u00fcben.<\/p><\/div><\/div><div class='clear_column'><\/div><\/p>\n<p style=\"text-align: right;\"><span style=\"color: #3366ff;\"><a style=\"color: #3366ff;\" href=\"#seite_oben\">natrag na vrh \/ Seitenanfang<\/a><\/span><\/p>\n<hr \/>\n<p><strong>Linkovi \/ Links<\/strong><\/p>\n<p><span style=\"color: #3366ff;\"><a style=\"color: #3366ff;\" href=\"https:\/\/www.nudistcamp-vrboska.hr\/hr\/\">Camp Nudist<\/a><\/span><\/p>\n","protected":false},"excerpt":{"rendered":"<p>Ime \/ Name Objekt \u00bbKamp Nudist\u00ab Code: VA-OK-01\u00a0 \u00a0 \u00a0 \u00a0 \u00a0 \u00a0 \u00a0 \u00a0 \u00a0 \u00a0 \u00a0 \u00a0 \u00a0 \u00a0 \u00a0 \u00a0 \u00a0 \u00a0 \u00a0 Adresa \/ Adresse Vrboska, Uvala Nudist Katastarska \u010destica \/ Position Latitude: N 43,18249\u00b0\u00a0 \u00a0 &hellip; <a href=\"https:\/\/www.topohvar.at\/topo\/orte\/va\/va-ok-01-1\/\">Weiterlesen <span class=\"meta-nav\">&rarr;<\/span><\/a><\/p>\n","protected":false},"author":1,"featured_media":0,"parent":109,"menu_order":0,"comment_status":"closed","ping_status":"closed","template":"","meta":{"footnotes":""},"class_list":["post-41412","page","type-page","status-publish","hentry"],"_links":{"self":[{"href":"https:\/\/www.topohvar.at\/topo\/wp-json\/wp\/v2\/pages\/41412","targetHints":{"allow":["GET"]}}],"collection":[{"href":"https:\/\/www.topohvar.at\/topo\/wp-json\/wp\/v2\/pages"}],"about":[{"href":"https:\/\/www.topohvar.at\/topo\/wp-json\/wp\/v2\/types\/page"}],"author":[{"embeddable":true,"href":"https:\/\/www.topohvar.at\/topo\/wp-json\/wp\/v2\/users\/1"}],"replies":[{"embeddable":true,"href":"https:\/\/www.topohvar.at\/topo\/wp-json\/wp\/v2\/comments?post=41412"}],"version-history":[{"count":8,"href":"https:\/\/www.topohvar.at\/topo\/wp-json\/wp\/v2\/pages\/41412\/revisions"}],"predecessor-version":[{"id":73287,"href":"https:\/\/www.topohvar.at\/topo\/wp-json\/wp\/v2\/pages\/41412\/revisions\/73287"}],"up":[{"embeddable":true,"href":"https:\/\/www.topohvar.at\/topo\/wp-json\/wp\/v2\/pages\/109"}],"wp:attachment":[{"href":"https:\/\/www.topohvar.at\/topo\/wp-json\/wp\/v2\/media?parent=41412"}],"curies":[{"name":"wp","href":"https:\/\/api.w.org\/{rel}","templated":true}]}}