{"id":41421,"date":"2020-09-28T08:49:15","date_gmt":"2020-09-28T06:49:15","guid":{"rendered":"https:\/\/www.topohvar.at\/topo\/?page_id=41421"},"modified":"2024-04-24T12:15:48","modified_gmt":"2024-04-24T10:15:48","slug":"je-ok-01-1","status":"publish","type":"page","link":"https:\/\/www.topohvar.at\/topo\/orte\/je\/je-ok-01-1\/","title":{"rendered":"Jelsa &#8211; Objekt \u00bbKamp Mina\u00ab"},"content":{"rendered":"<p><a name=\"seite_oben\"><\/a><br \/>\n<strong><img loading=\"lazy\" decoding=\"async\" class=\"alignnone wp-image-41423 size-full\" src=\"https:\/\/www.topohvar.at\/wp-content\/uploads\/2020\/09\/je-ok-01-1..jpg\" alt=\"\" width=\"1080\" height=\"530\" srcset=\"https:\/\/www.topohvar.at\/wp-content\/uploads\/2020\/09\/je-ok-01-1..jpg 1080w, https:\/\/www.topohvar.at\/wp-content\/uploads\/2020\/09\/je-ok-01-1.-300x147.jpg 300w, https:\/\/www.topohvar.at\/wp-content\/uploads\/2020\/09\/je-ok-01-1.-1024x503.jpg 1024w, https:\/\/www.topohvar.at\/wp-content\/uploads\/2020\/09\/je-ok-01-1.-768x377.jpg 768w\" sizes=\"auto, (max-width: 1080px) 100vw, 1080px\" \/><\/strong><\/p>\n<p><strong>Ime \/ Name<br \/>\n<\/strong>Objekt \u00bbKamp Mina\u00ab<\/p>\n<p><strong>Code: <\/strong>JE-OK-01\u00a0 \u00a0 \u00a0 \u00a0 \u00a0 \u00a0 \u00a0 \u00a0 \u00a0 \u00a0 \u00a0 \u00a0 \u00a0 \u00a0 \u00a0 \u00a0 \u00a0 \u00a0 \u00a0 \u00a0 <a href=\"https:\/\/www.topohvar.at\/orte\/je\/je-pu-04-1\/\"><img loading=\"lazy\" decoding=\"async\" class=\"alignnone wp-image-12300 size-full\" src=\"https:\/\/www.topohvar.at\/wp-content\/uploads\/2018\/09\/push-vor-30.jpg\" alt=\"\" width=\"61\" height=\"30\" \/><\/a>\u00a0<strong><a href=\"https:\/\/www.topohvar.at\/orte\/je\/je-ov-01-1\/\"><img loading=\"lazy\" decoding=\"async\" class=\"alignnone wp-image-533 size-full\" src=\"https:\/\/www.topohvar.at\/wp-content\/uploads\/2018\/07\/push-l-30.jpg\" alt=\"\" width=\"61\" height=\"30\" \/><\/a> <a href=\"https:\/\/www.topohvar.at\/orte\/je\/\"><img loading=\"lazy\" decoding=\"async\" class=\"alignnone wp-image-535 size-full\" src=\"https:\/\/www.topohvar.at\/wp-content\/uploads\/2018\/07\/push-o-30.jpg\" alt=\"\" width=\"61\" height=\"30\" \/><\/a> <a href=\"https:\/\/www.topohvar.at\/orte\/je\/je-ok-02-1\/\"><img loading=\"lazy\" decoding=\"async\" class=\"alignnone wp-image-536 size-full\" src=\"https:\/\/www.topohvar.at\/wp-content\/uploads\/2018\/07\/push-r-30.jpg\" alt=\"\" width=\"61\" height=\"30\" \/><\/a> <a href=\"https:\/\/www.topohvar.at\/orte\/je\/je-og-01-1\/\"><img loading=\"lazy\" decoding=\"async\" class=\"alignnone wp-image-12299 size-full\" src=\"https:\/\/www.topohvar.at\/wp-content\/uploads\/2018\/09\/push-next-30.jpg\" alt=\"\" width=\"61\" height=\"30\" \/><\/a><\/strong><\/p>\n<hr \/>\n<p><strong>Adresa \/ Adresse<br \/>\n<\/strong>Jelsa<\/p>\n<p><strong>Lokacija \/ Position<a href=\"https:\/\/goo.gl\/maps\/tGJubUxGvtN4fvEWA\"><img loading=\"lazy\" decoding=\"async\" class=\"alignright wp-image-41422\" src=\"https:\/\/www.topohvar.at\/wp-content\/uploads\/2020\/09\/2807.jpg\" alt=\"\" width=\"134\" height=\"100\" \/><\/a><br \/>\n<\/strong><span style=\"color: #3366ff;\"><a style=\"color: #3366ff;\" href=\"https:\/\/goo.gl\/maps\/tGJubUxGvtN4fvEWA\">Latitude: N 43,16359\u00b0\u00a0 \u00a0Longitude: E 16,70276\u00b0 <\/a><\/span><strong><br \/>\n<\/strong>Visina \/ H\u00f6he: 10 m<\/p>\n<p><strong>Katastarska \u010destica \/ Grundst\u00fccke<br \/>\n<\/strong>2474\/1, 2474\/2, 2474\/3, 2474\/4, 2474\/5, 2474\/6<div class='content-column one_half'><div style=\"padding-right:6px;\"><p><strong>Datum snimanja \/ Erfassungsdatum<br \/>\n<\/strong>24.09-2021 12:30:00<\/p>\n<hr \/>\n<p><strong>Informacije<\/strong><\/p>\n<p>Kamp &#8222;Mina&#8220; smje\u0161ten je otprilike 500 m od centra mjesta Jelsa, a svega 20 metara udaljen je od mora. Ve\u0107im dijelom prekriven je borovom \u0161umom te je okru\u017een brojnim kamenitim, \u0161ljun\u010danim i pje\u0161\u010danim pla\u017eama od kojih su mnoge prikladne za djecu.<\/p><\/div><\/div><div class='content-column one_half last_column'><div style=\"padding-right:0px;padding-left:6px;\"><p><strong>Stupanj za\u0161tite \/ Schutzstellung<br \/>\n<\/strong>&#8211;<\/p>\n<hr \/>\n<p><strong>Info<\/strong><\/p>\n<p>Das Camp &#8222;Mina&#8220; liegt etwa 500 m vom Zentrum von Jelsa und nur 20 m vom Meer entfernt. Es ist gr\u00f6\u00dftenteils mit Kiefernw\u00e4ldern bedeckt und von zahlreichen Fels-, Kies- und Sandstr\u00e4nden umgeben, von denen viele f\u00fcr Kinder geeignet sind.<\/p><\/div><\/div><div class='clear_column'><\/div><div class='content-column one_half'><div style=\"padding-right:6px;\"><p>Kamp mo\u017ee ugostiti ukupno oko 200 osoba, ima priklju\u010dke za struju, nove ure\u0111ene wc-e te tu\u0161 kabine sa toplom vodom. U neposrednoj blizini, svega nekoliko desetaka metara izvan kampa, nalaze se brojni ugostiteljski objekti, bar, teniski tereni, tereni za golf, mogu\u0107nost iznajmljivanja bicikala i motornih vozila, te u obli\u017enjem hotelu redovan ve\u010dernji animacijski program.<\/p><\/div><\/div><div class='content-column one_half last_column'><div style=\"padding-right:0px;padding-left:6px;\"><p>Das Camp bietet Platz f\u00fcr insgesamt ca. 200 Personen, verf\u00fcgt \u00fcber Stromanschl\u00fcsse, neue Toiletten und Duschen mit hei\u00dfem Wasser. In unmittelbarer N\u00e4he, nur wenige Dutzend Meter au\u00dferhalb des Lagers, gibt es zahlreiche Restaurants, Bars, Tennispl\u00e4tze, Golfpl\u00e4tze, die M\u00f6glichkeit, Fahrr\u00e4der und Kraftfahrzeuge zu mieten, und im nahe gelegenen Hotel ein regelm\u00e4\u00dfiges abendliches Unterhaltungsprogramm.<\/p><\/div><\/div><div class='clear_column'><\/div><\/p>\n<p><img loading=\"lazy\" decoding=\"async\" class=\"alignnone size-full wp-image-41425\" src=\"https:\/\/www.topohvar.at\/wp-content\/uploads\/2020\/09\/je-ok-01-11.jpg\" alt=\"\" width=\"640\" height=\"453\" srcset=\"https:\/\/www.topohvar.at\/wp-content\/uploads\/2020\/09\/je-ok-01-11.jpg 640w, https:\/\/www.topohvar.at\/wp-content\/uploads\/2020\/09\/je-ok-01-11-300x212.jpg 300w\" sizes=\"auto, (max-width: 640px) 100vw, 640px\" \/><\/p>\n<p style=\"text-align: right;\"><a href=\"#seite_oben\">natrfag na vrh \/ Seitenanfang<\/a><\/p>\n<hr \/>\n<p><strong>Linkovi \/ Links<\/strong><\/p>\n<p><span style=\"color: #3366ff;\"><a style=\"color: #3366ff;\" href=\"https:\/\/www.nudistcamp-vrboska.hr\/hr\/2\/kamp-mina\/\">Camp Mina<\/a><br \/>\n<a style=\"color: #3366ff;\" href=\"https:\/\/www.topohvar.at\/topo\/orte\/je\/je-au-10-1\/#je-12\">Uvala \/ Bucht Mina<\/a><\/span><\/p>\n","protected":false},"excerpt":{"rendered":"<p>Ime \/ Name Objekt \u00bbKamp Mina\u00ab Code: JE-OK-01\u00a0 \u00a0 \u00a0 \u00a0 \u00a0 \u00a0 \u00a0 \u00a0 \u00a0 \u00a0 \u00a0 \u00a0 \u00a0 \u00a0 \u00a0 \u00a0 \u00a0 \u00a0 \u00a0 \u00a0 \u00a0 Adresa \/ Adresse Jelsa Lokacija \/ Position Latitude: N 43,16359\u00b0\u00a0 \u00a0Longitude: E &hellip; <a href=\"https:\/\/www.topohvar.at\/topo\/orte\/je\/je-ok-01-1\/\">Weiterlesen <span class=\"meta-nav\">&rarr;<\/span><\/a><\/p>\n","protected":false},"author":1,"featured_media":0,"parent":85,"menu_order":0,"comment_status":"closed","ping_status":"closed","template":"","meta":{"footnotes":""},"class_list":["post-41421","page","type-page","status-publish","hentry"],"_links":{"self":[{"href":"https:\/\/www.topohvar.at\/topo\/wp-json\/wp\/v2\/pages\/41421","targetHints":{"allow":["GET"]}}],"collection":[{"href":"https:\/\/www.topohvar.at\/topo\/wp-json\/wp\/v2\/pages"}],"about":[{"href":"https:\/\/www.topohvar.at\/topo\/wp-json\/wp\/v2\/types\/page"}],"author":[{"embeddable":true,"href":"https:\/\/www.topohvar.at\/topo\/wp-json\/wp\/v2\/users\/1"}],"replies":[{"embeddable":true,"href":"https:\/\/www.topohvar.at\/topo\/wp-json\/wp\/v2\/comments?post=41421"}],"version-history":[{"count":9,"href":"https:\/\/www.topohvar.at\/topo\/wp-json\/wp\/v2\/pages\/41421\/revisions"}],"predecessor-version":[{"id":66874,"href":"https:\/\/www.topohvar.at\/topo\/wp-json\/wp\/v2\/pages\/41421\/revisions\/66874"}],"up":[{"embeddable":true,"href":"https:\/\/www.topohvar.at\/topo\/wp-json\/wp\/v2\/pages\/85"}],"wp:attachment":[{"href":"https:\/\/www.topohvar.at\/topo\/wp-json\/wp\/v2\/media?parent=41421"}],"curies":[{"name":"wp","href":"https:\/\/api.w.org\/{rel}","templated":true}]}}