{"id":41449,"date":"2020-09-28T12:17:50","date_gmt":"2020-09-28T10:17:50","guid":{"rendered":"https:\/\/www.topohvar.at\/topo\/?page_id=41449"},"modified":"2022-07-19T15:02:39","modified_gmt":"2022-07-19T13:02:39","slug":"ja-ok-01-1","status":"publish","type":"page","link":"https:\/\/www.topohvar.at\/topo\/orte\/ja\/ja-ok-01-1\/","title":{"rendered":"JAGODNA &#8211; Objekt \u00bbKamp Lili\u00ab"},"content":{"rendered":"<p><a name=\"seite_oben\"><\/a><br \/>\n<strong><img loading=\"lazy\" decoding=\"async\" class=\"alignnone wp-image-41451 size-full\" src=\"https:\/\/www.topohvar.at\/wp-content\/uploads\/2020\/09\/sn-ok-01-1.jpg\" alt=\"\" width=\"1080\" height=\"530\" srcset=\"https:\/\/www.topohvar.at\/wp-content\/uploads\/2020\/09\/sn-ok-01-1.jpg 1080w, https:\/\/www.topohvar.at\/wp-content\/uploads\/2020\/09\/sn-ok-01-1-300x147.jpg 300w, https:\/\/www.topohvar.at\/wp-content\/uploads\/2020\/09\/sn-ok-01-1-1024x503.jpg 1024w, https:\/\/www.topohvar.at\/wp-content\/uploads\/2020\/09\/sn-ok-01-1-768x377.jpg 768w\" sizes=\"auto, (max-width: 1080px) 100vw, 1080px\" \/><\/strong><\/p>\n<p><strong>Ime \/ Name<br \/>\n<\/strong>Objekt \u00bbKamp Lili\u00ab<\/p>\n<p><strong>Code: <\/strong>JA-OK-01\u00a0 \u00a0 \u00a0 \u00a0 \u00a0 \u00a0 \u00a0 \u00a0<strong>\u00a0 \u00a0 \u00a0 \u00a0 \u00a0 \u00a0 \u00a0 \u00a0 \u00a0 \u00a0 \u00a0 \u00a0 \u00a0 \u00a0 \u00a0 \u00a0 \u00a0 \u00a0\u00a0 <a href=\"https:\/\/www.topohvar.at\/orte\/sn\/\"><img loading=\"lazy\" decoding=\"async\" class=\"alignnone wp-image-535 size-full\" src=\"https:\/\/www.topohvar.at\/wp-content\/uploads\/2018\/07\/push-o-30.jpg\" alt=\"\" width=\"61\" height=\"30\" \/><\/a>\u00a0 <\/strong><\/p>\n<hr \/>\n<p><strong>Adresa \/ Adresse<br \/>\n<\/strong>Jagodni bad<\/p>\n<p><strong>Lokacija \/ Position<a href=\"https:\/\/g.page\/Lilicampandapartments?share\"><img loading=\"lazy\" decoding=\"async\" class=\"alignright wp-image-41450\" src=\"https:\/\/www.topohvar.at\/wp-content\/uploads\/2020\/09\/2808.jpg\" alt=\"\" width=\"134\" height=\"100\" \/><\/a><br \/>\n<\/strong><span style=\"color: #3366ff;\"><a href=\"https:\/\/g.page\/Lilicampandapartments?share\">Latitude: N 43,13151\u00b0\u00a0 \u00a0 Longitude: E 16,61108\u00b0<\/a>\u00a0<\/span><strong><br \/>\n<\/strong>Visina \/ H\u00f6he: 15 m<\/p>\n<p><strong>Katastarska \u010destica \/ Grundst\u00fccke<br \/>\n<\/strong>&#8211; <div class='content-column one_half'><div style=\"padding-right:6px;\"><p><strong>Datum snimanja \/ Erfassungsdatum<br \/>\n<\/strong>01.01.2000 00:00:00<\/p>\n<hr \/>\n<p><strong>Informacije<\/strong><\/p>\n<p>Na ju\u017enoj strani otoka Hvara izme\u0111u dva sela &#8222;Sveta Nedjelja&#8220; i &#8222;Ivan Dolac&#8220; u uvali &#8222;Jagodna&#8220; nalazi se &#8222;Kamp Lili&#8220;. Pristupni put i kamp nisu pogodni za kamp prikolice i kampere. Mali obiteljski kamp smje\u0161ten je izme\u0111u guste borove \u0161ume i dvije prekrasne \u0161ljun\u010dane pla\u017ee. Mjesto je idealno za one koji \u010deznu za mirom, ti\u0161inom i u\u017eivanjem u prekrasnoj morskoj idili, ali je tako\u0111er pogodno za sve ljubitelje prirode kao i za planinarenje, ronjenje \/ ronjenje s maskom, slobodno penjanje, surfanje i druge aktivnosti.<\/p><\/div><\/div><div class='content-column one_half last_column'><div style=\"padding-right:0px;padding-left:6px;\"><p><strong>Stupanj za\u0161tite \/ Schutzstellung<br \/>\n<\/strong>&#8211;<\/p>\n<hr \/>\n<p><strong>Info<\/strong><\/p>\n<p>Auf der S\u00fcdseite der Insel Hvar zwischen den zwei D\u00f6rfern &#8222;Sveta Nedjelja&#8220; und &#8222;Ivan Dolac&#8220; in der Bucht von &#8222;Jagodna&#8220; befindet sich &#8222;Kamp Lili&#8220;. Zugangsstra\u00dfe, und Campingplatz sind nicht f\u00fcr Wohnwagen und Wohnmobile geeignet. Der kleine famili\u00e4re Campingplatz liegt zwischen einem dichten Pinienwald und zwei wundersch\u00f6nen Kiesstr\u00e4nden. Der Platz eignet sich Ideal f\u00fcr diejenigen die sich nach Frieden, Ruhe und dem genie\u00dfen der wundersch\u00f6nen Meeresidylle sehnen, aber ebenso eignet er sich f\u00fcr alle Liebhaber der Natur sowie zum Bergsteigen, Tauchen\/Schnorcheln, Freeclimbing, Surfen und weiteren Aktivit\u00e4ten.<\/p><\/div><\/div><div class='clear_column'><\/div><\/p>\n<p style=\"text-align: right;\"><span style=\"color: #3366ff;\"><a style=\"color: #3366ff;\" href=\"#seite_oben\">natrag na vrh \/ Seitenanfang<\/a><\/span><\/p>\n<hr \/>\n<p><strong>Linkovi \/ Links<\/strong><\/p>\n<p><span style=\"color: #3366ff;\"><a style=\"color: #3366ff;\" href=\"http:\/\/www.kamplili.hr\/de\">Kamp Lili<\/a><\/span><\/p>\n","protected":false},"excerpt":{"rendered":"<p>Ime \/ Name Objekt \u00bbKamp Lili\u00ab Code: JA-OK-01\u00a0 \u00a0 \u00a0 \u00a0 \u00a0 \u00a0 \u00a0 \u00a0\u00a0 \u00a0 \u00a0 \u00a0 \u00a0 \u00a0 \u00a0 \u00a0 \u00a0 \u00a0 \u00a0 \u00a0 \u00a0 \u00a0 \u00a0 \u00a0 \u00a0 \u00a0\u00a0 \u00a0 Adresa \/ Adresse Jagodni bad Lokacija \/ &hellip; <a href=\"https:\/\/www.topohvar.at\/topo\/orte\/ja\/ja-ok-01-1\/\">Weiterlesen <span class=\"meta-nav\">&rarr;<\/span><\/a><\/p>\n","protected":false},"author":1,"featured_media":0,"parent":60240,"menu_order":0,"comment_status":"closed","ping_status":"closed","template":"","meta":{"footnotes":""},"class_list":["post-41449","page","type-page","status-publish","hentry"],"_links":{"self":[{"href":"https:\/\/www.topohvar.at\/topo\/wp-json\/wp\/v2\/pages\/41449","targetHints":{"allow":["GET"]}}],"collection":[{"href":"https:\/\/www.topohvar.at\/topo\/wp-json\/wp\/v2\/pages"}],"about":[{"href":"https:\/\/www.topohvar.at\/topo\/wp-json\/wp\/v2\/types\/page"}],"author":[{"embeddable":true,"href":"https:\/\/www.topohvar.at\/topo\/wp-json\/wp\/v2\/users\/1"}],"replies":[{"embeddable":true,"href":"https:\/\/www.topohvar.at\/topo\/wp-json\/wp\/v2\/comments?post=41449"}],"version-history":[{"count":11,"href":"https:\/\/www.topohvar.at\/topo\/wp-json\/wp\/v2\/pages\/41449\/revisions"}],"predecessor-version":[{"id":60281,"href":"https:\/\/www.topohvar.at\/topo\/wp-json\/wp\/v2\/pages\/41449\/revisions\/60281"}],"up":[{"embeddable":true,"href":"https:\/\/www.topohvar.at\/topo\/wp-json\/wp\/v2\/pages\/60240"}],"wp:attachment":[{"href":"https:\/\/www.topohvar.at\/topo\/wp-json\/wp\/v2\/media?parent=41449"}],"curies":[{"name":"wp","href":"https:\/\/api.w.org\/{rel}","templated":true}]}}