{"id":41474,"date":"2020-09-28T12:59:21","date_gmt":"2020-09-28T10:59:21","guid":{"rendered":"https:\/\/www.topohvar.at\/topo\/?page_id=41474"},"modified":"2024-12-31T14:14:55","modified_gmt":"2024-12-31T13:14:55","slug":"su-ok-01-1","status":"publish","type":"page","link":"https:\/\/www.topohvar.at\/topo\/orte\/su\/su-ok-01-1\/","title":{"rendered":"SU\u0106URAJ &#8211; Objekt \u00bbCamping Mlaska\u00ab"},"content":{"rendered":"<p><a name=\"seite_oben\"><\/a><br \/>\n<strong><img loading=\"lazy\" decoding=\"async\" class=\"alignnone wp-image-41477 size-full\" src=\"https:\/\/www.topohvar.at\/wp-content\/uploads\/2020\/09\/su-ok-01-1.jpg\" alt=\"\" width=\"1080\" height=\"530\" srcset=\"https:\/\/www.topohvar.at\/wp-content\/uploads\/2020\/09\/su-ok-01-1.jpg 1080w, https:\/\/www.topohvar.at\/wp-content\/uploads\/2020\/09\/su-ok-01-1-300x147.jpg 300w, https:\/\/www.topohvar.at\/wp-content\/uploads\/2020\/09\/su-ok-01-1-1024x503.jpg 1024w, https:\/\/www.topohvar.at\/wp-content\/uploads\/2020\/09\/su-ok-01-1-768x377.jpg 768w\" sizes=\"auto, (max-width: 1080px) 100vw, 1080px\" \/><\/strong><\/p>\n<p><strong>Ime \/ Name<br \/>\n<\/strong>Objekt \u00bbCamping Mlaska\u00ab<\/p>\n<p><strong>Code: <\/strong>SU-OK-01\u00a0 \u00a0 \u00a0 \u00a0 \u00a0 \u00a0 \u00a0 \u00a0 \u00a0 \u00a0 \u00a0 \u00a0 \u00a0 \u00a0 \u00a0 \u00a0<strong><a href=\"https:\/\/www.topohvar.at\/orte\/su\/su-pu-02-1\/\"><img loading=\"lazy\" decoding=\"async\" class=\"alignnone wp-image-12300 size-full\" src=\"https:\/\/www.topohvar.at\/wp-content\/uploads\/2018\/09\/push-vor-30.jpg\" alt=\"\" width=\"61\" height=\"30\" \/><\/a> <a href=\"https:\/\/www.topohvar.at\/orte\/su\/su-ov-01-1\/\"><img loading=\"lazy\" decoding=\"async\" class=\"alignnone wp-image-533 size-full\" src=\"https:\/\/www.topohvar.at\/wp-content\/uploads\/2018\/07\/push-l-30.jpg\" alt=\"\" width=\"61\" height=\"30\" \/><\/a> <a href=\"https:\/\/www.topohvar.at\/orte\/su\/\"><img loading=\"lazy\" decoding=\"async\" class=\"alignnone wp-image-535 size-full\" src=\"https:\/\/www.topohvar.at\/wp-content\/uploads\/2018\/07\/push-o-30.jpg\" alt=\"\" width=\"61\" height=\"30\" \/><\/a> <a href=\"https:\/\/www.topohvar.at\/orte\/su\/su-on-01-1\/\"><img loading=\"lazy\" decoding=\"async\" class=\"alignnone wp-image-536 size-full\" src=\"https:\/\/www.topohvar.at\/wp-content\/uploads\/2018\/07\/push-r-30.jpg\" alt=\"\" width=\"61\" height=\"30\" \/><\/a>\u00a0<a href=\"https:\/\/www.topohvar.at\/orte\/su\/su-og-01-1\/\"><img loading=\"lazy\" decoding=\"async\" class=\"alignnone wp-image-12299 size-full\" src=\"https:\/\/www.topohvar.at\/wp-content\/uploads\/2018\/09\/push-next-30.jpg\" alt=\"\" width=\"61\" height=\"30\" \/><\/a><\/strong><\/p>\n<hr \/>\n<p><strong>Adresa \/ Adresse<br \/>\n<\/strong>Su\u0107uraj, Mlaska 1<\/p>\n<p><strong>Lokacija<\/strong><strong> \/ Position<a href=\"https:\/\/g.page\/AutocampMlaska?share\"><img loading=\"lazy\" decoding=\"async\" class=\"alignright wp-image-41475\" src=\"https:\/\/www.topohvar.at\/wp-content\/uploads\/2020\/09\/2810.jpg\" alt=\"\" width=\"134\" height=\"100\" \/><\/a><br \/>\n<\/strong><span style=\"color: #3366ff;\"><a style=\"color: #3366ff;\" href=\"https:\/\/g.page\/AutocampMlaska?share\">Latitude: N 43,13691\u00b0\u00a0 \u00a0Longitude: E 17,14281\u00b0 <\/a><\/span><strong><br \/>\n<\/strong>Visina \/ H\u00f6he: 10 m<\/p>\n<p><strong>Katastarska \u010destica <\/strong><strong>\/ Grundst\u00fccke<br \/>\n<\/strong>1194\/1, 1194\/9, 1194\/10, 1194\/11, 1194\/17, 1195\/1, 1195\/2, 1195\/3, 1196, 1198 <div class='content-column one_half'><div style=\"padding-right:6px;\"><p><strong>Datum snimanja \/ Erfassungsdatum<br \/>\n<\/strong>01.01.2000 00:00:00<\/p>\n<hr \/>\n<p><strong>Informacije<\/strong><\/p>\n<p>Mlaska je moderan auto kamp (od \u010dega je polovica FKK), u potpunosti prilago\u0111en potrebama dinami\u010dnih i modernih turista te udovoljavaju\u0107i najvi\u0161im europskim standardima. Nudi kamp ku\u0107ice i bungalove s 5 kreveta tik uz prekrasno more. Atmosfera u kampu je mirna i gostoljubiva. Opustite se na pla\u017ei, u maloj trgovini ili na velikoj terasi restorana kako biste u\u017eivali u zalasku sunca nakon izvrsnog obroka. Nave\u010der u kampu vlada mirna atmosfera koju samo prekidaju valoviti morski valovi.<\/p><\/div><\/div><div class='content-column one_half last_column'><div style=\"padding-right:0px;padding-left:6px;\"><p><strong>Stupanj za\u0161tite<\/strong><strong> \/ Schutzstellung<br \/>\n<\/strong>&#8211;<\/p>\n<hr \/>\n<p><strong>Info<\/strong><\/p>\n<p>Mlaska ist ein modernes Autocamp (die H\u00e4lfte davon ist FKK), das vollst\u00e4ndig an die Bed\u00fcrfnisse dynamischer und moderner Touristen angepasst ist und den h\u00f6chsten europ\u00e4ischen Standards entspricht. Es bietet Wohnwagenstellpl\u00e4tze und Bungalows mit 5 Betten direkt am wundersch\u00f6nen Meer. Die Atmosph\u00e4re im Camp ist ruhig und einladend. Entspannen Sie sich am Strand, im kleinen Laden oder auf der gro\u00dfen Terrasse des Restaurants, um nach einem exquisiten Essen den Sonnenuntergang zu genie\u00dfen. Am Abend herrscht eine friedliche Atmosph\u00e4re im Lager, die nur von den rollenden Meereswellen unterbrochen wird.<\/p><\/div><\/div><div class='clear_column'><\/div><\/p>\n<p style=\"text-align: right;\"><span style=\"color: #3366ff;\"><a style=\"color: #3366ff;\" href=\"#seite_oben\">natrag na vrh \/ Seitenanfang<\/a><\/span><\/p>\n<hr \/>\n<p><strong>Linkovi \/ Links<\/strong><\/p>\n<p><span style=\"color: #3366ff;\"><a style=\"color: #3366ff;\" href=\"https:\/\/www.camping.info\/de\/campingplatz\/camping-mlaska\"><span style=\"color: #3366ff;\">Camping Mlaska<\/span><\/a><br \/>\n<a style=\"color: #3366ff;\" href=\"https:\/\/www.topohvar.at\/topo\/orte\/su\/su-au-10-1\/#su-19\">Uvala \/ Bucht Mlaska\u00a0<\/a><br \/>\n<\/span><\/p>\n<p>&nbsp;<\/p>\n","protected":false},"excerpt":{"rendered":"<p>Ime \/ Name Objekt \u00bbCamping Mlaska\u00ab Code: SU-OK-01\u00a0 \u00a0 \u00a0 \u00a0 \u00a0 \u00a0 \u00a0 \u00a0 \u00a0 \u00a0 \u00a0 \u00a0 \u00a0 \u00a0 \u00a0 \u00a0 \u00a0 Adresa \/ Adresse Su\u0107uraj, Mlaska 1 Lokacija \/ Position Latitude: N 43,13691\u00b0\u00a0 \u00a0Longitude: E 17,14281\u00b0 Visina &hellip; <a href=\"https:\/\/www.topohvar.at\/topo\/orte\/su\/su-ok-01-1\/\">Weiterlesen <span class=\"meta-nav\">&rarr;<\/span><\/a><\/p>\n","protected":false},"author":1,"featured_media":0,"parent":103,"menu_order":0,"comment_status":"closed","ping_status":"closed","template":"","meta":{"footnotes":""},"class_list":["post-41474","page","type-page","status-publish","hentry"],"_links":{"self":[{"href":"https:\/\/www.topohvar.at\/topo\/wp-json\/wp\/v2\/pages\/41474","targetHints":{"allow":["GET"]}}],"collection":[{"href":"https:\/\/www.topohvar.at\/topo\/wp-json\/wp\/v2\/pages"}],"about":[{"href":"https:\/\/www.topohvar.at\/topo\/wp-json\/wp\/v2\/types\/page"}],"author":[{"embeddable":true,"href":"https:\/\/www.topohvar.at\/topo\/wp-json\/wp\/v2\/users\/1"}],"replies":[{"embeddable":true,"href":"https:\/\/www.topohvar.at\/topo\/wp-json\/wp\/v2\/comments?post=41474"}],"version-history":[{"count":6,"href":"https:\/\/www.topohvar.at\/topo\/wp-json\/wp\/v2\/pages\/41474\/revisions"}],"predecessor-version":[{"id":70881,"href":"https:\/\/www.topohvar.at\/topo\/wp-json\/wp\/v2\/pages\/41474\/revisions\/70881"}],"up":[{"embeddable":true,"href":"https:\/\/www.topohvar.at\/topo\/wp-json\/wp\/v2\/pages\/103"}],"wp:attachment":[{"href":"https:\/\/www.topohvar.at\/topo\/wp-json\/wp\/v2\/media?parent=41474"}],"curies":[{"name":"wp","href":"https:\/\/api.w.org\/{rel}","templated":true}]}}