{"id":41914,"date":"2020-10-03T19:12:11","date_gmt":"2020-10-03T17:12:11","guid":{"rendered":"https:\/\/www.topohvar.at\/topo\/?page_id=41914"},"modified":"2024-04-24T16:53:14","modified_gmt":"2024-04-24T14:53:14","slug":"ru-os-02-1","status":"publish","type":"page","link":"https:\/\/www.topohvar.at\/topo\/orte\/ru\/ru-os-02-1\/","title":{"rendered":"RUDINA &#8211; Objekt \u00bbSvjetionik Rt Travna\u00ab"},"content":{"rendered":"<p><strong><img loading=\"lazy\" decoding=\"async\" class=\"alignnone wp-image-41916 size-full\" src=\"https:\/\/www.topohvar.at\/wp-content\/uploads\/2020\/10\/ru-os-02-1.jpg\" alt=\"\" width=\"1080\" height=\"530\" srcset=\"https:\/\/www.topohvar.at\/wp-content\/uploads\/2020\/10\/ru-os-02-1.jpg 1080w, https:\/\/www.topohvar.at\/wp-content\/uploads\/2020\/10\/ru-os-02-1-300x147.jpg 300w, https:\/\/www.topohvar.at\/wp-content\/uploads\/2020\/10\/ru-os-02-1-1024x503.jpg 1024w, https:\/\/www.topohvar.at\/wp-content\/uploads\/2020\/10\/ru-os-02-1-768x377.jpg 768w\" sizes=\"auto, (max-width: 1080px) 100vw, 1080px\" \/><\/strong><\/p>\n<p><strong>Ime \/ Name<br \/>\n<\/strong>Objekt \u00bbSvjetionik Rt Travna\u00ab \/ Leuchtfeuer am Kap Travna<\/p>\n<p><strong>Code: <\/strong>RU-OS-02\u00a0 \u00a0 \u00a0 \u00a0 \u00a0 \u00a0 \u00a0 \u00a0 \u00a0 \u00a0 \u00a0 \u00a0 \u00a0 \u00a0 \u00a0 \u00a0 \u00a0<strong>\u00a0 \u00a0 \u00a0 \u00a0 <a href=\"https:\/\/www.topohvar.at\/orte\/ru\/ru-ob-02-1\/\"><img loading=\"lazy\" decoding=\"async\" class=\"alignnone wp-image-12300 size-full\" src=\"https:\/\/www.topohvar.at\/wp-content\/uploads\/2018\/09\/push-vor-30.jpg\" alt=\"\" width=\"61\" height=\"30\" \/><\/a>\u00a0<a href=\"https:\/\/www.topohvar.at\/orte\/ru\/ru-os-01-1\/\"><img loading=\"lazy\" decoding=\"async\" class=\"alignnone wp-image-533 size-full\" src=\"https:\/\/www.topohvar.at\/wp-content\/uploads\/2018\/07\/push-l-30.jpg\" alt=\"\" width=\"61\" height=\"30\" \/><\/a> <a href=\"https:\/\/www.topohvar.at\/orte\/ru\/\"><img loading=\"lazy\" decoding=\"async\" class=\"alignnone wp-image-535 size-full\" src=\"https:\/\/www.topohvar.at\/wp-content\/uploads\/2018\/07\/push-o-30.jpg\" alt=\"\" width=\"61\" height=\"30\" \/><\/a>\u00a0<a href=\"https:\/\/www.topohvar.at\/orte\/ru\/ru-ob-01-1\/\"><img loading=\"lazy\" decoding=\"async\" class=\"alignnone wp-image-536 size-full\" src=\"https:\/\/www.topohvar.at\/wp-content\/uploads\/2018\/07\/push-r-30.jpg\" alt=\"\" width=\"61\" height=\"30\" \/><\/a>\u00a0<\/strong><\/p>\n<hr \/>\n<p><strong>Adresa \/ Adresse<br \/>\n<\/strong>Poluotok Kabal, Rt Travna<\/p>\n<p><strong>Lokacija \/ Position<a href=\"https:\/\/goo.gl\/maps\/JiLmysuVpksnGN2a9\"><img loading=\"lazy\" decoding=\"async\" class=\"alignright wp-image-41915\" src=\"https:\/\/www.topohvar.at\/wp-content\/uploads\/2020\/10\/2827.jpg\" alt=\"\" width=\"134\" height=\"100\" \/><\/a><br \/>\n<\/strong><span style=\"color: #3366ff;\"><a href=\"https:\/\/goo.gl\/maps\/JiLmysuVpksnGN2a9\">Latitude: N 43,23559\u00b0\u00a0 \u00a0 Longitude: E 16,56111\u00b0<\/a>\u00a0<\/span><strong><br \/>\n<\/strong>Visina \/ H\u00f6he: 16 m<\/p>\n<p><strong>Katastarska \u010destica \/ Grundst\u00fccke<br \/>\n<\/strong>10416\/875 (Stari Grad, Rudine)<div class='content-column one_half'><div style=\"padding-right:6px;\"><p><strong>Datum snimanja \/ Erfassungsdatum<br \/>\n<\/strong>25.05.2012 10:30:00<\/p>\n<hr \/>\n<p><strong>Informacije<\/strong><\/p>\n<p>Svjetionik se nalazi na rtu Travna. Nalazi se na visini od 6 metara, na litici i sastoji se od 6 m visokog \u010deli\u010dnog stupa obojenog bijelom bojom. Me\u0111unarodna oznaka &#8211; code: E3419<\/p><\/div><\/div><div class='content-column one_half last_column'><div style=\"padding-right:0px;padding-left:6px;\"><p><strong>Stupanj za\u0161tite \/ Schutzstellung<br \/>\n<\/strong>&#8211;<\/p>\n<hr \/>\n<p><strong>Info<\/strong><\/p>\n<p>Das Leuchtfeuer befindet sich am Kap Travna. Es steht in 6 m H\u00f6he auf einer Klippe und besteht aus einer 6 m hohen wei\u00df lackierten S\u00e4ule aus Stahl. Internationaler Code: E3419<\/p><\/div><\/div><div class='clear_column'><\/div><\/p>\n<hr \/>\n<p><strong>Linkovi \/ Links<\/strong><\/p>\n<p>&#8211;<\/p>\n","protected":false},"excerpt":{"rendered":"<p>Ime \/ Name Objekt \u00bbSvjetionik Rt Travna\u00ab \/ Leuchtfeuer am Kap Travna Code: RU-OS-02\u00a0 \u00a0 \u00a0 \u00a0 \u00a0 \u00a0 \u00a0 \u00a0 \u00a0 \u00a0 \u00a0 \u00a0 \u00a0 \u00a0 \u00a0 \u00a0 \u00a0\u00a0 \u00a0 \u00a0 \u00a0 \u00a0 \u00a0\u00a0 Adresa \/ Adresse Poluotok Kabal, &hellip; <a href=\"https:\/\/www.topohvar.at\/topo\/orte\/ru\/ru-os-02-1\/\">Weiterlesen <span class=\"meta-nav\">&rarr;<\/span><\/a><\/p>\n","protected":false},"author":1,"featured_media":0,"parent":93,"menu_order":0,"comment_status":"closed","ping_status":"closed","template":"","meta":{"footnotes":""},"class_list":["post-41914","page","type-page","status-publish","hentry"],"_links":{"self":[{"href":"https:\/\/www.topohvar.at\/topo\/wp-json\/wp\/v2\/pages\/41914","targetHints":{"allow":["GET"]}}],"collection":[{"href":"https:\/\/www.topohvar.at\/topo\/wp-json\/wp\/v2\/pages"}],"about":[{"href":"https:\/\/www.topohvar.at\/topo\/wp-json\/wp\/v2\/types\/page"}],"author":[{"embeddable":true,"href":"https:\/\/www.topohvar.at\/topo\/wp-json\/wp\/v2\/users\/1"}],"replies":[{"embeddable":true,"href":"https:\/\/www.topohvar.at\/topo\/wp-json\/wp\/v2\/comments?post=41914"}],"version-history":[{"count":8,"href":"https:\/\/www.topohvar.at\/topo\/wp-json\/wp\/v2\/pages\/41914\/revisions"}],"predecessor-version":[{"id":66888,"href":"https:\/\/www.topohvar.at\/topo\/wp-json\/wp\/v2\/pages\/41914\/revisions\/66888"}],"up":[{"embeddable":true,"href":"https:\/\/www.topohvar.at\/topo\/wp-json\/wp\/v2\/pages\/93"}],"wp:attachment":[{"href":"https:\/\/www.topohvar.at\/topo\/wp-json\/wp\/v2\/media?parent=41914"}],"curies":[{"name":"wp","href":"https:\/\/api.w.org\/{rel}","templated":true}]}}