{"id":42228,"date":"2020-10-08T17:42:45","date_gmt":"2020-10-08T15:42:45","guid":{"rendered":"https:\/\/www.topohvar.at\/topo\/?page_id=42228"},"modified":"2020-11-30T10:19:57","modified_gmt":"2020-11-30T09:19:57","slug":"br-ar-10-1","status":"publish","type":"page","link":"https:\/\/www.topohvar.at\/topo\/orte\/br\/br-ar-10-1\/","title":{"rendered":"BRUSJE &#8211; Rta \u00bbna sjevernoj strani otoka\u00ab"},"content":{"rendered":"<p><a name=\"seite_oben\"><\/a><br \/>\n<strong><img loading=\"lazy\" decoding=\"async\" class=\"aligncenter wp-image-35319 size-full\" src=\"https:\/\/www.topohvar.at\/wp-content\/uploads\/2020\/04\/br-au-10.jpg\" alt=\"\" width=\"1080\" height=\"530\" srcset=\"https:\/\/www.topohvar.at\/wp-content\/uploads\/2020\/04\/br-au-10.jpg 1080w, https:\/\/www.topohvar.at\/wp-content\/uploads\/2020\/04\/br-au-10-300x147.jpg 300w, https:\/\/www.topohvar.at\/wp-content\/uploads\/2020\/04\/br-au-10-1024x503.jpg 1024w, https:\/\/www.topohvar.at\/wp-content\/uploads\/2020\/04\/br-au-10-768x377.jpg 768w\" sizes=\"auto, (max-width: 1080px) 100vw, 1080px\" \/><\/strong><\/p>\n<p><strong>Ime \/ Name<br \/>\n<\/strong>Brusje &#8211; Rta \u00bbna sjevernoj strani otoka\u00ab<\/p>\n<p><strong>Code: <\/strong>BR-AR-10\/20\u00a0 \u00a0 \u00a0 \u00a0 \u00a0 \u00a0 \u00a0 \u00a0 \u00a0 \u00a0 \u00a0 \u00a0 \u00a0 \u00a0 \u00a0 \u00a0 \u00a0 \u00a0 \u00a0 \u00a0 <a href=\"https:\/\/www.topohvar.at\/orte\/br\/br-aa-01-2\/\"><img loading=\"lazy\" decoding=\"async\" class=\"alignnone wp-image-12300 size-full\" src=\"https:\/\/www.topohvar.at\/wp-content\/uploads\/2018\/09\/push-vor-30.jpg\" alt=\"\" width=\"61\" height=\"30\" \/><\/a>\u00a0<a href=\" https:\/\/www.topohvar.at\/topo\/orte\/br\/br-au-10-1\/\"><img loading=\"lazy\" decoding=\"async\" class=\"alignnone wp-image-533 size-full\" src=\"https:\/\/www.topohvar.at\/wp-content\/uploads\/2018\/07\/push-l-30.jpg\" alt=\"\" width=\"61\" height=\"30\" \/><\/a> <a href=\"https:\/\/www.topohvar.at\/orte\/br\/\"><img loading=\"lazy\" decoding=\"async\" class=\"alignnone wp-image-535 size-full\" src=\"https:\/\/www.topohvar.at\/wp-content\/uploads\/2018\/07\/push-o-30.jpg\" alt=\"\" width=\"61\" height=\"30\" \/><\/a><\/p>\n<p><strong>Rta od zapada prema istoku: \/ Die Kaps von West nach Ost:<br \/>\n<\/strong><a href=\"#br-10\"><span style=\"color: #3366ff;\">Pod Oltaric (Zalo Glava)<\/span><\/a><span style=\"color: #3366ff;\">\u00a0 \/\u00a0 <a style=\"color: #3366ff;\" href=\"#br-11\">Debeli brig<\/a>\u00a0 \/\u00a0 <a style=\"color: #3366ff;\" href=\"#br-12\">Rt NN(1)<\/a> \/\u00a0 <a style=\"color: #3366ff;\" href=\"#br-13\">Rt NN(2)<\/a>\u00a0 \/\u00a0 <a style=\"color: #3366ff;\" href=\"#br-14\">Rt Galija<\/a>\u00a0 \/\u00a0 <a style=\"color: #3366ff;\" href=\"#br-15\">Rt Garitula<\/a>\u00a0 \/\u00a0 <a style=\"color: #3366ff;\" href=\"#br-16\">Rt Lopi\u017eica<\/a>\u00a0 \/\u00a0 <a style=\"color: #3366ff;\" href=\"#br-17\">Pod Jezero<\/a>\u00a0 \/\u00a0 <a style=\"color: #3366ff;\" href=\"#br-18\">Rt Carmeon<\/a>\u00a0 \/\u00a0 <a style=\"color: #3366ff;\" href=\"#br-19\">Rt Sveto Gora<\/a>\u00a0 \/\u00a0 <a style=\"color: #3366ff;\" href=\"#br-20\">Rt Lompi\u0107<\/a><\/span><a name=\"br-10\"><\/a><\/p>\n<hr \/>\n<div class='content-column one_half'><div style=\"padding-right:6px;\"><h3><span style=\"color: #00ccff;\"><strong>Pod Oltaric (Zalo Glava)<\/strong><\/span><\/h3>\n<p><strong>Code: <\/strong>BR-AR-10<\/p>\n<p><strong>Lokalna polo\u017eaj \/ Position<\/strong><br \/>\n<a href=\"https:\/\/goo.gl\/maps\/UMAgi4wKbLLa9UjF8\"><span style=\"color: #3366ff;\">Latitude: N 43,20506\u00b0\u00a0 \u00a0Longitude: E 16,44999\u00b0<\/span><\/a><\/p>\n<p data-wp-editing=\"1\"><a href=\"https:\/\/goo.gl\/maps\/cVhvqm4gEsQ7fgcs5\"><img loading=\"lazy\" decoding=\"async\" class=\"alignleft wp-image-35324\" src=\"https:\/\/www.topohvar.at\/wp-content\/uploads\/2020\/04\/2400.jpg\" alt=\"\" width=\"134\" height=\"100\" \/><\/a><\/div><\/div><div class='content-column one_half last_column'><div style=\"padding-right:0px;padding-left:6px;\"><p><img loading=\"lazy\" decoding=\"async\" class=\"alignright wp-image-42234 size-medium\" src=\"https:\/\/www.topohvar.at\/wp-content\/uploads\/2020\/10\/br-ar-10-1-300x300.jpg\" alt=\"\" width=\"300\" height=\"300\" srcset=\"https:\/\/www.topohvar.at\/wp-content\/uploads\/2020\/10\/br-ar-10-1-300x300.jpg 300w, https:\/\/www.topohvar.at\/wp-content\/uploads\/2020\/10\/br-ar-10-1-150x150.jpg 150w, https:\/\/www.topohvar.at\/wp-content\/uploads\/2020\/10\/br-ar-10-1.jpg 450w\" sizes=\"auto, (max-width: 300px) 100vw, 300px\" \/><\/p><\/div><\/div><div class='clear_column'><\/div><a name=\"br-11\"><\/a><\/p>\n<p style=\"text-align: right;\"><a href=\"#seite_oben\">gore \/ Seitenanfang<\/a><\/p>\n<hr \/>\n<div class='content-column one_half'><div style=\"padding-right:6px;\"><h3><span style=\"color: #00ccff;\"><strong>Debeli brig<\/strong><\/span><\/h3>\n<p><strong>Code: <\/strong>BR-AR-11<\/p>\n<p><strong>Lokalna polo\u017eaj \/ Position<\/strong><br \/>\n<a href=\"https:\/\/goo.gl\/maps\/HDz1jrBGJbDaBBob9\"><span style=\"color: #3366ff;\">Latitude: N 43,20781\u00b0\u00a0 \u00a0Longitude: E 16,45493\u00b0<\/span><\/a><\/p>\n<p><a href=\"https:\/\/goo.gl\/maps\/6Xvx39wVEY5iQSEg7\"><img loading=\"lazy\" decoding=\"async\" class=\"alignleft wp-image-35325\" src=\"https:\/\/www.topohvar.at\/wp-content\/uploads\/2020\/04\/2401.jpg\" alt=\"\" width=\"134\" height=\"100\" \/><\/a><\/div><\/div><div class='content-column one_half last_column'><div style=\"padding-right:0px;padding-left:6px;\"><p><img loading=\"lazy\" decoding=\"async\" class=\"alignright wp-image-42236 size-medium\" src=\"https:\/\/www.topohvar.at\/wp-content\/uploads\/2020\/10\/br-ar-11-1-300x300.jpg\" alt=\"\" width=\"300\" height=\"300\" srcset=\"https:\/\/www.topohvar.at\/wp-content\/uploads\/2020\/10\/br-ar-11-1-300x300.jpg 300w, https:\/\/www.topohvar.at\/wp-content\/uploads\/2020\/10\/br-ar-11-1-150x150.jpg 150w, https:\/\/www.topohvar.at\/wp-content\/uploads\/2020\/10\/br-ar-11-1.jpg 450w\" sizes=\"auto, (max-width: 300px) 100vw, 300px\" \/><\/p><\/div><\/div><div class='clear_column'><\/div><a name=\"br-12\"><\/a><\/p>\n<p style=\"text-align: right;\"><a href=\"#seite_oben\">gore \/ Seitenanfang<\/a><\/p>\n<hr \/>\n<div class='content-column one_half'><div style=\"padding-right:6px;\"><h3><span style=\"color: #00ccff;\"><strong>Rt NN(1)<\/strong><\/span><\/h3>\n<p><strong>Code: <\/strong>BR-AR-12<\/p>\n<p><strong>Lokalna polo\u017eaj \/ Position<\/strong><br \/>\n<a href=\"https:\/\/goo.gl\/maps\/bDLpT6Zq2zGJem3c9\"><span style=\"color: #3366ff;\">Latitude: N 43,20806\u00b0\u00a0 \u00a0Longitude: E 16,46420\u00b0<\/span><\/a><\/p>\n<p><a href=\"https:\/\/goo.gl\/maps\/vqjDNf4myN34Nk9S9\"><img loading=\"lazy\" decoding=\"async\" class=\"alignleft wp-image-35325\" src=\"https:\/\/www.topohvar.at\/wp-content\/uploads\/2020\/04\/2401.jpg\" alt=\"\" width=\"134\" height=\"100\" \/><\/a><\/div><\/div><div class='content-column one_half last_column'><div style=\"padding-right:0px;padding-left:6px;\"><p><img loading=\"lazy\" decoding=\"async\" class=\"alignright wp-image-42237 size-medium\" src=\"https:\/\/www.topohvar.at\/wp-content\/uploads\/2020\/10\/br-ar-12-1-300x300.jpg\" alt=\"\" width=\"300\" height=\"300\" srcset=\"https:\/\/www.topohvar.at\/wp-content\/uploads\/2020\/10\/br-ar-12-1-300x300.jpg 300w, https:\/\/www.topohvar.at\/wp-content\/uploads\/2020\/10\/br-ar-12-1-150x150.jpg 150w, https:\/\/www.topohvar.at\/wp-content\/uploads\/2020\/10\/br-ar-12-1.jpg 450w\" sizes=\"auto, (max-width: 300px) 100vw, 300px\" \/><\/p><\/div><\/div><div class='clear_column'><\/div><a name=\"br-13\"><\/a><\/p>\n<p style=\"text-align: right;\"><a href=\"#seite_oben\">gore \/ Seitenanfang<\/a><\/p>\n<hr \/>\n<div class='content-column one_half'><div style=\"padding-right:6px;\"><h3><span style=\"color: #00ccff;\"><strong>Rt NN(2)<\/strong><\/span><\/h3>\n<p><strong>Code: <\/strong>BR-AR-13<\/p>\n<p><strong>Lokalna polo\u017eaj \/ Position<\/strong><br \/>\n<a href=\"https:\/\/goo.gl\/maps\/z18JRxD9M7gwBQ8Z8\"><span style=\"color: #3366ff;\">Latitude: N 43,20257\u00b0\u00a0 \u00a0Longitude: E 16,45613\u00b0<\/span><\/a><\/p>\n<p><a href=\"https:\/\/goo.gl\/maps\/9Tp6ZxuBpSfk52397\"><img loading=\"lazy\" decoding=\"async\" class=\"alignleft wp-image-35326\" src=\"https:\/\/www.topohvar.at\/wp-content\/uploads\/2020\/04\/2402.jpg\" alt=\"\" width=\"134\" height=\"100\" \/><\/a><\/div><\/div><div class='content-column one_half last_column'><div style=\"padding-right:0px;padding-left:6px;\"><p><img loading=\"lazy\" decoding=\"async\" class=\"alignright wp-image-42238 size-medium\" src=\"https:\/\/www.topohvar.at\/wp-content\/uploads\/2020\/10\/br-ar-13-1-300x300.jpg\" alt=\"\" width=\"300\" height=\"300\" srcset=\"https:\/\/www.topohvar.at\/wp-content\/uploads\/2020\/10\/br-ar-13-1-300x300.jpg 300w, https:\/\/www.topohvar.at\/wp-content\/uploads\/2020\/10\/br-ar-13-1-150x150.jpg 150w, https:\/\/www.topohvar.at\/wp-content\/uploads\/2020\/10\/br-ar-13-1.jpg 450w\" sizes=\"auto, (max-width: 300px) 100vw, 300px\" \/><\/p><\/div><\/div><div class='clear_column'><\/div><a name=\"br-14\"><\/a><\/p>\n<p style=\"text-align: right;\"><a href=\"#seite_oben\">gore \/ Seitenanfang<\/a><\/p>\n<hr \/>\n<div class='content-column one_half'><div style=\"padding-right:6px;\"><h3><span style=\"color: #00ccff;\"><strong>Rt Galija<\/strong><\/span><\/h3>\n<p><strong>Code: <\/strong>BR-AR-14<\/p>\n<p><strong>Lokalna polo\u017eaj \/ Position<\/strong><br \/>\n<a href=\"https:\/\/goo.gl\/maps\/rbiLKnKx7ya3WNrx8\"><span style=\"color: #3366ff;\">Latitude: N 43,20960\u00b0\u00a0 \u00a0Longitude: E 16,47369\u00b0<\/span><\/a><\/p>\n<p><a href=\"https:\/\/goo.gl\/maps\/3RRuXbtxhnMSnts99\"><img loading=\"lazy\" decoding=\"async\" class=\"alignleft wp-image-35327\" src=\"https:\/\/www.topohvar.at\/wp-content\/uploads\/2020\/04\/2403.jpg\" alt=\"\" width=\"134\" height=\"100\" \/><\/a><\/div><\/div><div class='content-column one_half last_column'><div style=\"padding-right:0px;padding-left:6px;\"><p><img loading=\"lazy\" decoding=\"async\" class=\"alignright wp-image-42239 size-medium\" src=\"https:\/\/www.topohvar.at\/wp-content\/uploads\/2020\/10\/br-ar-14-1-300x300.jpg\" alt=\"\" width=\"300\" height=\"300\" srcset=\"https:\/\/www.topohvar.at\/wp-content\/uploads\/2020\/10\/br-ar-14-1-300x300.jpg 300w, https:\/\/www.topohvar.at\/wp-content\/uploads\/2020\/10\/br-ar-14-1-150x150.jpg 150w, https:\/\/www.topohvar.at\/wp-content\/uploads\/2020\/10\/br-ar-14-1.jpg 450w\" sizes=\"auto, (max-width: 300px) 100vw, 300px\" \/><\/p><\/div><\/div><div class='clear_column'><\/div><a name=\"br-15\"><\/a><\/p>\n<p style=\"text-align: right;\"><a href=\"#seite_oben\">gore \/ Seitenanfang<\/a><\/p>\n<hr \/>\n<div class='content-column one_half'><div style=\"padding-right:6px;\"><h3><span style=\"color: #00ccff;\"><strong>Rt Garitula<\/strong><\/span><\/h3>\n<p><strong>Code: <\/strong>BR-AR-15<\/p>\n<p><strong>Lokalna polo\u017eaj \/ Position<\/strong><br \/>\n<a href=\"https:\/\/goo.gl\/maps\/p7eAMZ8umZJjcCeV8\"><span style=\"color: #3366ff;\">Latitude: N 43,20977\u00b0\u00a0 \u00a0Longitude: E 16,47593\u00b0<\/span><\/a><\/p>\n<p><a href=\"https:\/\/goo.gl\/maps\/V2A18xKGTJfxiX3z7\"><img loading=\"lazy\" decoding=\"async\" class=\"alignleft wp-image-35328\" src=\"https:\/\/www.topohvar.at\/wp-content\/uploads\/2020\/04\/2404.jpg\" alt=\"\" width=\"134\" height=\"100\" \/><\/a><\/div><\/div><div class='content-column one_half last_column'><div style=\"padding-right:0px;padding-left:6px;\"><p><img loading=\"lazy\" decoding=\"async\" class=\"alignright wp-image-42240 size-medium\" src=\"https:\/\/www.topohvar.at\/wp-content\/uploads\/2020\/10\/br-ar-15-1-300x300.jpg\" alt=\"\" width=\"300\" height=\"300\" srcset=\"https:\/\/www.topohvar.at\/wp-content\/uploads\/2020\/10\/br-ar-15-1-300x300.jpg 300w, https:\/\/www.topohvar.at\/wp-content\/uploads\/2020\/10\/br-ar-15-1-150x150.jpg 150w, https:\/\/www.topohvar.at\/wp-content\/uploads\/2020\/10\/br-ar-15-1.jpg 450w\" sizes=\"auto, (max-width: 300px) 100vw, 300px\" \/><\/p><\/div><\/div><div class='clear_column'><\/div><a name=\"br-16\"><\/a><\/p>\n<p style=\"text-align: right;\"><a href=\"#seite_oben\">gore \/ Seitenanfang<\/a><\/p>\n<hr \/>\n<div class='content-column one_half'><div style=\"padding-right:6px;\"><h3><span style=\"color: #00ccff;\"><strong>Rt Lopi\u017eica<\/strong><\/span><\/h3>\n<p><strong>Code: <\/strong>BR-AR-16<\/p>\n<p><strong>Lokalna polo\u017eaj \/ Position<\/strong><br \/>\n<a href=\"https:\/\/goo.gl\/maps\/Jv2iLUw7KGARmWiL7\"><span style=\"color: #3366ff;\">Latitude: N 43,20925\u00b0\u00a0 \u00a0Longitude: E 16,47762\u00b0<\/span><\/a><\/p>\n<p><a href=\"https:\/\/goo.gl\/maps\/tjh5VNi8d8zzo9fQA\"><img loading=\"lazy\" decoding=\"async\" class=\"alignleft wp-image-35329\" src=\"https:\/\/www.topohvar.at\/wp-content\/uploads\/2020\/04\/2405.jpg\" alt=\"\" width=\"134\" height=\"100\" \/><\/a><\/div><\/div><div class='content-column one_half last_column'><div style=\"padding-right:0px;padding-left:6px;\"><p><img loading=\"lazy\" decoding=\"async\" class=\"alignright wp-image-42241 size-medium\" src=\"https:\/\/www.topohvar.at\/wp-content\/uploads\/2020\/10\/br-ar-16-1-300x300.jpg\" alt=\"\" width=\"300\" height=\"300\" srcset=\"https:\/\/www.topohvar.at\/wp-content\/uploads\/2020\/10\/br-ar-16-1-300x300.jpg 300w, https:\/\/www.topohvar.at\/wp-content\/uploads\/2020\/10\/br-ar-16-1-150x150.jpg 150w, https:\/\/www.topohvar.at\/wp-content\/uploads\/2020\/10\/br-ar-16-1.jpg 450w\" sizes=\"auto, (max-width: 300px) 100vw, 300px\" \/><\/p><\/div><\/div><div class='clear_column'><\/div><a name=\"br-17\"><\/a><\/p>\n<p style=\"text-align: right;\"><a href=\"#seite_oben\">gore \/ Seitenanfang<\/a><\/p>\n<hr \/>\n<div class='content-column one_half'><div style=\"padding-right:6px;\"><h3><span style=\"color: #00ccff;\"><strong>Pod Jezero<\/strong><\/span><\/h3>\n<p><strong>Code: <\/strong>BR-AR-17<\/p>\n<p><strong>Lokalna polo\u017eaj \/ Position<\/strong><br \/>\n<a href=\"https:\/\/goo.gl\/maps\/fpxf6XcnewjC47379\"><span style=\"color: #3366ff;\">Latitude: N 43,20888\u00b0\u00a0 \u00a0Longitude: E 16,47947\u00b0<\/span><\/a><\/p>\n<p><a href=\"https:\/\/goo.gl\/maps\/pwckSZuVU9LMX56X9\"><img loading=\"lazy\" decoding=\"async\" class=\"alignleft wp-image-35330\" style=\"font-size: 16px;\" src=\"https:\/\/www.topohvar.at\/wp-content\/uploads\/2020\/04\/2406.jpg\" alt=\"\" width=\"133\" height=\"100\" \/><\/a><\/div><\/div><div class='content-column one_half last_column'><div style=\"padding-right:0px;padding-left:6px;\"><p><img loading=\"lazy\" decoding=\"async\" class=\"alignright wp-image-42242 size-medium\" src=\"https:\/\/www.topohvar.at\/wp-content\/uploads\/2020\/10\/br-ar-17-1-300x300.jpg\" alt=\"\" width=\"300\" height=\"300\" srcset=\"https:\/\/www.topohvar.at\/wp-content\/uploads\/2020\/10\/br-ar-17-1-300x300.jpg 300w, https:\/\/www.topohvar.at\/wp-content\/uploads\/2020\/10\/br-ar-17-1-150x150.jpg 150w, https:\/\/www.topohvar.at\/wp-content\/uploads\/2020\/10\/br-ar-17-1.jpg 450w\" sizes=\"auto, (max-width: 300px) 100vw, 300px\" \/><\/p><\/div><\/div><div class='clear_column'><\/div><a name=\"br-18\"><\/a><\/p>\n<p style=\"text-align: right;\"><a href=\"#seite_oben\">gore \/ Seitenanfang<\/a><\/p>\n<hr \/>\n<div class='content-column one_half'><div style=\"padding-right:6px;\"><h3><span style=\"color: #00ccff;\"><strong>Rt Carmeon<\/strong><\/span><\/h3>\n<p><strong>Code: <\/strong>BR-AR-18<\/p>\n<p><strong>Lokalna polo\u017eaj \/ Position<\/strong><br \/>\n<a href=\"https:\/\/goo.gl\/maps\/Gir9aQHpxp6NjiWf9\"><span style=\"color: #3366ff;\">Latitude: N 43,20760\u00b0\u00a0 \u00a0Longitude: E 16,49857\u00b0<\/span><\/a><\/p>\n<p><a href=\"https:\/\/goo.gl\/maps\/jNpxVMYyiosLNBae9\"><img loading=\"lazy\" decoding=\"async\" class=\"alignleft wp-image-35330\" style=\"font-size: 16px;\" src=\"https:\/\/www.topohvar.at\/wp-content\/uploads\/2020\/04\/2406.jpg\" alt=\"\" width=\"133\" height=\"100\" \/><\/a><\/div><\/div><div class='content-column one_half last_column'><div style=\"padding-right:0px;padding-left:6px;\"><p><img loading=\"lazy\" decoding=\"async\" class=\"alignright wp-image-42243 size-medium\" src=\"https:\/\/www.topohvar.at\/wp-content\/uploads\/2020\/10\/br-ar-18-1-300x300.jpg\" alt=\"\" width=\"300\" height=\"300\" srcset=\"https:\/\/www.topohvar.at\/wp-content\/uploads\/2020\/10\/br-ar-18-1-300x300.jpg 300w, https:\/\/www.topohvar.at\/wp-content\/uploads\/2020\/10\/br-ar-18-1-150x150.jpg 150w, https:\/\/www.topohvar.at\/wp-content\/uploads\/2020\/10\/br-ar-18-1.jpg 450w\" sizes=\"auto, (max-width: 300px) 100vw, 300px\" \/><\/p><\/div><\/div><div class='clear_column'><\/div><a name=\"br-19\"><\/a><\/p>\n<p style=\"text-align: right;\"><a href=\"#seite_oben\">gore \/ Seitenanfang<\/a><\/p>\n<hr \/>\n<div class='content-column one_half'><div style=\"padding-right:6px;\"><h3><span style=\"color: #00ccff;\"><strong>Rt Sveto Gora<\/strong><\/span><\/h3>\n<p><strong>Code: <\/strong>BR-AR-19<\/p>\n<p><strong>Lokalna polo\u017eaj \/ Position<\/strong><br \/>\n<a href=\"https:\/\/goo.gl\/maps\/8X833Nr8yiTjrRYG6\"><span style=\"color: #3366ff;\">Latitude: N 43,20698\u00b0\u00a0 \u00a0Longitude: E 16,50611\u00b0<\/span><\/a><\/p>\n<p><a href=\"https:\/\/goo.gl\/maps\/p8vXKEnzM1aWyLhK7\"><img loading=\"lazy\" decoding=\"async\" class=\"alignleft wp-image-35331\" style=\"font-size: 16px;\" src=\"https:\/\/www.topohvar.at\/wp-content\/uploads\/2020\/04\/2407.jpg\" alt=\"\" width=\"134\" height=\"100\" \/><\/a><\/div><\/div><div class='content-column one_half last_column'><div style=\"padding-right:0px;padding-left:6px;\"><p><img loading=\"lazy\" decoding=\"async\" class=\"alignright wp-image-42244 size-medium\" src=\"https:\/\/www.topohvar.at\/wp-content\/uploads\/2020\/10\/br-ar-19-1-300x300.jpg\" alt=\"\" width=\"300\" height=\"300\" srcset=\"https:\/\/www.topohvar.at\/wp-content\/uploads\/2020\/10\/br-ar-19-1-300x300.jpg 300w, https:\/\/www.topohvar.at\/wp-content\/uploads\/2020\/10\/br-ar-19-1-150x150.jpg 150w, https:\/\/www.topohvar.at\/wp-content\/uploads\/2020\/10\/br-ar-19-1.jpg 450w\" sizes=\"auto, (max-width: 300px) 100vw, 300px\" \/><\/p><\/div><\/div><div class='clear_column'><\/div><a name=\"br-20\"><\/a><\/p>\n<p style=\"text-align: right;\"><a href=\"#seite_oben\">gore \/ Seitenanfang<\/a><\/p>\n<p>&nbsp;<\/p>\n<hr \/>\n<div class='content-column one_half'><div style=\"padding-right:6px;\"><h3><span style=\"color: #00ccff;\"><strong>Rt Lompi\u0107<\/strong><\/span><\/h3>\n<p><strong>Code: <\/strong>BR-AU-20<\/p>\n<p><strong>Lokalna polo\u017eaj \/ Position<\/strong><br \/>\n<a href=\"https:\/\/goo.gl\/maps\/J6C3x31Z2sjWpvmj9\"><span style=\"color: #3366ff;\">Latitude: N 43,20062\u00b0\u00a0 \u00a0Longitude: E 16,53074\u00b0<\/span><\/a><\/p>\n<p><a href=\"https:\/\/goo.gl\/maps\/Zd928jn7WjnSeXuN7\"><img loading=\"lazy\" decoding=\"async\" class=\"alignleft wp-image-35331\" style=\"font-size: 16px;\" src=\"https:\/\/www.topohvar.at\/wp-content\/uploads\/2020\/04\/2407.jpg\" alt=\"\" width=\"134\" height=\"100\" \/><\/a><\/div><\/div><div class='content-column one_half last_column'><div style=\"padding-right:0px;padding-left:6px;\"><p><img loading=\"lazy\" decoding=\"async\" class=\"alignright wp-image-42245 size-medium\" src=\"https:\/\/www.topohvar.at\/wp-content\/uploads\/2020\/10\/br-ar-20-1-300x300.jpg\" alt=\"\" width=\"300\" height=\"300\" srcset=\"https:\/\/www.topohvar.at\/wp-content\/uploads\/2020\/10\/br-ar-20-1-300x300.jpg 300w, https:\/\/www.topohvar.at\/wp-content\/uploads\/2020\/10\/br-ar-20-1-150x150.jpg 150w, https:\/\/www.topohvar.at\/wp-content\/uploads\/2020\/10\/br-ar-20-1.jpg 450w\" sizes=\"auto, (max-width: 300px) 100vw, 300px\" \/><\/p><\/div><\/div><div class='clear_column'><\/div><\/p>\n<div class='content-column one_half'><div style=\"padding-right:6px;\"><p>Rt Lompi\u0107 povezan je s vi\u0161im oto\u010dnim podru\u010djem kratkim sedlom prema jugu. Na rtu se nalazi <span style=\"color: #3366ff;\"><a style=\"color: #3366ff;\" href=\"https:\/\/www.topohvar.at\/topo\/orte\/br\/br-po-01-2\/\">prapovijesna lokalitet &#8222;Lompi\u0107&#8220;<\/a><\/span>.<\/p><\/div><\/div><div class='content-column one_half last_column'><div style=\"padding-right:0px;padding-left:6px;\"><p>Das Kap Lompi\u0107 ist Richtung S\u00fcden durch einem kurzen Sattel mit dem h\u00f6heren Inselbereich verbunden. Am Kap befindet sich der <span style=\"color: #3366ff;\"><a style=\"color: #3366ff;\" href=\"https:\/\/www.topohvar.at\/topo\/orte\/br\/br-po-01-2\/\">pr\u00e4historische Ort &#8222;Lompi\u0107&#8220;<\/a><\/span>.<\/p><\/div><\/div><div class='clear_column'><\/div><\/p>\n<p style=\"text-align: right;\"><a href=\"#seite_oben\">gore \/ Seitenanfang<\/a><\/p>\n<hr \/>\n<p>&nbsp;<\/p>\n<p><strong>Linkovi \/ Links<\/strong><\/p>\n<p>&#8211;<\/p>\n","protected":false},"excerpt":{"rendered":"<p>Ime \/ Name Brusje &#8211; Rta \u00bbna sjevernoj strani otoka\u00ab Code: BR-AR-10\/20\u00a0 \u00a0 \u00a0 \u00a0 \u00a0 \u00a0 \u00a0 \u00a0 \u00a0 \u00a0 \u00a0 \u00a0 \u00a0 \u00a0 \u00a0 \u00a0 \u00a0 \u00a0 \u00a0 \u00a0 \u00a0 Rta od zapada prema istoku: \/ Die Kaps &hellip; <a href=\"https:\/\/www.topohvar.at\/topo\/orte\/br\/br-ar-10-1\/\">Weiterlesen <span class=\"meta-nav\">&rarr;<\/span><\/a><\/p>\n","protected":false},"author":1,"featured_media":0,"parent":65,"menu_order":0,"comment_status":"closed","ping_status":"closed","template":"","meta":{"footnotes":""},"class_list":["post-42228","page","type-page","status-publish","hentry"],"_links":{"self":[{"href":"https:\/\/www.topohvar.at\/topo\/wp-json\/wp\/v2\/pages\/42228","targetHints":{"allow":["GET"]}}],"collection":[{"href":"https:\/\/www.topohvar.at\/topo\/wp-json\/wp\/v2\/pages"}],"about":[{"href":"https:\/\/www.topohvar.at\/topo\/wp-json\/wp\/v2\/types\/page"}],"author":[{"embeddable":true,"href":"https:\/\/www.topohvar.at\/topo\/wp-json\/wp\/v2\/users\/1"}],"replies":[{"embeddable":true,"href":"https:\/\/www.topohvar.at\/topo\/wp-json\/wp\/v2\/comments?post=42228"}],"version-history":[{"count":10,"href":"https:\/\/www.topohvar.at\/topo\/wp-json\/wp\/v2\/pages\/42228\/revisions"}],"predecessor-version":[{"id":45848,"href":"https:\/\/www.topohvar.at\/topo\/wp-json\/wp\/v2\/pages\/42228\/revisions\/45848"}],"up":[{"embeddable":true,"href":"https:\/\/www.topohvar.at\/topo\/wp-json\/wp\/v2\/pages\/65"}],"wp:attachment":[{"href":"https:\/\/www.topohvar.at\/topo\/wp-json\/wp\/v2\/media?parent=42228"}],"curies":[{"name":"wp","href":"https:\/\/api.w.org\/{rel}","templated":true}]}}