{"id":4243,"date":"2018-08-10T13:20:31","date_gmt":"2018-08-10T11:20:31","guid":{"rendered":"https:\/\/www.topohvar.at\/?page_id=4243"},"modified":"2022-11-11T17:24:17","modified_gmt":"2022-11-11T16:24:17","slug":"sg-tg-26-1","status":"publish","type":"page","link":"https:\/\/www.topohvar.at\/topo\/orte\/sg\/sg-tg-26-1\/","title":{"rendered":"STARI GRAD &#8211; Javna zgrada \u00bbGradsko vije\u0107e\u00ab"},"content":{"rendered":"<p><a name=\"seite_oben\"><\/a><br \/>\n<img loading=\"lazy\" decoding=\"async\" class=\"alignnone wp-image-4233 size-large\" src=\"https:\/\/www.topohvar.at\/wp-content\/uploads\/2018\/08\/sg-tg-26-0-1024x503.jpg\" alt=\"\" width=\"640\" height=\"314\" srcset=\"https:\/\/www.topohvar.at\/wp-content\/uploads\/2018\/08\/sg-tg-26-0-1024x503.jpg 1024w, https:\/\/www.topohvar.at\/wp-content\/uploads\/2018\/08\/sg-tg-26-0-300x147.jpg 300w, https:\/\/www.topohvar.at\/wp-content\/uploads\/2018\/08\/sg-tg-26-0-768x377.jpg 768w, https:\/\/www.topohvar.at\/wp-content\/uploads\/2018\/08\/sg-tg-26-0.jpg 1080w\" sizes=\"auto, (max-width: 640px) 100vw, 640px\" \/><\/p>\n<p><strong>Ime \/ Name<br \/>\n<\/strong>Javna zgrada \u00bbGradsko vije\u0107e\u00ab \/ \u00d6ffentliches Geb\u00e4ude Rathaus<\/p>\n<p><strong>Code: <\/strong>SG-TG-26\u00a0 \u00a0 \u00a0 \u00a0 \u00a0 \u00a0 \u00a0 \u00a0 \u00a0 \u00a0 \u00a0 \u00a0 \u00a0 \u00a0 \u00a0 \u00a0 \u00a0 \u00a0<a href=\"https:\/\/www.topohvar.at\/orte\/sg\/sg-tg-03-1\/\"><img loading=\"lazy\" decoding=\"async\" class=\"alignnone wp-image-12300 size-full\" src=\"https:\/\/www.topohvar.at\/wp-content\/uploads\/2018\/09\/push-vor-30.jpg\" alt=\"\" width=\"61\" height=\"30\" \/><\/a>\u00a0<strong><a href=\"https:\/\/www.topohvar.at\/orte\/sg\/sg-tg-34-1\/\"><img loading=\"lazy\" decoding=\"async\" class=\"alignnone wp-image-533 size-full\" src=\"https:\/\/www.topohvar.at\/wp-content\/uploads\/2018\/07\/push-l-30.jpg\" alt=\"\" width=\"61\" height=\"30\" \/><\/a> <a href=\"https:\/\/www.topohvar.at\/orte\/sg\/\"><img loading=\"lazy\" decoding=\"async\" class=\"alignnone wp-image-535 size-full\" src=\"https:\/\/www.topohvar.at\/wp-content\/uploads\/2018\/07\/push-o-30.jpg\" alt=\"\" width=\"61\" height=\"30\" \/><\/a> <a href=\"https:\/\/www.topohvar.at\/orte\/sg\/sg-tg-36-1\/\"><img loading=\"lazy\" decoding=\"async\" class=\"alignnone wp-image-536 size-full\" src=\"https:\/\/www.topohvar.at\/wp-content\/uploads\/2018\/07\/push-r-30.jpg\" alt=\"\" width=\"61\" height=\"30\" \/><\/a>\u00a0<a href=\"https:\/\/www.topohvar.at\/orte\/sg\/sg-tg-07-1\/\"><img loading=\"lazy\" decoding=\"async\" class=\"alignnone wp-image-12299 size-full\" src=\"https:\/\/www.topohvar.at\/wp-content\/uploads\/2018\/09\/push-next-30.jpg\" alt=\"\" width=\"61\" height=\"30\" \/><\/a><\/strong><\/p>\n<hr \/>\n<p><strong>Adresa \/ Adresse<br \/>\n<\/strong>Stari Grad, Novo Riva 3<\/p>\n<p><strong>Lokacija \/ Position<a href=\"https:\/\/goo.gl\/maps\/JGKkHhLgiHi5b7Z4A\"><img loading=\"lazy\" decoding=\"async\" class=\"alignright wp-image-2551\" src=\"https:\/\/www.topohvar.at\/wp-content\/uploads\/2018\/08\/0573.jpg\" alt=\"\" width=\"133\" height=\"100\" \/><\/a><br \/>\n<\/strong><span style=\"color: #3366ff;\"><a style=\"color: #3366ff;\" href=\"https:\/\/goo.gl\/maps\/JGKkHhLgiHi5b7Z4A\">Latitude: N 43,18382\u00b0\u00a0 \u00a0Longitude: E 16,59462\u00b0<\/a> <\/span><strong><br \/>\n<\/strong>Visina \/ H\u00f6he: 1 m<\/p>\n<p><strong>Katastarska \u010destica \/ Grundst\u00fccke<br \/>\n<\/strong>*1250<div class='content-column one_half'><div style=\"padding-right:6px;\"><p><strong>Datum snimanja \/ Erfassungsdatum<br \/>\n<\/strong>07.05.2017 16:16:00<\/p>\n<hr \/>\n<p><strong>Informacije<\/strong><\/p>\n<p>Zemlji\u0161noknji\u017eni odjel Okru\u017enog suda Stari Grad smje\u0161ten je u prizemlju zgrade.<\/p><\/div><\/div><div class='content-column one_half last_column'><div style=\"padding-right:0px;padding-left:6px;\"><p><strong>Stupanj za\u0161tite \/ Schutzstellung<br \/>\n<\/strong>&#8211;<\/p>\n<hr \/>\n<p><strong>Info<\/strong><\/p>\n<p>Die Grundbuchabteilung des Amtsgerichtes Stari Grad ist im Erdgescho\u00df des Geb\u00e4udes unterbrachtet.<\/p><\/div><\/div><div class='clear_column'><\/div><div class='content-column one_half'><div style=\"padding-right:6px;\"><p>Na drugom katu zgrade je smje\u0161ten Op\u0107inski sud Stari Grad.<\/p><\/div><\/div><div class='content-column one_half last_column'><div style=\"padding-right:0px;padding-left:6px;\"><p>Im zweiten Stock des Geb\u00e4udes befindet sich das Amtsgericht der Stadt Stari Grad.<\/p><\/div><\/div><div class='clear_column'><\/div><div class='content-column one_half'><div style=\"padding-right:6px;\"><p>Gradski grb nalazi se na krovu vije\u0107nice iznad sata. S desne strane pro\u010delja nalazi se spomen-plo\u010da Petru Jelu\u0161i\u0107u.<\/p><\/div><\/div><div class='content-column one_half last_column'><div style=\"padding-right:0px;padding-left:6px;\"><p>Am Dach des Rathauses befindet sich \u00fcber der Uhr das Wappen der Stadt. Rechts an der Fassade findet sich eine Gedenktafel an Peter Jelu\u0161i\u0107.<\/p><\/div><\/div><div class='clear_column'><\/div><\/p>\n<hr \/>\n<div class='content-column one_half'><div style=\"padding-right:6px;\"><p>Vitraj koji je postavljen na prozoru sa ju\u017ene strane stubi\u0161ta u zgradi Op\u0107inskog doma, po zamisli umjetnika g. Branimira Doroti\u0107a, prikazuje povijest Staroga Grada kroz vi\u0161e od dva tisu\u0107lje\u0107a od njegova postanka do danas, uz nekoliko karkteristi\u010dnih simbola. U gornjem dijelu vitraja prikazanoje stilizirano hrvatsko znakovlje &#8211; hrvatski grb (crvena i bijela polja) sa tri leopardove glave &#8211; dalmatinski grb, te slu\u017ebeni grb Grada Staroga Grada. U donjem dijelu dominira centralni krug sa natpisom &#8218;FAROS&#8216; pisanim gr\u010dkim alfabetom, u kojem se nalazi gr\u010dka navalna la\u0111a sa 5 vesla\u010da i kormilarom (uz jedro kao alternativni pogon), ispod koje je &#8218;kartuol&#8216; sa karakteristi\u010dnim mediteranskim (hvarskim-starogrojskim) vo\u0107em: vinovom lozom (gro\u017e\u0111em), smokvama, maslinama i \u0161ipkom. Sa desne strane je silueta zvonika stolne crkve sv. Stjepana, a do njega zvonik crkve sv. Roka &#8211; za\u0161titnika Grada Staroga Grada. Na lijevoj strani je stilizirani &#8218;volat&#8216; iz Ribnjaka starogrojskog renesansnog pjesnika Petra Hektorovi\u0107a unutar kojeg se nalazi grb obitelji Hektorovi\u0107. Ispod su prikazani motivi gr\u010dkog i hrvatskog pletera, a pri samom dnu horizontalno i sa strane prikazan je rimski mozaik kombiniran u tri boje: crvenoj, bijeloj i plavoj. Od natpisa, na vitraju se nalaze: Grad Stari Grad, Pharos, 384. a.Chr. n. (lat. ante Christum natum &#8211; prije Kristova ro\u0111enja), te natpisi FEDE E REALTA O QVANTO E BELLA &#8211; Vjera i stvarnost, o kako je lijepa i NIHIL OCCVLTVM &#8211; Ni\u0161ta nije skriveno. U lijevom uglu umjetnikov je potpis: BRANIMIR DOROTI\u0106 PINXIT A.D. MMVII &#8211; Naslikao Branimir Doroti\u0107, godine Gospodnje 2007.<\/p><\/div><\/div><div class='content-column one_half last_column'><div style=\"padding-right:0px;padding-left:6px;\"><p>Das Buntglasfenster an der S\u00fcdseite der Stiege im Gemeindehaus, das vom K\u00fcnstler Branimir Doroti\u0107 entworfen wurde, zeigt die Geschichte von Stari Grad \u00fcber mehrere Jahrtausende von ihrer Entstehung bis heute mit mehreren charakteristischen Symbolen. Der obere Teil des Fensters zeigt ein stilisiertes kroatisches Emblem &#8211; das kroatische Wappen (rote und wei\u00dfe Felder) mit drei Leopardenk\u00f6pfen &#8211; das dalmatinische Wappen und das offizielle Wappen der Stadt Stari Grad. Der untere Teil wird von einem zentralen Kreis mit der Inschrift &#8222;FAROS&#8220; im griechischen Alphabet dominiert, in dem sich ein griechisches Schiff mit 5 Rudern und einem Ruder (mit einem Segel als alternativem Antrieb) befindet, unter dem sich eine Sch\u00fcssel mit charakteristischen mediterranen Fr\u00fcchten (der Insel Hvar) befindet: Weinreben (Trauben), Feigen, Oliven und Granatapfel. Rechts ist die Silhouette des Glockenturms der Kirche St. Stephan und daneben der Glockenturm der Rochuskirche &#8211; des Schutzpatron der Stadt Stari Grad. Auf der linken Seite befindet sich ein stilisierter &#8222;Volat&#8220; aus dem Teich des Renaissance-Dichter Petar Hektorovi\u0107, in dem sich das Wappen der Familie Hektorovi\u0107 befindet. Unten sind die Motive des griechischen und kroatischen Geflechts zu sehen, und ganz unten horizontal und seitlich befindet sich ein r\u00f6misches Mosaik, das in drei Farben kombiniert ist: Rot, Wei\u00df und Blau. Zu den Inschriften auf dem Buntglas geh\u00f6ren: Grad Stari Grad, Pharos, 384. a.Chr. n. (lat. ante Christum natum &#8211; vor der Geburt Christi) und die Inschriften FEDE E REALTA O QVANTO E BELLA &#8211; Glaube und Wirklichkeit, o wie sch\u00f6n und NIHIL OCCVLTVM &#8211; Nichts ist verborgen. In der linken Ecke befindet sich die Unterschrift des K\u00fcnstlers: BRANIMIR DOROTI\u0106 PINXIT A.D. MMVII &#8211; Gemalt von Branimir Doroti\u0107, im Jahr des Herrn 2007<\/p><\/div><\/div><div class='clear_column'><\/div><\/p>\n<p><img loading=\"lazy\" decoding=\"async\" class=\"aligncenter size-full wp-image-61705\" src=\"https:\/\/www.topohvar.at\/wp-content\/uploads\/2022\/11\/sg-tg-26-21.jpg\" alt=\"\" width=\"1080\" height=\"530\" srcset=\"https:\/\/www.topohvar.at\/wp-content\/uploads\/2022\/11\/sg-tg-26-21.jpg 1080w, https:\/\/www.topohvar.at\/wp-content\/uploads\/2022\/11\/sg-tg-26-21-300x147.jpg 300w, https:\/\/www.topohvar.at\/wp-content\/uploads\/2022\/11\/sg-tg-26-21-1024x503.jpg 1024w, https:\/\/www.topohvar.at\/wp-content\/uploads\/2022\/11\/sg-tg-26-21-768x377.jpg 768w\" sizes=\"auto, (max-width: 1080px) 100vw, 1080px\" \/><\/p>\n<p style=\"text-align: right;\"><a href=\"#seite_oben\">natrag na vrh \/ Seitenanfang<\/a><\/p>\n<hr \/>\n<p><strong>Linkovi \/ Links<\/strong><\/p>\n<p><span style=\"color: #3366ff;\"><a style=\"color: #3366ff;\" href=\"https:\/\/www.topohvar.at\/topo\/orte\/sg\/sg-ig-09-2\/\">Grb \u00bbStaroga Grada (2)\u00ab \/ Stadtwappen (2)<\/a><br \/>\n<a style=\"color: #3366ff;\" href=\"https:\/\/www.topohvar.at\/topo\/orte\/sg\/sg-mo-14-2\/\">Skulptura \u00bbSkulptura na zabatu sa satom\u00ab \/ Skultur mit Uhr am Rathausgiebel<\/a><br \/>\n<a style=\"color: #3366ff;\" href=\"https:\/\/www.topohvar.at\/topo\/orte\/sg\/sg-is-01-2\">Spomen plo\u010da \u00bbPetar Jelu\u0161i\u0107\u00ab\/ Gedenktafel des Peter Jelu\u0161i\u0107<\/a><br \/>\n<a style=\"color: #3366ff;\" href=\"https:\/\/stari-grad.hr\/\">Grad Stari Grad<\/a><\/span><\/p>\n","protected":false},"excerpt":{"rendered":"<p>Ime \/ Name Javna zgrada \u00bbGradsko vije\u0107e\u00ab \/ \u00d6ffentliches Geb\u00e4ude Rathaus Code: SG-TG-26\u00a0 \u00a0 \u00a0 \u00a0 \u00a0 \u00a0 \u00a0 \u00a0 \u00a0 \u00a0 \u00a0 \u00a0 \u00a0 \u00a0 \u00a0 \u00a0 \u00a0 \u00a0\u00a0 \u00a0 Adresa \/ Adresse Stari Grad, Novo Riva 3 Lokacija &hellip; <a href=\"https:\/\/www.topohvar.at\/topo\/orte\/sg\/sg-tg-26-1\/\">Weiterlesen <span class=\"meta-nav\">&rarr;<\/span><\/a><\/p>\n","protected":false},"author":1,"featured_media":0,"parent":99,"menu_order":0,"comment_status":"closed","ping_status":"closed","template":"","meta":{"footnotes":""},"class_list":["post-4243","page","type-page","status-publish","hentry"],"_links":{"self":[{"href":"https:\/\/www.topohvar.at\/topo\/wp-json\/wp\/v2\/pages\/4243","targetHints":{"allow":["GET"]}}],"collection":[{"href":"https:\/\/www.topohvar.at\/topo\/wp-json\/wp\/v2\/pages"}],"about":[{"href":"https:\/\/www.topohvar.at\/topo\/wp-json\/wp\/v2\/types\/page"}],"author":[{"embeddable":true,"href":"https:\/\/www.topohvar.at\/topo\/wp-json\/wp\/v2\/users\/1"}],"replies":[{"embeddable":true,"href":"https:\/\/www.topohvar.at\/topo\/wp-json\/wp\/v2\/comments?post=4243"}],"version-history":[{"count":22,"href":"https:\/\/www.topohvar.at\/topo\/wp-json\/wp\/v2\/pages\/4243\/revisions"}],"predecessor-version":[{"id":61706,"href":"https:\/\/www.topohvar.at\/topo\/wp-json\/wp\/v2\/pages\/4243\/revisions\/61706"}],"up":[{"embeddable":true,"href":"https:\/\/www.topohvar.at\/topo\/wp-json\/wp\/v2\/pages\/99"}],"wp:attachment":[{"href":"https:\/\/www.topohvar.at\/topo\/wp-json\/wp\/v2\/media?parent=4243"}],"curies":[{"name":"wp","href":"https:\/\/api.w.org\/{rel}","templated":true}]}}