{"id":4252,"date":"2018-08-10T13:27:05","date_gmt":"2018-08-10T11:27:05","guid":{"rendered":"https:\/\/www.topohvar.at\/?page_id=4252"},"modified":"2021-04-19T11:59:25","modified_gmt":"2021-04-19T09:59:25","slug":"sg-tg-03-1","status":"publish","type":"page","link":"https:\/\/www.topohvar.at\/topo\/orte\/sg\/sg-tg-03-1\/","title":{"rendered":"STARI GRAD &#8211; Pala\u010da \u00bbBiankini\u00ab"},"content":{"rendered":"<p><a name=\"seite_oben\"><\/a><br \/>\n<img loading=\"lazy\" decoding=\"async\" class=\"alignnone wp-image-4211 size-large\" src=\"https:\/\/www.topohvar.at\/wp-content\/uploads\/2018\/08\/SG-TG-03-0-1024x503.jpg\" alt=\"\" width=\"640\" height=\"314\" srcset=\"https:\/\/www.topohvar.at\/wp-content\/uploads\/2018\/08\/SG-TG-03-0-1024x503.jpg 1024w, https:\/\/www.topohvar.at\/wp-content\/uploads\/2018\/08\/SG-TG-03-0-300x147.jpg 300w, https:\/\/www.topohvar.at\/wp-content\/uploads\/2018\/08\/SG-TG-03-0-768x377.jpg 768w, https:\/\/www.topohvar.at\/wp-content\/uploads\/2018\/08\/SG-TG-03-0.jpg 1080w\" sizes=\"auto, (max-width: 640px) 100vw, 640px\" \/><\/p>\n<p><strong>Ime \/ Name<br \/>\n<\/strong>Pala\u010da \u00bbBjankini\u00ab \/ Palast Biankini<\/p>\n<p><strong>Code: <\/strong>SG-TG-03\u00a0 \u00a0 \u00a0 \u00a0 \u00a0 \u00a0 \u00a0 \u00a0 \u00a0 \u00a0 \u00a0 \u00a0 \u00a0 \u00a0 \u00a0 \u00a0 \u00a0 \u00a0<a href=\"https:\/\/www.topohvar.at\/orte\/sg\/sg-tg-07-1\/\"><img loading=\"lazy\" decoding=\"async\" class=\"alignnone wp-image-12300 size-full\" src=\"https:\/\/www.topohvar.at\/wp-content\/uploads\/2018\/09\/push-vor-30.jpg\" alt=\"\" width=\"61\" height=\"30\" \/><\/a>\u00a0<strong><a href=\"https:\/\/www.topohvar.at\/orte\/sg\/sg-tg-35-1\/\"><img loading=\"lazy\" decoding=\"async\" class=\"alignnone wp-image-533 size-full\" src=\"https:\/\/www.topohvar.at\/wp-content\/uploads\/2018\/07\/push-l-30.jpg\" alt=\"\" width=\"61\" height=\"30\" \/><\/a> <a href=\"https:\/\/www.topohvar.at\/orte\/sg\/\"><img loading=\"lazy\" decoding=\"async\" class=\"alignnone wp-image-535 size-full\" src=\"https:\/\/www.topohvar.at\/wp-content\/uploads\/2018\/07\/push-o-30.jpg\" alt=\"\" width=\"61\" height=\"30\" \/><\/a> <a href=\"https:\/\/www.topohvar.at\/orte\/sg\/sg-tg-08-1\/\"><img loading=\"lazy\" decoding=\"async\" class=\"alignnone wp-image-536 size-full\" src=\"https:\/\/www.topohvar.at\/wp-content\/uploads\/2018\/07\/push-r-30.jpg\" alt=\"\" width=\"61\" height=\"30\" \/><\/a>\u00a0<a href=\"https:\/\/www.topohvar.at\/orte\/sg\/sg-tg-26-1\/\"><img loading=\"lazy\" decoding=\"async\" class=\"alignnone wp-image-12299 size-full\" src=\"https:\/\/www.topohvar.at\/wp-content\/uploads\/2018\/09\/push-next-30.jpg\" alt=\"\" width=\"61\" height=\"30\" \/><\/a><\/strong><\/p>\n<hr \/>\n<p><strong>Adresa \/ Adresse<br \/>\n<\/strong>Stari Grad, Bra\u010de Biankini 2<\/p>\n<p><strong>Lokacija \/ Position<a href=\"https:\/\/goo.gl\/maps\/BuAa3sn5k167kgC39\"><img loading=\"lazy\" decoding=\"async\" class=\"alignright wp-image-4428\" src=\"https:\/\/www.topohvar.at\/wp-content\/uploads\/2018\/08\/0627.jpg\" alt=\"\" width=\"133\" height=\"100\" \/><\/a><br \/>\n<\/strong><span style=\"color: #3366ff;\"><a style=\"color: #3366ff;\" href=\"https:\/\/goo.gl\/maps\/BuAa3sn5k167kgC39\">Latitude: N 43,18279\u00b0\u00a0 \u00a0Longitude: E 16,59541\u00b0<\/a> <\/span><strong><br \/>\n<\/strong>Visina \/ H\u00f6he: 2 m<\/p>\n<p><strong>Katastarska \u010destica \/ Grundst\u00fccke<br \/>\n<\/strong>*1248, 3154\/1<div class='content-column one_half'><div style=\"padding-right:6px;\"><p><strong>Datum snimanja \/ Erfassungsdatum<br \/>\n<\/strong>16.05.2013 09:00:00<\/p>\n<hr \/>\n<p><strong>Informacije<\/strong><\/p>\n<p>Na po\u010detku predjela Njive koji se u drugoj polovici 19. st. po\u010deo intenzivno izgra\u0111ivati u zapadnome dijelu Staroga Grada, bra\u0107a Biankini podigla su 1896. godine neorenesansnu pala\u010du s dvori\u0161tem i vrtom. Pala\u010da je dvokatna uglovnica izgra\u0111ena u Ulici bra\u0107e Biankini 2, tlocrtne dimenzije cca 13,5 x 20 metara. Zapadno od pala\u010de je perivoj ogra\u0111en zidom, dimenzija 14 x 18 metara. Pala\u010da Biankini iznimna je klasicisti\u010dka gra\u0111evina Staroga Grada koja evocira uspon jedne brodarske obitelji, ali i prosperitet grada u XIX. stolje\u0107u. Danas u pala\u010di djeluje Muzej Staroga Grada osnovan 2007. godine. Neorenesansna pala\u010da koju je ugledna starogradska obitelj Bijankini je sagradila 1896. godine. Zidne slike u unutra\u0161njosti pala\u010de napravio je Ivan Zamala, zadarski slikar s kraja XIX. st. U unutra\u0161njem je vrtu stoljetni himalajski cedar, zasa\u0111en kada je izgra\u0111ena ku\u0107a.<\/p><\/div><\/div><div class='content-column one_half last_column'><div style=\"padding-right:0px;padding-left:6px;\"><p><strong>Stupanj za\u0161tite \/ Schutzstellung<br \/>\n<\/strong>Z-6661, Z-5976, P-3792<\/p>\n<hr \/>\n<p><strong>Info<\/strong><\/p>\n<p>Zu Beginn des Gebietes Njiva, das in der zweiten H\u00e4lfte des 19. Jahrhunderts im Westen von Stari Grad intensiv bebaut wurde, errichteten die Br\u00fcder Biankini 1896 einen Palast im Stil der Neorenaissance mit Innenhof und Garten. Der Palast ist ein zweist\u00f6ckiger Eckbau in der Br\u00fcder-Biankini-Stra\u00dfe 2 mit einer Gr\u00f6\u00dfe von ca. 13,5 x 20 Metern. Im Westen des Palastes befindet sich ein 14 x 18 Meter gro\u00dfen Garten, der von einer\u00a0 Mauer umgeben ist. Der Biankini-Palast ist ein au\u00dfergew\u00f6hnliches klassizistisches Geb\u00e4ude der Altstadt, das an den Aufstieg einer Schifffahrtsfamilie erinnert, aber auch an den Wohlstand der Stadt im 19. Jahrhundert. Im Jahre 2007 wurde im Palast das Stadtmuseum von Stari Grad gegr\u00fcndet.\u00a0Die Wandmalereien im Inneren des Palastes schuf Ivan Zamala, ein Maler des sp\u00e4ten 19. Jh. aus Zadar. Im Garten befindet sich eine alte Himalaya-Zeder, die zum Zeitpunkt des Hausbaues gepflanzt wurde.<\/p><\/div><\/div><div class='clear_column'><\/div><div class='content-column one_half'><div style=\"padding-right:6px;\"><p>Ministarstva kulture, Uprave za za\u0161titu kulturne ba\u0161tine, od 12. 01. 2016. utvr\u0111eno je da pala\u010da Bankini u Starome Gradu ima svojstvo kulturnog dobra. U Obrazlo\u017eenju Rje\u0161enja izme\u0111u ostaog, navodi se: &#8222;Uz Hektorovi\u0107ev Tvrdalj, na po\u010deku predjela Njive koji se u drugoj polovici 19. st. po\u010deo intenzivno izgra\u0111ivati u zapadnom dijelu Staroga Grada, bra\u0107a Biankini podigla su 1896. neorenesansnu pala\u010du s dvori\u0161tem i vrtom. Brodar i kapetan Juraj Biankini s \u010detvoricom sinova (Dinko-pomorac i gradona\u010delnik Staroga Grada, Juraj &#8211; sve\u0107enik i istaknuti politi\u010dar &#8222;narodni prvak&#8220; i urednik Narodnog lista u Zadru, Petar &#8211; agronom i Ante &#8211; istaknuti profesor kirurgije u SAD-u) ovom su gradnjom dali sna\u017ean pe\u010dat urbanisti\u010dkoj preobrazbi Staroga Grada krajem 19. stolje\u0107a.<\/p><\/div><\/div><div class='content-column one_half last_column'><div style=\"padding-right:0px;padding-left:6px;\"><p>Auf Beschluss des Ministeriums f\u00fcr Kultur, Verwaltung und Schutz des Kulturerbes, von 12. 01. 2016 wurde festgestellt, dass der Palast Bankini in Stari Grad den Status eines Kulturgutes hat. Aus dem Bescheid wird unter anderem zitiert: &#8222;Beim befestigten Hof des Hektorovi\u0107, am \u00dcbergang zum Ackerland wurde im westlichen Teil Stari Grads in der zweiten H\u00e4lfte des 19. Jahrhunderts intensiv gebaut. Hier errichteten die Br\u00fcder Biankini im Jahr 1896 den Neo-Renaissance-Palast mit Innenhof und Garten. Der Reeder und Kapit\u00e4n Georg Biankini mit seinen vier S\u00f6hnen (Dinko &#8211; Seemann und Stari Grader B\u00fcrgermeister, Georg &#8211; ein Priester und prominenter Politiker &#8222;nationaler Champion&#8220; und Herausgeber der narodni Liste in Zadar, Peter &#8211; Agronom und Ante &#8211; Professor f\u00fcr Chirurgie in den USA) gaben durch die Errichtung dieses Geb\u00e4udes am Ende des 19. Jahrhunderts einen starken Einfluss auf die urbane Gestaltung Stari Grads.<\/p><\/div><\/div><div class='clear_column'><\/div><div class='content-column one_half'><div style=\"padding-right:6px;\"><p>Registar kulturnih dobara Republike Hrvatske br. 01\/2016. Datum tiskanog izdanja: 12.1.2016. Broj registra Z-6661<\/p><\/div><\/div><div class='content-column one_half last_column'><div style=\"padding-right:0px;padding-left:6px;\"><p>Register der Kulturg\u00fcter der Republik Kroatien Nr. 01\/2016, Ver\u00f6ffentlichungsdatum: 12.1.2016. Registriernummer Z-6661<\/p><\/div><\/div><div class='clear_column'><\/div><\/p>\n<p style=\"text-align: right;\"><a href=\"#seite_oben\">natrag na vrh \/ Seitenanfang<\/a><\/p>\n<hr \/>\n<div class='content-column one_half'><div style=\"padding-right:6px;\"><p><strong>Muzej grada Stari Grad<\/strong><\/p>\n<p>U 2019. godini mogli biste posjetiti:<\/p>\n<p><strong>Abdevnorova soba &#8211; Anti\u010dki brodolom:<\/strong><\/p>\n<p>U kasnoj antici, u IV.\/V. stolje\u0107u, jedan rimski trgova\u010dki brod olujna je bura bacila na sjeverne obale otoka Hvara, gdje je potonuo u uvali Duboka. Prekriveni tankim slojem pijeska, 25 metara pod morem, ostali su sa\u010duvani ve\u0107ina tereta i drvena brodska konstrukcija trgova\u010dkog jedrenjaka s kri\u017enim jedrima, dugog 20-ak metara. Pod palubom je bio slo\u017een teret cilindri\u010dnih amfora s uljem, ukrcan negdje na obali sjeverne Afrike \u0161to se vidi po sa\u010duvanoj mrkvastoj amfori &#8211; raritetu na hrvatskoj strani Jadrana. Brod je bio dopunjen u nekoj gr\u010dkoj luci manjim brojem ovalnih amfora s ravnim dnom, u kojima je bilo vino i soljeno meso. Jedrenjaku je cilj mo\u017eda bila Salona, metropola rimske provincije Dalmacije, ili obli\u017enja luka Farija (dana\u0161nji Stari Grad), na kraju Starogradskog zaljeva.<\/p><\/div><\/div>\n<div class='content-column one_half last_column'><div style=\"padding-right:0px;padding-left:6px;\"><p><strong>Museum der Stadt Stari Grad<\/strong><\/p>\n<p>Im Jahr 2019 konnte man besichtigen:<\/p>\n<p><strong>Raum &#8222;Abdevnor&#8220; &#8211; antikes Schiffswrack:<\/strong><\/p>\n<p>In der Sp\u00e4tantike, 4. \/ 5.\u00a0 Jh. warf ein Sturm ein r\u00f6misches Handelsschiff\u00a0 an die Nordk\u00fcste der Insel Hvar, wo es in der Bucht von Duboka versank.\u00a0 Bedeckt von einer d\u00fcnnen Sandschicht, 25 Meter unter dem Meeresspiegel, blieben der gr\u00f6\u00dfte Teil der Ladung und die Holzstruktur des Kaufmannssegelboots mit Kreuzsegeln, die etwa 20 Meter lang waren, erhalten.\u00a0 Unter dem Deck befand sich eine komplexe Ladung zylindrischer Amphoren mit \u00d6l, die irgendwo an der K\u00fcste Nordafrikas verschifft worden war, wie aus den erhaltenen karottenf\u00f6rmigen Amphoren hervorgeht &#8211; eine Seltenheit auf der kroatischen Seite der Adria.\u00a0 Das Schiff wurde in einem griechischen Hafen durch eine kleinere Anzahl ovaler Amphoren mit flachem Boden erg\u00e4nzt, die Wein und gesalzenes Fleisch enthielten.\u00a0 Das Segelboot k\u00f6nnte Salona, \u200b\u200bdie Metropole der r\u00f6mischen Provinz Dalmatien, oder den nahe gelegenen Hafen von Faros (heutiges Stari Grad) am Ende der Bucht von Stari Grad zum Ziel gehabt haben.<\/p><\/div><\/div><div class='clear_column'><\/div>\n<p><img loading=\"lazy\" decoding=\"async\" class=\"aligncenter size-medium wp-image-24545\" src=\"https:\/\/www.topohvar.at\/wp-content\/uploads\/2019\/10\/sg-tg-03-20-300x225.jpg\" alt=\"\" width=\"300\" height=\"225\" srcset=\"https:\/\/www.topohvar.at\/wp-content\/uploads\/2019\/10\/sg-tg-03-20-300x225.jpg 300w, https:\/\/www.topohvar.at\/wp-content\/uploads\/2019\/10\/sg-tg-03-20.jpg 320w\" sizes=\"auto, (max-width: 300px) 100vw, 300px\" \/><\/p>\n<div class='content-column one_half'><div style=\"padding-right:6px;\"><p>Ovdje su izlo\u017eene amfore onako kako su ih zatekli arheolozi na dnu mora Najzanimljivija, postavljena u vitrini, je ona koja nosi urezano ime ABDEVNOR, koji je vjerojatno bio \u010dlan posade ili \u010dak kapetan broda. Ostao je sa\u010duvan poneki kerami\u010dki lijevak kojim su amfore punjene, te brojni tubi fittili, kerami\u010dki lijevci-\u010depovi kojima se zatvaralo amfore, a po potrebi ih se spajalo u duge gipke cijevi za pretakanje teku\u0107ine.<\/p><\/div><\/div><div class='content-column one_half last_column'><div style=\"padding-right:0px;padding-left:6px;\"><p>Die Amphoren sind hier ausgestellt, wie sie von Arch\u00e4ologen auf dem Meeresgrund gefunden wurden. Am interessantesten ist eine Vitrine mit dem eingravierten Namen ABDEVNOR, der wahrscheinlich ein Besatzungsmitglied oder sogar der Schiffskapit\u00e4n war. Einige Keramiktrichter wurden zum F\u00fcllen der Amphoren verwendet, ebenso wie zahlreiche Rohrverschraubungen, Keramiktrichter-Stopfen, die die Amphoren verschlossen haben, und &#8211; falls erforderlich &#8211; auch zu langen flexiblen Schl\u00e4uchen verbunden werden konnten (zur Fl\u00fcssigkeits\u00fcbertragung).<\/p><\/div><\/div><div class='clear_column'><\/div><\/p>\n<p style=\"text-align: center;\"><em>(Vodic kroz MUZEJ STAROGA GRADA)<\/em><\/p>\n<p style=\"text-align: right;\"><a href=\"#seite_oben\">natrag na vrh \/ Seitenanfang<\/a><\/p>\n<hr \/>\n<div class='content-column one_half'><div style=\"padding-right:6px;\"><p><strong>Etnografska zbirka:<\/strong><\/p>\n<p>Dr\u017eavna zbirka centra za za\u0161titu kulturne ba\u0161tine otoka Hvara je bio ure\u0111ena i otvorena za javnost 1966. g.; sadr\u017eava pribor i opremu tradicionalne seoske kuhinje i konobe.<\/p><\/div><\/div><div class='content-column one_half last_column'><div style=\"padding-right:0px;padding-left:6px;\"><p><strong>Ethnografische Sammlung:<\/strong><\/p>\n<p>Die nationale Sammlung zum Schutz des kulturellen Erbes der Insel Hvar wurde 1966 er\u00f6ffnet und der \u00d6ffentlichkeit zug\u00e4nglich gemacht. Sie beinhaltet Zubeh\u00f6r und Ausr\u00fcstung der traditionellen Landk\u00fcchen und Tavernen.<\/p><\/div><\/div><div class='clear_column'><\/div><\/p>\n<p style=\"text-align: right;\"><a href=\"#seite_oben\">natrag na vrh \/ Seitenanfang<\/a><\/p>\n<hr \/>\n<div class='content-column one_half'><div style=\"padding-right:6px;\"><p><strong>Arheolo\u0161ka izlo\u017eba<\/strong><\/p>\n<p>Izlo\u017eba je smje\u0161tena u tri sobe i \u010duva brojne arheolo\u0161ke nalaze iz gr\u010dkog i rimskog doba Stari Grad. Ve\u0107ina nalaza nalazila se u gradu Starom Gradu na podru\u010dju crkve sv. Ivana i u &#8222;Starogradsko polje&#8220;.<\/p><\/div><\/div><div class='content-column one_half last_column'><div style=\"padding-right:0px;padding-left:6px;\"><p><strong>Arch\u00e4ologische Ausstellung<\/strong><\/p>\n<p>Die Ausstellung ist in drei R\u00e4umen untergebracht und beherbergt zahlreiche arch\u00e4ologische Funde aus der griechischen und r\u00f6mischen \u00c4ra Stari Grads. Die meisten Funde wurden in der Stadt Stari Grad im Bereich der Kirche zum hl. Johannes und im &#8222;Stai-Grader-Feld&#8220; gemacht.<\/p><\/div><\/div><div class='clear_column'><\/div><\/p>\n<p style=\"text-align: right;\"><a href=\"#seite_oben\">natrag na vrh \/ Seitenanfang<\/a><\/p>\n<hr \/>\n<div class='content-column one_half'><div style=\"padding-right:6px;\"><p><strong>Salon Gelineo-Bervaldi<\/strong><\/p>\n<p>Salon posjedni\u010dke obitelji iz Staroga Grada, u \u010dijoj su ku\u0107i odsjedali hvarski biskupi za posjeta gradu. Portreti: dr. Petar Gelineo Bervaldi (1807. &#8211; 1866.) i supruga Andela (1813.-?) Venecijansko pozla\u0107eno zrcalo s cvjetovima u rokoko stilu i svije\u0107njaci (18. st.) u obliku malih crnaca &#8211; mori\u0107a, vjen\u010dani su dar Petra G. B. supruzi.<\/p><\/div><\/div><div class='content-column one_half last_column'><div style=\"padding-right:0px;padding-left:6px;\"><p><strong>Salon Gelineo-Bervaldi<\/strong><\/p>\n<p>Salon eines Familiensitzes aus Stari Grad, in dessen Haus die Bisch\u00f6fe von Hvar zu Stadtbesuchen weilten.\u00a0 Portr\u00e4ts: Dr. Peter Gelineo Bervaldi (1807-1866) und Frau Andel (1813-?) Venezianischer Spiegel mit rokoko\u00e4hnlichen Blumen und Leuchtern (18. Jahrhundert) in Form von kleinen Mohren(?), sind Peters G. B. Hochzeitsgeschenk\u00a0 f\u00fcr seine Frau.<\/p><\/div><\/div><div class='clear_column'><\/div><div class='content-column one_half'><div style=\"padding-right:6px;\"><p>Salon je Muzeju darovala pok. Jerka Dumani\u0107, praunuka dr. Bervaldija, posljednja od te stare obitelji.<\/p><\/div><\/div><div class='content-column one_half last_column'><div style=\"padding-right:0px;padding-left:6px;\"><p>Der Salon wurde dem Museum vom verstorbenen Jerko Dumani\u0107, dem Urenkel von Dr. Bervaldi, dem letzten dieser alten Familie, gestiftet.<\/p><\/div><\/div><div class='clear_column'><\/div><div class='content-column one_half'><div style=\"padding-right:6px;\"><div id=\"attachment_24537\" style=\"width: 310px\" class=\"wp-caption aligncenter\"><img loading=\"lazy\" decoding=\"async\" aria-describedby=\"caption-attachment-24537\" class=\"size-medium wp-image-24537\" src=\"https:\/\/www.topohvar.at\/wp-content\/uploads\/2019\/10\/sg-tg-03-21-300x225.jpg\" alt=\"\" width=\"300\" height=\"225\" \/><p id=\"caption-attachment-24537\" class=\"wp-caption-text\">Salon Genileo-Bervaldi<\/p><\/div>\n<p><strong>Kapetanska soba<\/strong><\/p>\n<p>Kapetanska soba na drugom katu muzeja podsje\u0107a o ljudima od mora.<\/p><\/div><\/div><div class='content-column one_half last_column'><div style=\"padding-right:0px;padding-left:6px;\"><div id=\"attachment_24538\" style=\"width: 310px\" class=\"wp-caption aligncenter\"><img loading=\"lazy\" decoding=\"async\" aria-describedby=\"caption-attachment-24538\" class=\"size-medium wp-image-24538\" src=\"https:\/\/www.topohvar.at\/wp-content\/uploads\/2019\/10\/sg-tg-03-22-300x225.jpg\" alt=\"\" width=\"300\" height=\"225\" \/><p id=\"caption-attachment-24538\" class=\"wp-caption-text\">Kapetanska soba \/ Kapit\u00e4nszimmer<\/p><\/div>\n<p><strong>Kapit\u00e4nszimmer<\/strong><\/p>\n<p>Das Kapit\u00e4nszimmer im zweiten Stock erinnert an die Menschen vom Meer.<\/p><\/div><\/div><div class='clear_column'><\/div><\/p>\n<p style=\"text-align: right;\"><a href=\"#seite_oben\">natrag na vrh \/ Seitenanfang<\/a><\/p>\n<hr \/>\n<div class='content-column one_half'><div style=\"padding-right:6px;\"><p><strong>Galerija \u201eJuraj Plan\u010di\u0107\u201d:<\/strong><\/p>\n<p>Juraj Plan\u010di\u0107\u00a0(Stari Grad, 1899. \u2013 Pariz, 1980.)<\/p>\n<p>\u0160kolovao se na slikarskom odjelu splitske Graditeljsko zanatske i umjetni\u010dke \u0161kole i zagreba\u010dkoj Kraljevskoj akademiji za umjetnost.<br \/>\nU jesen 1926. godine odlazi u Pariz gdje i umire od tuberkuloze u ljeto 1930.<br \/>\nPosljednje dvije godine \u017eivota izlagao je utjecajnim pariskim galerijama i salonima.<\/p>\n<p>Dr\u017eavna zbirka op\u0107ina grada Strari Grad je bio ure\u0111ena i otvorena za javnost 1966. g.; sadr\u017eava slike, grafike i skulpture suvremenih umjetnika.<\/p><\/div><\/div><div class='content-column one_half last_column'><div style=\"padding-right:0px;padding-left:6px;\"><p><strong>Galerie \u201eJuraj Plan\u010di\u0107&#8220;:<\/strong><\/p>\n<p>Juraj Plan\u010di\u0107\u00a0(Stari Grad, 1899 &#8211; Paris, 1980)<\/p>\n<p>Plan\u010di\u0107\u00a0studierte an der Kunstabteilung der\u00a0Handwerks- und Kunstschule in Split und an der K\u00f6niglichen Akademie der K\u00fcnste in Zagreb.<br \/>\nIm Herbst 1926 ging er nach Paris, wo er im Sommer 1930 an Tuberkulose starb.<br \/>\nIn den letzten zwei Jahren seines Lebens hat er in einflussreichen Pariser Galerien und Salons ausgestellt.<\/p>\n<p>Die \u00f6ffentliche Sammlung der Gemeinde Stari Grad wurde 1966 er\u00f6ffnet und der \u00d6ffentlichkeit zug\u00e4nglich gemacht; sie enth\u00e4lt Bilder, Grafiken und Skulpturen von zeitgen\u00f6ssischen K\u00fcnstlern.<\/p><\/div><\/div><div class='clear_column'><\/div><div class='content-column one_half'><div style=\"padding-right:6px;\"><div id=\"attachment_24535\" style=\"width: 300px\" class=\"wp-caption aligncenter\"><img loading=\"lazy\" decoding=\"async\" aria-describedby=\"caption-attachment-24535\" class=\"size-full wp-image-24535\" src=\"https:\/\/www.topohvar.at\/wp-content\/uploads\/2019\/10\/plancic.jpg\" alt=\"\" width=\"290\" height=\"234\" \/><p id=\"caption-attachment-24535\" class=\"wp-caption-text\">Juraj Plan\u010di\u0107<\/p><\/div>\n<p><strong>Zbirka \u201eBartola Petri\u0107a\u201c<\/strong><\/p>\n<p>Bartol Petri\u0107 (Stari Grad, 30. travnja 1899. &#8211; Split, 24. listopada 1974.), hrvatski slikar.<\/p>\n<p>Uz figuralne kompozicije iz selja\u010dkog i ribarskog \u017eivota, radio je pejza\u017ee te crte\u017ee u tu\u0161u i sepiji. Slikao je motive rodnog Starog Grada. Bio je konzervator i crta\u010d u Muzeju hrvatskih arheolo\u0161kih spomenika u Splitu. Objavio je mapu grafika &#8222;Stari Grad&#8220;<\/p><\/div><\/div><div class='content-column one_half last_column'><div style=\"padding-right:0px;padding-left:6px;\"><div id=\"attachment_24534\" style=\"width: 300px\" class=\"wp-caption aligncenter\"><img loading=\"lazy\" decoding=\"async\" aria-describedby=\"caption-attachment-24534\" class=\"size-full wp-image-24534\" src=\"https:\/\/www.topohvar.at\/wp-content\/uploads\/2019\/10\/petric.jpg\" alt=\"\" width=\"290\" height=\"234\" \/><p id=\"caption-attachment-24534\" class=\"wp-caption-text\">Bartol Petri\u0107<\/p><\/div>\n<p><strong>Sammlung \u201eBartol Petri\u0107\u201c<\/strong><\/p>\n<p>Bartol Petri\u0107 (Stari Grad, 30. April 1899 &#8211; Split, 24. Oktober 1974), kroatischer Maler.<\/p>\n<p>Neben fig\u00fcrlichen Kompositionen aus dem Bauern- und Fischerleben hielt er Landschaften in Dusche und Sepia fest. Er malte Motive aus seiner Heimatstadt Stari Grad. Er war Konservator und Zeichner am Museum kroatischer arch\u00e4ologischer Denkm\u00e4ler in Split und hat eine Mappe mit Grafiken von &#8222;Stari Grad&#8220; ver\u00f6ffentlicht.<\/p><\/div><\/div><div class='clear_column'><\/div><\/p>\n<p style=\"text-align: right;\"><a href=\"#seite_oben\">natrag na vrh \/ Seitenanfang<\/a><\/p>\n<hr \/>\n<div class='content-column one_half'><div style=\"padding-right:6px;\"><p>Registar kulturnih dobara Republike Hrvatske br. 03\/2015. Datum tiskanog izdanja: 2.9.2015. Broj registra Z-5976<\/p><\/div><\/div><div class='content-column one_half last_column'><div style=\"padding-right:0px;padding-left:6px;\"><p>Register der Kulturg\u00fcter der Republik Kroatien Nr. 03\/2015, Ver\u00f6ffentlichungsdatum: 2.9.2015. Registriernummer Z-5976<\/p><\/div><\/div><div class='clear_column'><\/div><\/p>\n<hr \/>\n<p><strong>Linkovi \/ Links<\/strong><\/p>\n<p><span style=\"color: #3366ff;\"><a style=\"color: #3366ff;\" href=\"https:\/\/www.topohvar.at\/topo\/orte\/sg\/sg-is-39-2\/\">Spomen plo\u010da \u00bbJuraj Biankini\u00ab \/ Gedenktafel an Georg Biankini<\/a><br \/>\n<a style=\"color: #3366ff;\" href=\"https:\/\/www.topohvar.at\/topo\/orte\/sg\/sg-tg-06-1\/\">Ku\u0107a \/ Haus Gelineo-Bervaldi<\/a><br \/>\n<span style=\"color: #3366ff;\"><a style=\"color: #3366ff;\" href=\"https:\/\/www.topohvar.at\/topo\/orte\/sg\/sg-tg-05-1\/\">Rodna ku\u0107a Jurja Plan\u010di\u0107a \/ Geburtshaus des Juraj Plan\u010di\u0107<\/a>\u00a0<\/span><br \/>\n<\/span><\/p>\n","protected":false},"excerpt":{"rendered":"<p>Ime \/ Name Pala\u010da \u00bbBjankini\u00ab \/ Palast Biankini Code: SG-TG-03\u00a0 \u00a0 \u00a0 \u00a0 \u00a0 \u00a0 \u00a0 \u00a0 \u00a0 \u00a0 \u00a0 \u00a0 \u00a0 \u00a0 \u00a0 \u00a0 \u00a0 \u00a0\u00a0 \u00a0 Adresa \/ Adresse Stari Grad, Bra\u010de Biankini 2 Lokacija \/ Position Latitude: &hellip; <a href=\"https:\/\/www.topohvar.at\/topo\/orte\/sg\/sg-tg-03-1\/\">Weiterlesen <span class=\"meta-nav\">&rarr;<\/span><\/a><\/p>\n","protected":false},"author":1,"featured_media":0,"parent":99,"menu_order":0,"comment_status":"closed","ping_status":"closed","template":"","meta":{"footnotes":""},"class_list":["post-4252","page","type-page","status-publish","hentry"],"_links":{"self":[{"href":"https:\/\/www.topohvar.at\/topo\/wp-json\/wp\/v2\/pages\/4252","targetHints":{"allow":["GET"]}}],"collection":[{"href":"https:\/\/www.topohvar.at\/topo\/wp-json\/wp\/v2\/pages"}],"about":[{"href":"https:\/\/www.topohvar.at\/topo\/wp-json\/wp\/v2\/types\/page"}],"author":[{"embeddable":true,"href":"https:\/\/www.topohvar.at\/topo\/wp-json\/wp\/v2\/users\/1"}],"replies":[{"embeddable":true,"href":"https:\/\/www.topohvar.at\/topo\/wp-json\/wp\/v2\/comments?post=4252"}],"version-history":[{"count":42,"href":"https:\/\/www.topohvar.at\/topo\/wp-json\/wp\/v2\/pages\/4252\/revisions"}],"predecessor-version":[{"id":48238,"href":"https:\/\/www.topohvar.at\/topo\/wp-json\/wp\/v2\/pages\/4252\/revisions\/48238"}],"up":[{"embeddable":true,"href":"https:\/\/www.topohvar.at\/topo\/wp-json\/wp\/v2\/pages\/99"}],"wp:attachment":[{"href":"https:\/\/www.topohvar.at\/topo\/wp-json\/wp\/v2\/media?parent=4252"}],"curies":[{"name":"wp","href":"https:\/\/api.w.org\/{rel}","templated":true}]}}