{"id":4254,"date":"2018-08-10T13:28:22","date_gmt":"2018-08-10T11:28:22","guid":{"rendered":"https:\/\/www.topohvar.at\/?page_id=4254"},"modified":"2024-10-06T10:07:29","modified_gmt":"2024-10-06T08:07:29","slug":"sg-tg-08-1","status":"publish","type":"page","link":"https:\/\/www.topohvar.at\/topo\/orte\/sg\/sg-tg-08-1\/","title":{"rendered":"STARI GRAD &#8211; Ku\u0107a \u00bbLjetnikovac Hanibal Lu\u010di\u0107a\u00ab"},"content":{"rendered":"<p><a name=\"seite_oben\"><\/a><br \/>\n<img loading=\"lazy\" decoding=\"async\" class=\"alignnone wp-image-4216 size-large\" src=\"https:\/\/www.topohvar.at\/wp-content\/uploads\/2018\/08\/sg-tg-08-0-1024x503.jpg\" alt=\"\" width=\"640\" height=\"314\" srcset=\"https:\/\/www.topohvar.at\/wp-content\/uploads\/2018\/08\/sg-tg-08-0-1024x503.jpg 1024w, https:\/\/www.topohvar.at\/wp-content\/uploads\/2018\/08\/sg-tg-08-0-300x147.jpg 300w, https:\/\/www.topohvar.at\/wp-content\/uploads\/2018\/08\/sg-tg-08-0-768x377.jpg 768w, https:\/\/www.topohvar.at\/wp-content\/uploads\/2018\/08\/sg-tg-08-0.jpg 1080w\" sizes=\"auto, (max-width: 640px) 100vw, 640px\" \/><\/p>\n<p><strong>Ime \/ Name<br \/>\n<\/strong>Ku\u0107a \u00bbLjetnikovac Hanibal Lu\u010di\u0107a\u00ab \/ Sommerhaus des Hanibal Lu\u010di\u0107<\/p>\n<p><strong>Code: <\/strong>SG-TG-08\u00a0 \u00a0 \u00a0 \u00a0 \u00a0 \u00a0 \u00a0 \u00a0 \u00a0 \u00a0 \u00a0 \u00a0 \u00a0 \u00a0 \u00a0 \u00a0 \u00a0 \u00a0<a href=\"https:\/\/www.topohvar.at\/orte\/sg\/sg-tg-07-1\/\"><img loading=\"lazy\" decoding=\"async\" class=\"alignnone wp-image-12300 size-full\" src=\"https:\/\/www.topohvar.at\/wp-content\/uploads\/2018\/09\/push-vor-30.jpg\" alt=\"\" width=\"61\" height=\"30\" \/><\/a>\u00a0<strong><a href=\"https:\/\/www.topohvar.at\/orte\/sg\/sg-tg-03-1\/\"><img loading=\"lazy\" decoding=\"async\" class=\"alignnone wp-image-533 size-full\" src=\"https:\/\/www.topohvar.at\/wp-content\/uploads\/2018\/07\/push-l-30.jpg\" alt=\"\" width=\"61\" height=\"30\" \/><\/a> <a href=\"https:\/\/www.topohvar.at\/orte\/sg\/\"><img loading=\"lazy\" decoding=\"async\" class=\"alignnone wp-image-535 size-full\" src=\"https:\/\/www.topohvar.at\/wp-content\/uploads\/2018\/07\/push-o-30.jpg\" alt=\"\" width=\"61\" height=\"30\" \/><\/a> <a href=\"https:\/\/www.topohvar.at\/orte\/sg\/sg-tg-19-1\/\"><img loading=\"lazy\" decoding=\"async\" class=\"alignnone wp-image-536 size-full\" src=\"https:\/\/www.topohvar.at\/wp-content\/uploads\/2018\/07\/push-r-30.jpg\" alt=\"\" width=\"61\" height=\"30\" \/><\/a>\u00a0<a href=\"https:\/\/www.topohvar.at\/orte\/sg\/sg-tg-26-1\/\"><img loading=\"lazy\" decoding=\"async\" class=\"alignnone wp-image-12299 size-full\" src=\"https:\/\/www.topohvar.at\/wp-content\/uploads\/2018\/09\/push-next-30.jpg\" alt=\"\" width=\"61\" height=\"30\" \/><\/a><\/strong><\/p>\n<hr \/>\n<p><strong>Adresa \/ Adresse<br \/>\n<\/strong>Stari Grad, Biskupija 7<\/p>\n<p><strong>Lokacija \/ Position<a href=\"https:\/\/goo.gl\/maps\/KBCvieHhiyoQUTpv8\"><img loading=\"lazy\" decoding=\"async\" class=\"alignright wp-image-4430\" src=\"https:\/\/www.topohvar.at\/wp-content\/uploads\/2018\/08\/0632.jpg\" alt=\"\" width=\"134\" height=\"100\" \/><\/a><br \/>\n<\/strong><span style=\"color: #3366ff;\"><a style=\"color: #3366ff;\" href=\"https:\/\/goo.gl\/maps\/KBCvieHhiyoQUTpv8\">Latitude: N 43,18340\u00b0\u00a0 \u00a0Longitude: E 16,59664\u00b0<\/a> <\/span><strong><br \/>\n<\/strong>Visina \/ H\u00f6he: 4 m<\/p>\n<p><strong>Katastarska \u010destica \/ Grundst\u00fccke<br \/>\n<\/strong>*184<div class='content-column one_half'><div style=\"padding-right:6px;\"><p><strong>Datum snimanja \/ Erfassungsdatum<br \/>\n<\/strong>25.05.2013 17:57:26<\/p>\n<hr \/>\n<p><strong>Informacije<\/strong><\/p>\n<p>Ljetnikovac Luci\u0107a u Starom Gradu nalazi se nedaleko Tvrdalja, u predjelu Biskupija. Osim znacajnog ljetnikovca u Hvaru, obitelj Luci\u0107 imala je i veliki ljetnikovac u Starom Gradu. Ladanjsko-gospodarski sklop s unutarnjim dvori\u0161tem i vrtom sagradio je po\u010detkom XVI. st. hrvatski renesansni pjesnik i hvarski plemi\u0107 Hanibal Luci\u0107 (1485.-1553.), kao upravno sjedi\u0161te svojih imanja koja su nalazila u Starogradskom polju.<\/p><\/div><\/div><div class='content-column one_half last_column'><div style=\"padding-right:0px;padding-left:6px;\"><p><strong>Stupanj za\u0161tite \/ Schutzstellung<br \/>\n<\/strong>RST-0017-1962<\/p>\n<hr \/>\n<p><strong>Info<\/strong><\/p>\n<p>Das Sommerhaus befindet sich unweit des Tvrdalja im Bereich Biskupija. Neben der bedeutenden Sommerresidenz in der Stadt Hvar hatte die Familie Luci\u0107 auch eine gro\u00dfe Sommerresidenz in Stari Grad. Der Landsitz mit Innenhof und Garten wurde im fr\u00fchen 16. Jh. von dem kroatischen Renaissance-Dichter und Edelmann aus Hvar Hanibal Luci\u0107 (1485 bis 1553) als administratives Zentrum f\u00fcr seine G\u00fcter am Stari Grader Feld gebaut.<\/p><\/div><\/div><div class='clear_column'><\/div><div class='content-column one_half'><div style=\"padding-right:6px;\"><p>18. stoljeca, navodi se vi\u0161e ku\u0107a, dvori\u0161ta, zdenaca i vrt, kao dijelova jedinstvenog sklopa. Ljetnikovac je kasnije znatno preina\u010den, prvenstveno prigradnjama unutar dvori\u0161ta. Pojava ogra\u0111enog perivoja, kojim se odlikuje ovaj ladanjski sklop, pokazuje odre\u0111ene veze s hvarskim ljetnikovcem.<\/p><\/div><\/div><div class='content-column one_half last_column'><div style=\"padding-right:0px;padding-left:6px;\"><p>Im 18. Jahrhundert werden mehrere H\u00e4user, H\u00f6fe und G\u00e4rten als Teile eines einzigartigen Ensembles erw\u00e4hnt. Das Sommerhaus wurde sp\u00e4ter erheblich ver\u00e4ndert, vor allem durch Zubauten im Hof. Sein Aussehen mit dem umz\u00e4unten Garten, das dieses landwirtschaftliche Gut auszeichnet, zeigt eine \u00c4hnlichkeit mit dem Sitz in der Stadt Hvar.<\/p><\/div><\/div><div class='clear_column'><\/div><div class='content-column one_half'><div style=\"padding-right:6px;\"><p>Sredi\u0161nji je dio ladanjsko-gospodarskog sklopa koji se sastoji od dvije ku\u0107e spojene u L-tlocrt, velikog ogra\u0111enog dvori\u0161ta i perivoja koji se pru\u017ea ju\u017eno od ku\u0107e. Posebnost ovog sklopa je \u0161etnica koja se pru\u017ea po ogradnom zidu dvori\u0161ta, oslonjena na kamene konzole i iz koje se pru\u017eva izvrstan pogled. Posebnost je tako\u0111er arhitektonska dekoracija iz druge polovine 16. st. koje je prisutna samo na ovom sklopu.<\/p><\/div><\/div><div class='content-column one_half last_column'><div style=\"padding-right:0px;padding-left:6px;\"><p>Der zentrale Teil des l\u00e4ndlichen Wirtschaftskomplexes besteht aus zwei H\u00e4usern, die als &#8222;L&#8220; verbunden sind, einem gro\u00dfen eingez\u00e4unten Hof und einem Garten, der sich s\u00fcdlich des Hauses erstreckt. Eine Besonderheit dieses Komplexes ist ein Weg, der sich entlang der Einfriedungsmauer des Innenhofs erstreckt, auf Steinkonsolen ruht und von dem aus man eine gro\u00dfartige Aussicht hat. Eine Besonderheit sind die architektonischen Dekorationen aus der zweiten H\u00e4lfte des 16. Jahrhunderts, die nur in diesem Abschnitt vorhanden sind.<\/p><\/div><\/div><div class='clear_column'><\/div><\/p>\n<p><img loading=\"lazy\" decoding=\"async\" class=\"aligncenter wp-image-69683 size-full\" src=\"https:\/\/www.topohvar.at\/wp-content\/uploads\/2024\/10\/sg-tg-08-20.jpg\" alt=\"\" width=\"530\" height=\"530\" srcset=\"https:\/\/www.topohvar.at\/wp-content\/uploads\/2024\/10\/sg-tg-08-20.jpg 530w, https:\/\/www.topohvar.at\/wp-content\/uploads\/2024\/10\/sg-tg-08-20-300x300.jpg 300w, https:\/\/www.topohvar.at\/wp-content\/uploads\/2024\/10\/sg-tg-08-20-150x150.jpg 150w\" sizes=\"auto, (max-width: 530px) 100vw, 530px\" \/><div class='content-column one_half'><div style=\"padding-right:6px;\"><p>Naziv Biskupija je stariji topinom koji je ovaj sklop naslijedio. Velike pregradnje sklop je do\u017eivio u XIX. i XX. st. Najo\u010duvanije je dvori\u0161te s terasom na konzolama i krunom bunara u sredi\u0161tu dvori\u0161ta.<\/p><\/div><\/div><div class='content-column one_half last_column'><div style=\"padding-right:0px;padding-left:6px;\"><p>Die \u00e4ltere Bezeichnung Bischofssitz wurde auf diesen Komplex vererbt. Im 19. Und 20, Jh. wurden die Geb\u00e4ude weitgehend umgestaltet. Am besten erhalten ist der Innenhof mit Terrasse auf Konsolen und die Brunnenkrone in der Mitte des Hofes.<\/p><\/div><\/div><div class='clear_column'><\/div><\/p>\n<div id=\"attachment_29135\" style=\"width: 650px\" class=\"wp-caption alignnone\"><img loading=\"lazy\" decoding=\"async\" aria-describedby=\"caption-attachment-29135\" class=\"wp-image-29135 size-large\" src=\"https:\/\/www.topohvar.at\/wp-content\/uploads\/2020\/01\/sg-tg-08-10-1024x508.jpg\" alt=\"\" width=\"640\" height=\"318\" srcset=\"https:\/\/www.topohvar.at\/wp-content\/uploads\/2020\/01\/sg-tg-08-10-1024x508.jpg 1024w, https:\/\/www.topohvar.at\/wp-content\/uploads\/2020\/01\/sg-tg-08-10-300x149.jpg 300w, https:\/\/www.topohvar.at\/wp-content\/uploads\/2020\/01\/sg-tg-08-10-768x381.jpg 768w, https:\/\/www.topohvar.at\/wp-content\/uploads\/2020\/01\/sg-tg-08-10.jpg 1079w\" sizes=\"auto, (max-width: 640px) 100vw, 640px\" \/><p id=\"caption-attachment-29135\" class=\"wp-caption-text\">Ljetnikovac Luci\u0107 po\u010detkom 20. Stolje\u0107a \/ Haus Luci\u0107, Beginn 20. Jh.<\/p><\/div>\n<p style=\"text-align: right;\"><a href=\"#seite_oben\">natrag na vrh \/ Seitenanfang<\/a><\/p>\n<hr \/>\n<p><strong>Linkovi \/ Links<\/strong><\/p>\n<p><a href=\"https:\/\/www.topohvar.at\/topo\/orte\/sg\/sg-op-08-1\/\"><span style=\"color: #3366ff;\">Bunar u ljetnikovca Hanibal Lu\u010di\u0107a \/ Brunnen im Sommerhaus des Hanibal\u00a0Lu\u010di\u0107<\/span><\/a><\/p>\n","protected":false},"excerpt":{"rendered":"<p>Ime \/ Name Ku\u0107a \u00bbLjetnikovac Hanibal Lu\u010di\u0107a\u00ab \/ Sommerhaus des Hanibal Lu\u010di\u0107 Code: SG-TG-08\u00a0 \u00a0 \u00a0 \u00a0 \u00a0 \u00a0 \u00a0 \u00a0 \u00a0 \u00a0 \u00a0 \u00a0 \u00a0 \u00a0 \u00a0 \u00a0 \u00a0 \u00a0\u00a0 \u00a0 Adresa \/ Adresse Stari Grad, Biskupija 7 Lokacija &hellip; <a href=\"https:\/\/www.topohvar.at\/topo\/orte\/sg\/sg-tg-08-1\/\">Weiterlesen <span class=\"meta-nav\">&rarr;<\/span><\/a><\/p>\n","protected":false},"author":1,"featured_media":0,"parent":99,"menu_order":0,"comment_status":"closed","ping_status":"closed","template":"","meta":{"footnotes":""},"class_list":["post-4254","page","type-page","status-publish","hentry"],"_links":{"self":[{"href":"https:\/\/www.topohvar.at\/topo\/wp-json\/wp\/v2\/pages\/4254","targetHints":{"allow":["GET"]}}],"collection":[{"href":"https:\/\/www.topohvar.at\/topo\/wp-json\/wp\/v2\/pages"}],"about":[{"href":"https:\/\/www.topohvar.at\/topo\/wp-json\/wp\/v2\/types\/page"}],"author":[{"embeddable":true,"href":"https:\/\/www.topohvar.at\/topo\/wp-json\/wp\/v2\/users\/1"}],"replies":[{"embeddable":true,"href":"https:\/\/www.topohvar.at\/topo\/wp-json\/wp\/v2\/comments?post=4254"}],"version-history":[{"count":16,"href":"https:\/\/www.topohvar.at\/topo\/wp-json\/wp\/v2\/pages\/4254\/revisions"}],"predecessor-version":[{"id":69684,"href":"https:\/\/www.topohvar.at\/topo\/wp-json\/wp\/v2\/pages\/4254\/revisions\/69684"}],"up":[{"embeddable":true,"href":"https:\/\/www.topohvar.at\/topo\/wp-json\/wp\/v2\/pages\/99"}],"wp:attachment":[{"href":"https:\/\/www.topohvar.at\/topo\/wp-json\/wp\/v2\/media?parent=4254"}],"curies":[{"name":"wp","href":"https:\/\/api.w.org\/{rel}","templated":true}]}}