{"id":42568,"date":"2020-10-14T17:48:22","date_gmt":"2020-10-14T15:48:22","guid":{"rendered":"https:\/\/www.topohvar.at\/topo\/?page_id=42568"},"modified":"2024-04-23T07:43:59","modified_gmt":"2024-04-23T05:43:59","slug":"bo-cs-03-2","status":"publish","type":"page","link":"https:\/\/www.topohvar.at\/topo\/orte\/bo\/bo-cs-03-2\/","title":{"rendered":"BOGOMOLJE &#8211; Kapelica \u00bbSv. Spiridon\u00ab"},"content":{"rendered":"<p><a name=\"seite_oben\"><\/a><br \/>\n<strong><img loading=\"lazy\" decoding=\"async\" class=\"alignnone wp-image-387 size-full\" src=\"https:\/\/www.topohvar.at\/wp-content\/uploads\/2018\/07\/00-00-00-1.jpg\" alt=\"\" width=\"114\" height=\"56\" \/><\/strong><\/p>\n<p><strong>Ime \/ Name<br \/>\n<\/strong>Kapelica \u00bbSv. Spiridon\u00ab \/ Bildstock des hl. Spiridon<\/p>\n<p><strong>Code: <\/strong>BO-CS-03\u00a0 \u00a0 \u00a0 \u00a0 \u00a0 \u00a0 \u00a0 \u00a0<strong>\u00a0 \u00a0 \u00a0 \u00a0 \u00a0 \u00a0 \u00a0 \u00a0 \u00a0 \u00a0 \u00a0\u00a0 \u00a0 \u00a0 <a href=\"https:\/\/www.topohvar.at\/topo\/orte\/bo\/bo-cs-01-2\/\"><img loading=\"lazy\" decoding=\"async\" class=\"alignnone wp-image-533 size-full\" src=\"https:\/\/www.topohvar.at\/wp-content\/uploads\/2018\/07\/push-l-30.jpg\" alt=\"\" width=\"61\" height=\"30\" \/><\/a>\u00a0<a href=\"https:\/\/www.topohvar.at\/orte\/bo\/\"><img loading=\"lazy\" decoding=\"async\" class=\"alignnone wp-image-535 size-full\" src=\"https:\/\/www.topohvar.at\/wp-content\/uploads\/2018\/07\/push-o-30.jpg\" alt=\"\" width=\"61\" height=\"30\" \/><\/a> <a href=\"https:\/\/www.topohvar.at\/topo\/orte\/bo\/bo-cs-04-2\/\"><img loading=\"lazy\" decoding=\"async\" class=\"alignnone wp-image-536 size-full\" src=\"https:\/\/www.topohvar.at\/wp-content\/uploads\/2018\/07\/push-r-30.jpg\" alt=\"\" width=\"61\" height=\"30\" \/><\/a><\/strong><\/p>\n<hr \/>\n<p><strong>Adresa \/ Adresse<br \/>\n<\/strong>Bogomo9lje<\/p>\n<p><strong>Lokacija <\/strong><strong>\/ Position<img loading=\"lazy\" decoding=\"async\" class=\"wp-image-387 size-full alignright\" src=\"https:\/\/www.topohvar.at\/wp-content\/uploads\/2018\/07\/00-00-00-1.jpg\" alt=\"\" width=\"114\" height=\"56\" \/><br \/>\n<\/strong>Latitude: N 43,1\u00b0\u00a0 \u00a0 Longitude: E 17,0\u00b0\u00a0<strong><br \/>\n<\/strong>Visina \/ H\u00f6he: &#8211; m<\/p>\n<p><strong>Katastarska \u010destica<\/strong><strong> \/ Grundst\u00fccke<br \/>\n<\/strong>&#8211;<div class='content-column one_half'><div style=\"padding-right:6px;\"><p><strong>Datum snimanja \/ Erfassungsdatum<br \/>\n<\/strong>01.10.2020 10:00:00<\/p>\n<hr \/>\n<p><strong>Informacije<\/strong><\/p>\n<p>Kapelica Sv. Spiridon\u00a0(\u0160pirijun) na katastarskoj me\u0111i Bogomolja i Selaca, sagradio 1861.g. Andrija Jerkovi\u0107 (kip, vis. 49,5 cm, kvaligetno je djelo iz okmo 1600.g. i ono vjerojatno neko\u0107 dio oltarnog poliptiha. Netko mu je bio namjerno odlomio glavu, a saniran je i konzerviran brigom hvarskoga Centra za za\u0161titu kulturne ba\u0161tine u kolovozu 1994.g. od hvarskoga kipara Ivice Tomi\u010di\u0107a-Tajnikova, rodom iz V. Grablja. Izvorno svakako nije bio lik sv. Spiridiona \u2013 kojega je \u0161tovanje do nas do\u0161lo istom 18.st. iz mleta\u010dkih posjeda u Gr\u010dkoj \u2013 i nema znakova biskupskog dostojanstva, no nemogu\u0107e je ustanoviti koji je svetac prikazan, jer manjkaju ruke i sveta\u010dki atributi).<\/p><\/div><\/div><div class='content-column one_half last_column'><div style=\"padding-right:0px;padding-left:6px;\"><p><strong>Stupanj za\u0161tite<\/strong><strong> \/ Schutzstellung<br \/>\n<\/strong>&#8211;<\/p>\n<hr \/>\n<p><strong>Info<\/strong><\/p>\n<p>Sv. Spiridon (\u0160pirijun) an der Katastergrenze von Bogomolje und Selca wurde 1861 von Andrija Jerkovi\u0107 erbaut. Die Statue ist eine qualit\u00e4tsvolle Arbeit aus der Zeit um 1600 und war wahrscheinlich einst Teil des Altarpolyptychons. Jemand hat absichtlich den Kopf abgebrochen. Die Figur wurde auf Veranlassung\u00a0 des \u00a0Hvar-Zentrum f\u00fcr Kulturerbe im \u00a0August 1994 durch den aus V. Grablje stammenden Bildhauer Ivica Tomi\u010di\u0107-Tajnikov restauriert. Es ist unm\u00f6glich festzustellen, welcher Heilige abgebildet ist, weil die H\u00e4nde und Heiligenattribute fehlen.<\/p><\/div><\/div><div class='clear_column'><\/div><\/p>\n<p style=\"text-align: center;\"><em>(Izvor \/ Quelle: Jo\u0161ko Kova\u010di\u0107, \u017dupa Bogomolje na Hvaru)<\/em><\/p>\n<p style=\"text-align: right;\"><a href=\"#seite_oben\">natrag na vrh \/ Seitenanfang<\/a><\/p>\n<hr \/>\n<p><strong>Linkovi \/ Links<\/strong><\/p>\n<p>&#8211;<\/p>\n","protected":false},"excerpt":{"rendered":"<p>Ime \/ Name Kapelica \u00bbSv. Spiridon\u00ab \/ Bildstock des hl. Spiridon Code: BO-CS-03\u00a0 \u00a0 \u00a0 \u00a0 \u00a0 \u00a0 \u00a0 \u00a0\u00a0 \u00a0 \u00a0 \u00a0 \u00a0 \u00a0 \u00a0 \u00a0 \u00a0 \u00a0 \u00a0\u00a0 \u00a0 \u00a0 \u00a0 Adresa \/ Adresse Bogomo9lje Lokacija \/ Position &hellip; <a href=\"https:\/\/www.topohvar.at\/topo\/orte\/bo\/bo-cs-03-2\/\">Weiterlesen <span class=\"meta-nav\">&rarr;<\/span><\/a><\/p>\n","protected":false},"author":1,"featured_media":0,"parent":63,"menu_order":0,"comment_status":"closed","ping_status":"closed","template":"","meta":{"footnotes":""},"class_list":["post-42568","page","type-page","status-publish","hentry"],"_links":{"self":[{"href":"https:\/\/www.topohvar.at\/topo\/wp-json\/wp\/v2\/pages\/42568","targetHints":{"allow":["GET"]}}],"collection":[{"href":"https:\/\/www.topohvar.at\/topo\/wp-json\/wp\/v2\/pages"}],"about":[{"href":"https:\/\/www.topohvar.at\/topo\/wp-json\/wp\/v2\/types\/page"}],"author":[{"embeddable":true,"href":"https:\/\/www.topohvar.at\/topo\/wp-json\/wp\/v2\/users\/1"}],"replies":[{"embeddable":true,"href":"https:\/\/www.topohvar.at\/topo\/wp-json\/wp\/v2\/comments?post=42568"}],"version-history":[{"count":5,"href":"https:\/\/www.topohvar.at\/topo\/wp-json\/wp\/v2\/pages\/42568\/revisions"}],"predecessor-version":[{"id":66711,"href":"https:\/\/www.topohvar.at\/topo\/wp-json\/wp\/v2\/pages\/42568\/revisions\/66711"}],"up":[{"embeddable":true,"href":"https:\/\/www.topohvar.at\/topo\/wp-json\/wp\/v2\/pages\/63"}],"wp:attachment":[{"href":"https:\/\/www.topohvar.at\/topo\/wp-json\/wp\/v2\/media?parent=42568"}],"curies":[{"name":"wp","href":"https:\/\/api.w.org\/{rel}","templated":true}]}}