{"id":4258,"date":"2018-08-10T13:31:53","date_gmt":"2018-08-10T11:31:53","guid":{"rendered":"https:\/\/www.topohvar.at\/?page_id=4258"},"modified":"2024-06-06T15:17:20","modified_gmt":"2024-06-06T13:17:20","slug":"sg-tg-09-1","status":"publish","type":"page","link":"https:\/\/www.topohvar.at\/topo\/orte\/sg\/sg-tg-09-1\/","title":{"rendered":"STARI GRAD &#8211; Likoreva ku\u0107a \u00bbLikoro\u00ab"},"content":{"rendered":"<p><a name=\"seite_oben\"><\/a><br \/>\n<img loading=\"lazy\" decoding=\"async\" class=\"alignnone wp-image-4217 size-large\" src=\"https:\/\/www.topohvar.at\/wp-content\/uploads\/2018\/08\/sg-tg-09-0-1024x503.jpg\" alt=\"\" width=\"640\" height=\"314\" srcset=\"https:\/\/www.topohvar.at\/wp-content\/uploads\/2018\/08\/sg-tg-09-0-1024x503.jpg 1024w, https:\/\/www.topohvar.at\/wp-content\/uploads\/2018\/08\/sg-tg-09-0-300x147.jpg 300w, https:\/\/www.topohvar.at\/wp-content\/uploads\/2018\/08\/sg-tg-09-0-768x377.jpg 768w, https:\/\/www.topohvar.at\/wp-content\/uploads\/2018\/08\/sg-tg-09-0.jpg 1080w\" sizes=\"auto, (max-width: 640px) 100vw, 640px\" \/><\/p>\n<p><strong>Ime \/ Name<br \/>\n<\/strong>Likoreva ku\u0107a \/ Haus \u00bbLikoro\u00ab<\/p>\n<p><strong>Code: <\/strong>SG-TG-09\u00a0 \u00a0 \u00a0 \u00a0 \u00a0 \u00a0 \u00a0 \u00a0 \u00a0 \u00a0 \u00a0 \u00a0 \u00a0 \u00a0 \u00a0 \u00a0 \u00a0 \u00a0<a href=\"https:\/\/www.topohvar.at\/orte\/sg\/sg-tg-07-1\/\"><img loading=\"lazy\" decoding=\"async\" class=\"alignnone wp-image-12300 size-full\" src=\"https:\/\/www.topohvar.at\/wp-content\/uploads\/2018\/09\/push-vor-30.jpg\" alt=\"\" width=\"61\" height=\"30\" \/><\/a>\u00a0<strong><a href=\"https:\/\/www.topohvar.at\/orte\/sg\/sg-tg-19-1\/\"><img loading=\"lazy\" decoding=\"async\" class=\"alignnone wp-image-533 size-full\" src=\"https:\/\/www.topohvar.at\/wp-content\/uploads\/2018\/07\/push-l-30.jpg\" alt=\"\" width=\"61\" height=\"30\" \/><\/a> <a href=\"https:\/\/www.topohvar.at\/orte\/sg\/\"><img loading=\"lazy\" decoding=\"async\" class=\"alignnone wp-image-535 size-full\" src=\"https:\/\/www.topohvar.at\/wp-content\/uploads\/2018\/07\/push-o-30.jpg\" alt=\"\" width=\"61\" height=\"30\" \/><\/a> <a href=\"https:\/\/www.topohvar.at\/orte\/sg\/sg-tg-47-1\/\"><img loading=\"lazy\" decoding=\"async\" class=\"alignnone wp-image-536 size-full\" src=\"https:\/\/www.topohvar.at\/wp-content\/uploads\/2018\/07\/push-r-30.jpg\" alt=\"\" width=\"61\" height=\"30\" \/><\/a>\u00a0<a href=\"https:\/\/www.topohvar.at\/orte\/sg\/sg-tg-26-1\/\"><img loading=\"lazy\" decoding=\"async\" class=\"alignnone wp-image-12299 size-full\" src=\"https:\/\/www.topohvar.at\/wp-content\/uploads\/2018\/09\/push-next-30.jpg\" alt=\"\" width=\"61\" height=\"30\" \/><\/a><\/strong><\/p>\n<hr \/>\n<p><strong>Adresa \/ Adresse<br \/>\n<\/strong>Stari Grad, Budinjac<\/p>\n<p><strong>Lokacija \/ Position<a href=\"https:\/\/goo.gl\/maps\/DJ3eXXUHMXT413m4A\"><img loading=\"lazy\" decoding=\"async\" class=\"alignright wp-image-4433\" src=\"https:\/\/www.topohvar.at\/wp-content\/uploads\/2018\/08\/0633.jpg\" alt=\"\" width=\"134\" height=\"100\" \/><\/a><br \/>\n<\/strong><span style=\"color: #3366ff;\"><a style=\"color: #3366ff;\" href=\"https:\/\/goo.gl\/maps\/DJ3eXXUHMXT413m4A\">Latitude: N 43,17158\u00b0\u00a0 \u00a0Longitude: E 16,60695\u00b0<\/a><\/span> <strong><br \/>\n<\/strong>Visina \/ H\u00f6he: 186 m<\/p>\n<p><strong>Katastarska \u010destica \/ Grundst\u00fccke<br \/>\n<\/strong>*691<div class='content-column one_half'><div style=\"padding-right:6px;\"><p><strong>Datum snimanja \/ Erfassungsdatum<br \/>\n<\/strong>01.10.2013 15:22:27<\/p>\n<hr \/>\n<p><strong>Informacije<\/strong><\/p>\n<p>Sa\u010duvani su ostaci zgrade na brdu Budinjac iz prve polovice 19. st. Lova\u010dka ku\u0107a pripadao je starogradskom lije\u010dniku Dr. Peter Ostoji\u0107 (1780-1851). I danas se taj lokalitet u narodu zove &#8222;Likorova ku\u0107a&#8220;. Jos uvojek se mogu \u010duti neke pri\u010de vezane uz &#8222;Likora&#8220;; me\u0111u starijim stanovnistom, a posebno me\u0111u Doljanima.<\/p><\/div><\/div><div class='content-column one_half last_column'><div style=\"padding-right:0px;padding-left:6px;\"><p><strong>Stupanj za\u0161tite \/ Schutzstellung<br \/>\n<\/strong>&#8211;<\/p>\n<hr \/>\n<p><strong>Info<\/strong><\/p>\n<p>Erhalten sind Reste eines Geb\u00e4udes auf dem H\u00fcgel Budinjac aus der ersten H\u00e4lfte des 19. Jh.. Das Jagdhaus geh\u00f6rte dem Stari Grader Arzt Dr. Peter Ostoji\u0107 (1780-1851). Heute wird der Ort von der Bev\u00f6lkerung &#8222;das Lik\u00f6rhaus&#8220; genannt. Noch heute kann man bei der \u00e4lteren Bev\u00f6lkerung, vor allem unter den Doljanern, einige Geschichten im Zusammenhang mit dem &#8222;Likoro&#8220; h\u00f6ren.<\/p><\/div><\/div><div class='clear_column'><\/div><div class='content-column one_half'><div style=\"padding-right:6px;\"><p>Dr. Petar Ostoji\u0107 sagradio je po\u010detkom 1840-ih na velikom posjedu ju\u017eno od crkve sv. Nikole kameni bazen za vodu u obliku broda. No, da bi umirio svog sina Nikolu, sagradio je i ladanjsku ku\u0107u pokraj broda u blizini crkve svetog Nikole. Nakon smrti lije\u010dnikove supruge Marijane, dr. Petar Ostoji\u0107 imao je ljubavnu vezu s 23 godine mla\u0111om \u017eenom Marijom, koja je tada izazvala skandal u gradu i okolici, a posebno je pogodila njegovog sina Nikolu (<em>izvor: Klaudia Gamulin<\/em>).<\/p><\/div><\/div><div class='content-column one_half last_column'><div style=\"padding-right:0px;padding-left:6px;\"><p>Dr. Peter Ostoji\u0107 baute in den fr\u00fchen 1840er Jahren auf einem gro\u00dfen Anwesen s\u00fcdlich der Kirche zum hl. Nikolaus\u00a0 ein steinernes Wasserbecken in Form eines Schiffes. Er baute aber auch ein Landhaus neben dem Schiff in der N\u00e4he der Kirche St. Nikola, um seinen Sohn Nikola zu bes\u00e4nftigen. Nach dem Tod der Frau des Arztes, Marijana, hatte Dr. Petar Ostoji\u0107 eine Aff\u00e4re mit einer 23 Jahre j\u00fcngeren Frau, Marija, die damals in der Stadt und Umgebung f\u00fcr Skandal sorgte und das vor allem seinen Sohn Nikola traf (<em>Quelle: Klaudia Gamulin<\/em>).<\/p><\/div><\/div><div class='clear_column'><\/div><div class='content-column one_half'><div style=\"padding-right:6px;\"><p>Ostoji\u0107 je sagradio i vodenicu u Jorinama pod Dolom.<\/p><\/div><\/div><div class='content-column one_half last_column'><div style=\"padding-right:0px;padding-left:6px;\"><p>Ostoji\u0107 baute auch eine Wasserm\u00fchle in Jorine pod Dol.<\/p><\/div><\/div><div class='clear_column'><\/div><\/p>\n<p style=\"text-align: center;\"><em>(Tartajun br. 1)<\/em><\/p>\n<p style=\"text-align: right;\"><img loading=\"lazy\" decoding=\"async\" class=\"aligncenter size-full wp-image-37842\" src=\"https:\/\/www.topohvar.at\/wp-content\/uploads\/2020\/05\/sg-tg-09-9.jpg\" alt=\"\" width=\"640\" height=\"300\" srcset=\"https:\/\/www.topohvar.at\/wp-content\/uploads\/2020\/05\/sg-tg-09-9.jpg 640w, https:\/\/www.topohvar.at\/wp-content\/uploads\/2020\/05\/sg-tg-09-9-300x141.jpg 300w\" sizes=\"auto, (max-width: 640px) 100vw, 640px\" \/><a href=\"#seite_oben\">natrag na vrh \/ Seitenanfang<\/a><\/p>\n<hr \/>\n<p><strong>Linkovi \/ Links<\/strong><\/p>\n<p><span style=\"color: #3366ff;\"><a style=\"color: #3366ff;\" href=\"https:\/\/www.topohvar.at\/topo\/orte\/do\/do-tg-04-2\/\">Ostoji\u0107a mlin u Dolu \/ Reste einer M\u00fchle in der Ortschaft Dol<\/a><br \/>\n<a style=\"color: #3366ff;\" href=\"https:\/\/www.topohvar.at\/topo\/orte\/sg\/sg-op-02-2\/\">Kameni bazen \/ steinernes Wasserbecken<\/a><br \/>\n<\/span><\/p>\n","protected":false},"excerpt":{"rendered":"<p>Ime \/ Name Likoreva ku\u0107a \/ Haus \u00bbLikoro\u00ab Code: SG-TG-09\u00a0 \u00a0 \u00a0 \u00a0 \u00a0 \u00a0 \u00a0 \u00a0 \u00a0 \u00a0 \u00a0 \u00a0 \u00a0 \u00a0 \u00a0 \u00a0 \u00a0 \u00a0\u00a0 \u00a0 Adresa \/ Adresse Stari Grad, Budinjac Lokacija \/ Position Latitude: N 43,17158\u00b0\u00a0 &hellip; <a href=\"https:\/\/www.topohvar.at\/topo\/orte\/sg\/sg-tg-09-1\/\">Weiterlesen <span class=\"meta-nav\">&rarr;<\/span><\/a><\/p>\n","protected":false},"author":1,"featured_media":0,"parent":99,"menu_order":0,"comment_status":"closed","ping_status":"closed","template":"","meta":{"footnotes":""},"class_list":["post-4258","page","type-page","status-publish","hentry"],"_links":{"self":[{"href":"https:\/\/www.topohvar.at\/topo\/wp-json\/wp\/v2\/pages\/4258","targetHints":{"allow":["GET"]}}],"collection":[{"href":"https:\/\/www.topohvar.at\/topo\/wp-json\/wp\/v2\/pages"}],"about":[{"href":"https:\/\/www.topohvar.at\/topo\/wp-json\/wp\/v2\/types\/page"}],"author":[{"embeddable":true,"href":"https:\/\/www.topohvar.at\/topo\/wp-json\/wp\/v2\/users\/1"}],"replies":[{"embeddable":true,"href":"https:\/\/www.topohvar.at\/topo\/wp-json\/wp\/v2\/comments?post=4258"}],"version-history":[{"count":19,"href":"https:\/\/www.topohvar.at\/topo\/wp-json\/wp\/v2\/pages\/4258\/revisions"}],"predecessor-version":[{"id":68254,"href":"https:\/\/www.topohvar.at\/topo\/wp-json\/wp\/v2\/pages\/4258\/revisions\/68254"}],"up":[{"embeddable":true,"href":"https:\/\/www.topohvar.at\/topo\/wp-json\/wp\/v2\/pages\/99"}],"wp:attachment":[{"href":"https:\/\/www.topohvar.at\/topo\/wp-json\/wp\/v2\/media?parent=4258"}],"curies":[{"name":"wp","href":"https:\/\/api.w.org\/{rel}","templated":true}]}}