{"id":42596,"date":"2020-10-14T18:49:18","date_gmt":"2020-10-14T16:49:18","guid":{"rendered":"https:\/\/www.topohvar.at\/topo\/?page_id=42596"},"modified":"2024-08-03T12:33:54","modified_gmt":"2024-08-03T10:33:54","slug":"bo-tg-03-2","status":"publish","type":"page","link":"https:\/\/www.topohvar.at\/topo\/orte\/bo\/bo-tg-03-2\/","title":{"rendered":"BOGOMOLJE &#8211; Javna zgrada \u00bb\u017dupna ku\u0107a\u00ab"},"content":{"rendered":"<p><a name=\"seite_oben\"><\/a><strong><img loading=\"lazy\" decoding=\"async\" class=\"aligncenter wp-image-56688 size-full\" src=\"https:\/\/www.topohvar.at\/wp-content\/uploads\/2022\/01\/bo-tg-03-3.jpg\" alt=\"\" width=\"640\" height=\"314\" srcset=\"https:\/\/www.topohvar.at\/wp-content\/uploads\/2022\/01\/bo-tg-03-3.jpg 640w, https:\/\/www.topohvar.at\/wp-content\/uploads\/2022\/01\/bo-tg-03-3-300x147.jpg 300w\" sizes=\"auto, (max-width: 640px) 100vw, 640px\" \/><\/strong><\/p>\n<p><strong>Ime \/ Name<br \/>\n<\/strong>Javna zgrada \u00bb\u017dupna ku\u0107a\u00ab \/ \u00d6ffentliches Geb\u00e4ude &#8211; Pfarrhaus<\/p>\n<p><strong>Code: <\/strong>BO-TG-03\u00a0 \u00a0 \u00a0 \u00a0 \u00a0 \u00a0 \u00a0 \u00a0 \u00a0 \u00a0 \u00a0 \u00a0 \u00a0 \u00a0 \u00a0 \u00a0<strong> <a href=\"https:\/\/www.topohvar.at\/orte\/bo\/bo-tg-01-2\/\"><img loading=\"lazy\" decoding=\"async\" class=\"alignnone wp-image-533 size-full\" src=\"https:\/\/www.topohvar.at\/wp-content\/uploads\/2018\/07\/push-l-30.jpg\" alt=\"\" width=\"61\" height=\"30\" \/><\/a> <a href=\"https:\/\/www.topohvar.at\/orte\/bo\/\"><img loading=\"lazy\" decoding=\"async\" class=\"alignnone wp-image-535 size-full\" src=\"https:\/\/www.topohvar.at\/wp-content\/uploads\/2018\/07\/push-o-30.jpg\" alt=\"\" width=\"61\" height=\"30\" \/><\/a> <a href=\"https:\/\/www.topohvar.at\/orte\/bo\/bo-tg-06-1\/\"><img loading=\"lazy\" decoding=\"async\" class=\"alignnone wp-image-536 size-full\" src=\"https:\/\/www.topohvar.at\/wp-content\/uploads\/2018\/07\/push-r-30.jpg\" alt=\"\" width=\"61\" height=\"30\" \/><\/a><\/strong><\/p>\n<hr \/>\n<p><strong>Adresa \/ Adresse<br \/>\n<\/strong>Bogomolje 5, Selo, Pjaca<\/p>\n<p><strong>Lokacija \/ Position<a href=\"https:\/\/goo.gl\/maps\/A5vS3u3fAnJRqDZ58\"><img loading=\"lazy\" decoding=\"async\" class=\"alignright wp-image-56684\" src=\"https:\/\/www.topohvar.at\/wp-content\/uploads\/2022\/01\/3382.jpg\" alt=\"\" width=\"134\" height=\"100\" \/><\/a><br \/>\n<\/strong><span style=\"color: #3366ff;\"><a style=\"color: #3366ff;\" href=\"https:\/\/goo.gl\/maps\/A5vS3u3fAnJRqDZ58\">Latitude: N 43,13056\u00b0\u00a0 \u00a0Longitude: E 16,99727\u00b0<\/a><\/span> <strong><br \/>\n<\/strong>Visina \/ H\u00f6he: 229 m<\/p>\n<p><strong>Katastarska \u010destica<\/strong><strong> \/ Grundst\u00fccke<br \/>\n<\/strong>*101, *102, 2289<div class='content-column one_half'><div style=\"padding-right:6px;\"><p><strong>Datum snimanja \/ Erfassungsdatum<br \/>\n<\/strong>10.05.2018 11:20:00<\/p>\n<hr \/>\n<p><strong>Informacije<\/strong><\/p>\n<p>Sagre\u0111ana je 1747.g., po utemeljenju odvojene \u017eupe, no gradila se i prepravljana vi\u0161e godina. Godine 1747. i 1749. rade na njoj doma\u0107i me\u0161tri Toma Ivankovi\u0107 i Mate Jerkovi\u0107, 1751.g. kapariran je neki me\u0161tar Janko, a ni 1753.g. nije jo\u0161 bila gotova ni useljiva, pa se na njoj radilo i slijede\u0107e godine, a 1756.g. pla\u0107en je za njezino pokrivanje stanoviti majstor Pavlovi\u0107. Godine 1757. radi na njoj Josip Ivankovi\u0107, 1790.g. popravlja je Antun Palaversi\u0107 sa sinom, a popravljana je i po\u010detkom 19. Stolje\u0107a.<\/p><\/div><\/div><div class='content-column one_half last_column'><div style=\"padding-right:0px;padding-left:6px;\"><p><strong>Stupanj za\u0161tite<\/strong><strong> \/ Schutzstellung<br \/>\n<\/strong>&#8211;<\/p>\n<hr \/>\n<p><strong>Info<\/strong><\/p>\n<p>Der Bau wurde 1747 nach der Gr\u00fcndung der eigenst\u00e4ndigen Pfarre begonnen, aber mehrere Jahre lang gebaut und umgebaut. In den Jahren 1747 und 1749 arbeiteten die lokalen Meister Toma Ivankovi\u0107 und Mate Jerkovi\u0107 1751 daran. Ein Meister Janko wurde gefangen genommen, und nicht einmal 1753. es war noch nicht bereit oder bezugsfertig, so dass es im folgenden Jahr und 1756 bearbeitet wurde. ein bestimmter Meister Pavlovi\u0107 wurde daf\u00fcr bezahlt. 1757 arbeitete Josip Ivankovi\u0107 daran. 1790 wurde es von Antun Palaversi\u0107 und seinem Sohn repariert und zu Beginn des 19. Jahrhunderts renoviert.<\/p><\/div><\/div><div class='clear_column'><\/div><div class='content-column one_half'><div style=\"padding-right:6px;\"><p>Obnavljana je 1847., 1881. i 1901. godine.\u00a0Postiji predaja da je stara \u017eupna ku\u0107a bila ona sada vl. ba\u0161tinika dr. Marija Rudana, tako\u0111er u sredi\u0161tu sela. No, jama\u010dno je to ku\u0107a u kojoj je 1774.g. stanovao \u017eupnik Ivan Mateljan-Rudan, a sagradila su je njegova bra\u0107a. Na njoj je latinski napis u pravilnom elegijskom distihu:<\/p><\/div><\/div><div class='content-column one_half last_column'><div style=\"padding-right:0px;padding-left:6px;\"><p>In den Jahren 1847, 1881 und 1901 wurde das Haus renoviert. Die \u00dcberlieferung sagt, dass das alte Pfarrhaus jetzt der Erbin Dr. Marija Rudan geh\u00f6rte, ebenfalls im Zentrum des Dorfes. Aber es ist sicherlich das Haus, in dem 1774 Pfarrer Ivan Mateljan-Rudan lebte und das von seinen Br\u00fcdern gebaut wurde. Am Haus befindet sich eine lateinische Inschrift.<\/p><\/div><\/div><div class='clear_column'><\/div><\/p>\n<p style=\"text-align: center;\"><em>(Izvor \/ Quelle: Jo\u0161ko Kova\u010di\u0107, \u017dupa Bogomolje na Hvaru)<\/em><\/p>\n<p style=\"text-align: right;\"><a href=\"#seite_oben\">natrag na vrh \/ Seitenanfang<\/a><\/p>\n<hr \/>\n<p><strong>Linkovi \/ Links<\/strong><\/p>\n<p><span style=\"color: #3366ff;\"><a style=\"color: #3366ff;\" href=\"https:\/\/www.topohvar.at\/topo\/orte\/bo\/bo-in-01-2\/\">Latinski napis \/ lateinische Inschrift<\/a><\/span><\/p>\n","protected":false},"excerpt":{"rendered":"<p>Ime \/ Name Javna zgrada \u00bb\u017dupna ku\u0107a\u00ab \/ \u00d6ffentliches Geb\u00e4ude &#8211; Pfarrhaus Code: BO-TG-03\u00a0 \u00a0 \u00a0 \u00a0 \u00a0 \u00a0 \u00a0 \u00a0 \u00a0 \u00a0 \u00a0 \u00a0 \u00a0 \u00a0 \u00a0 \u00a0 Adresa \/ Adresse Bogomolje 5, Selo, Pjaca Lokacija \/ Position Latitude: &hellip; <a href=\"https:\/\/www.topohvar.at\/topo\/orte\/bo\/bo-tg-03-2\/\">Weiterlesen <span class=\"meta-nav\">&rarr;<\/span><\/a><\/p>\n","protected":false},"author":1,"featured_media":0,"parent":63,"menu_order":0,"comment_status":"closed","ping_status":"closed","template":"","meta":{"footnotes":""},"class_list":["post-42596","page","type-page","status-publish","hentry"],"_links":{"self":[{"href":"https:\/\/www.topohvar.at\/topo\/wp-json\/wp\/v2\/pages\/42596","targetHints":{"allow":["GET"]}}],"collection":[{"href":"https:\/\/www.topohvar.at\/topo\/wp-json\/wp\/v2\/pages"}],"about":[{"href":"https:\/\/www.topohvar.at\/topo\/wp-json\/wp\/v2\/types\/page"}],"author":[{"embeddable":true,"href":"https:\/\/www.topohvar.at\/topo\/wp-json\/wp\/v2\/users\/1"}],"replies":[{"embeddable":true,"href":"https:\/\/www.topohvar.at\/topo\/wp-json\/wp\/v2\/comments?post=42596"}],"version-history":[{"count":15,"href":"https:\/\/www.topohvar.at\/topo\/wp-json\/wp\/v2\/pages\/42596\/revisions"}],"predecessor-version":[{"id":69389,"href":"https:\/\/www.topohvar.at\/topo\/wp-json\/wp\/v2\/pages\/42596\/revisions\/69389"}],"up":[{"embeddable":true,"href":"https:\/\/www.topohvar.at\/topo\/wp-json\/wp\/v2\/pages\/63"}],"wp:attachment":[{"href":"https:\/\/www.topohvar.at\/topo\/wp-json\/wp\/v2\/media?parent=42596"}],"curies":[{"name":"wp","href":"https:\/\/api.w.org\/{rel}","templated":true}]}}