{"id":4262,"date":"2018-08-10T13:35:09","date_gmt":"2018-08-10T11:35:09","guid":{"rendered":"https:\/\/www.topohvar.at\/?page_id=4262"},"modified":"2024-06-06T15:50:27","modified_gmt":"2024-06-06T13:50:27","slug":"sg-tg-01-1","status":"publish","type":"page","link":"https:\/\/www.topohvar.at\/topo\/orte\/sg\/sg-tg-01-1\/","title":{"rendered":"STARI GRAD &#8211; Ku\u0107a \u00bbMaslinovik\u00ab"},"content":{"rendered":"<p><a name=\"seite_oben\"><\/a><br \/>\n<img loading=\"lazy\" decoding=\"async\" class=\"alignnone wp-image-4209 size-large\" src=\"https:\/\/www.topohvar.at\/wp-content\/uploads\/2018\/08\/SG-TG-01-0-1024x503.jpg\" alt=\"\" width=\"640\" height=\"314\" srcset=\"https:\/\/www.topohvar.at\/wp-content\/uploads\/2018\/08\/SG-TG-01-0-1024x503.jpg 1024w, https:\/\/www.topohvar.at\/wp-content\/uploads\/2018\/08\/SG-TG-01-0-300x147.jpg 300w, https:\/\/www.topohvar.at\/wp-content\/uploads\/2018\/08\/SG-TG-01-0-768x377.jpg 768w, https:\/\/www.topohvar.at\/wp-content\/uploads\/2018\/08\/SG-TG-01-0.jpg 1080w\" sizes=\"auto, (max-width: 640px) 100vw, 640px\" \/><\/p>\n<p><strong>Ime \/ Name<br \/>\n<\/strong>Ku\u0107a \u00bbMaslinovik\u00ab \/ Haus Maslinovik<\/p>\n<p><strong>Code: <\/strong>SG-TG-01 (E-D18-6)\u00a0 \u00a0 \u00a0 \u00a0 \u00a0 \u00a0 \u00a0 \u00a0 \u00a0 \u00a0 \u00a0 \u00a0 \u00a0 \u00a0 \u00a0<a href=\"https:\/\/www.topohvar.at\/orte\/sg\/sg-tg-07-1\/\"><img loading=\"lazy\" decoding=\"async\" class=\"alignnone wp-image-12300 size-full\" src=\"https:\/\/www.topohvar.at\/wp-content\/uploads\/2018\/09\/push-vor-30.jpg\" alt=\"\" width=\"61\" height=\"30\" \/><\/a>\u00a0<strong><a href=\"https:\/\/www.topohvar.at\/orte\/sg\/sg-tg-47-1\/\"><img loading=\"lazy\" decoding=\"async\" class=\"alignnone wp-image-533 size-full\" src=\"https:\/\/www.topohvar.at\/wp-content\/uploads\/2018\/07\/push-l-30.jpg\" alt=\"\" width=\"61\" height=\"30\" \/><\/a> <a href=\"https:\/\/www.topohvar.at\/orte\/sg\/\"><img loading=\"lazy\" decoding=\"async\" class=\"alignnone wp-image-535 size-full\" src=\"https:\/\/www.topohvar.at\/wp-content\/uploads\/2018\/07\/push-o-30.jpg\" alt=\"\" width=\"61\" height=\"30\" \/><\/a> <a href=\"https:\/\/www.topohvar.at\/orte\/sg\/sg-tg-02-1\/\"><img loading=\"lazy\" decoding=\"async\" class=\"alignnone wp-image-536 size-full\" src=\"https:\/\/www.topohvar.at\/wp-content\/uploads\/2018\/07\/push-r-30.jpg\" alt=\"\" width=\"61\" height=\"30\" \/><\/a>\u00a0<a href=\"https:\/\/www.topohvar.at\/orte\/sg\/sg-tg-26-1\/\"><img loading=\"lazy\" decoding=\"async\" class=\"alignnone wp-image-12299 size-full\" src=\"https:\/\/www.topohvar.at\/wp-content\/uploads\/2018\/09\/push-next-30.jpg\" alt=\"\" width=\"61\" height=\"30\" \/><\/a><\/strong><\/p>\n<hr \/>\n<p><strong>Adresa \/ Adresse<br \/>\n<\/strong>Stari Grad, Polje, Maslinovik<\/p>\n<p><strong>Lokacija \/ Position<a href=\"https:\/\/goo.gl\/maps\/uc3NcmkzTEQED7XYA\"><img loading=\"lazy\" decoding=\"async\" class=\"alignright wp-image-4436\" src=\"https:\/\/www.topohvar.at\/wp-content\/uploads\/2018\/08\/0625.jpg\" alt=\"\" width=\"134\" height=\"100\" \/><\/a><br \/>\n<\/strong><span style=\"color: #3366ff;\"><a style=\"color: #3366ff;\" href=\"https:\/\/goo.gl\/maps\/uc3NcmkzTEQED7XYA\">Latitude: N 43,19417\u00b0\u00a0 \u00a0Longitude: E 16,63515\u00b0<\/a><\/span> <strong><br \/>\n<\/strong>Visina \/ H\u00f6he: 55 m<\/p>\n<p><strong>Katastarska \u010destica \/ Grundst\u00fccke<br \/>\n<\/strong>*725, *726, *727, 5681, 5723, 5724, 5725, 5726, 5727<div class='content-column one_half'><div style=\"padding-right:6px;\"><p><strong>Datum snimanja \/ Erfassungsdatum<br \/>\n<\/strong>15.05.2012 09:48:000<\/p>\n<hr \/>\n<p><strong>Informacije<\/strong><\/p>\n<p>Sekundarno naselje na Maslinoviku:<\/p>\n<p>Na sjevernim rubovima Starogradskog polja nekoliko je malih zaselaka. U njima se stanovalo samo povremeno, sezonski, a vezano uz proljetno okopavanje vinograda, ljetnu ispa\u0161u koza i ovaca ili jesensku berbu gro\u017e\u0111a i maslina. Najve\u0107i zaseok je Humac iznad uvale Basine, a manji su Ra\u0161nik i Maslinovik. Ku\u0107e, naj\u010de\u0161\u0107e jednokatnice, gra\u0111ene su od lomljenog kamena, povezanog vapnenim mortom, s konobom u prizemlju, a sobama na katu. U stambeni dio ulazi se vanjskim stubi\u0161tem preko sulara, terase, a pod sularom je ulaz u konobu. Okolo su manje prizemnice. U jednoj je obi\u010dno kru\u0161na pe\u0107 koju je koristilo nekoliko doma\u0107instava. Druge su \u0161tale za magarce i koze.<\/p><\/div><\/div><div class='content-column one_half last_column'><div style=\"padding-right:0px;padding-left:6px;\"><p><strong>Stupanj za\u0161tite \/ Schutzstellung<br \/>\n<\/strong>&#8211;<\/p>\n<hr \/>\n<p><strong>Info<\/strong><\/p>\n<p>Sekund\u00e4rsiedlung Maslinovik:<\/p>\n<p>Es gibt mehrere kleine Weiler am n\u00f6rdlichen Rand des Stari Grader Feldes. Sie wurden nur gelegentlich, saisonal, im Zusammenhang mit dem Pfl\u00fcgen von Weinbergen im Fr\u00fchling, dem Weiden von Ziegen und Schafen im Sommer oder dem Ernten von Trauben und Oliven im Herbst bewohnt. Der gr\u00f6\u00dfte Weiler ist Humac oberhalb der Bucht Basine, und kleinere sind Rasnik und Maslinovik. Die normalerweise einst\u00f6ckigen H\u00e4user sind aus gebrochenem mit Kalkm\u00f6rtel gemauert, mit einem Keller im Erdgeschoss und R\u00e4umen im Obergeschoss. Der Wohnbereich ist \u00fcber eine Au\u00dfentreppe \u00fcber den Sular und die Terrasse zug\u00e4nglich. Unter dem Sular befindet sich ein Eingang zur Taverne. Es gibt kleinere Keller. In einem gibt es normalerweise einen Brotofen, der von mehreren Haushalten benutzt wird. Andere Scheunen sind f\u00fcr Esel und Ziegen.<\/p><\/div><\/div><div class='clear_column'><\/div><div class='content-column one_half'><div style=\"padding-right:6px;\"><p>Sekundarno naselje na bre\u017euljku Maslinoviku, sa dvije stambene katnice, te pomo\u0107nim objektima, velikom gustirnom i trimima svojim topografskim polo\u017eajem i arhitekturom odska\u010de od standarda gradnje u polju i predstavlja iznimni etnograditeljski lokalitet vrijedan pojedina\u010dne zakonske za\u0161tite.<\/p><\/div><\/div><div class='content-column one_half last_column'><div style=\"padding-right:0px;padding-left:6px;\"><p>Die Sekund\u00e4rsiedlung auf dem Maslinovik-H\u00fcgel mit zwei Wohngeb\u00e4uden und Nebengeb\u00e4uden, einer gro\u00dfen Zisterne und Trims weicht mit seoner topografischen Lage und Architektur vom Baustandard ab und ist eine au\u00dfergew\u00f6hnliche ethnografische St\u00e4tte, die einen individuellen Rechtsschutz verdient.<\/p><\/div><\/div><div class='clear_column'><\/div><\/p>\n<p style=\"text-align: center;\"><em>(Izvor \/ Quelle: Konzervatorska podloga kulturnog krajolika Starogradsko polje)<\/em><\/p>\n<p style=\"text-align: right;\"><a href=\"#seite_oben\">natrag na vrh \/ Seitenanfang<\/a><\/p>\n<hr \/>\n<p><strong>Linkovi \/ Links<\/strong><\/p>\n<p><span style=\"color: #3366ff;\"><a style=\"color: #3366ff;\" href=\"https:\/\/www.topohvar.at\/topo\/orte\/sg\/sg-op-10-1\/\">Objekt \u00bbvelika gustirna na Maslinoviku\u00ab \/ gro\u00dfe Zisterne bei Maslinovik<\/a><\/span><\/p>\n","protected":false},"excerpt":{"rendered":"<p>Ime \/ Name Ku\u0107a \u00bbMaslinovik\u00ab \/ Haus Maslinovik Code: SG-TG-01 (E-D18-6)\u00a0 \u00a0 \u00a0 \u00a0 \u00a0 \u00a0 \u00a0 \u00a0 \u00a0 \u00a0 \u00a0 \u00a0 \u00a0 \u00a0 \u00a0\u00a0 \u00a0 Adresa \/ Adresse Stari Grad, Polje, Maslinovik Lokacija \/ Position Latitude: N 43,19417\u00b0\u00a0 \u00a0Longitude: &hellip; <a href=\"https:\/\/www.topohvar.at\/topo\/orte\/sg\/sg-tg-01-1\/\">Weiterlesen <span class=\"meta-nav\">&rarr;<\/span><\/a><\/p>\n","protected":false},"author":1,"featured_media":0,"parent":99,"menu_order":0,"comment_status":"closed","ping_status":"closed","template":"","meta":{"footnotes":""},"class_list":["post-4262","page","type-page","status-publish","hentry"],"_links":{"self":[{"href":"https:\/\/www.topohvar.at\/topo\/wp-json\/wp\/v2\/pages\/4262","targetHints":{"allow":["GET"]}}],"collection":[{"href":"https:\/\/www.topohvar.at\/topo\/wp-json\/wp\/v2\/pages"}],"about":[{"href":"https:\/\/www.topohvar.at\/topo\/wp-json\/wp\/v2\/types\/page"}],"author":[{"embeddable":true,"href":"https:\/\/www.topohvar.at\/topo\/wp-json\/wp\/v2\/users\/1"}],"replies":[{"embeddable":true,"href":"https:\/\/www.topohvar.at\/topo\/wp-json\/wp\/v2\/comments?post=4262"}],"version-history":[{"count":13,"href":"https:\/\/www.topohvar.at\/topo\/wp-json\/wp\/v2\/pages\/4262\/revisions"}],"predecessor-version":[{"id":68266,"href":"https:\/\/www.topohvar.at\/topo\/wp-json\/wp\/v2\/pages\/4262\/revisions\/68266"}],"up":[{"embeddable":true,"href":"https:\/\/www.topohvar.at\/topo\/wp-json\/wp\/v2\/pages\/99"}],"wp:attachment":[{"href":"https:\/\/www.topohvar.at\/topo\/wp-json\/wp\/v2\/media?parent=4262"}],"curies":[{"name":"wp","href":"https:\/\/api.w.org\/{rel}","templated":true}]}}